{"id":22443,"date":"2026-01-15T17:07:05","date_gmt":"2026-01-15T16:07:05","guid":{"rendered":"https:\/\/thewineplace.es\/desarrollo?post_type=product&#038;p=22443"},"modified":"2026-03-16T11:25:53","modified_gmt":"2026-03-16T10:25:53","slug":"m-chapoutier-cotes-du-rhone-belleruche-blanc","status":"publish","type":"product","link":"https:\/\/thewineplace.es\/en\/wine-shop\/m-chapoutier-cotes-du-rhone-belleruche-blanc","title":{"rendered":"M. Chapoutier C\u00f4tes-du-Rh\u00f4ne Belleruche Blanc"},"content":{"rendered":"<p>M. Chapoutier C\u00f4tes-du-Rh\u00f4ne Belleruche Blanc is a Southern Rh\u00f4ne white wine made from traditional Mediterranean varieties. With Grenache Blanc predominance, it offers aromas of ripe white fruit, floral notes and light aniseed nuances. On the palate it is fresh and balanced with good breadth, showing a smooth texture and a harmonious finish. A wine that reflects the sunny, approachable character of C\u00f4tes du Rh\u00f4ne with M. Chapoutier\u2019s winemaking precision.<\/p>\n","protected":false},"excerpt":{"rendered":"<p>Rh\u00f4ne white with Grenache Blanc predominance: fresh, balanced and Mediterranean in style.<\/p>\n","protected":false},"featured_media":21995,"template":"","meta":{"_acf_changed":false,"_joinchat":[]},"product_brand":[],"product_cat":[689],"product_tag":[],"class_list":{"0":"post-22443","1":"product","2":"type-product","3":"status-publish","4":"has-post-thumbnail","6":"product_cat-wine","7":"pa_country-france","8":"pa_main-grape-bourboulenc-en","9":"pa_main-grape-grenache-blanc-en","10":"pa_main-grape-viognier-en","11":"pa_type-wine-white","13":"first","14":"instock","15":"taxable","16":"shipping-taxable","17":"purchasable","18":"product-type-simple"},"acf":[],"yoast_head":"<!-- This site is optimized with the Yoast SEO plugin v27.3 - https:\/\/yoast.com\/product\/yoast-seo-wordpress\/ -->\n<title>M. Chapoutier C\u00f4tes-du-Rh\u00f4ne Belleruche Blanc | C\u00f4tes-du-Rh\u00f4ne | White<\/title>\n<meta name=\"description\" content=\"Fresh, balanced Rh\u00f4ne white, ideal for fish and Mediterranean cuisine.\" \/>\n<meta name=\"robots\" content=\"index, follow, max-snippet:-1, max-image-preview:large, max-video-preview:-1\" \/>\n<link rel=\"canonical\" href=\"https:\/\/thewineplace.es\/en\/wine-shop\/m-chapoutier-cotes-du-rhone-belleruche-blanc\" \/>\n<meta property=\"og:locale\" content=\"en_US\" \/>\n<meta property=\"og:type\" content=\"article\" \/>\n<meta property=\"og:title\" content=\"M. Chapoutier C\u00f4tes-du-Rh\u00f4ne Belleruche Blanc | C\u00f4tes-du-Rh\u00f4ne | White\" \/>\n<meta property=\"og:description\" content=\"Fresh, balanced Rh\u00f4ne white, ideal for fish and Mediterranean cuisine.\" \/>\n<meta property=\"og:url\" content=\"https:\/\/thewineplace.es\/en\/wine-shop\/m-chapoutier-cotes-du-rhone-belleruche-blanc\" \/>\n<meta property=\"og:site_name\" content=\"The Wine Place\" \/>\n<meta property=\"article:publisher\" content=\"https:\/\/www.facebook.com\/TheWinePlace\" \/>\n<meta property=\"article:modified_time\" content=\"2026-03-16T10:25:53+00:00\" \/>\n<meta property=\"og:image\" content=\"https:\/\/thewineplace.es\/wp-content\/uploads\/2025\/11\/MChapoutierBellerucheBlanc.png\" \/>\n\t<meta property=\"og:image:width\" content=\"800\" \/>\n\t<meta property=\"og:image:height\" content=\"800\" \/>\n\t<meta property=\"og:image:type\" content=\"image\/png\" \/>\n<meta name=\"twitter:card\" content=\"summary_large_image\" \/>\n<meta name=\"twitter:site\" content=\"@MarkoneillES\" \/>\n<meta name=\"twitter:label1\" content=\"Est. reading time\" \/>\n\t<meta name=\"twitter:data1\" content=\"2 minutes\" \/>\n<script type=\"application\/ld+json\" class=\"yoast-schema-graph\">{\"@context\":\"https:\\\/\\\/schema.org\",\"@graph\":[{\"@type\":\"WebPage\",\"@id\":\"https:\\\/\\\/thewineplace.es\\\/en\\\/wine-shop\\\/m-chapoutier-cotes-du-rhone-belleruche-blanc\",\"url\":\"https:\\\/\\\/thewineplace.es\\\/en\\\/wine-shop\\\/m-chapoutier-cotes-du-rhone-belleruche-blanc\",\"name\":\"M. Chapoutier C\u00f4tes-du-Rh\u00f4ne Belleruche Blanc | C\u00f4tes-du-Rh\u00f4ne | White\",\"isPartOf\":{\"@id\":\"https:\\\/\\\/thewineplace.es\\\/en#website\"},\"primaryImageOfPage\":{\"@id\":\"https:\\\/\\\/thewineplace.es\\\/en\\\/wine-shop\\\/m-chapoutier-cotes-du-rhone-belleruche-blanc#primaryimage\"},\"image\":{\"@id\":\"https:\\\/\\\/thewineplace.es\\\/en\\\/wine-shop\\\/m-chapoutier-cotes-du-rhone-belleruche-blanc#primaryimage\"},\"thumbnailUrl\":\"https:\\\/\\\/thewineplace.es\\\/wp-content\\\/uploads\\\/2025\\\/11\\\/MChapoutierBellerucheBlanc.png\",\"datePublished\":\"2026-01-15T16:07:05+00:00\",\"dateModified\":\"2026-03-16T10:25:53+00:00\",\"description\":\"Fresh, balanced Rh\u00f4ne white, ideal for fish and Mediterranean cuisine.\",\"breadcrumb\":{\"@id\":\"https:\\\/\\\/thewineplace.es\\\/en\\\/wine-shop\\\/m-chapoutier-cotes-du-rhone-belleruche-blanc#breadcrumb\"},\"inLanguage\":\"en-US\",\"potentialAction\":[{\"@type\":\"ReadAction\",\"target\":[\"https:\\\/\\\/thewineplace.es\\\/en\\\/wine-shop\\\/m-chapoutier-cotes-du-rhone-belleruche-blanc\"]}]},{\"@type\":\"ImageObject\",\"inLanguage\":\"en-US\",\"@id\":\"https:\\\/\\\/thewineplace.es\\\/en\\\/wine-shop\\\/m-chapoutier-cotes-du-rhone-belleruche-blanc#primaryimage\",\"url\":\"https:\\\/\\\/thewineplace.es\\\/wp-content\\\/uploads\\\/2025\\\/11\\\/MChapoutierBellerucheBlanc.png\",\"contentUrl\":\"https:\\\/\\\/thewineplace.es\\\/wp-content\\\/uploads\\\/2025\\\/11\\\/MChapoutierBellerucheBlanc.png\",\"width\":800,\"height\":800,\"caption\":\"Vino M. Chapoutier Belleruche Blanc\"},{\"@type\":\"BreadcrumbList\",\"@id\":\"https:\\\/\\\/thewineplace.es\\\/en\\\/wine-shop\\\/m-chapoutier-cotes-du-rhone-belleruche-blanc#breadcrumb\",\"itemListElement\":[{\"@type\":\"ListItem\",\"position\":1,\"name\":\"Portada\",\"item\":\"https:\\\/\\\/thewineplace.es\\\/en\"},{\"@type\":\"ListItem\",\"position\":2,\"name\":\"Wine Shop\",\"item\":\"https:\\\/\\\/thewineplace.es\\\/en\\\/shop\"},{\"@type\":\"ListItem\",\"position\":3,\"name\":\"M. Chapoutier C\u00f4tes-du-Rh\u00f4ne Belleruche Blanc\"}]},{\"@type\":\"WebSite\",\"@id\":\"https:\\\/\\\/thewineplace.es\\\/en#website\",\"url\":\"https:\\\/\\\/thewineplace.es\\\/en\",\"name\":\"The Wine Place\",\"description\":\"Tienda de vinos, cursos y catas de vino en Valencia\",\"publisher\":{\"@id\":\"https:\\\/\\\/thewineplace.es\\\/en#organization\"},\"alternateName\":\"Tienda de vinos de Valencia\",\"potentialAction\":[{\"@type\":\"SearchAction\",\"target\":{\"@type\":\"EntryPoint\",\"urlTemplate\":\"https:\\\/\\\/thewineplace.es\\\/en?s={search_term_string}\"},\"query-input\":{\"@type\":\"PropertyValueSpecification\",\"valueRequired\":true,\"valueName\":\"search_term_string\"}}],\"inLanguage\":\"en-US\"},{\"@type\":\"Organization\",\"@id\":\"https:\\\/\\\/thewineplace.es\\\/en#organization\",\"name\":\"The Wine Place\",\"alternateName\":\"Verde Marte S.L.U.\",\"url\":\"https:\\\/\\\/thewineplace.es\\\/en\",\"logo\":{\"@type\":\"ImageObject\",\"inLanguage\":\"en-US\",\"@id\":\"https:\\\/\\\/thewineplace.es\\\/en#\\\/schema\\\/logo\\\/image\\\/\",\"url\":\"https:\\\/\\\/thewineplace.es\\\/desarrollo\\\/wp-content\\\/uploads\\\/2025\\\/05\\\/favicon.png\",\"contentUrl\":\"https:\\\/\\\/thewineplace.es\\\/desarrollo\\\/wp-content\\\/uploads\\\/2025\\\/05\\\/favicon.png\",\"width\":250,\"height\":250,\"caption\":\"The Wine Place\"},\"image\":{\"@id\":\"https:\\\/\\\/thewineplace.es\\\/en#\\\/schema\\\/logo\\\/image\\\/\"},\"sameAs\":[\"https:\\\/\\\/www.facebook.com\\\/TheWinePlace\",\"https:\\\/\\\/x.com\\\/MarkoneillES\",\"https:\\\/\\\/www.instagram.com\\\/thewineplace\",\"https:\\\/\\\/www.linkedin.com\\\/company\\\/thewineplace-es\\\/\",\"https:\\\/\\\/www.youtube.com\\\/channel\\\/UCOzo67E6rQDwHmPAi8EiEdA\"]}]}<\/script>\n<!-- \/ Yoast SEO plugin. -->","yoast_head_json":{"title":"M. Chapoutier C\u00f4tes-du-Rh\u00f4ne Belleruche Blanc | C\u00f4tes-du-Rh\u00f4ne | White","description":"Fresh, balanced Rh\u00f4ne white, ideal for fish and Mediterranean cuisine.","robots":{"index":"index","follow":"follow","max-snippet":"max-snippet:-1","max-image-preview":"max-image-preview:large","max-video-preview":"max-video-preview:-1"},"canonical":"https:\/\/thewineplace.es\/en\/wine-shop\/m-chapoutier-cotes-du-rhone-belleruche-blanc","og_locale":"en_US","og_type":"article","og_title":"M. Chapoutier C\u00f4tes-du-Rh\u00f4ne Belleruche Blanc | C\u00f4tes-du-Rh\u00f4ne | White","og_description":"Fresh, balanced Rh\u00f4ne white, ideal for fish and Mediterranean cuisine.","og_url":"https:\/\/thewineplace.es\/en\/wine-shop\/m-chapoutier-cotes-du-rhone-belleruche-blanc","og_site_name":"The Wine Place","article_publisher":"https:\/\/www.facebook.com\/TheWinePlace","article_modified_time":"2026-03-16T10:25:53+00:00","og_image":[{"width":800,"height":800,"url":"https:\/\/thewineplace.es\/wp-content\/uploads\/2025\/11\/MChapoutierBellerucheBlanc.png","type":"image\/png"}],"twitter_card":"summary_large_image","twitter_site":"@MarkoneillES","twitter_misc":{"Est. reading time":"2 minutes"},"schema":{"@context":"https:\/\/schema.org","@graph":[{"@type":"WebPage","@id":"https:\/\/thewineplace.es\/en\/wine-shop\/m-chapoutier-cotes-du-rhone-belleruche-blanc","url":"https:\/\/thewineplace.es\/en\/wine-shop\/m-chapoutier-cotes-du-rhone-belleruche-blanc","name":"M. Chapoutier C\u00f4tes-du-Rh\u00f4ne Belleruche Blanc | C\u00f4tes-du-Rh\u00f4ne | White","isPartOf":{"@id":"https:\/\/thewineplace.es\/en#website"},"primaryImageOfPage":{"@id":"https:\/\/thewineplace.es\/en\/wine-shop\/m-chapoutier-cotes-du-rhone-belleruche-blanc#primaryimage"},"image":{"@id":"https:\/\/thewineplace.es\/en\/wine-shop\/m-chapoutier-cotes-du-rhone-belleruche-blanc#primaryimage"},"thumbnailUrl":"https:\/\/thewineplace.es\/wp-content\/uploads\/2025\/11\/MChapoutierBellerucheBlanc.png","datePublished":"2026-01-15T16:07:05+00:00","dateModified":"2026-03-16T10:25:53+00:00","description":"Fresh, balanced Rh\u00f4ne white, ideal for fish and Mediterranean cuisine.","breadcrumb":{"@id":"https:\/\/thewineplace.es\/en\/wine-shop\/m-chapoutier-cotes-du-rhone-belleruche-blanc#breadcrumb"},"inLanguage":"en-US","potentialAction":[{"@type":"ReadAction","target":["https:\/\/thewineplace.es\/en\/wine-shop\/m-chapoutier-cotes-du-rhone-belleruche-blanc"]}]},{"@type":"ImageObject","inLanguage":"en-US","@id":"https:\/\/thewineplace.es\/en\/wine-shop\/m-chapoutier-cotes-du-rhone-belleruche-blanc#primaryimage","url":"https:\/\/thewineplace.es\/wp-content\/uploads\/2025\/11\/MChapoutierBellerucheBlanc.png","contentUrl":"https:\/\/thewineplace.es\/wp-content\/uploads\/2025\/11\/MChapoutierBellerucheBlanc.png","width":800,"height":800,"caption":"Vino M. Chapoutier Belleruche Blanc"},{"@type":"BreadcrumbList","@id":"https:\/\/thewineplace.es\/en\/wine-shop\/m-chapoutier-cotes-du-rhone-belleruche-blanc#breadcrumb","itemListElement":[{"@type":"ListItem","position":1,"name":"Portada","item":"https:\/\/thewineplace.es\/en"},{"@type":"ListItem","position":2,"name":"Wine Shop","item":"https:\/\/thewineplace.es\/en\/shop"},{"@type":"ListItem","position":3,"name":"M. Chapoutier C\u00f4tes-du-Rh\u00f4ne Belleruche Blanc"}]},{"@type":"WebSite","@id":"https:\/\/thewineplace.es\/en#website","url":"https:\/\/thewineplace.es\/en","name":"The Wine Place","description":"Tienda de vinos, cursos y catas de vino en Valencia","publisher":{"@id":"https:\/\/thewineplace.es\/en#organization"},"alternateName":"Tienda de vinos de Valencia","potentialAction":[{"@type":"SearchAction","target":{"@type":"EntryPoint","urlTemplate":"https:\/\/thewineplace.es\/en?s={search_term_string}"},"query-input":{"@type":"PropertyValueSpecification","valueRequired":true,"valueName":"search_term_string"}}],"inLanguage":"en-US"},{"@type":"Organization","@id":"https:\/\/thewineplace.es\/en#organization","name":"The Wine Place","alternateName":"Verde Marte S.L.U.","url":"https:\/\/thewineplace.es\/en","logo":{"@type":"ImageObject","inLanguage":"en-US","@id":"https:\/\/thewineplace.es\/en#\/schema\/logo\/image\/","url":"https:\/\/thewineplace.es\/desarrollo\/wp-content\/uploads\/2025\/05\/favicon.png","contentUrl":"https:\/\/thewineplace.es\/desarrollo\/wp-content\/uploads\/2025\/05\/favicon.png","width":250,"height":250,"caption":"The Wine Place"},"image":{"@id":"https:\/\/thewineplace.es\/en#\/schema\/logo\/image\/"},"sameAs":["https:\/\/www.facebook.com\/TheWinePlace","https:\/\/x.com\/MarkoneillES","https:\/\/www.instagram.com\/thewineplace","https:\/\/www.linkedin.com\/company\/thewineplace-es\/","https:\/\/www.youtube.com\/channel\/UCOzo67E6rQDwHmPAi8EiEdA"]}]}},"_links":{"self":[{"href":"https:\/\/thewineplace.es\/en\/wp-json\/wp\/v2\/product\/22443","targetHints":{"allow":["GET"]}}],"collection":[{"href":"https:\/\/thewineplace.es\/en\/wp-json\/wp\/v2\/product"}],"about":[{"href":"https:\/\/thewineplace.es\/en\/wp-json\/wp\/v2\/types\/product"}],"wp:featuredmedia":[{"embeddable":true,"href":"https:\/\/thewineplace.es\/en\/wp-json\/wp\/v2\/media\/21995"}],"wp:attachment":[{"href":"https:\/\/thewineplace.es\/en\/wp-json\/wp\/v2\/media?parent=22443"}],"wp:term":[{"taxonomy":"product_brand","embeddable":true,"href":"https:\/\/thewineplace.es\/en\/wp-json\/wp\/v2\/product_brand?post=22443"},{"taxonomy":"product_cat","embeddable":true,"href":"https:\/\/thewineplace.es\/en\/wp-json\/wp\/v2\/product_cat?post=22443"},{"taxonomy":"product_tag","embeddable":true,"href":"https:\/\/thewineplace.es\/en\/wp-json\/wp\/v2\/product_tag?post=22443"}],"curies":[{"name":"wp","href":"https:\/\/api.w.org\/{rel}","templated":true}]}}