{"id":22429,"date":"2025-11-10T17:30:55","date_gmt":"2025-11-10T16:30:55","guid":{"rendered":"https:\/\/thewineplace.es\/desarrollo?post_type=product&#038;p=22429"},"modified":"2026-03-16T11:25:55","modified_gmt":"2026-03-16T10:25:55","slug":"chateau-carbonneau-le-nouveau-souffle","status":"publish","type":"product","link":"https:\/\/thewineplace.es\/en\/wine-shop\/chateau-carbonneau-le-nouveau-souffle","title":{"rendered":"Ch\u00e2teau Carbonneau Le Nouveau Souffle"},"content":{"rendered":"<p>Ch\u00e2teau Carbonneau Le Nouveau Souffle is a Bordeaux ros\u00e9 that expresses freshness and balance. Made mainly from Merlot and other traditional regional varieties, it offers an aromatic profile with notes of fresh red fruit and light floral nuances. On the palate it is dry, lively and refreshing, with good acidity and a clean finish. A versatile ros\u00e9 that reflects Ch\u00e2teau Carbonneau\u2019s modern style and the elegance typical of Bordeaux wines.<\/p>\n","protected":false},"excerpt":{"rendered":"<p>Dry Bordeaux ros\u00e9 made mainly from Merlot: fresh, balanced and elegant in profile.<\/p>\n","protected":false},"featured_media":21904,"template":"","meta":{"_acf_changed":false,"_joinchat":[]},"product_brand":[],"product_cat":[689],"product_tag":[],"class_list":{"0":"post-22429","1":"product","2":"type-product","3":"status-publish","4":"has-post-thumbnail","6":"product_cat-wine","7":"pa_country-france","8":"pa_main-grape-cabernet-franc-en","9":"pa_main-grape-malbec-en","10":"pa_type-wine-rose","12":"first","13":"instock","14":"taxable","15":"shipping-taxable","16":"purchasable","17":"product-type-simple"},"acf":[],"yoast_head":"<!-- This site is optimized with the Yoast SEO plugin v27.3 - https:\/\/yoast.com\/product\/yoast-seo-wordpress\/ -->\n<title>Ch\u00e2teau Carbonneau Le Nouveau Souffle | Burdeos | Rosado<\/title>\n<meta name=\"description\" content=\"Fresh, balanced Bordeaux ros\u00e9, ideal for light cuisine and aperitifs.\" \/>\n<meta name=\"robots\" content=\"index, follow, max-snippet:-1, max-image-preview:large, max-video-preview:-1\" \/>\n<link rel=\"canonical\" href=\"https:\/\/thewineplace.es\/en\/wine-shop\/chateau-carbonneau-le-nouveau-souffle\" \/>\n<meta property=\"og:locale\" content=\"en_US\" \/>\n<meta property=\"og:type\" content=\"article\" \/>\n<meta property=\"og:title\" content=\"Ch\u00e2teau Carbonneau Le Nouveau Souffle | Burdeos | Rosado\" \/>\n<meta property=\"og:description\" content=\"Fresh, balanced Bordeaux ros\u00e9, ideal for light cuisine and aperitifs.\" \/>\n<meta property=\"og:url\" content=\"https:\/\/thewineplace.es\/en\/wine-shop\/chateau-carbonneau-le-nouveau-souffle\" \/>\n<meta property=\"og:site_name\" content=\"The Wine Place\" \/>\n<meta property=\"article:publisher\" content=\"https:\/\/www.facebook.com\/TheWinePlace\" \/>\n<meta property=\"article:modified_time\" content=\"2026-03-16T10:25:55+00:00\" \/>\n<meta property=\"og:image\" content=\"https:\/\/thewineplace.es\/wp-content\/uploads\/2025\/11\/ChateauCarbonneauLeNouveauSouffle.png\" \/>\n\t<meta property=\"og:image:width\" content=\"800\" \/>\n\t<meta property=\"og:image:height\" content=\"800\" \/>\n\t<meta property=\"og:image:type\" content=\"image\/png\" \/>\n<meta name=\"twitter:card\" content=\"summary_large_image\" \/>\n<meta name=\"twitter:site\" content=\"@MarkoneillES\" \/>\n<script type=\"application\/ld+json\" class=\"yoast-schema-graph\">{\"@context\":\"https:\\\/\\\/schema.org\",\"@graph\":[{\"@type\":\"WebPage\",\"@id\":\"https:\\\/\\\/thewineplace.es\\\/en\\\/wine-shop\\\/chateau-carbonneau-le-nouveau-souffle\",\"url\":\"https:\\\/\\\/thewineplace.es\\\/en\\\/wine-shop\\\/chateau-carbonneau-le-nouveau-souffle\",\"name\":\"Ch\u00e2teau Carbonneau Le Nouveau Souffle | Burdeos | Rosado\",\"isPartOf\":{\"@id\":\"https:\\\/\\\/thewineplace.es\\\/en#website\"},\"primaryImageOfPage\":{\"@id\":\"https:\\\/\\\/thewineplace.es\\\/en\\\/wine-shop\\\/chateau-carbonneau-le-nouveau-souffle#primaryimage\"},\"image\":{\"@id\":\"https:\\\/\\\/thewineplace.es\\\/en\\\/wine-shop\\\/chateau-carbonneau-le-nouveau-souffle#primaryimage\"},\"thumbnailUrl\":\"https:\\\/\\\/thewineplace.es\\\/wp-content\\\/uploads\\\/2025\\\/11\\\/ChateauCarbonneauLeNouveauSouffle.png\",\"datePublished\":\"2025-11-10T16:30:55+00:00\",\"dateModified\":\"2026-03-16T10:25:55+00:00\",\"description\":\"Fresh, balanced Bordeaux ros\u00e9, ideal for light cuisine and aperitifs.\",\"breadcrumb\":{\"@id\":\"https:\\\/\\\/thewineplace.es\\\/en\\\/wine-shop\\\/chateau-carbonneau-le-nouveau-souffle#breadcrumb\"},\"inLanguage\":\"en-US\",\"potentialAction\":[{\"@type\":\"ReadAction\",\"target\":[\"https:\\\/\\\/thewineplace.es\\\/en\\\/wine-shop\\\/chateau-carbonneau-le-nouveau-souffle\"]}]},{\"@type\":\"ImageObject\",\"inLanguage\":\"en-US\",\"@id\":\"https:\\\/\\\/thewineplace.es\\\/en\\\/wine-shop\\\/chateau-carbonneau-le-nouveau-souffle#primaryimage\",\"url\":\"https:\\\/\\\/thewineplace.es\\\/wp-content\\\/uploads\\\/2025\\\/11\\\/ChateauCarbonneauLeNouveauSouffle.png\",\"contentUrl\":\"https:\\\/\\\/thewineplace.es\\\/wp-content\\\/uploads\\\/2025\\\/11\\\/ChateauCarbonneauLeNouveauSouffle.png\",\"width\":800,\"height\":800,\"caption\":\"Vino Ch\u00e2teau Carbonneau \\\"Le Nouveau Souffle\\\" Bordeaux Clairet\"},{\"@type\":\"BreadcrumbList\",\"@id\":\"https:\\\/\\\/thewineplace.es\\\/en\\\/wine-shop\\\/chateau-carbonneau-le-nouveau-souffle#breadcrumb\",\"itemListElement\":[{\"@type\":\"ListItem\",\"position\":1,\"name\":\"Portada\",\"item\":\"https:\\\/\\\/thewineplace.es\\\/en\"},{\"@type\":\"ListItem\",\"position\":2,\"name\":\"Wine Shop\",\"item\":\"https:\\\/\\\/thewineplace.es\\\/en\\\/shop\"},{\"@type\":\"ListItem\",\"position\":3,\"name\":\"Ch\u00e2teau Carbonneau Le Nouveau Souffle\"}]},{\"@type\":\"WebSite\",\"@id\":\"https:\\\/\\\/thewineplace.es\\\/en#website\",\"url\":\"https:\\\/\\\/thewineplace.es\\\/en\",\"name\":\"The Wine Place\",\"description\":\"Tienda de vinos, cursos y catas de vino en Valencia\",\"publisher\":{\"@id\":\"https:\\\/\\\/thewineplace.es\\\/en#organization\"},\"alternateName\":\"Tienda de vinos de Valencia\",\"potentialAction\":[{\"@type\":\"SearchAction\",\"target\":{\"@type\":\"EntryPoint\",\"urlTemplate\":\"https:\\\/\\\/thewineplace.es\\\/en?s={search_term_string}\"},\"query-input\":{\"@type\":\"PropertyValueSpecification\",\"valueRequired\":true,\"valueName\":\"search_term_string\"}}],\"inLanguage\":\"en-US\"},{\"@type\":\"Organization\",\"@id\":\"https:\\\/\\\/thewineplace.es\\\/en#organization\",\"name\":\"The Wine Place\",\"alternateName\":\"Verde Marte S.L.U.\",\"url\":\"https:\\\/\\\/thewineplace.es\\\/en\",\"logo\":{\"@type\":\"ImageObject\",\"inLanguage\":\"en-US\",\"@id\":\"https:\\\/\\\/thewineplace.es\\\/en#\\\/schema\\\/logo\\\/image\\\/\",\"url\":\"https:\\\/\\\/thewineplace.es\\\/desarrollo\\\/wp-content\\\/uploads\\\/2025\\\/05\\\/favicon.png\",\"contentUrl\":\"https:\\\/\\\/thewineplace.es\\\/desarrollo\\\/wp-content\\\/uploads\\\/2025\\\/05\\\/favicon.png\",\"width\":250,\"height\":250,\"caption\":\"The Wine Place\"},\"image\":{\"@id\":\"https:\\\/\\\/thewineplace.es\\\/en#\\\/schema\\\/logo\\\/image\\\/\"},\"sameAs\":[\"https:\\\/\\\/www.facebook.com\\\/TheWinePlace\",\"https:\\\/\\\/x.com\\\/MarkoneillES\",\"https:\\\/\\\/www.instagram.com\\\/thewineplace\",\"https:\\\/\\\/www.linkedin.com\\\/company\\\/thewineplace-es\\\/\",\"https:\\\/\\\/www.youtube.com\\\/channel\\\/UCOzo67E6rQDwHmPAi8EiEdA\"]}]}<\/script>\n<!-- \/ Yoast SEO plugin. -->","yoast_head_json":{"title":"Ch\u00e2teau Carbonneau Le Nouveau Souffle | Burdeos | Rosado","description":"Fresh, balanced Bordeaux ros\u00e9, ideal for light cuisine and aperitifs.","robots":{"index":"index","follow":"follow","max-snippet":"max-snippet:-1","max-image-preview":"max-image-preview:large","max-video-preview":"max-video-preview:-1"},"canonical":"https:\/\/thewineplace.es\/en\/wine-shop\/chateau-carbonneau-le-nouveau-souffle","og_locale":"en_US","og_type":"article","og_title":"Ch\u00e2teau Carbonneau Le Nouveau Souffle | Burdeos | Rosado","og_description":"Fresh, balanced Bordeaux ros\u00e9, ideal for light cuisine and aperitifs.","og_url":"https:\/\/thewineplace.es\/en\/wine-shop\/chateau-carbonneau-le-nouveau-souffle","og_site_name":"The Wine Place","article_publisher":"https:\/\/www.facebook.com\/TheWinePlace","article_modified_time":"2026-03-16T10:25:55+00:00","og_image":[{"width":800,"height":800,"url":"https:\/\/thewineplace.es\/wp-content\/uploads\/2025\/11\/ChateauCarbonneauLeNouveauSouffle.png","type":"image\/png"}],"twitter_card":"summary_large_image","twitter_site":"@MarkoneillES","schema":{"@context":"https:\/\/schema.org","@graph":[{"@type":"WebPage","@id":"https:\/\/thewineplace.es\/en\/wine-shop\/chateau-carbonneau-le-nouveau-souffle","url":"https:\/\/thewineplace.es\/en\/wine-shop\/chateau-carbonneau-le-nouveau-souffle","name":"Ch\u00e2teau Carbonneau Le Nouveau Souffle | Burdeos | Rosado","isPartOf":{"@id":"https:\/\/thewineplace.es\/en#website"},"primaryImageOfPage":{"@id":"https:\/\/thewineplace.es\/en\/wine-shop\/chateau-carbonneau-le-nouveau-souffle#primaryimage"},"image":{"@id":"https:\/\/thewineplace.es\/en\/wine-shop\/chateau-carbonneau-le-nouveau-souffle#primaryimage"},"thumbnailUrl":"https:\/\/thewineplace.es\/wp-content\/uploads\/2025\/11\/ChateauCarbonneauLeNouveauSouffle.png","datePublished":"2025-11-10T16:30:55+00:00","dateModified":"2026-03-16T10:25:55+00:00","description":"Fresh, balanced Bordeaux ros\u00e9, ideal for light cuisine and aperitifs.","breadcrumb":{"@id":"https:\/\/thewineplace.es\/en\/wine-shop\/chateau-carbonneau-le-nouveau-souffle#breadcrumb"},"inLanguage":"en-US","potentialAction":[{"@type":"ReadAction","target":["https:\/\/thewineplace.es\/en\/wine-shop\/chateau-carbonneau-le-nouveau-souffle"]}]},{"@type":"ImageObject","inLanguage":"en-US","@id":"https:\/\/thewineplace.es\/en\/wine-shop\/chateau-carbonneau-le-nouveau-souffle#primaryimage","url":"https:\/\/thewineplace.es\/wp-content\/uploads\/2025\/11\/ChateauCarbonneauLeNouveauSouffle.png","contentUrl":"https:\/\/thewineplace.es\/wp-content\/uploads\/2025\/11\/ChateauCarbonneauLeNouveauSouffle.png","width":800,"height":800,"caption":"Vino Ch\u00e2teau Carbonneau \"Le Nouveau Souffle\" Bordeaux Clairet"},{"@type":"BreadcrumbList","@id":"https:\/\/thewineplace.es\/en\/wine-shop\/chateau-carbonneau-le-nouveau-souffle#breadcrumb","itemListElement":[{"@type":"ListItem","position":1,"name":"Portada","item":"https:\/\/thewineplace.es\/en"},{"@type":"ListItem","position":2,"name":"Wine Shop","item":"https:\/\/thewineplace.es\/en\/shop"},{"@type":"ListItem","position":3,"name":"Ch\u00e2teau Carbonneau Le Nouveau Souffle"}]},{"@type":"WebSite","@id":"https:\/\/thewineplace.es\/en#website","url":"https:\/\/thewineplace.es\/en","name":"The Wine Place","description":"Tienda de vinos, cursos y catas de vino en Valencia","publisher":{"@id":"https:\/\/thewineplace.es\/en#organization"},"alternateName":"Tienda de vinos de Valencia","potentialAction":[{"@type":"SearchAction","target":{"@type":"EntryPoint","urlTemplate":"https:\/\/thewineplace.es\/en?s={search_term_string}"},"query-input":{"@type":"PropertyValueSpecification","valueRequired":true,"valueName":"search_term_string"}}],"inLanguage":"en-US"},{"@type":"Organization","@id":"https:\/\/thewineplace.es\/en#organization","name":"The Wine Place","alternateName":"Verde Marte S.L.U.","url":"https:\/\/thewineplace.es\/en","logo":{"@type":"ImageObject","inLanguage":"en-US","@id":"https:\/\/thewineplace.es\/en#\/schema\/logo\/image\/","url":"https:\/\/thewineplace.es\/desarrollo\/wp-content\/uploads\/2025\/05\/favicon.png","contentUrl":"https:\/\/thewineplace.es\/desarrollo\/wp-content\/uploads\/2025\/05\/favicon.png","width":250,"height":250,"caption":"The Wine Place"},"image":{"@id":"https:\/\/thewineplace.es\/en#\/schema\/logo\/image\/"},"sameAs":["https:\/\/www.facebook.com\/TheWinePlace","https:\/\/x.com\/MarkoneillES","https:\/\/www.instagram.com\/thewineplace","https:\/\/www.linkedin.com\/company\/thewineplace-es\/","https:\/\/www.youtube.com\/channel\/UCOzo67E6rQDwHmPAi8EiEdA"]}]}},"_links":{"self":[{"href":"https:\/\/thewineplace.es\/en\/wp-json\/wp\/v2\/product\/22429","targetHints":{"allow":["GET"]}}],"collection":[{"href":"https:\/\/thewineplace.es\/en\/wp-json\/wp\/v2\/product"}],"about":[{"href":"https:\/\/thewineplace.es\/en\/wp-json\/wp\/v2\/types\/product"}],"wp:featuredmedia":[{"embeddable":true,"href":"https:\/\/thewineplace.es\/en\/wp-json\/wp\/v2\/media\/21904"}],"wp:attachment":[{"href":"https:\/\/thewineplace.es\/en\/wp-json\/wp\/v2\/media?parent=22429"}],"wp:term":[{"taxonomy":"product_brand","embeddable":true,"href":"https:\/\/thewineplace.es\/en\/wp-json\/wp\/v2\/product_brand?post=22429"},{"taxonomy":"product_cat","embeddable":true,"href":"https:\/\/thewineplace.es\/en\/wp-json\/wp\/v2\/product_cat?post=22429"},{"taxonomy":"product_tag","embeddable":true,"href":"https:\/\/thewineplace.es\/en\/wp-json\/wp\/v2\/product_tag?post=22429"}],"curies":[{"name":"wp","href":"https:\/\/api.w.org\/{rel}","templated":true}]}}