{"id":22425,"date":"2025-11-10T17:28:25","date_gmt":"2025-11-10T16:28:25","guid":{"rendered":"https:\/\/thewineplace.es\/desarrollo?post_type=product&#038;p=22425"},"modified":"2026-03-16T11:26:00","modified_gmt":"2026-03-16T10:26:00","slug":"m-chapoutier-chateauneuf-du-pape-la-bernardine-rouge","status":"publish","type":"product","link":"https:\/\/thewineplace.es\/en\/wine-shop\/m-chapoutier-chateauneuf-du-pape-la-bernardine-rouge","title":{"rendered":"M. Chapoutier Ch\u00e2teauneuf-du-Pape La Bernardine Rouge"},"content":{"rendered":"<p>M. Chapoutier Ch\u00e2teauneuf-du-Pape La Bernardine Rouge is an emblematic Southern Rh\u00f4ne red made mainly from Grenache, complemented by Syrah and Mourv\u00e8dre. From vineyards with galets roul\u00e9s soils, it combines power and elegance. The nose offers aromas of ripe black fruit, spices, Mediterranean herbs and balsamic notes. On the palate it is broad, structured and persistent, with firm tannins and great depth. A classic Ch\u00e2teauneuf-du-Pape that authentically expresses the appellation\u2019s warm, complex character.<\/p>\n","protected":false},"excerpt":{"rendered":"<p>Ch\u00e2teauneuf-du-Pape red made mainly from Grenache: powerful, structured, with great aromatic depth.<\/p>\n","protected":false},"featured_media":21746,"template":"","meta":{"_acf_changed":false,"_joinchat":[]},"product_brand":[],"product_cat":[689],"product_tag":[],"class_list":{"0":"post-22425","1":"product","2":"type-product","3":"status-publish","4":"has-post-thumbnail","6":"product_cat-wine","7":"pa_country-france","8":"pa_main-grape-grenache-en","9":"pa_main-grape-mourvedre-en","10":"pa_main-grape-syrah-en","11":"pa_type-wine-red","13":"first","14":"instock","15":"taxable","16":"shipping-taxable","17":"purchasable","18":"product-type-simple"},"acf":[],"yoast_head":"<!-- This site is optimized with the Yoast SEO plugin v27.3 - https:\/\/yoast.com\/product\/yoast-seo-wordpress\/ -->\n<title>M. Chapoutier Ch\u00e2teauneuf-du-Pape La Bernardine Rouge | Ch\u00e2teauneuf-du-Pape | Red<\/title>\n<meta name=\"description\" content=\"Powerful Rh\u00f4ne red with Grenache dominance, complex and structured. Ideal for rich meat dishes.\" \/>\n<meta name=\"robots\" content=\"index, follow, max-snippet:-1, max-image-preview:large, max-video-preview:-1\" \/>\n<link rel=\"canonical\" href=\"https:\/\/thewineplace.es\/en\/wine-shop\/m-chapoutier-chateauneuf-du-pape-la-bernardine-rouge\" \/>\n<meta property=\"og:locale\" content=\"en_US\" \/>\n<meta property=\"og:type\" content=\"article\" \/>\n<meta property=\"og:title\" content=\"M. Chapoutier Ch\u00e2teauneuf-du-Pape La Bernardine Rouge | Ch\u00e2teauneuf-du-Pape | Red\" \/>\n<meta property=\"og:description\" content=\"Powerful Rh\u00f4ne red with Grenache dominance, complex and structured. Ideal for rich meat dishes.\" \/>\n<meta property=\"og:url\" content=\"https:\/\/thewineplace.es\/en\/wine-shop\/m-chapoutier-chateauneuf-du-pape-la-bernardine-rouge\" \/>\n<meta property=\"og:site_name\" content=\"The Wine Place\" \/>\n<meta property=\"article:publisher\" content=\"https:\/\/www.facebook.com\/TheWinePlace\" \/>\n<meta property=\"article:modified_time\" content=\"2026-03-16T10:26:00+00:00\" \/>\n<meta property=\"og:image\" content=\"https:\/\/thewineplace.es\/wp-content\/uploads\/2025\/11\/MChapoutierLaBernardine.png\" \/>\n\t<meta property=\"og:image:width\" content=\"800\" \/>\n\t<meta property=\"og:image:height\" content=\"800\" \/>\n\t<meta property=\"og:image:type\" content=\"image\/png\" \/>\n<meta name=\"twitter:card\" content=\"summary_large_image\" \/>\n<meta name=\"twitter:site\" content=\"@MarkoneillES\" \/>\n<script type=\"application\/ld+json\" class=\"yoast-schema-graph\">{\"@context\":\"https:\\\/\\\/schema.org\",\"@graph\":[{\"@type\":\"WebPage\",\"@id\":\"https:\\\/\\\/thewineplace.es\\\/en\\\/wine-shop\\\/m-chapoutier-chateauneuf-du-pape-la-bernardine-rouge\",\"url\":\"https:\\\/\\\/thewineplace.es\\\/en\\\/wine-shop\\\/m-chapoutier-chateauneuf-du-pape-la-bernardine-rouge\",\"name\":\"M. Chapoutier Ch\u00e2teauneuf-du-Pape La Bernardine Rouge | Ch\u00e2teauneuf-du-Pape | Red\",\"isPartOf\":{\"@id\":\"https:\\\/\\\/thewineplace.es\\\/en#website\"},\"primaryImageOfPage\":{\"@id\":\"https:\\\/\\\/thewineplace.es\\\/en\\\/wine-shop\\\/m-chapoutier-chateauneuf-du-pape-la-bernardine-rouge#primaryimage\"},\"image\":{\"@id\":\"https:\\\/\\\/thewineplace.es\\\/en\\\/wine-shop\\\/m-chapoutier-chateauneuf-du-pape-la-bernardine-rouge#primaryimage\"},\"thumbnailUrl\":\"https:\\\/\\\/thewineplace.es\\\/wp-content\\\/uploads\\\/2025\\\/11\\\/MChapoutierLaBernardine.png\",\"datePublished\":\"2025-11-10T16:28:25+00:00\",\"dateModified\":\"2026-03-16T10:26:00+00:00\",\"description\":\"Powerful Rh\u00f4ne red with Grenache dominance, complex and structured. Ideal for rich meat dishes.\",\"breadcrumb\":{\"@id\":\"https:\\\/\\\/thewineplace.es\\\/en\\\/wine-shop\\\/m-chapoutier-chateauneuf-du-pape-la-bernardine-rouge#breadcrumb\"},\"inLanguage\":\"en-US\",\"potentialAction\":[{\"@type\":\"ReadAction\",\"target\":[\"https:\\\/\\\/thewineplace.es\\\/en\\\/wine-shop\\\/m-chapoutier-chateauneuf-du-pape-la-bernardine-rouge\"]}]},{\"@type\":\"ImageObject\",\"inLanguage\":\"en-US\",\"@id\":\"https:\\\/\\\/thewineplace.es\\\/en\\\/wine-shop\\\/m-chapoutier-chateauneuf-du-pape-la-bernardine-rouge#primaryimage\",\"url\":\"https:\\\/\\\/thewineplace.es\\\/wp-content\\\/uploads\\\/2025\\\/11\\\/MChapoutierLaBernardine.png\",\"contentUrl\":\"https:\\\/\\\/thewineplace.es\\\/wp-content\\\/uploads\\\/2025\\\/11\\\/MChapoutierLaBernardine.png\",\"width\":800,\"height\":800,\"caption\":\"Vino M. Chapoutier La Bernardine\"},{\"@type\":\"BreadcrumbList\",\"@id\":\"https:\\\/\\\/thewineplace.es\\\/en\\\/wine-shop\\\/m-chapoutier-chateauneuf-du-pape-la-bernardine-rouge#breadcrumb\",\"itemListElement\":[{\"@type\":\"ListItem\",\"position\":1,\"name\":\"Portada\",\"item\":\"https:\\\/\\\/thewineplace.es\\\/en\"},{\"@type\":\"ListItem\",\"position\":2,\"name\":\"Wine Shop\",\"item\":\"https:\\\/\\\/thewineplace.es\\\/en\\\/shop\"},{\"@type\":\"ListItem\",\"position\":3,\"name\":\"M. Chapoutier Ch\u00e2teauneuf-du-Pape La Bernardine Rouge\"}]},{\"@type\":\"WebSite\",\"@id\":\"https:\\\/\\\/thewineplace.es\\\/en#website\",\"url\":\"https:\\\/\\\/thewineplace.es\\\/en\",\"name\":\"The Wine Place\",\"description\":\"Tienda de vinos, cursos y catas de vino en Valencia\",\"publisher\":{\"@id\":\"https:\\\/\\\/thewineplace.es\\\/en#organization\"},\"alternateName\":\"Tienda de vinos de Valencia\",\"potentialAction\":[{\"@type\":\"SearchAction\",\"target\":{\"@type\":\"EntryPoint\",\"urlTemplate\":\"https:\\\/\\\/thewineplace.es\\\/en?s={search_term_string}\"},\"query-input\":{\"@type\":\"PropertyValueSpecification\",\"valueRequired\":true,\"valueName\":\"search_term_string\"}}],\"inLanguage\":\"en-US\"},{\"@type\":\"Organization\",\"@id\":\"https:\\\/\\\/thewineplace.es\\\/en#organization\",\"name\":\"The Wine Place\",\"alternateName\":\"Verde Marte S.L.U.\",\"url\":\"https:\\\/\\\/thewineplace.es\\\/en\",\"logo\":{\"@type\":\"ImageObject\",\"inLanguage\":\"en-US\",\"@id\":\"https:\\\/\\\/thewineplace.es\\\/en#\\\/schema\\\/logo\\\/image\\\/\",\"url\":\"https:\\\/\\\/thewineplace.es\\\/desarrollo\\\/wp-content\\\/uploads\\\/2025\\\/05\\\/favicon.png\",\"contentUrl\":\"https:\\\/\\\/thewineplace.es\\\/desarrollo\\\/wp-content\\\/uploads\\\/2025\\\/05\\\/favicon.png\",\"width\":250,\"height\":250,\"caption\":\"The Wine Place\"},\"image\":{\"@id\":\"https:\\\/\\\/thewineplace.es\\\/en#\\\/schema\\\/logo\\\/image\\\/\"},\"sameAs\":[\"https:\\\/\\\/www.facebook.com\\\/TheWinePlace\",\"https:\\\/\\\/x.com\\\/MarkoneillES\",\"https:\\\/\\\/www.instagram.com\\\/thewineplace\",\"https:\\\/\\\/www.linkedin.com\\\/company\\\/thewineplace-es\\\/\",\"https:\\\/\\\/www.youtube.com\\\/channel\\\/UCOzo67E6rQDwHmPAi8EiEdA\"]}]}<\/script>\n<!-- \/ Yoast SEO plugin. -->","yoast_head_json":{"title":"M. Chapoutier Ch\u00e2teauneuf-du-Pape La Bernardine Rouge | Ch\u00e2teauneuf-du-Pape | Red","description":"Powerful Rh\u00f4ne red with Grenache dominance, complex and structured. Ideal for rich meat dishes.","robots":{"index":"index","follow":"follow","max-snippet":"max-snippet:-1","max-image-preview":"max-image-preview:large","max-video-preview":"max-video-preview:-1"},"canonical":"https:\/\/thewineplace.es\/en\/wine-shop\/m-chapoutier-chateauneuf-du-pape-la-bernardine-rouge","og_locale":"en_US","og_type":"article","og_title":"M. Chapoutier Ch\u00e2teauneuf-du-Pape La Bernardine Rouge | Ch\u00e2teauneuf-du-Pape | Red","og_description":"Powerful Rh\u00f4ne red with Grenache dominance, complex and structured. Ideal for rich meat dishes.","og_url":"https:\/\/thewineplace.es\/en\/wine-shop\/m-chapoutier-chateauneuf-du-pape-la-bernardine-rouge","og_site_name":"The Wine Place","article_publisher":"https:\/\/www.facebook.com\/TheWinePlace","article_modified_time":"2026-03-16T10:26:00+00:00","og_image":[{"width":800,"height":800,"url":"https:\/\/thewineplace.es\/wp-content\/uploads\/2025\/11\/MChapoutierLaBernardine.png","type":"image\/png"}],"twitter_card":"summary_large_image","twitter_site":"@MarkoneillES","schema":{"@context":"https:\/\/schema.org","@graph":[{"@type":"WebPage","@id":"https:\/\/thewineplace.es\/en\/wine-shop\/m-chapoutier-chateauneuf-du-pape-la-bernardine-rouge","url":"https:\/\/thewineplace.es\/en\/wine-shop\/m-chapoutier-chateauneuf-du-pape-la-bernardine-rouge","name":"M. Chapoutier Ch\u00e2teauneuf-du-Pape La Bernardine Rouge | Ch\u00e2teauneuf-du-Pape | Red","isPartOf":{"@id":"https:\/\/thewineplace.es\/en#website"},"primaryImageOfPage":{"@id":"https:\/\/thewineplace.es\/en\/wine-shop\/m-chapoutier-chateauneuf-du-pape-la-bernardine-rouge#primaryimage"},"image":{"@id":"https:\/\/thewineplace.es\/en\/wine-shop\/m-chapoutier-chateauneuf-du-pape-la-bernardine-rouge#primaryimage"},"thumbnailUrl":"https:\/\/thewineplace.es\/wp-content\/uploads\/2025\/11\/MChapoutierLaBernardine.png","datePublished":"2025-11-10T16:28:25+00:00","dateModified":"2026-03-16T10:26:00+00:00","description":"Powerful Rh\u00f4ne red with Grenache dominance, complex and structured. Ideal for rich meat dishes.","breadcrumb":{"@id":"https:\/\/thewineplace.es\/en\/wine-shop\/m-chapoutier-chateauneuf-du-pape-la-bernardine-rouge#breadcrumb"},"inLanguage":"en-US","potentialAction":[{"@type":"ReadAction","target":["https:\/\/thewineplace.es\/en\/wine-shop\/m-chapoutier-chateauneuf-du-pape-la-bernardine-rouge"]}]},{"@type":"ImageObject","inLanguage":"en-US","@id":"https:\/\/thewineplace.es\/en\/wine-shop\/m-chapoutier-chateauneuf-du-pape-la-bernardine-rouge#primaryimage","url":"https:\/\/thewineplace.es\/wp-content\/uploads\/2025\/11\/MChapoutierLaBernardine.png","contentUrl":"https:\/\/thewineplace.es\/wp-content\/uploads\/2025\/11\/MChapoutierLaBernardine.png","width":800,"height":800,"caption":"Vino M. Chapoutier La Bernardine"},{"@type":"BreadcrumbList","@id":"https:\/\/thewineplace.es\/en\/wine-shop\/m-chapoutier-chateauneuf-du-pape-la-bernardine-rouge#breadcrumb","itemListElement":[{"@type":"ListItem","position":1,"name":"Portada","item":"https:\/\/thewineplace.es\/en"},{"@type":"ListItem","position":2,"name":"Wine Shop","item":"https:\/\/thewineplace.es\/en\/shop"},{"@type":"ListItem","position":3,"name":"M. Chapoutier Ch\u00e2teauneuf-du-Pape La Bernardine Rouge"}]},{"@type":"WebSite","@id":"https:\/\/thewineplace.es\/en#website","url":"https:\/\/thewineplace.es\/en","name":"The Wine Place","description":"Tienda de vinos, cursos y catas de vino en Valencia","publisher":{"@id":"https:\/\/thewineplace.es\/en#organization"},"alternateName":"Tienda de vinos de Valencia","potentialAction":[{"@type":"SearchAction","target":{"@type":"EntryPoint","urlTemplate":"https:\/\/thewineplace.es\/en?s={search_term_string}"},"query-input":{"@type":"PropertyValueSpecification","valueRequired":true,"valueName":"search_term_string"}}],"inLanguage":"en-US"},{"@type":"Organization","@id":"https:\/\/thewineplace.es\/en#organization","name":"The Wine Place","alternateName":"Verde Marte S.L.U.","url":"https:\/\/thewineplace.es\/en","logo":{"@type":"ImageObject","inLanguage":"en-US","@id":"https:\/\/thewineplace.es\/en#\/schema\/logo\/image\/","url":"https:\/\/thewineplace.es\/desarrollo\/wp-content\/uploads\/2025\/05\/favicon.png","contentUrl":"https:\/\/thewineplace.es\/desarrollo\/wp-content\/uploads\/2025\/05\/favicon.png","width":250,"height":250,"caption":"The Wine Place"},"image":{"@id":"https:\/\/thewineplace.es\/en#\/schema\/logo\/image\/"},"sameAs":["https:\/\/www.facebook.com\/TheWinePlace","https:\/\/x.com\/MarkoneillES","https:\/\/www.instagram.com\/thewineplace","https:\/\/www.linkedin.com\/company\/thewineplace-es\/","https:\/\/www.youtube.com\/channel\/UCOzo67E6rQDwHmPAi8EiEdA"]}]}},"_links":{"self":[{"href":"https:\/\/thewineplace.es\/en\/wp-json\/wp\/v2\/product\/22425","targetHints":{"allow":["GET"]}}],"collection":[{"href":"https:\/\/thewineplace.es\/en\/wp-json\/wp\/v2\/product"}],"about":[{"href":"https:\/\/thewineplace.es\/en\/wp-json\/wp\/v2\/types\/product"}],"wp:featuredmedia":[{"embeddable":true,"href":"https:\/\/thewineplace.es\/en\/wp-json\/wp\/v2\/media\/21746"}],"wp:attachment":[{"href":"https:\/\/thewineplace.es\/en\/wp-json\/wp\/v2\/media?parent=22425"}],"wp:term":[{"taxonomy":"product_brand","embeddable":true,"href":"https:\/\/thewineplace.es\/en\/wp-json\/wp\/v2\/product_brand?post=22425"},{"taxonomy":"product_cat","embeddable":true,"href":"https:\/\/thewineplace.es\/en\/wp-json\/wp\/v2\/product_cat?post=22425"},{"taxonomy":"product_tag","embeddable":true,"href":"https:\/\/thewineplace.es\/en\/wp-json\/wp\/v2\/product_tag?post=22425"}],"curies":[{"name":"wp","href":"https:\/\/api.w.org\/{rel}","templated":true}]}}