{"id":22403,"date":"2025-11-10T17:31:36","date_gmt":"2025-11-10T16:31:36","guid":{"rendered":"https:\/\/thewineplace.es\/desarrollo?post_type=product&#038;p=22403"},"modified":"2026-03-16T11:25:54","modified_gmt":"2026-03-16T10:25:54","slug":"domaine-boutinot-la-fleur-solitaire-blanc","status":"publish","type":"product","link":"https:\/\/thewineplace.es\/en\/wine-shop\/domaine-boutinot-la-fleur-solitaire-blanc","title":{"rendered":"Domaine Boutinot La Fleur Solitaire Blanc"},"content":{"rendered":"<p>Domaine Boutinot La Fleur Solitaire Blanc is a C\u00f4tes du Rh\u00f4ne white made from traditional Rh\u00f4ne varieties such as Viognier, Roussanne and Marsanne. It offers aromas of ripe white fruit, apricot and delicate floral notes. On the palate it is balanced, with good texture and freshness, showing volume and a harmonious finish. An expressive, food-friendly wine that reflects the elegance and character of the Southern Rh\u00f4ne.<\/p>\n","protected":false},"excerpt":{"rendered":"<p>La Fleur Solitaire Blanc is a C\u00f4tes du Rh\u00f4ne white with Viognier, Roussanne and Marsanne: elegant, balanced and aromatic.<\/p>\n","protected":false},"featured_media":21926,"template":"","meta":{"_acf_changed":false,"_joinchat":[]},"product_brand":[],"product_cat":[689],"product_tag":[],"class_list":{"0":"post-22403","1":"product","2":"type-product","3":"status-publish","4":"has-post-thumbnail","6":"product_cat-wine","7":"pa_country-france","8":"pa_main-grape-other-varietals","9":"pa_type-wine-white","11":"first","12":"instock","13":"taxable","14":"shipping-taxable","15":"purchasable","16":"product-type-simple"},"acf":[],"yoast_head":"<!-- This site is optimized with the Yoast SEO plugin v27.3 - https:\/\/yoast.com\/product\/yoast-seo-wordpress\/ -->\n<title>Domaine Boutinot La Fleur Solitaire Blanc | C\u00f4tes du Rh\u00f4ne | White<\/title>\n<meta name=\"description\" content=\"C\u00f4tes du Rh\u00f4ne white by Domaine Boutinot. Viognier and Rh\u00f4ne varieties with a balanced, aromatic profile.\" \/>\n<meta name=\"robots\" content=\"index, follow, max-snippet:-1, max-image-preview:large, max-video-preview:-1\" \/>\n<link rel=\"canonical\" href=\"https:\/\/thewineplace.es\/en\/wine-shop\/domaine-boutinot-la-fleur-solitaire-blanc\" \/>\n<meta property=\"og:locale\" content=\"en_US\" \/>\n<meta property=\"og:type\" content=\"article\" \/>\n<meta property=\"og:title\" content=\"Domaine Boutinot La Fleur Solitaire Blanc | C\u00f4tes du Rh\u00f4ne | White\" \/>\n<meta property=\"og:description\" content=\"C\u00f4tes du Rh\u00f4ne white by Domaine Boutinot. Viognier and Rh\u00f4ne varieties with a balanced, aromatic profile.\" \/>\n<meta property=\"og:url\" content=\"https:\/\/thewineplace.es\/en\/wine-shop\/domaine-boutinot-la-fleur-solitaire-blanc\" \/>\n<meta property=\"og:site_name\" content=\"The Wine Place\" \/>\n<meta property=\"article:publisher\" content=\"https:\/\/www.facebook.com\/TheWinePlace\" \/>\n<meta property=\"article:modified_time\" content=\"2026-03-16T10:25:54+00:00\" \/>\n<meta property=\"og:image\" content=\"https:\/\/thewineplace.es\/wp-content\/uploads\/2025\/11\/BoutinotLaFleurSolitaire.png\" \/>\n\t<meta property=\"og:image:width\" content=\"800\" \/>\n\t<meta property=\"og:image:height\" content=\"800\" \/>\n\t<meta property=\"og:image:type\" content=\"image\/png\" \/>\n<meta name=\"twitter:card\" content=\"summary_large_image\" \/>\n<meta name=\"twitter:site\" content=\"@MarkoneillES\" \/>\n<script type=\"application\/ld+json\" class=\"yoast-schema-graph\">{\"@context\":\"https:\\\/\\\/schema.org\",\"@graph\":[{\"@type\":\"WebPage\",\"@id\":\"https:\\\/\\\/thewineplace.es\\\/en\\\/wine-shop\\\/domaine-boutinot-la-fleur-solitaire-blanc\",\"url\":\"https:\\\/\\\/thewineplace.es\\\/en\\\/wine-shop\\\/domaine-boutinot-la-fleur-solitaire-blanc\",\"name\":\"Domaine Boutinot La Fleur Solitaire Blanc | C\u00f4tes du Rh\u00f4ne | White\",\"isPartOf\":{\"@id\":\"https:\\\/\\\/thewineplace.es\\\/en#website\"},\"primaryImageOfPage\":{\"@id\":\"https:\\\/\\\/thewineplace.es\\\/en\\\/wine-shop\\\/domaine-boutinot-la-fleur-solitaire-blanc#primaryimage\"},\"image\":{\"@id\":\"https:\\\/\\\/thewineplace.es\\\/en\\\/wine-shop\\\/domaine-boutinot-la-fleur-solitaire-blanc#primaryimage\"},\"thumbnailUrl\":\"https:\\\/\\\/thewineplace.es\\\/wp-content\\\/uploads\\\/2025\\\/11\\\/BoutinotLaFleurSolitaire.png\",\"datePublished\":\"2025-11-10T16:31:36+00:00\",\"dateModified\":\"2026-03-16T10:25:54+00:00\",\"description\":\"C\u00f4tes du Rh\u00f4ne white by Domaine Boutinot. Viognier and Rh\u00f4ne varieties with a balanced, aromatic profile.\",\"breadcrumb\":{\"@id\":\"https:\\\/\\\/thewineplace.es\\\/en\\\/wine-shop\\\/domaine-boutinot-la-fleur-solitaire-blanc#breadcrumb\"},\"inLanguage\":\"en-US\",\"potentialAction\":[{\"@type\":\"ReadAction\",\"target\":[\"https:\\\/\\\/thewineplace.es\\\/en\\\/wine-shop\\\/domaine-boutinot-la-fleur-solitaire-blanc\"]}]},{\"@type\":\"ImageObject\",\"inLanguage\":\"en-US\",\"@id\":\"https:\\\/\\\/thewineplace.es\\\/en\\\/wine-shop\\\/domaine-boutinot-la-fleur-solitaire-blanc#primaryimage\",\"url\":\"https:\\\/\\\/thewineplace.es\\\/wp-content\\\/uploads\\\/2025\\\/11\\\/BoutinotLaFleurSolitaire.png\",\"contentUrl\":\"https:\\\/\\\/thewineplace.es\\\/wp-content\\\/uploads\\\/2025\\\/11\\\/BoutinotLaFleurSolitaire.png\",\"width\":800,\"height\":800,\"caption\":\"Vino blanco Boutinot La Fleur Solitaire\"},{\"@type\":\"BreadcrumbList\",\"@id\":\"https:\\\/\\\/thewineplace.es\\\/en\\\/wine-shop\\\/domaine-boutinot-la-fleur-solitaire-blanc#breadcrumb\",\"itemListElement\":[{\"@type\":\"ListItem\",\"position\":1,\"name\":\"Portada\",\"item\":\"https:\\\/\\\/thewineplace.es\\\/en\"},{\"@type\":\"ListItem\",\"position\":2,\"name\":\"Wine Shop\",\"item\":\"https:\\\/\\\/thewineplace.es\\\/en\\\/shop\"},{\"@type\":\"ListItem\",\"position\":3,\"name\":\"Domaine Boutinot La Fleur Solitaire Blanc\"}]},{\"@type\":\"WebSite\",\"@id\":\"https:\\\/\\\/thewineplace.es\\\/en#website\",\"url\":\"https:\\\/\\\/thewineplace.es\\\/en\",\"name\":\"The Wine Place\",\"description\":\"Tienda de vinos, cursos y catas de vino en Valencia\",\"publisher\":{\"@id\":\"https:\\\/\\\/thewineplace.es\\\/en#organization\"},\"alternateName\":\"Tienda de vinos de Valencia\",\"potentialAction\":[{\"@type\":\"SearchAction\",\"target\":{\"@type\":\"EntryPoint\",\"urlTemplate\":\"https:\\\/\\\/thewineplace.es\\\/en?s={search_term_string}\"},\"query-input\":{\"@type\":\"PropertyValueSpecification\",\"valueRequired\":true,\"valueName\":\"search_term_string\"}}],\"inLanguage\":\"en-US\"},{\"@type\":\"Organization\",\"@id\":\"https:\\\/\\\/thewineplace.es\\\/en#organization\",\"name\":\"The Wine Place\",\"alternateName\":\"Verde Marte S.L.U.\",\"url\":\"https:\\\/\\\/thewineplace.es\\\/en\",\"logo\":{\"@type\":\"ImageObject\",\"inLanguage\":\"en-US\",\"@id\":\"https:\\\/\\\/thewineplace.es\\\/en#\\\/schema\\\/logo\\\/image\\\/\",\"url\":\"https:\\\/\\\/thewineplace.es\\\/desarrollo\\\/wp-content\\\/uploads\\\/2025\\\/05\\\/favicon.png\",\"contentUrl\":\"https:\\\/\\\/thewineplace.es\\\/desarrollo\\\/wp-content\\\/uploads\\\/2025\\\/05\\\/favicon.png\",\"width\":250,\"height\":250,\"caption\":\"The Wine Place\"},\"image\":{\"@id\":\"https:\\\/\\\/thewineplace.es\\\/en#\\\/schema\\\/logo\\\/image\\\/\"},\"sameAs\":[\"https:\\\/\\\/www.facebook.com\\\/TheWinePlace\",\"https:\\\/\\\/x.com\\\/MarkoneillES\",\"https:\\\/\\\/www.instagram.com\\\/thewineplace\",\"https:\\\/\\\/www.linkedin.com\\\/company\\\/thewineplace-es\\\/\",\"https:\\\/\\\/www.youtube.com\\\/channel\\\/UCOzo67E6rQDwHmPAi8EiEdA\"]}]}<\/script>\n<!-- \/ Yoast SEO plugin. -->","yoast_head_json":{"title":"Domaine Boutinot La Fleur Solitaire Blanc | C\u00f4tes du Rh\u00f4ne | White","description":"C\u00f4tes du Rh\u00f4ne white by Domaine Boutinot. Viognier and Rh\u00f4ne varieties with a balanced, aromatic profile.","robots":{"index":"index","follow":"follow","max-snippet":"max-snippet:-1","max-image-preview":"max-image-preview:large","max-video-preview":"max-video-preview:-1"},"canonical":"https:\/\/thewineplace.es\/en\/wine-shop\/domaine-boutinot-la-fleur-solitaire-blanc","og_locale":"en_US","og_type":"article","og_title":"Domaine Boutinot La Fleur Solitaire Blanc | C\u00f4tes du Rh\u00f4ne | White","og_description":"C\u00f4tes du Rh\u00f4ne white by Domaine Boutinot. Viognier and Rh\u00f4ne varieties with a balanced, aromatic profile.","og_url":"https:\/\/thewineplace.es\/en\/wine-shop\/domaine-boutinot-la-fleur-solitaire-blanc","og_site_name":"The Wine Place","article_publisher":"https:\/\/www.facebook.com\/TheWinePlace","article_modified_time":"2026-03-16T10:25:54+00:00","og_image":[{"width":800,"height":800,"url":"https:\/\/thewineplace.es\/wp-content\/uploads\/2025\/11\/BoutinotLaFleurSolitaire.png","type":"image\/png"}],"twitter_card":"summary_large_image","twitter_site":"@MarkoneillES","schema":{"@context":"https:\/\/schema.org","@graph":[{"@type":"WebPage","@id":"https:\/\/thewineplace.es\/en\/wine-shop\/domaine-boutinot-la-fleur-solitaire-blanc","url":"https:\/\/thewineplace.es\/en\/wine-shop\/domaine-boutinot-la-fleur-solitaire-blanc","name":"Domaine Boutinot La Fleur Solitaire Blanc | C\u00f4tes du Rh\u00f4ne | White","isPartOf":{"@id":"https:\/\/thewineplace.es\/en#website"},"primaryImageOfPage":{"@id":"https:\/\/thewineplace.es\/en\/wine-shop\/domaine-boutinot-la-fleur-solitaire-blanc#primaryimage"},"image":{"@id":"https:\/\/thewineplace.es\/en\/wine-shop\/domaine-boutinot-la-fleur-solitaire-blanc#primaryimage"},"thumbnailUrl":"https:\/\/thewineplace.es\/wp-content\/uploads\/2025\/11\/BoutinotLaFleurSolitaire.png","datePublished":"2025-11-10T16:31:36+00:00","dateModified":"2026-03-16T10:25:54+00:00","description":"C\u00f4tes du Rh\u00f4ne white by Domaine Boutinot. Viognier and Rh\u00f4ne varieties with a balanced, aromatic profile.","breadcrumb":{"@id":"https:\/\/thewineplace.es\/en\/wine-shop\/domaine-boutinot-la-fleur-solitaire-blanc#breadcrumb"},"inLanguage":"en-US","potentialAction":[{"@type":"ReadAction","target":["https:\/\/thewineplace.es\/en\/wine-shop\/domaine-boutinot-la-fleur-solitaire-blanc"]}]},{"@type":"ImageObject","inLanguage":"en-US","@id":"https:\/\/thewineplace.es\/en\/wine-shop\/domaine-boutinot-la-fleur-solitaire-blanc#primaryimage","url":"https:\/\/thewineplace.es\/wp-content\/uploads\/2025\/11\/BoutinotLaFleurSolitaire.png","contentUrl":"https:\/\/thewineplace.es\/wp-content\/uploads\/2025\/11\/BoutinotLaFleurSolitaire.png","width":800,"height":800,"caption":"Vino blanco Boutinot La Fleur Solitaire"},{"@type":"BreadcrumbList","@id":"https:\/\/thewineplace.es\/en\/wine-shop\/domaine-boutinot-la-fleur-solitaire-blanc#breadcrumb","itemListElement":[{"@type":"ListItem","position":1,"name":"Portada","item":"https:\/\/thewineplace.es\/en"},{"@type":"ListItem","position":2,"name":"Wine Shop","item":"https:\/\/thewineplace.es\/en\/shop"},{"@type":"ListItem","position":3,"name":"Domaine Boutinot La Fleur Solitaire Blanc"}]},{"@type":"WebSite","@id":"https:\/\/thewineplace.es\/en#website","url":"https:\/\/thewineplace.es\/en","name":"The Wine Place","description":"Tienda de vinos, cursos y catas de vino en Valencia","publisher":{"@id":"https:\/\/thewineplace.es\/en#organization"},"alternateName":"Tienda de vinos de Valencia","potentialAction":[{"@type":"SearchAction","target":{"@type":"EntryPoint","urlTemplate":"https:\/\/thewineplace.es\/en?s={search_term_string}"},"query-input":{"@type":"PropertyValueSpecification","valueRequired":true,"valueName":"search_term_string"}}],"inLanguage":"en-US"},{"@type":"Organization","@id":"https:\/\/thewineplace.es\/en#organization","name":"The Wine Place","alternateName":"Verde Marte S.L.U.","url":"https:\/\/thewineplace.es\/en","logo":{"@type":"ImageObject","inLanguage":"en-US","@id":"https:\/\/thewineplace.es\/en#\/schema\/logo\/image\/","url":"https:\/\/thewineplace.es\/desarrollo\/wp-content\/uploads\/2025\/05\/favicon.png","contentUrl":"https:\/\/thewineplace.es\/desarrollo\/wp-content\/uploads\/2025\/05\/favicon.png","width":250,"height":250,"caption":"The Wine Place"},"image":{"@id":"https:\/\/thewineplace.es\/en#\/schema\/logo\/image\/"},"sameAs":["https:\/\/www.facebook.com\/TheWinePlace","https:\/\/x.com\/MarkoneillES","https:\/\/www.instagram.com\/thewineplace","https:\/\/www.linkedin.com\/company\/thewineplace-es\/","https:\/\/www.youtube.com\/channel\/UCOzo67E6rQDwHmPAi8EiEdA"]}]}},"_links":{"self":[{"href":"https:\/\/thewineplace.es\/en\/wp-json\/wp\/v2\/product\/22403","targetHints":{"allow":["GET"]}}],"collection":[{"href":"https:\/\/thewineplace.es\/en\/wp-json\/wp\/v2\/product"}],"about":[{"href":"https:\/\/thewineplace.es\/en\/wp-json\/wp\/v2\/types\/product"}],"wp:featuredmedia":[{"embeddable":true,"href":"https:\/\/thewineplace.es\/en\/wp-json\/wp\/v2\/media\/21926"}],"wp:attachment":[{"href":"https:\/\/thewineplace.es\/en\/wp-json\/wp\/v2\/media?parent=22403"}],"wp:term":[{"taxonomy":"product_brand","embeddable":true,"href":"https:\/\/thewineplace.es\/en\/wp-json\/wp\/v2\/product_brand?post=22403"},{"taxonomy":"product_cat","embeddable":true,"href":"https:\/\/thewineplace.es\/en\/wp-json\/wp\/v2\/product_cat?post=22403"},{"taxonomy":"product_tag","embeddable":true,"href":"https:\/\/thewineplace.es\/en\/wp-json\/wp\/v2\/product_tag?post=22403"}],"curies":[{"name":"wp","href":"https:\/\/api.w.org\/{rel}","templated":true}]}}