{"id":22374,"date":"2025-11-10T17:28:56","date_gmt":"2025-11-10T16:28:56","guid":{"rendered":"https:\/\/thewineplace.es\/desarrollo?post_type=product&#038;p=22374"},"modified":"2026-03-16T11:25:58","modified_gmt":"2026-03-16T10:25:58","slug":"toro-albala-poley-amontillado-en-rama-35-anos","status":"publish","type":"product","link":"https:\/\/thewineplace.es\/en\/wine-shop\/toro-albala-poley-amontillado-en-rama-35-anos","title":{"rendered":"Toro Albal\u00e1 Poley Amontillado en Rama 35 A\u00f1os"},"content":{"rendered":"<p>Toro Albal\u00e1 Poley Amontillado en Rama 35 Years is a fortified wine from the Montilla-Moriles appellation made by Bodegas Toro Albal\u00e1. It undergoes long biological and oxidative ageing in the traditional criaderas and solera system, with an average age of 35 years. Made exclusively from Pedro Xim\u00e9nez, it shows aromas of nuts, toasted hazelnuts and delicate saline notes and old wood. On the palate it is dry and deep, with great concentration, balanced acidity and a very long, elegant finish. A complex, refined Amontillado.<\/p>\n","protected":false},"excerpt":{"rendered":"<p>En rama Amontillado aged 35 years: dry, complex and elegant.<\/p>\n","protected":false},"featured_media":21786,"template":"","meta":{"_acf_changed":false,"_joinchat":[]},"product_brand":[],"product_cat":[689],"product_tag":[],"class_list":{"0":"post-22374","1":"product","2":"type-product","3":"status-publish","4":"has-post-thumbnail","6":"product_cat-wine","7":"pa_country-spain","8":"pa_main-grape-pedro-ximenez-en","9":"pa_type-wine-fortified","11":"first","12":"instock","13":"taxable","14":"shipping-taxable","15":"purchasable","16":"product-type-simple"},"acf":[],"yoast_head":"<!-- This site is optimized with the Yoast SEO plugin v27.3 - https:\/\/yoast.com\/product\/yoast-seo-wordpress\/ -->\n<title>Toro Albal\u00e1 Poley Amontillado en Rama 35 A\u00f1os | Montilla-Moriles | Fortified<\/title>\n<meta name=\"description\" content=\"Dry, complex 35-year en rama Amontillado. Ideal for Iberian ham and aged cheeses.\" \/>\n<meta name=\"robots\" content=\"index, follow, max-snippet:-1, max-image-preview:large, max-video-preview:-1\" \/>\n<link rel=\"canonical\" href=\"https:\/\/thewineplace.es\/en\/wine-shop\/toro-albala-poley-amontillado-en-rama-35-anos\" \/>\n<meta property=\"og:locale\" content=\"en_US\" \/>\n<meta property=\"og:type\" content=\"article\" \/>\n<meta property=\"og:title\" content=\"Toro Albal\u00e1 Poley Amontillado en Rama 35 A\u00f1os | Montilla-Moriles | Fortified\" \/>\n<meta property=\"og:description\" content=\"Dry, complex 35-year en rama Amontillado. Ideal for Iberian ham and aged cheeses.\" \/>\n<meta property=\"og:url\" content=\"https:\/\/thewineplace.es\/en\/wine-shop\/toro-albala-poley-amontillado-en-rama-35-anos\" \/>\n<meta property=\"og:site_name\" content=\"The Wine Place\" \/>\n<meta property=\"article:publisher\" content=\"https:\/\/www.facebook.com\/TheWinePlace\" \/>\n<meta property=\"article:modified_time\" content=\"2026-03-16T10:25:58+00:00\" \/>\n<meta property=\"og:image\" content=\"https:\/\/thewineplace.es\/wp-content\/uploads\/2025\/11\/ToroAlbalaPoleyAmontilladenRamaSolera35Anos.png\" \/>\n\t<meta property=\"og:image:width\" content=\"600\" \/>\n\t<meta property=\"og:image:height\" content=\"600\" \/>\n\t<meta property=\"og:image:type\" content=\"image\/png\" \/>\n<meta name=\"twitter:card\" content=\"summary_large_image\" \/>\n<meta name=\"twitter:site\" content=\"@MarkoneillES\" \/>\n<meta name=\"twitter:label1\" content=\"Est. reading time\" \/>\n\t<meta name=\"twitter:data1\" content=\"2 minutes\" \/>\n<script type=\"application\/ld+json\" class=\"yoast-schema-graph\">{\"@context\":\"https:\\\/\\\/schema.org\",\"@graph\":[{\"@type\":\"WebPage\",\"@id\":\"https:\\\/\\\/thewineplace.es\\\/en\\\/wine-shop\\\/toro-albala-poley-amontillado-en-rama-35-anos\",\"url\":\"https:\\\/\\\/thewineplace.es\\\/en\\\/wine-shop\\\/toro-albala-poley-amontillado-en-rama-35-anos\",\"name\":\"Toro Albal\u00e1 Poley Amontillado en Rama 35 A\u00f1os | Montilla-Moriles | Fortified\",\"isPartOf\":{\"@id\":\"https:\\\/\\\/thewineplace.es\\\/en#website\"},\"primaryImageOfPage\":{\"@id\":\"https:\\\/\\\/thewineplace.es\\\/en\\\/wine-shop\\\/toro-albala-poley-amontillado-en-rama-35-anos#primaryimage\"},\"image\":{\"@id\":\"https:\\\/\\\/thewineplace.es\\\/en\\\/wine-shop\\\/toro-albala-poley-amontillado-en-rama-35-anos#primaryimage\"},\"thumbnailUrl\":\"https:\\\/\\\/thewineplace.es\\\/wp-content\\\/uploads\\\/2025\\\/11\\\/ToroAlbalaPoleyAmontilladenRamaSolera35Anos.png\",\"datePublished\":\"2025-11-10T16:28:56+00:00\",\"dateModified\":\"2026-03-16T10:25:58+00:00\",\"description\":\"Dry, complex 35-year en rama Amontillado. Ideal for Iberian ham and aged cheeses.\",\"breadcrumb\":{\"@id\":\"https:\\\/\\\/thewineplace.es\\\/en\\\/wine-shop\\\/toro-albala-poley-amontillado-en-rama-35-anos#breadcrumb\"},\"inLanguage\":\"en-US\",\"potentialAction\":[{\"@type\":\"ReadAction\",\"target\":[\"https:\\\/\\\/thewineplace.es\\\/en\\\/wine-shop\\\/toro-albala-poley-amontillado-en-rama-35-anos\"]}]},{\"@type\":\"ImageObject\",\"inLanguage\":\"en-US\",\"@id\":\"https:\\\/\\\/thewineplace.es\\\/en\\\/wine-shop\\\/toro-albala-poley-amontillado-en-rama-35-anos#primaryimage\",\"url\":\"https:\\\/\\\/thewineplace.es\\\/wp-content\\\/uploads\\\/2025\\\/11\\\/ToroAlbalaPoleyAmontilladenRamaSolera35Anos.png\",\"contentUrl\":\"https:\\\/\\\/thewineplace.es\\\/wp-content\\\/uploads\\\/2025\\\/11\\\/ToroAlbalaPoleyAmontilladenRamaSolera35Anos.png\",\"width\":600,\"height\":600,\"caption\":\"Toro Albal\u00e1 Poley Amontillado en Rama Solera 35 A\u00f1os\"},{\"@type\":\"BreadcrumbList\",\"@id\":\"https:\\\/\\\/thewineplace.es\\\/en\\\/wine-shop\\\/toro-albala-poley-amontillado-en-rama-35-anos#breadcrumb\",\"itemListElement\":[{\"@type\":\"ListItem\",\"position\":1,\"name\":\"Portada\",\"item\":\"https:\\\/\\\/thewineplace.es\\\/en\"},{\"@type\":\"ListItem\",\"position\":2,\"name\":\"Wine Shop\",\"item\":\"https:\\\/\\\/thewineplace.es\\\/en\\\/shop\"},{\"@type\":\"ListItem\",\"position\":3,\"name\":\"Toro Albal\u00e1 Poley Amontillado en Rama 35 A\u00f1os\"}]},{\"@type\":\"WebSite\",\"@id\":\"https:\\\/\\\/thewineplace.es\\\/en#website\",\"url\":\"https:\\\/\\\/thewineplace.es\\\/en\",\"name\":\"The Wine Place\",\"description\":\"Tienda de vinos, cursos y catas de vino en Valencia\",\"publisher\":{\"@id\":\"https:\\\/\\\/thewineplace.es\\\/en#organization\"},\"alternateName\":\"Tienda de vinos de Valencia\",\"potentialAction\":[{\"@type\":\"SearchAction\",\"target\":{\"@type\":\"EntryPoint\",\"urlTemplate\":\"https:\\\/\\\/thewineplace.es\\\/en?s={search_term_string}\"},\"query-input\":{\"@type\":\"PropertyValueSpecification\",\"valueRequired\":true,\"valueName\":\"search_term_string\"}}],\"inLanguage\":\"en-US\"},{\"@type\":\"Organization\",\"@id\":\"https:\\\/\\\/thewineplace.es\\\/en#organization\",\"name\":\"The Wine Place\",\"alternateName\":\"Verde Marte S.L.U.\",\"url\":\"https:\\\/\\\/thewineplace.es\\\/en\",\"logo\":{\"@type\":\"ImageObject\",\"inLanguage\":\"en-US\",\"@id\":\"https:\\\/\\\/thewineplace.es\\\/en#\\\/schema\\\/logo\\\/image\\\/\",\"url\":\"https:\\\/\\\/thewineplace.es\\\/desarrollo\\\/wp-content\\\/uploads\\\/2025\\\/05\\\/favicon.png\",\"contentUrl\":\"https:\\\/\\\/thewineplace.es\\\/desarrollo\\\/wp-content\\\/uploads\\\/2025\\\/05\\\/favicon.png\",\"width\":250,\"height\":250,\"caption\":\"The Wine Place\"},\"image\":{\"@id\":\"https:\\\/\\\/thewineplace.es\\\/en#\\\/schema\\\/logo\\\/image\\\/\"},\"sameAs\":[\"https:\\\/\\\/www.facebook.com\\\/TheWinePlace\",\"https:\\\/\\\/x.com\\\/MarkoneillES\",\"https:\\\/\\\/www.instagram.com\\\/thewineplace\",\"https:\\\/\\\/www.linkedin.com\\\/company\\\/thewineplace-es\\\/\",\"https:\\\/\\\/www.youtube.com\\\/channel\\\/UCOzo67E6rQDwHmPAi8EiEdA\"]}]}<\/script>\n<!-- \/ Yoast SEO plugin. -->","yoast_head_json":{"title":"Toro Albal\u00e1 Poley Amontillado en Rama 35 A\u00f1os | Montilla-Moriles | Fortified","description":"Dry, complex 35-year en rama Amontillado. Ideal for Iberian ham and aged cheeses.","robots":{"index":"index","follow":"follow","max-snippet":"max-snippet:-1","max-image-preview":"max-image-preview:large","max-video-preview":"max-video-preview:-1"},"canonical":"https:\/\/thewineplace.es\/en\/wine-shop\/toro-albala-poley-amontillado-en-rama-35-anos","og_locale":"en_US","og_type":"article","og_title":"Toro Albal\u00e1 Poley Amontillado en Rama 35 A\u00f1os | Montilla-Moriles | Fortified","og_description":"Dry, complex 35-year en rama Amontillado. Ideal for Iberian ham and aged cheeses.","og_url":"https:\/\/thewineplace.es\/en\/wine-shop\/toro-albala-poley-amontillado-en-rama-35-anos","og_site_name":"The Wine Place","article_publisher":"https:\/\/www.facebook.com\/TheWinePlace","article_modified_time":"2026-03-16T10:25:58+00:00","og_image":[{"width":600,"height":600,"url":"https:\/\/thewineplace.es\/wp-content\/uploads\/2025\/11\/ToroAlbalaPoleyAmontilladenRamaSolera35Anos.png","type":"image\/png"}],"twitter_card":"summary_large_image","twitter_site":"@MarkoneillES","twitter_misc":{"Est. reading time":"2 minutes"},"schema":{"@context":"https:\/\/schema.org","@graph":[{"@type":"WebPage","@id":"https:\/\/thewineplace.es\/en\/wine-shop\/toro-albala-poley-amontillado-en-rama-35-anos","url":"https:\/\/thewineplace.es\/en\/wine-shop\/toro-albala-poley-amontillado-en-rama-35-anos","name":"Toro Albal\u00e1 Poley Amontillado en Rama 35 A\u00f1os | Montilla-Moriles | Fortified","isPartOf":{"@id":"https:\/\/thewineplace.es\/en#website"},"primaryImageOfPage":{"@id":"https:\/\/thewineplace.es\/en\/wine-shop\/toro-albala-poley-amontillado-en-rama-35-anos#primaryimage"},"image":{"@id":"https:\/\/thewineplace.es\/en\/wine-shop\/toro-albala-poley-amontillado-en-rama-35-anos#primaryimage"},"thumbnailUrl":"https:\/\/thewineplace.es\/wp-content\/uploads\/2025\/11\/ToroAlbalaPoleyAmontilladenRamaSolera35Anos.png","datePublished":"2025-11-10T16:28:56+00:00","dateModified":"2026-03-16T10:25:58+00:00","description":"Dry, complex 35-year en rama Amontillado. Ideal for Iberian ham and aged cheeses.","breadcrumb":{"@id":"https:\/\/thewineplace.es\/en\/wine-shop\/toro-albala-poley-amontillado-en-rama-35-anos#breadcrumb"},"inLanguage":"en-US","potentialAction":[{"@type":"ReadAction","target":["https:\/\/thewineplace.es\/en\/wine-shop\/toro-albala-poley-amontillado-en-rama-35-anos"]}]},{"@type":"ImageObject","inLanguage":"en-US","@id":"https:\/\/thewineplace.es\/en\/wine-shop\/toro-albala-poley-amontillado-en-rama-35-anos#primaryimage","url":"https:\/\/thewineplace.es\/wp-content\/uploads\/2025\/11\/ToroAlbalaPoleyAmontilladenRamaSolera35Anos.png","contentUrl":"https:\/\/thewineplace.es\/wp-content\/uploads\/2025\/11\/ToroAlbalaPoleyAmontilladenRamaSolera35Anos.png","width":600,"height":600,"caption":"Toro Albal\u00e1 Poley Amontillado en Rama Solera 35 A\u00f1os"},{"@type":"BreadcrumbList","@id":"https:\/\/thewineplace.es\/en\/wine-shop\/toro-albala-poley-amontillado-en-rama-35-anos#breadcrumb","itemListElement":[{"@type":"ListItem","position":1,"name":"Portada","item":"https:\/\/thewineplace.es\/en"},{"@type":"ListItem","position":2,"name":"Wine Shop","item":"https:\/\/thewineplace.es\/en\/shop"},{"@type":"ListItem","position":3,"name":"Toro Albal\u00e1 Poley Amontillado en Rama 35 A\u00f1os"}]},{"@type":"WebSite","@id":"https:\/\/thewineplace.es\/en#website","url":"https:\/\/thewineplace.es\/en","name":"The Wine Place","description":"Tienda de vinos, cursos y catas de vino en Valencia","publisher":{"@id":"https:\/\/thewineplace.es\/en#organization"},"alternateName":"Tienda de vinos de Valencia","potentialAction":[{"@type":"SearchAction","target":{"@type":"EntryPoint","urlTemplate":"https:\/\/thewineplace.es\/en?s={search_term_string}"},"query-input":{"@type":"PropertyValueSpecification","valueRequired":true,"valueName":"search_term_string"}}],"inLanguage":"en-US"},{"@type":"Organization","@id":"https:\/\/thewineplace.es\/en#organization","name":"The Wine Place","alternateName":"Verde Marte S.L.U.","url":"https:\/\/thewineplace.es\/en","logo":{"@type":"ImageObject","inLanguage":"en-US","@id":"https:\/\/thewineplace.es\/en#\/schema\/logo\/image\/","url":"https:\/\/thewineplace.es\/desarrollo\/wp-content\/uploads\/2025\/05\/favicon.png","contentUrl":"https:\/\/thewineplace.es\/desarrollo\/wp-content\/uploads\/2025\/05\/favicon.png","width":250,"height":250,"caption":"The Wine Place"},"image":{"@id":"https:\/\/thewineplace.es\/en#\/schema\/logo\/image\/"},"sameAs":["https:\/\/www.facebook.com\/TheWinePlace","https:\/\/x.com\/MarkoneillES","https:\/\/www.instagram.com\/thewineplace","https:\/\/www.linkedin.com\/company\/thewineplace-es\/","https:\/\/www.youtube.com\/channel\/UCOzo67E6rQDwHmPAi8EiEdA"]}]}},"_links":{"self":[{"href":"https:\/\/thewineplace.es\/en\/wp-json\/wp\/v2\/product\/22374","targetHints":{"allow":["GET"]}}],"collection":[{"href":"https:\/\/thewineplace.es\/en\/wp-json\/wp\/v2\/product"}],"about":[{"href":"https:\/\/thewineplace.es\/en\/wp-json\/wp\/v2\/types\/product"}],"wp:featuredmedia":[{"embeddable":true,"href":"https:\/\/thewineplace.es\/en\/wp-json\/wp\/v2\/media\/21786"}],"wp:attachment":[{"href":"https:\/\/thewineplace.es\/en\/wp-json\/wp\/v2\/media?parent=22374"}],"wp:term":[{"taxonomy":"product_brand","embeddable":true,"href":"https:\/\/thewineplace.es\/en\/wp-json\/wp\/v2\/product_brand?post=22374"},{"taxonomy":"product_cat","embeddable":true,"href":"https:\/\/thewineplace.es\/en\/wp-json\/wp\/v2\/product_cat?post=22374"},{"taxonomy":"product_tag","embeddable":true,"href":"https:\/\/thewineplace.es\/en\/wp-json\/wp\/v2\/product_tag?post=22374"}],"curies":[{"name":"wp","href":"https:\/\/api.w.org\/{rel}","templated":true}]}}