{"id":22372,"date":"2025-11-10T17:25:07","date_gmt":"2025-11-10T16:25:07","guid":{"rendered":"https:\/\/thewineplace.es\/desarrollo?post_type=product&#038;p=22372"},"modified":"2026-03-31T00:22:19","modified_gmt":"2026-03-30T22:22:19","slug":"campo-elisio-cuvee-alegre-rueda","status":"publish","type":"product","link":"https:\/\/thewineplace.es\/en\/wine-shop\/campo-elisio-cuvee-alegre-rueda","title":{"rendered":"Campo Elisio Cuv\u00e9e Alegre Rueda"},"content":{"rendered":"<p>Campo El\u00edseo Cuv\u00e9e Alegre Rueda is a white wine from the Rueda appellation made by Bodegas Campo El\u00edseo. It comes from vineyards on the area\u2019s characteristic gravelly soils, which provide freshness and aromatic expression. Made exclusively from Verdejo, it shows aromas of white fruit, citrus notes and light herbal nuances. On the palate it is fresh and balanced, with good acidity, a smooth texture and a clean, persistent finish. An expressive, versatile Rueda that reflects Verdejo\u2019s classic character.<\/p>\n","protected":false},"excerpt":{"rendered":"<p>Fresh, aromatic 100% Verdejo Rueda, balanced, with a clean finish.<\/p>\n","protected":false},"featured_media":21616,"template":"","meta":{"_acf_changed":false,"_joinchat":[]},"product_brand":[],"product_cat":[689],"product_tag":[],"class_list":{"0":"post-22372","1":"product","2":"type-product","3":"status-publish","4":"has-post-thumbnail","6":"product_cat-wine","7":"pa_country-spain","8":"pa_main-grape-verdejo-en","9":"pa_type-wine-white","11":"first","12":"instock","13":"taxable","14":"shipping-taxable","15":"purchasable","16":"product-type-simple"},"acf":[],"yoast_head":"<!-- This site is optimized with the Yoast SEO plugin v27.3 - https:\/\/yoast.com\/product\/yoast-seo-wordpress\/ -->\n<title>Campo El\u00edseo Cuv\u00e9e Alegre Rueda | Rueda | White<\/title>\n<meta name=\"description\" content=\"Fresh, aromatic 100% Verdejo Rueda, ideal for fish and seafood.\" \/>\n<meta name=\"robots\" content=\"index, follow, max-snippet:-1, max-image-preview:large, max-video-preview:-1\" \/>\n<link rel=\"canonical\" href=\"https:\/\/thewineplace.es\/en\/wine-shop\/campo-elisio-cuvee-alegre-rueda\" \/>\n<meta property=\"og:locale\" content=\"en_US\" \/>\n<meta property=\"og:type\" content=\"article\" \/>\n<meta property=\"og:title\" content=\"Campo El\u00edseo Cuv\u00e9e Alegre Rueda | Rueda | White\" \/>\n<meta property=\"og:description\" content=\"Fresh, aromatic 100% Verdejo Rueda, ideal for fish and seafood.\" \/>\n<meta property=\"og:url\" content=\"https:\/\/thewineplace.es\/en\/wine-shop\/campo-elisio-cuvee-alegre-rueda\" \/>\n<meta property=\"og:site_name\" content=\"The Wine Place\" \/>\n<meta property=\"article:publisher\" content=\"https:\/\/www.facebook.com\/TheWinePlace\" \/>\n<meta property=\"article:modified_time\" content=\"2026-03-30T22:22:19+00:00\" \/>\n<meta property=\"og:image\" content=\"https:\/\/thewineplace.es\/wp-content\/uploads\/2025\/11\/campo-elisio-cuvee-alegre-rueda.png\" \/>\n\t<meta property=\"og:image:width\" content=\"800\" \/>\n\t<meta property=\"og:image:height\" content=\"800\" \/>\n\t<meta property=\"og:image:type\" content=\"image\/png\" \/>\n<meta name=\"twitter:card\" content=\"summary_large_image\" \/>\n<meta name=\"twitter:site\" content=\"@MarkoneillES\" \/>\n<script type=\"application\/ld+json\" class=\"yoast-schema-graph\">{\"@context\":\"https:\\\/\\\/schema.org\",\"@graph\":[{\"@type\":\"WebPage\",\"@id\":\"https:\\\/\\\/thewineplace.es\\\/en\\\/wine-shop\\\/campo-elisio-cuvee-alegre-rueda\",\"url\":\"https:\\\/\\\/thewineplace.es\\\/en\\\/wine-shop\\\/campo-elisio-cuvee-alegre-rueda\",\"name\":\"Campo El\u00edseo Cuv\u00e9e Alegre Rueda | Rueda | White\",\"isPartOf\":{\"@id\":\"https:\\\/\\\/thewineplace.es\\\/en#website\"},\"primaryImageOfPage\":{\"@id\":\"https:\\\/\\\/thewineplace.es\\\/en\\\/wine-shop\\\/campo-elisio-cuvee-alegre-rueda#primaryimage\"},\"image\":{\"@id\":\"https:\\\/\\\/thewineplace.es\\\/en\\\/wine-shop\\\/campo-elisio-cuvee-alegre-rueda#primaryimage\"},\"thumbnailUrl\":\"https:\\\/\\\/thewineplace.es\\\/wp-content\\\/uploads\\\/2025\\\/11\\\/campo-elisio-cuvee-alegre-rueda.png\",\"datePublished\":\"2025-11-10T16:25:07+00:00\",\"dateModified\":\"2026-03-30T22:22:19+00:00\",\"description\":\"Fresh, aromatic 100% Verdejo Rueda, ideal for fish and seafood.\",\"breadcrumb\":{\"@id\":\"https:\\\/\\\/thewineplace.es\\\/en\\\/wine-shop\\\/campo-elisio-cuvee-alegre-rueda#breadcrumb\"},\"inLanguage\":\"en-US\",\"potentialAction\":[{\"@type\":\"ReadAction\",\"target\":[\"https:\\\/\\\/thewineplace.es\\\/en\\\/wine-shop\\\/campo-elisio-cuvee-alegre-rueda\"]}]},{\"@type\":\"ImageObject\",\"inLanguage\":\"en-US\",\"@id\":\"https:\\\/\\\/thewineplace.es\\\/en\\\/wine-shop\\\/campo-elisio-cuvee-alegre-rueda#primaryimage\",\"url\":\"https:\\\/\\\/thewineplace.es\\\/wp-content\\\/uploads\\\/2025\\\/11\\\/campo-elisio-cuvee-alegre-rueda.png\",\"contentUrl\":\"https:\\\/\\\/thewineplace.es\\\/wp-content\\\/uploads\\\/2025\\\/11\\\/campo-elisio-cuvee-alegre-rueda.png\",\"width\":800,\"height\":800,\"caption\":\"Campo Elisio Cuv\u00e9e Alegre Rueda\"},{\"@type\":\"BreadcrumbList\",\"@id\":\"https:\\\/\\\/thewineplace.es\\\/en\\\/wine-shop\\\/campo-elisio-cuvee-alegre-rueda#breadcrumb\",\"itemListElement\":[{\"@type\":\"ListItem\",\"position\":1,\"name\":\"Portada\",\"item\":\"https:\\\/\\\/thewineplace.es\\\/en\"},{\"@type\":\"ListItem\",\"position\":2,\"name\":\"Wine Shop\",\"item\":\"https:\\\/\\\/thewineplace.es\\\/en\\\/shop\"},{\"@type\":\"ListItem\",\"position\":3,\"name\":\"Campo Elisio Cuv\u00e9e Alegre Rueda\"}]},{\"@type\":\"WebSite\",\"@id\":\"https:\\\/\\\/thewineplace.es\\\/en#website\",\"url\":\"https:\\\/\\\/thewineplace.es\\\/en\",\"name\":\"The Wine Place\",\"description\":\"Tienda de vinos, cursos y catas de vino en Valencia\",\"publisher\":{\"@id\":\"https:\\\/\\\/thewineplace.es\\\/en#organization\"},\"alternateName\":\"Tienda de vinos de Valencia\",\"potentialAction\":[{\"@type\":\"SearchAction\",\"target\":{\"@type\":\"EntryPoint\",\"urlTemplate\":\"https:\\\/\\\/thewineplace.es\\\/en?s={search_term_string}\"},\"query-input\":{\"@type\":\"PropertyValueSpecification\",\"valueRequired\":true,\"valueName\":\"search_term_string\"}}],\"inLanguage\":\"en-US\"},{\"@type\":\"Organization\",\"@id\":\"https:\\\/\\\/thewineplace.es\\\/en#organization\",\"name\":\"The Wine Place\",\"alternateName\":\"Verde Marte S.L.U.\",\"url\":\"https:\\\/\\\/thewineplace.es\\\/en\",\"logo\":{\"@type\":\"ImageObject\",\"inLanguage\":\"en-US\",\"@id\":\"https:\\\/\\\/thewineplace.es\\\/en#\\\/schema\\\/logo\\\/image\\\/\",\"url\":\"https:\\\/\\\/thewineplace.es\\\/desarrollo\\\/wp-content\\\/uploads\\\/2025\\\/05\\\/favicon.png\",\"contentUrl\":\"https:\\\/\\\/thewineplace.es\\\/desarrollo\\\/wp-content\\\/uploads\\\/2025\\\/05\\\/favicon.png\",\"width\":250,\"height\":250,\"caption\":\"The Wine Place\"},\"image\":{\"@id\":\"https:\\\/\\\/thewineplace.es\\\/en#\\\/schema\\\/logo\\\/image\\\/\"},\"sameAs\":[\"https:\\\/\\\/www.facebook.com\\\/TheWinePlace\",\"https:\\\/\\\/x.com\\\/MarkoneillES\",\"https:\\\/\\\/www.instagram.com\\\/thewineplace\",\"https:\\\/\\\/www.linkedin.com\\\/company\\\/thewineplace-es\\\/\",\"https:\\\/\\\/www.youtube.com\\\/channel\\\/UCOzo67E6rQDwHmPAi8EiEdA\"]}]}<\/script>\n<!-- \/ Yoast SEO plugin. -->","yoast_head_json":{"title":"Campo El\u00edseo Cuv\u00e9e Alegre Rueda | Rueda | White","description":"Fresh, aromatic 100% Verdejo Rueda, ideal for fish and seafood.","robots":{"index":"index","follow":"follow","max-snippet":"max-snippet:-1","max-image-preview":"max-image-preview:large","max-video-preview":"max-video-preview:-1"},"canonical":"https:\/\/thewineplace.es\/en\/wine-shop\/campo-elisio-cuvee-alegre-rueda","og_locale":"en_US","og_type":"article","og_title":"Campo El\u00edseo Cuv\u00e9e Alegre Rueda | Rueda | White","og_description":"Fresh, aromatic 100% Verdejo Rueda, ideal for fish and seafood.","og_url":"https:\/\/thewineplace.es\/en\/wine-shop\/campo-elisio-cuvee-alegre-rueda","og_site_name":"The Wine Place","article_publisher":"https:\/\/www.facebook.com\/TheWinePlace","article_modified_time":"2026-03-30T22:22:19+00:00","og_image":[{"width":800,"height":800,"url":"https:\/\/thewineplace.es\/wp-content\/uploads\/2025\/11\/campo-elisio-cuvee-alegre-rueda.png","type":"image\/png"}],"twitter_card":"summary_large_image","twitter_site":"@MarkoneillES","schema":{"@context":"https:\/\/schema.org","@graph":[{"@type":"WebPage","@id":"https:\/\/thewineplace.es\/en\/wine-shop\/campo-elisio-cuvee-alegre-rueda","url":"https:\/\/thewineplace.es\/en\/wine-shop\/campo-elisio-cuvee-alegre-rueda","name":"Campo El\u00edseo Cuv\u00e9e Alegre Rueda | Rueda | White","isPartOf":{"@id":"https:\/\/thewineplace.es\/en#website"},"primaryImageOfPage":{"@id":"https:\/\/thewineplace.es\/en\/wine-shop\/campo-elisio-cuvee-alegre-rueda#primaryimage"},"image":{"@id":"https:\/\/thewineplace.es\/en\/wine-shop\/campo-elisio-cuvee-alegre-rueda#primaryimage"},"thumbnailUrl":"https:\/\/thewineplace.es\/wp-content\/uploads\/2025\/11\/campo-elisio-cuvee-alegre-rueda.png","datePublished":"2025-11-10T16:25:07+00:00","dateModified":"2026-03-30T22:22:19+00:00","description":"Fresh, aromatic 100% Verdejo Rueda, ideal for fish and seafood.","breadcrumb":{"@id":"https:\/\/thewineplace.es\/en\/wine-shop\/campo-elisio-cuvee-alegre-rueda#breadcrumb"},"inLanguage":"en-US","potentialAction":[{"@type":"ReadAction","target":["https:\/\/thewineplace.es\/en\/wine-shop\/campo-elisio-cuvee-alegre-rueda"]}]},{"@type":"ImageObject","inLanguage":"en-US","@id":"https:\/\/thewineplace.es\/en\/wine-shop\/campo-elisio-cuvee-alegre-rueda#primaryimage","url":"https:\/\/thewineplace.es\/wp-content\/uploads\/2025\/11\/campo-elisio-cuvee-alegre-rueda.png","contentUrl":"https:\/\/thewineplace.es\/wp-content\/uploads\/2025\/11\/campo-elisio-cuvee-alegre-rueda.png","width":800,"height":800,"caption":"Campo Elisio Cuv\u00e9e Alegre Rueda"},{"@type":"BreadcrumbList","@id":"https:\/\/thewineplace.es\/en\/wine-shop\/campo-elisio-cuvee-alegre-rueda#breadcrumb","itemListElement":[{"@type":"ListItem","position":1,"name":"Portada","item":"https:\/\/thewineplace.es\/en"},{"@type":"ListItem","position":2,"name":"Wine Shop","item":"https:\/\/thewineplace.es\/en\/shop"},{"@type":"ListItem","position":3,"name":"Campo Elisio Cuv\u00e9e Alegre Rueda"}]},{"@type":"WebSite","@id":"https:\/\/thewineplace.es\/en#website","url":"https:\/\/thewineplace.es\/en","name":"The Wine Place","description":"Tienda de vinos, cursos y catas de vino en Valencia","publisher":{"@id":"https:\/\/thewineplace.es\/en#organization"},"alternateName":"Tienda de vinos de Valencia","potentialAction":[{"@type":"SearchAction","target":{"@type":"EntryPoint","urlTemplate":"https:\/\/thewineplace.es\/en?s={search_term_string}"},"query-input":{"@type":"PropertyValueSpecification","valueRequired":true,"valueName":"search_term_string"}}],"inLanguage":"en-US"},{"@type":"Organization","@id":"https:\/\/thewineplace.es\/en#organization","name":"The Wine Place","alternateName":"Verde Marte S.L.U.","url":"https:\/\/thewineplace.es\/en","logo":{"@type":"ImageObject","inLanguage":"en-US","@id":"https:\/\/thewineplace.es\/en#\/schema\/logo\/image\/","url":"https:\/\/thewineplace.es\/desarrollo\/wp-content\/uploads\/2025\/05\/favicon.png","contentUrl":"https:\/\/thewineplace.es\/desarrollo\/wp-content\/uploads\/2025\/05\/favicon.png","width":250,"height":250,"caption":"The Wine Place"},"image":{"@id":"https:\/\/thewineplace.es\/en#\/schema\/logo\/image\/"},"sameAs":["https:\/\/www.facebook.com\/TheWinePlace","https:\/\/x.com\/MarkoneillES","https:\/\/www.instagram.com\/thewineplace","https:\/\/www.linkedin.com\/company\/thewineplace-es\/","https:\/\/www.youtube.com\/channel\/UCOzo67E6rQDwHmPAi8EiEdA"]}]}},"_links":{"self":[{"href":"https:\/\/thewineplace.es\/en\/wp-json\/wp\/v2\/product\/22372","targetHints":{"allow":["GET"]}}],"collection":[{"href":"https:\/\/thewineplace.es\/en\/wp-json\/wp\/v2\/product"}],"about":[{"href":"https:\/\/thewineplace.es\/en\/wp-json\/wp\/v2\/types\/product"}],"wp:featuredmedia":[{"embeddable":true,"href":"https:\/\/thewineplace.es\/en\/wp-json\/wp\/v2\/media\/21616"}],"wp:attachment":[{"href":"https:\/\/thewineplace.es\/en\/wp-json\/wp\/v2\/media?parent=22372"}],"wp:term":[{"taxonomy":"product_brand","embeddable":true,"href":"https:\/\/thewineplace.es\/en\/wp-json\/wp\/v2\/product_brand?post=22372"},{"taxonomy":"product_cat","embeddable":true,"href":"https:\/\/thewineplace.es\/en\/wp-json\/wp\/v2\/product_cat?post=22372"},{"taxonomy":"product_tag","embeddable":true,"href":"https:\/\/thewineplace.es\/en\/wp-json\/wp\/v2\/product_tag?post=22372"}],"curies":[{"name":"wp","href":"https:\/\/api.w.org\/{rel}","templated":true}]}}