{"id":22367,"date":"2025-11-10T17:26:42","date_gmt":"2025-11-10T16:26:42","guid":{"rendered":"https:\/\/thewineplace.es\/desarrollo?post_type=product&#038;p=22367"},"modified":"2026-03-16T11:26:03","modified_gmt":"2026-03-16T10:26:03","slug":"jm-gobillard-et-fils-cuvee-prestige-rose-millesime","status":"publish","type":"product","link":"https:\/\/thewineplace.es\/en\/wine-shop\/jm-gobillard-et-fils-cuvee-prestige-rose-millesime","title":{"rendered":"JM. Gobillard &#038; Fils Cuv\u00e9e Prestige Ros\u00e9 Mill\u00e9sim\u00e9"},"content":{"rendered":"<p>JM. Gobillard &#038; Fils Cuv\u00e9e Prestige Ros\u00e9 Mill\u00e9sim\u00e9 is a sparkling wine made in the Champagne region, France, by J.M. Gobillard &#038; Fils. It comes from classified vineyards and is produced using the traditional method in selected vintages. Made from Chardonnay and Pinot Noir, it shows aromas of ripe red berries, strawberries and delicate pastry notes on the nose. On the palate it is elegant and structured, with fine bubbles, good acidity and a long, harmonious finish. A refined, expressive vintage ros\u00e9 Champagne.<\/p>\n","protected":false},"excerpt":{"rendered":"<p>Elegant, structured vintage Ros\u00e9 Champagne with a fruity profile and fine bubbles.<\/p>\n","protected":false},"featured_media":21689,"template":"","meta":{"_acf_changed":false,"_joinchat":[]},"product_brand":[],"product_cat":[689],"product_tag":[],"class_list":{"0":"post-22367","1":"product","2":"type-product","3":"status-publish","4":"has-post-thumbnail","6":"product_cat-wine","7":"pa_country-france","8":"pa_main-grape-chardonnay-en","9":"pa_main-grape-pinot-noir-en","10":"pa_type-wine-sparkling","12":"first","13":"outofstock","14":"taxable","15":"shipping-taxable","16":"purchasable","17":"product-type-simple"},"acf":[],"yoast_head":"<!-- This site is optimized with the Yoast SEO plugin v27.5 - https:\/\/yoast.com\/product\/yoast-seo-wordpress\/ -->\n<title>JM. Gobillard &amp; Fils Cuv\u00e9e Prestige Ros\u00e9 Mill\u00e9sim\u00e9 | Champa\u00f1a | Sparkling<\/title>\n<meta name=\"description\" content=\"Elegant, structured vintage Ros\u00e9 Champagne, ideal for seafood and special celebrations.\" \/>\n<meta name=\"robots\" content=\"index, follow, max-snippet:-1, max-image-preview:large, max-video-preview:-1\" \/>\n<link rel=\"canonical\" href=\"https:\/\/thewineplace.es\/en\/wine-shop\/jm-gobillard-et-fils-cuvee-prestige-rose-millesime\" \/>\n<meta property=\"og:locale\" content=\"en_US\" \/>\n<meta property=\"og:type\" content=\"article\" \/>\n<meta property=\"og:title\" content=\"JM. Gobillard &amp; Fils Cuv\u00e9e Prestige Ros\u00e9 Mill\u00e9sim\u00e9 | Champa\u00f1a | Sparkling\" \/>\n<meta property=\"og:description\" content=\"Elegant, structured vintage Ros\u00e9 Champagne, ideal for seafood and special celebrations.\" \/>\n<meta property=\"og:url\" content=\"https:\/\/thewineplace.es\/en\/wine-shop\/jm-gobillard-et-fils-cuvee-prestige-rose-millesime\" \/>\n<meta property=\"og:site_name\" content=\"The Wine Place\" \/>\n<meta property=\"article:publisher\" content=\"https:\/\/www.facebook.com\/TheWinePlace\" \/>\n<meta property=\"article:modified_time\" content=\"2026-03-16T10:26:03+00:00\" \/>\n<meta property=\"og:image\" content=\"https:\/\/thewineplace.es\/wp-content\/uploads\/2025\/11\/jm-gobillard-fils-millesime-rose-brut-champagne.png\" \/>\n\t<meta property=\"og:image:width\" content=\"600\" \/>\n\t<meta property=\"og:image:height\" content=\"600\" \/>\n\t<meta property=\"og:image:type\" content=\"image\/png\" \/>\n<meta name=\"twitter:card\" content=\"summary_large_image\" \/>\n<meta name=\"twitter:site\" content=\"@MarkoneillES\" \/>\n<script type=\"application\/ld+json\" class=\"yoast-schema-graph\">{\"@context\":\"https:\\\/\\\/schema.org\",\"@graph\":[{\"@type\":\"WebPage\",\"@id\":\"https:\\\/\\\/thewineplace.es\\\/en\\\/wine-shop\\\/jm-gobillard-et-fils-cuvee-prestige-rose-millesime\",\"url\":\"https:\\\/\\\/thewineplace.es\\\/en\\\/wine-shop\\\/jm-gobillard-et-fils-cuvee-prestige-rose-millesime\",\"name\":\"JM. Gobillard & Fils Cuv\u00e9e Prestige Ros\u00e9 Mill\u00e9sim\u00e9 | Champa\u00f1a | Sparkling\",\"isPartOf\":{\"@id\":\"https:\\\/\\\/thewineplace.es\\\/en#website\"},\"primaryImageOfPage\":{\"@id\":\"https:\\\/\\\/thewineplace.es\\\/en\\\/wine-shop\\\/jm-gobillard-et-fils-cuvee-prestige-rose-millesime#primaryimage\"},\"image\":{\"@id\":\"https:\\\/\\\/thewineplace.es\\\/en\\\/wine-shop\\\/jm-gobillard-et-fils-cuvee-prestige-rose-millesime#primaryimage\"},\"thumbnailUrl\":\"https:\\\/\\\/thewineplace.es\\\/wp-content\\\/uploads\\\/2025\\\/11\\\/jm-gobillard-fils-millesime-rose-brut-champagne.png\",\"datePublished\":\"2025-11-10T16:26:42+00:00\",\"dateModified\":\"2026-03-16T10:26:03+00:00\",\"description\":\"Elegant, structured vintage Ros\u00e9 Champagne, ideal for seafood and special celebrations.\",\"breadcrumb\":{\"@id\":\"https:\\\/\\\/thewineplace.es\\\/en\\\/wine-shop\\\/jm-gobillard-et-fils-cuvee-prestige-rose-millesime#breadcrumb\"},\"inLanguage\":\"en-US\",\"potentialAction\":[{\"@type\":\"ReadAction\",\"target\":[\"https:\\\/\\\/thewineplace.es\\\/en\\\/wine-shop\\\/jm-gobillard-et-fils-cuvee-prestige-rose-millesime\"]}]},{\"@type\":\"ImageObject\",\"inLanguage\":\"en-US\",\"@id\":\"https:\\\/\\\/thewineplace.es\\\/en\\\/wine-shop\\\/jm-gobillard-et-fils-cuvee-prestige-rose-millesime#primaryimage\",\"url\":\"https:\\\/\\\/thewineplace.es\\\/wp-content\\\/uploads\\\/2025\\\/11\\\/jm-gobillard-fils-millesime-rose-brut-champagne.png\",\"contentUrl\":\"https:\\\/\\\/thewineplace.es\\\/wp-content\\\/uploads\\\/2025\\\/11\\\/jm-gobillard-fils-millesime-rose-brut-champagne.png\",\"width\":600,\"height\":600,\"caption\":\"J.M. Gobillard & Fils Mill\u00e9sime Ros\u00e9 Brut Champagne\"},{\"@type\":\"BreadcrumbList\",\"@id\":\"https:\\\/\\\/thewineplace.es\\\/en\\\/wine-shop\\\/jm-gobillard-et-fils-cuvee-prestige-rose-millesime#breadcrumb\",\"itemListElement\":[{\"@type\":\"ListItem\",\"position\":1,\"name\":\"Portada\",\"item\":\"https:\\\/\\\/thewineplace.es\\\/en\"},{\"@type\":\"ListItem\",\"position\":2,\"name\":\"Wine Shop\",\"item\":\"https:\\\/\\\/thewineplace.es\\\/en\\\/shop\"},{\"@type\":\"ListItem\",\"position\":3,\"name\":\"JM. Gobillard &#038; Fils Cuv\u00e9e Prestige Ros\u00e9 Mill\u00e9sim\u00e9\"}]},{\"@type\":\"WebSite\",\"@id\":\"https:\\\/\\\/thewineplace.es\\\/en#website\",\"url\":\"https:\\\/\\\/thewineplace.es\\\/en\",\"name\":\"The Wine Place\",\"description\":\"Tienda de vinos, cursos y catas de vino en Valencia\",\"publisher\":{\"@id\":\"https:\\\/\\\/thewineplace.es\\\/en#organization\"},\"alternateName\":\"Tienda de vinos de Valencia\",\"potentialAction\":[{\"@type\":\"SearchAction\",\"target\":{\"@type\":\"EntryPoint\",\"urlTemplate\":\"https:\\\/\\\/thewineplace.es\\\/en?s={search_term_string}\"},\"query-input\":{\"@type\":\"PropertyValueSpecification\",\"valueRequired\":true,\"valueName\":\"search_term_string\"}}],\"inLanguage\":\"en-US\"},{\"@type\":\"Organization\",\"@id\":\"https:\\\/\\\/thewineplace.es\\\/en#organization\",\"name\":\"The Wine Place\",\"alternateName\":\"Verde Marte S.L.U.\",\"url\":\"https:\\\/\\\/thewineplace.es\\\/en\",\"logo\":{\"@type\":\"ImageObject\",\"inLanguage\":\"en-US\",\"@id\":\"https:\\\/\\\/thewineplace.es\\\/en#\\\/schema\\\/logo\\\/image\\\/\",\"url\":\"https:\\\/\\\/thewineplace.es\\\/desarrollo\\\/wp-content\\\/uploads\\\/2025\\\/05\\\/favicon.png\",\"contentUrl\":\"https:\\\/\\\/thewineplace.es\\\/desarrollo\\\/wp-content\\\/uploads\\\/2025\\\/05\\\/favicon.png\",\"width\":250,\"height\":250,\"caption\":\"The Wine Place\"},\"image\":{\"@id\":\"https:\\\/\\\/thewineplace.es\\\/en#\\\/schema\\\/logo\\\/image\\\/\"},\"sameAs\":[\"https:\\\/\\\/www.facebook.com\\\/TheWinePlace\",\"https:\\\/\\\/x.com\\\/MarkoneillES\",\"https:\\\/\\\/www.instagram.com\\\/thewineplace\",\"https:\\\/\\\/www.linkedin.com\\\/company\\\/thewineplace-es\\\/\",\"https:\\\/\\\/www.youtube.com\\\/channel\\\/UCOzo67E6rQDwHmPAi8EiEdA\"]}]}<\/script>\n<!-- \/ Yoast SEO plugin. -->","yoast_head_json":{"title":"JM. Gobillard & Fils Cuv\u00e9e Prestige Ros\u00e9 Mill\u00e9sim\u00e9 | Champa\u00f1a | Sparkling","description":"Elegant, structured vintage Ros\u00e9 Champagne, ideal for seafood and special celebrations.","robots":{"index":"index","follow":"follow","max-snippet":"max-snippet:-1","max-image-preview":"max-image-preview:large","max-video-preview":"max-video-preview:-1"},"canonical":"https:\/\/thewineplace.es\/en\/wine-shop\/jm-gobillard-et-fils-cuvee-prestige-rose-millesime","og_locale":"en_US","og_type":"article","og_title":"JM. Gobillard & Fils Cuv\u00e9e Prestige Ros\u00e9 Mill\u00e9sim\u00e9 | Champa\u00f1a | Sparkling","og_description":"Elegant, structured vintage Ros\u00e9 Champagne, ideal for seafood and special celebrations.","og_url":"https:\/\/thewineplace.es\/en\/wine-shop\/jm-gobillard-et-fils-cuvee-prestige-rose-millesime","og_site_name":"The Wine Place","article_publisher":"https:\/\/www.facebook.com\/TheWinePlace","article_modified_time":"2026-03-16T10:26:03+00:00","og_image":[{"width":600,"height":600,"url":"https:\/\/thewineplace.es\/wp-content\/uploads\/2025\/11\/jm-gobillard-fils-millesime-rose-brut-champagne.png","type":"image\/png"}],"twitter_card":"summary_large_image","twitter_site":"@MarkoneillES","schema":{"@context":"https:\/\/schema.org","@graph":[{"@type":"WebPage","@id":"https:\/\/thewineplace.es\/en\/wine-shop\/jm-gobillard-et-fils-cuvee-prestige-rose-millesime","url":"https:\/\/thewineplace.es\/en\/wine-shop\/jm-gobillard-et-fils-cuvee-prestige-rose-millesime","name":"JM. Gobillard & Fils Cuv\u00e9e Prestige Ros\u00e9 Mill\u00e9sim\u00e9 | Champa\u00f1a | Sparkling","isPartOf":{"@id":"https:\/\/thewineplace.es\/en#website"},"primaryImageOfPage":{"@id":"https:\/\/thewineplace.es\/en\/wine-shop\/jm-gobillard-et-fils-cuvee-prestige-rose-millesime#primaryimage"},"image":{"@id":"https:\/\/thewineplace.es\/en\/wine-shop\/jm-gobillard-et-fils-cuvee-prestige-rose-millesime#primaryimage"},"thumbnailUrl":"https:\/\/thewineplace.es\/wp-content\/uploads\/2025\/11\/jm-gobillard-fils-millesime-rose-brut-champagne.png","datePublished":"2025-11-10T16:26:42+00:00","dateModified":"2026-03-16T10:26:03+00:00","description":"Elegant, structured vintage Ros\u00e9 Champagne, ideal for seafood and special celebrations.","breadcrumb":{"@id":"https:\/\/thewineplace.es\/en\/wine-shop\/jm-gobillard-et-fils-cuvee-prestige-rose-millesime#breadcrumb"},"inLanguage":"en-US","potentialAction":[{"@type":"ReadAction","target":["https:\/\/thewineplace.es\/en\/wine-shop\/jm-gobillard-et-fils-cuvee-prestige-rose-millesime"]}]},{"@type":"ImageObject","inLanguage":"en-US","@id":"https:\/\/thewineplace.es\/en\/wine-shop\/jm-gobillard-et-fils-cuvee-prestige-rose-millesime#primaryimage","url":"https:\/\/thewineplace.es\/wp-content\/uploads\/2025\/11\/jm-gobillard-fils-millesime-rose-brut-champagne.png","contentUrl":"https:\/\/thewineplace.es\/wp-content\/uploads\/2025\/11\/jm-gobillard-fils-millesime-rose-brut-champagne.png","width":600,"height":600,"caption":"J.M. Gobillard & Fils Mill\u00e9sime Ros\u00e9 Brut Champagne"},{"@type":"BreadcrumbList","@id":"https:\/\/thewineplace.es\/en\/wine-shop\/jm-gobillard-et-fils-cuvee-prestige-rose-millesime#breadcrumb","itemListElement":[{"@type":"ListItem","position":1,"name":"Portada","item":"https:\/\/thewineplace.es\/en"},{"@type":"ListItem","position":2,"name":"Wine Shop","item":"https:\/\/thewineplace.es\/en\/shop"},{"@type":"ListItem","position":3,"name":"JM. Gobillard &#038; Fils Cuv\u00e9e Prestige Ros\u00e9 Mill\u00e9sim\u00e9"}]},{"@type":"WebSite","@id":"https:\/\/thewineplace.es\/en#website","url":"https:\/\/thewineplace.es\/en","name":"The Wine Place","description":"Tienda de vinos, cursos y catas de vino en Valencia","publisher":{"@id":"https:\/\/thewineplace.es\/en#organization"},"alternateName":"Tienda de vinos de Valencia","potentialAction":[{"@type":"SearchAction","target":{"@type":"EntryPoint","urlTemplate":"https:\/\/thewineplace.es\/en?s={search_term_string}"},"query-input":{"@type":"PropertyValueSpecification","valueRequired":true,"valueName":"search_term_string"}}],"inLanguage":"en-US"},{"@type":"Organization","@id":"https:\/\/thewineplace.es\/en#organization","name":"The Wine Place","alternateName":"Verde Marte S.L.U.","url":"https:\/\/thewineplace.es\/en","logo":{"@type":"ImageObject","inLanguage":"en-US","@id":"https:\/\/thewineplace.es\/en#\/schema\/logo\/image\/","url":"https:\/\/thewineplace.es\/desarrollo\/wp-content\/uploads\/2025\/05\/favicon.png","contentUrl":"https:\/\/thewineplace.es\/desarrollo\/wp-content\/uploads\/2025\/05\/favicon.png","width":250,"height":250,"caption":"The Wine Place"},"image":{"@id":"https:\/\/thewineplace.es\/en#\/schema\/logo\/image\/"},"sameAs":["https:\/\/www.facebook.com\/TheWinePlace","https:\/\/x.com\/MarkoneillES","https:\/\/www.instagram.com\/thewineplace","https:\/\/www.linkedin.com\/company\/thewineplace-es\/","https:\/\/www.youtube.com\/channel\/UCOzo67E6rQDwHmPAi8EiEdA"]}]}},"_links":{"self":[{"href":"https:\/\/thewineplace.es\/en\/wp-json\/wp\/v2\/product\/22367","targetHints":{"allow":["GET"]}}],"collection":[{"href":"https:\/\/thewineplace.es\/en\/wp-json\/wp\/v2\/product"}],"about":[{"href":"https:\/\/thewineplace.es\/en\/wp-json\/wp\/v2\/types\/product"}],"wp:featuredmedia":[{"embeddable":true,"href":"https:\/\/thewineplace.es\/en\/wp-json\/wp\/v2\/media\/21689"}],"wp:attachment":[{"href":"https:\/\/thewineplace.es\/en\/wp-json\/wp\/v2\/media?parent=22367"}],"wp:term":[{"taxonomy":"product_brand","embeddable":true,"href":"https:\/\/thewineplace.es\/en\/wp-json\/wp\/v2\/product_brand?post=22367"},{"taxonomy":"product_cat","embeddable":true,"href":"https:\/\/thewineplace.es\/en\/wp-json\/wp\/v2\/product_cat?post=22367"},{"taxonomy":"product_tag","embeddable":true,"href":"https:\/\/thewineplace.es\/en\/wp-json\/wp\/v2\/product_tag?post=22367"}],"curies":[{"name":"wp","href":"https:\/\/api.w.org\/{rel}","templated":true}]}}