{"id":22362,"date":"2025-11-10T17:25:13","date_gmt":"2025-11-10T16:25:13","guid":{"rendered":"https:\/\/thewineplace.es\/desarrollo?post_type=product&#038;p=22362"},"modified":"2026-03-16T11:26:06","modified_gmt":"2026-03-16T10:26:06","slug":"jm-gobillard-et-fils-brut-rose","status":"publish","type":"product","link":"https:\/\/thewineplace.es\/en\/wine-shop\/jm-gobillard-et-fils-brut-rose","title":{"rendered":"JM. Gobillard &#038; Fils Brut Ros\u00e9"},"content":{"rendered":"<p>JM. Gobillard &#038; Fils Brut Ros\u00e9 is a sparkling wine made in the Champagne region, France, by J.M. Gobillard &#038; Fils. It is produced using the traditional method from grapes grown on the area\u2019s characteristic limestone soils. Made from Chardonnay, Pinot Noir and Pinot Meunier, it shows aromas of fresh red berries, strawberries and delicate floral notes with brioche nuances on the nose. On the palate it is fresh and elegant, with fine bubbles, good acidity and a balanced, persistent finish. A refined, versatile ros\u00e9 Champagne.<\/p>\n","protected":false},"excerpt":{"rendered":"<p>Elegant, fresh Brut Ros\u00e9 Champagne with fine bubbles and a fruity profile.<\/p>\n","protected":false},"featured_media":21631,"template":"","meta":{"_acf_changed":false,"_joinchat":[]},"product_brand":[],"product_cat":[689],"product_tag":[],"class_list":{"0":"post-22362","1":"product","2":"type-product","3":"status-publish","4":"has-post-thumbnail","6":"product_cat-wine","7":"pa_country-france","8":"pa_main-grape-chardonnay-en","9":"pa_main-grape-pinot-meunier-en","10":"pa_main-grape-pinot-noir-en","11":"pa_type-wine-sparkling","13":"first","14":"instock","15":"taxable","16":"shipping-taxable","17":"purchasable","18":"product-type-simple"},"acf":[],"yoast_head":"<!-- This site is optimized with the Yoast SEO plugin v27.3 - https:\/\/yoast.com\/product\/yoast-seo-wordpress\/ -->\n<title>JM. Gobillard &amp; Fils Brut Ros\u00e9 | Champa\u00f1a | Sparkling<\/title>\n<meta name=\"description\" content=\"Fresh, elegant Brut Ros\u00e9 Champagne, ideal for seafood and appetisers.\" \/>\n<meta name=\"robots\" content=\"index, follow, max-snippet:-1, max-image-preview:large, max-video-preview:-1\" \/>\n<link rel=\"canonical\" href=\"https:\/\/thewineplace.es\/en\/wine-shop\/jm-gobillard-et-fils-brut-rose\" \/>\n<meta property=\"og:locale\" content=\"en_US\" \/>\n<meta property=\"og:type\" content=\"article\" \/>\n<meta property=\"og:title\" content=\"JM. Gobillard &amp; Fils Brut Ros\u00e9 | Champa\u00f1a | Sparkling\" \/>\n<meta property=\"og:description\" content=\"Fresh, elegant Brut Ros\u00e9 Champagne, ideal for seafood and appetisers.\" \/>\n<meta property=\"og:url\" content=\"https:\/\/thewineplace.es\/en\/wine-shop\/jm-gobillard-et-fils-brut-rose\" \/>\n<meta property=\"og:site_name\" content=\"The Wine Place\" \/>\n<meta property=\"article:publisher\" content=\"https:\/\/www.facebook.com\/TheWinePlace\" \/>\n<meta property=\"article:modified_time\" content=\"2026-03-16T10:26:06+00:00\" \/>\n<meta property=\"og:image\" content=\"https:\/\/thewineplace.es\/wp-content\/uploads\/2025\/11\/jm-gobillard-fils-brut-rose.png\" \/>\n\t<meta property=\"og:image:width\" content=\"800\" \/>\n\t<meta property=\"og:image:height\" content=\"800\" \/>\n\t<meta property=\"og:image:type\" content=\"image\/png\" \/>\n<meta name=\"twitter:card\" content=\"summary_large_image\" \/>\n<meta name=\"twitter:site\" content=\"@MarkoneillES\" \/>\n<script type=\"application\/ld+json\" class=\"yoast-schema-graph\">{\"@context\":\"https:\\\/\\\/schema.org\",\"@graph\":[{\"@type\":\"WebPage\",\"@id\":\"https:\\\/\\\/thewineplace.es\\\/en\\\/wine-shop\\\/jm-gobillard-et-fils-brut-rose\",\"url\":\"https:\\\/\\\/thewineplace.es\\\/en\\\/wine-shop\\\/jm-gobillard-et-fils-brut-rose\",\"name\":\"JM. Gobillard & Fils Brut Ros\u00e9 | Champa\u00f1a | Sparkling\",\"isPartOf\":{\"@id\":\"https:\\\/\\\/thewineplace.es\\\/en#website\"},\"primaryImageOfPage\":{\"@id\":\"https:\\\/\\\/thewineplace.es\\\/en\\\/wine-shop\\\/jm-gobillard-et-fils-brut-rose#primaryimage\"},\"image\":{\"@id\":\"https:\\\/\\\/thewineplace.es\\\/en\\\/wine-shop\\\/jm-gobillard-et-fils-brut-rose#primaryimage\"},\"thumbnailUrl\":\"https:\\\/\\\/thewineplace.es\\\/wp-content\\\/uploads\\\/2025\\\/11\\\/jm-gobillard-fils-brut-rose.png\",\"datePublished\":\"2025-11-10T16:25:13+00:00\",\"dateModified\":\"2026-03-16T10:26:06+00:00\",\"description\":\"Fresh, elegant Brut Ros\u00e9 Champagne, ideal for seafood and appetisers.\",\"breadcrumb\":{\"@id\":\"https:\\\/\\\/thewineplace.es\\\/en\\\/wine-shop\\\/jm-gobillard-et-fils-brut-rose#breadcrumb\"},\"inLanguage\":\"en-US\",\"potentialAction\":[{\"@type\":\"ReadAction\",\"target\":[\"https:\\\/\\\/thewineplace.es\\\/en\\\/wine-shop\\\/jm-gobillard-et-fils-brut-rose\"]}]},{\"@type\":\"ImageObject\",\"inLanguage\":\"en-US\",\"@id\":\"https:\\\/\\\/thewineplace.es\\\/en\\\/wine-shop\\\/jm-gobillard-et-fils-brut-rose#primaryimage\",\"url\":\"https:\\\/\\\/thewineplace.es\\\/wp-content\\\/uploads\\\/2025\\\/11\\\/jm-gobillard-fils-brut-rose.png\",\"contentUrl\":\"https:\\\/\\\/thewineplace.es\\\/wp-content\\\/uploads\\\/2025\\\/11\\\/jm-gobillard-fils-brut-rose.png\",\"width\":800,\"height\":800,\"caption\":\"J.M. Gobillard & Fils Brut Ros\u00e9 Champagne\"},{\"@type\":\"BreadcrumbList\",\"@id\":\"https:\\\/\\\/thewineplace.es\\\/en\\\/wine-shop\\\/jm-gobillard-et-fils-brut-rose#breadcrumb\",\"itemListElement\":[{\"@type\":\"ListItem\",\"position\":1,\"name\":\"Portada\",\"item\":\"https:\\\/\\\/thewineplace.es\\\/en\"},{\"@type\":\"ListItem\",\"position\":2,\"name\":\"Wine Shop\",\"item\":\"https:\\\/\\\/thewineplace.es\\\/en\\\/shop\"},{\"@type\":\"ListItem\",\"position\":3,\"name\":\"JM. Gobillard &#038; Fils Brut Ros\u00e9\"}]},{\"@type\":\"WebSite\",\"@id\":\"https:\\\/\\\/thewineplace.es\\\/en#website\",\"url\":\"https:\\\/\\\/thewineplace.es\\\/en\",\"name\":\"The Wine Place\",\"description\":\"Tienda de vinos, cursos y catas de vino en Valencia\",\"publisher\":{\"@id\":\"https:\\\/\\\/thewineplace.es\\\/en#organization\"},\"alternateName\":\"Tienda de vinos de Valencia\",\"potentialAction\":[{\"@type\":\"SearchAction\",\"target\":{\"@type\":\"EntryPoint\",\"urlTemplate\":\"https:\\\/\\\/thewineplace.es\\\/en?s={search_term_string}\"},\"query-input\":{\"@type\":\"PropertyValueSpecification\",\"valueRequired\":true,\"valueName\":\"search_term_string\"}}],\"inLanguage\":\"en-US\"},{\"@type\":\"Organization\",\"@id\":\"https:\\\/\\\/thewineplace.es\\\/en#organization\",\"name\":\"The Wine Place\",\"alternateName\":\"Verde Marte S.L.U.\",\"url\":\"https:\\\/\\\/thewineplace.es\\\/en\",\"logo\":{\"@type\":\"ImageObject\",\"inLanguage\":\"en-US\",\"@id\":\"https:\\\/\\\/thewineplace.es\\\/en#\\\/schema\\\/logo\\\/image\\\/\",\"url\":\"https:\\\/\\\/thewineplace.es\\\/desarrollo\\\/wp-content\\\/uploads\\\/2025\\\/05\\\/favicon.png\",\"contentUrl\":\"https:\\\/\\\/thewineplace.es\\\/desarrollo\\\/wp-content\\\/uploads\\\/2025\\\/05\\\/favicon.png\",\"width\":250,\"height\":250,\"caption\":\"The Wine Place\"},\"image\":{\"@id\":\"https:\\\/\\\/thewineplace.es\\\/en#\\\/schema\\\/logo\\\/image\\\/\"},\"sameAs\":[\"https:\\\/\\\/www.facebook.com\\\/TheWinePlace\",\"https:\\\/\\\/x.com\\\/MarkoneillES\",\"https:\\\/\\\/www.instagram.com\\\/thewineplace\",\"https:\\\/\\\/www.linkedin.com\\\/company\\\/thewineplace-es\\\/\",\"https:\\\/\\\/www.youtube.com\\\/channel\\\/UCOzo67E6rQDwHmPAi8EiEdA\"]}]}<\/script>\n<!-- \/ Yoast SEO plugin. -->","yoast_head_json":{"title":"JM. Gobillard & Fils Brut Ros\u00e9 | Champa\u00f1a | Sparkling","description":"Fresh, elegant Brut Ros\u00e9 Champagne, ideal for seafood and appetisers.","robots":{"index":"index","follow":"follow","max-snippet":"max-snippet:-1","max-image-preview":"max-image-preview:large","max-video-preview":"max-video-preview:-1"},"canonical":"https:\/\/thewineplace.es\/en\/wine-shop\/jm-gobillard-et-fils-brut-rose","og_locale":"en_US","og_type":"article","og_title":"JM. Gobillard & Fils Brut Ros\u00e9 | Champa\u00f1a | Sparkling","og_description":"Fresh, elegant Brut Ros\u00e9 Champagne, ideal for seafood and appetisers.","og_url":"https:\/\/thewineplace.es\/en\/wine-shop\/jm-gobillard-et-fils-brut-rose","og_site_name":"The Wine Place","article_publisher":"https:\/\/www.facebook.com\/TheWinePlace","article_modified_time":"2026-03-16T10:26:06+00:00","og_image":[{"width":800,"height":800,"url":"https:\/\/thewineplace.es\/wp-content\/uploads\/2025\/11\/jm-gobillard-fils-brut-rose.png","type":"image\/png"}],"twitter_card":"summary_large_image","twitter_site":"@MarkoneillES","schema":{"@context":"https:\/\/schema.org","@graph":[{"@type":"WebPage","@id":"https:\/\/thewineplace.es\/en\/wine-shop\/jm-gobillard-et-fils-brut-rose","url":"https:\/\/thewineplace.es\/en\/wine-shop\/jm-gobillard-et-fils-brut-rose","name":"JM. Gobillard & Fils Brut Ros\u00e9 | Champa\u00f1a | Sparkling","isPartOf":{"@id":"https:\/\/thewineplace.es\/en#website"},"primaryImageOfPage":{"@id":"https:\/\/thewineplace.es\/en\/wine-shop\/jm-gobillard-et-fils-brut-rose#primaryimage"},"image":{"@id":"https:\/\/thewineplace.es\/en\/wine-shop\/jm-gobillard-et-fils-brut-rose#primaryimage"},"thumbnailUrl":"https:\/\/thewineplace.es\/wp-content\/uploads\/2025\/11\/jm-gobillard-fils-brut-rose.png","datePublished":"2025-11-10T16:25:13+00:00","dateModified":"2026-03-16T10:26:06+00:00","description":"Fresh, elegant Brut Ros\u00e9 Champagne, ideal for seafood and appetisers.","breadcrumb":{"@id":"https:\/\/thewineplace.es\/en\/wine-shop\/jm-gobillard-et-fils-brut-rose#breadcrumb"},"inLanguage":"en-US","potentialAction":[{"@type":"ReadAction","target":["https:\/\/thewineplace.es\/en\/wine-shop\/jm-gobillard-et-fils-brut-rose"]}]},{"@type":"ImageObject","inLanguage":"en-US","@id":"https:\/\/thewineplace.es\/en\/wine-shop\/jm-gobillard-et-fils-brut-rose#primaryimage","url":"https:\/\/thewineplace.es\/wp-content\/uploads\/2025\/11\/jm-gobillard-fils-brut-rose.png","contentUrl":"https:\/\/thewineplace.es\/wp-content\/uploads\/2025\/11\/jm-gobillard-fils-brut-rose.png","width":800,"height":800,"caption":"J.M. Gobillard & Fils Brut Ros\u00e9 Champagne"},{"@type":"BreadcrumbList","@id":"https:\/\/thewineplace.es\/en\/wine-shop\/jm-gobillard-et-fils-brut-rose#breadcrumb","itemListElement":[{"@type":"ListItem","position":1,"name":"Portada","item":"https:\/\/thewineplace.es\/en"},{"@type":"ListItem","position":2,"name":"Wine Shop","item":"https:\/\/thewineplace.es\/en\/shop"},{"@type":"ListItem","position":3,"name":"JM. Gobillard &#038; Fils Brut Ros\u00e9"}]},{"@type":"WebSite","@id":"https:\/\/thewineplace.es\/en#website","url":"https:\/\/thewineplace.es\/en","name":"The Wine Place","description":"Tienda de vinos, cursos y catas de vino en Valencia","publisher":{"@id":"https:\/\/thewineplace.es\/en#organization"},"alternateName":"Tienda de vinos de Valencia","potentialAction":[{"@type":"SearchAction","target":{"@type":"EntryPoint","urlTemplate":"https:\/\/thewineplace.es\/en?s={search_term_string}"},"query-input":{"@type":"PropertyValueSpecification","valueRequired":true,"valueName":"search_term_string"}}],"inLanguage":"en-US"},{"@type":"Organization","@id":"https:\/\/thewineplace.es\/en#organization","name":"The Wine Place","alternateName":"Verde Marte S.L.U.","url":"https:\/\/thewineplace.es\/en","logo":{"@type":"ImageObject","inLanguage":"en-US","@id":"https:\/\/thewineplace.es\/en#\/schema\/logo\/image\/","url":"https:\/\/thewineplace.es\/desarrollo\/wp-content\/uploads\/2025\/05\/favicon.png","contentUrl":"https:\/\/thewineplace.es\/desarrollo\/wp-content\/uploads\/2025\/05\/favicon.png","width":250,"height":250,"caption":"The Wine Place"},"image":{"@id":"https:\/\/thewineplace.es\/en#\/schema\/logo\/image\/"},"sameAs":["https:\/\/www.facebook.com\/TheWinePlace","https:\/\/x.com\/MarkoneillES","https:\/\/www.instagram.com\/thewineplace","https:\/\/www.linkedin.com\/company\/thewineplace-es\/","https:\/\/www.youtube.com\/channel\/UCOzo67E6rQDwHmPAi8EiEdA"]}]}},"_links":{"self":[{"href":"https:\/\/thewineplace.es\/en\/wp-json\/wp\/v2\/product\/22362","targetHints":{"allow":["GET"]}}],"collection":[{"href":"https:\/\/thewineplace.es\/en\/wp-json\/wp\/v2\/product"}],"about":[{"href":"https:\/\/thewineplace.es\/en\/wp-json\/wp\/v2\/types\/product"}],"wp:featuredmedia":[{"embeddable":true,"href":"https:\/\/thewineplace.es\/en\/wp-json\/wp\/v2\/media\/21631"}],"wp:attachment":[{"href":"https:\/\/thewineplace.es\/en\/wp-json\/wp\/v2\/media?parent=22362"}],"wp:term":[{"taxonomy":"product_brand","embeddable":true,"href":"https:\/\/thewineplace.es\/en\/wp-json\/wp\/v2\/product_brand?post=22362"},{"taxonomy":"product_cat","embeddable":true,"href":"https:\/\/thewineplace.es\/en\/wp-json\/wp\/v2\/product_cat?post=22362"},{"taxonomy":"product_tag","embeddable":true,"href":"https:\/\/thewineplace.es\/en\/wp-json\/wp\/v2\/product_tag?post=22362"}],"curies":[{"name":"wp","href":"https:\/\/api.w.org\/{rel}","templated":true}]}}