{"id":22338,"date":"2024-03-27T11:44:18","date_gmt":"2024-03-27T10:44:18","guid":{"rendered":"https:\/\/thewineplace.es\/desarrollo?post_type=product&#038;p=22338"},"modified":"2026-03-16T11:26:17","modified_gmt":"2026-03-16T10:26:17","slug":"maison-boutinot-cuvee-edalise-rose","status":"publish","type":"product","link":"https:\/\/thewineplace.es\/en\/wine-shop\/maison-boutinot-cuvee-edalise-rose","title":{"rendered":"Maison Boutinot Cuv\u00e9e Edalise Ros\u00e9"},"content":{"rendered":"<p>Maison Boutinot Cuv\u00e9e Edalise Ros\u00e9 is a ros\u00e9 wine from Provence, France, made by Maison Boutinot. It comes from Mediterranean vineyards grown in a warm, sunny climate that favours balanced ripening. Made from traditional Proven\u00e7al varieties, it shows aromas of fresh strawberries, raspberry and delicate floral notes. On the palate it is fresh, light and harmonious, with good acidity and a clean, elegant finish. A classic Provence ros\u00e9\u2014delicate and versatile\u2014ideal for any occasion.<\/p>\n","protected":false},"excerpt":{"rendered":"<p>Fresh, elegant Provence ros\u00e9 with a fruity profile and Mediterranean character.<\/p>\n","protected":false},"featured_media":17326,"template":"","meta":{"_acf_changed":false,"_joinchat":[]},"product_brand":[],"product_cat":[689],"product_tag":[],"class_list":{"0":"post-22338","1":"product","2":"type-product","3":"status-publish","4":"has-post-thumbnail","6":"product_cat-wine","7":"pa_country-france","8":"pa_main-grape-cinsault-en","9":"pa_main-grape-grenache-en","10":"pa_main-grape-syrah-en","11":"pa_type-wine-rose","13":"first","14":"instock","15":"taxable","16":"shipping-taxable","17":"purchasable","18":"product-type-simple"},"acf":[],"yoast_head":"<!-- This site is optimized with the Yoast SEO plugin v27.3 - https:\/\/yoast.com\/product\/yoast-seo-wordpress\/ -->\n<title>Maison Boutinot Cuv\u00e9e Edalise Ros\u00e9 | Provenza | Rosado<\/title>\n<meta name=\"description\" content=\"Fresh, elegant Provence ros\u00e9, ideal for Mediterranean cuisine and informal moments.\" \/>\n<meta name=\"robots\" content=\"index, follow, max-snippet:-1, max-image-preview:large, max-video-preview:-1\" \/>\n<link rel=\"canonical\" href=\"https:\/\/thewineplace.es\/en\/wine-shop\/maison-boutinot-cuvee-edalise-rose\" \/>\n<meta property=\"og:locale\" content=\"en_US\" \/>\n<meta property=\"og:type\" content=\"article\" \/>\n<meta property=\"og:title\" content=\"Maison Boutinot Cuv\u00e9e Edalise Ros\u00e9 | Provenza | Rosado\" \/>\n<meta property=\"og:description\" content=\"Fresh, elegant Provence ros\u00e9, ideal for Mediterranean cuisine and informal moments.\" \/>\n<meta property=\"og:url\" content=\"https:\/\/thewineplace.es\/en\/wine-shop\/maison-boutinot-cuvee-edalise-rose\" \/>\n<meta property=\"og:site_name\" content=\"The Wine Place\" \/>\n<meta property=\"article:publisher\" content=\"https:\/\/www.facebook.com\/TheWinePlace\" \/>\n<meta property=\"article:modified_time\" content=\"2026-03-16T10:26:17+00:00\" \/>\n<meta property=\"og:image\" content=\"https:\/\/thewineplace.es\/wp-content\/uploads\/2025\/06\/3-3.jpg\" \/>\n\t<meta property=\"og:image:width\" content=\"800\" \/>\n\t<meta property=\"og:image:height\" content=\"800\" \/>\n\t<meta property=\"og:image:type\" content=\"image\/jpeg\" \/>\n<meta name=\"twitter:card\" content=\"summary_large_image\" \/>\n<meta name=\"twitter:site\" content=\"@MarkoneillES\" \/>\n<script type=\"application\/ld+json\" class=\"yoast-schema-graph\">{\"@context\":\"https:\\\/\\\/schema.org\",\"@graph\":[{\"@type\":\"WebPage\",\"@id\":\"https:\\\/\\\/thewineplace.es\\\/en\\\/wine-shop\\\/maison-boutinot-cuvee-edalise-rose\",\"url\":\"https:\\\/\\\/thewineplace.es\\\/en\\\/wine-shop\\\/maison-boutinot-cuvee-edalise-rose\",\"name\":\"Maison Boutinot Cuv\u00e9e Edalise Ros\u00e9 | Provenza | Rosado\",\"isPartOf\":{\"@id\":\"https:\\\/\\\/thewineplace.es\\\/en#website\"},\"primaryImageOfPage\":{\"@id\":\"https:\\\/\\\/thewineplace.es\\\/en\\\/wine-shop\\\/maison-boutinot-cuvee-edalise-rose#primaryimage\"},\"image\":{\"@id\":\"https:\\\/\\\/thewineplace.es\\\/en\\\/wine-shop\\\/maison-boutinot-cuvee-edalise-rose#primaryimage\"},\"thumbnailUrl\":\"https:\\\/\\\/thewineplace.es\\\/wp-content\\\/uploads\\\/2025\\\/06\\\/3-3.jpg\",\"datePublished\":\"2024-03-27T10:44:18+00:00\",\"dateModified\":\"2026-03-16T10:26:17+00:00\",\"description\":\"Fresh, elegant Provence ros\u00e9, ideal for Mediterranean cuisine and informal moments.\",\"breadcrumb\":{\"@id\":\"https:\\\/\\\/thewineplace.es\\\/en\\\/wine-shop\\\/maison-boutinot-cuvee-edalise-rose#breadcrumb\"},\"inLanguage\":\"en-US\",\"potentialAction\":[{\"@type\":\"ReadAction\",\"target\":[\"https:\\\/\\\/thewineplace.es\\\/en\\\/wine-shop\\\/maison-boutinot-cuvee-edalise-rose\"]}]},{\"@type\":\"ImageObject\",\"inLanguage\":\"en-US\",\"@id\":\"https:\\\/\\\/thewineplace.es\\\/en\\\/wine-shop\\\/maison-boutinot-cuvee-edalise-rose#primaryimage\",\"url\":\"https:\\\/\\\/thewineplace.es\\\/wp-content\\\/uploads\\\/2025\\\/06\\\/3-3.jpg\",\"contentUrl\":\"https:\\\/\\\/thewineplace.es\\\/wp-content\\\/uploads\\\/2025\\\/06\\\/3-3.jpg\",\"width\":800,\"height\":800,\"caption\":\"Vino franc\u00e9s Cuv\u00e9e Edalise Ros\u00e9\"},{\"@type\":\"BreadcrumbList\",\"@id\":\"https:\\\/\\\/thewineplace.es\\\/en\\\/wine-shop\\\/maison-boutinot-cuvee-edalise-rose#breadcrumb\",\"itemListElement\":[{\"@type\":\"ListItem\",\"position\":1,\"name\":\"Portada\",\"item\":\"https:\\\/\\\/thewineplace.es\\\/en\"},{\"@type\":\"ListItem\",\"position\":2,\"name\":\"Wine Shop\",\"item\":\"https:\\\/\\\/thewineplace.es\\\/en\\\/shop\"},{\"@type\":\"ListItem\",\"position\":3,\"name\":\"Maison Boutinot Cuv\u00e9e Edalise Ros\u00e9\"}]},{\"@type\":\"WebSite\",\"@id\":\"https:\\\/\\\/thewineplace.es\\\/en#website\",\"url\":\"https:\\\/\\\/thewineplace.es\\\/en\",\"name\":\"The Wine Place\",\"description\":\"Tienda de vinos, cursos y catas de vino en Valencia\",\"publisher\":{\"@id\":\"https:\\\/\\\/thewineplace.es\\\/en#organization\"},\"alternateName\":\"Tienda de vinos de Valencia\",\"potentialAction\":[{\"@type\":\"SearchAction\",\"target\":{\"@type\":\"EntryPoint\",\"urlTemplate\":\"https:\\\/\\\/thewineplace.es\\\/en?s={search_term_string}\"},\"query-input\":{\"@type\":\"PropertyValueSpecification\",\"valueRequired\":true,\"valueName\":\"search_term_string\"}}],\"inLanguage\":\"en-US\"},{\"@type\":\"Organization\",\"@id\":\"https:\\\/\\\/thewineplace.es\\\/en#organization\",\"name\":\"The Wine Place\",\"alternateName\":\"Verde Marte S.L.U.\",\"url\":\"https:\\\/\\\/thewineplace.es\\\/en\",\"logo\":{\"@type\":\"ImageObject\",\"inLanguage\":\"en-US\",\"@id\":\"https:\\\/\\\/thewineplace.es\\\/en#\\\/schema\\\/logo\\\/image\\\/\",\"url\":\"https:\\\/\\\/thewineplace.es\\\/desarrollo\\\/wp-content\\\/uploads\\\/2025\\\/05\\\/favicon.png\",\"contentUrl\":\"https:\\\/\\\/thewineplace.es\\\/desarrollo\\\/wp-content\\\/uploads\\\/2025\\\/05\\\/favicon.png\",\"width\":250,\"height\":250,\"caption\":\"The Wine Place\"},\"image\":{\"@id\":\"https:\\\/\\\/thewineplace.es\\\/en#\\\/schema\\\/logo\\\/image\\\/\"},\"sameAs\":[\"https:\\\/\\\/www.facebook.com\\\/TheWinePlace\",\"https:\\\/\\\/x.com\\\/MarkoneillES\",\"https:\\\/\\\/www.instagram.com\\\/thewineplace\",\"https:\\\/\\\/www.linkedin.com\\\/company\\\/thewineplace-es\\\/\",\"https:\\\/\\\/www.youtube.com\\\/channel\\\/UCOzo67E6rQDwHmPAi8EiEdA\"]}]}<\/script>\n<!-- \/ Yoast SEO plugin. -->","yoast_head_json":{"title":"Maison Boutinot Cuv\u00e9e Edalise Ros\u00e9 | Provenza | Rosado","description":"Fresh, elegant Provence ros\u00e9, ideal for Mediterranean cuisine and informal moments.","robots":{"index":"index","follow":"follow","max-snippet":"max-snippet:-1","max-image-preview":"max-image-preview:large","max-video-preview":"max-video-preview:-1"},"canonical":"https:\/\/thewineplace.es\/en\/wine-shop\/maison-boutinot-cuvee-edalise-rose","og_locale":"en_US","og_type":"article","og_title":"Maison Boutinot Cuv\u00e9e Edalise Ros\u00e9 | Provenza | Rosado","og_description":"Fresh, elegant Provence ros\u00e9, ideal for Mediterranean cuisine and informal moments.","og_url":"https:\/\/thewineplace.es\/en\/wine-shop\/maison-boutinot-cuvee-edalise-rose","og_site_name":"The Wine Place","article_publisher":"https:\/\/www.facebook.com\/TheWinePlace","article_modified_time":"2026-03-16T10:26:17+00:00","og_image":[{"width":800,"height":800,"url":"https:\/\/thewineplace.es\/wp-content\/uploads\/2025\/06\/3-3.jpg","type":"image\/jpeg"}],"twitter_card":"summary_large_image","twitter_site":"@MarkoneillES","schema":{"@context":"https:\/\/schema.org","@graph":[{"@type":"WebPage","@id":"https:\/\/thewineplace.es\/en\/wine-shop\/maison-boutinot-cuvee-edalise-rose","url":"https:\/\/thewineplace.es\/en\/wine-shop\/maison-boutinot-cuvee-edalise-rose","name":"Maison Boutinot Cuv\u00e9e Edalise Ros\u00e9 | Provenza | Rosado","isPartOf":{"@id":"https:\/\/thewineplace.es\/en#website"},"primaryImageOfPage":{"@id":"https:\/\/thewineplace.es\/en\/wine-shop\/maison-boutinot-cuvee-edalise-rose#primaryimage"},"image":{"@id":"https:\/\/thewineplace.es\/en\/wine-shop\/maison-boutinot-cuvee-edalise-rose#primaryimage"},"thumbnailUrl":"https:\/\/thewineplace.es\/wp-content\/uploads\/2025\/06\/3-3.jpg","datePublished":"2024-03-27T10:44:18+00:00","dateModified":"2026-03-16T10:26:17+00:00","description":"Fresh, elegant Provence ros\u00e9, ideal for Mediterranean cuisine and informal moments.","breadcrumb":{"@id":"https:\/\/thewineplace.es\/en\/wine-shop\/maison-boutinot-cuvee-edalise-rose#breadcrumb"},"inLanguage":"en-US","potentialAction":[{"@type":"ReadAction","target":["https:\/\/thewineplace.es\/en\/wine-shop\/maison-boutinot-cuvee-edalise-rose"]}]},{"@type":"ImageObject","inLanguage":"en-US","@id":"https:\/\/thewineplace.es\/en\/wine-shop\/maison-boutinot-cuvee-edalise-rose#primaryimage","url":"https:\/\/thewineplace.es\/wp-content\/uploads\/2025\/06\/3-3.jpg","contentUrl":"https:\/\/thewineplace.es\/wp-content\/uploads\/2025\/06\/3-3.jpg","width":800,"height":800,"caption":"Vino franc\u00e9s Cuv\u00e9e Edalise Ros\u00e9"},{"@type":"BreadcrumbList","@id":"https:\/\/thewineplace.es\/en\/wine-shop\/maison-boutinot-cuvee-edalise-rose#breadcrumb","itemListElement":[{"@type":"ListItem","position":1,"name":"Portada","item":"https:\/\/thewineplace.es\/en"},{"@type":"ListItem","position":2,"name":"Wine Shop","item":"https:\/\/thewineplace.es\/en\/shop"},{"@type":"ListItem","position":3,"name":"Maison Boutinot Cuv\u00e9e Edalise Ros\u00e9"}]},{"@type":"WebSite","@id":"https:\/\/thewineplace.es\/en#website","url":"https:\/\/thewineplace.es\/en","name":"The Wine Place","description":"Tienda de vinos, cursos y catas de vino en Valencia","publisher":{"@id":"https:\/\/thewineplace.es\/en#organization"},"alternateName":"Tienda de vinos de Valencia","potentialAction":[{"@type":"SearchAction","target":{"@type":"EntryPoint","urlTemplate":"https:\/\/thewineplace.es\/en?s={search_term_string}"},"query-input":{"@type":"PropertyValueSpecification","valueRequired":true,"valueName":"search_term_string"}}],"inLanguage":"en-US"},{"@type":"Organization","@id":"https:\/\/thewineplace.es\/en#organization","name":"The Wine Place","alternateName":"Verde Marte S.L.U.","url":"https:\/\/thewineplace.es\/en","logo":{"@type":"ImageObject","inLanguage":"en-US","@id":"https:\/\/thewineplace.es\/en#\/schema\/logo\/image\/","url":"https:\/\/thewineplace.es\/desarrollo\/wp-content\/uploads\/2025\/05\/favicon.png","contentUrl":"https:\/\/thewineplace.es\/desarrollo\/wp-content\/uploads\/2025\/05\/favicon.png","width":250,"height":250,"caption":"The Wine Place"},"image":{"@id":"https:\/\/thewineplace.es\/en#\/schema\/logo\/image\/"},"sameAs":["https:\/\/www.facebook.com\/TheWinePlace","https:\/\/x.com\/MarkoneillES","https:\/\/www.instagram.com\/thewineplace","https:\/\/www.linkedin.com\/company\/thewineplace-es\/","https:\/\/www.youtube.com\/channel\/UCOzo67E6rQDwHmPAi8EiEdA"]}]}},"_links":{"self":[{"href":"https:\/\/thewineplace.es\/en\/wp-json\/wp\/v2\/product\/22338","targetHints":{"allow":["GET"]}}],"collection":[{"href":"https:\/\/thewineplace.es\/en\/wp-json\/wp\/v2\/product"}],"about":[{"href":"https:\/\/thewineplace.es\/en\/wp-json\/wp\/v2\/types\/product"}],"wp:featuredmedia":[{"embeddable":true,"href":"https:\/\/thewineplace.es\/en\/wp-json\/wp\/v2\/media\/17326"}],"wp:attachment":[{"href":"https:\/\/thewineplace.es\/en\/wp-json\/wp\/v2\/media?parent=22338"}],"wp:term":[{"taxonomy":"product_brand","embeddable":true,"href":"https:\/\/thewineplace.es\/en\/wp-json\/wp\/v2\/product_brand?post=22338"},{"taxonomy":"product_cat","embeddable":true,"href":"https:\/\/thewineplace.es\/en\/wp-json\/wp\/v2\/product_cat?post=22338"},{"taxonomy":"product_tag","embeddable":true,"href":"https:\/\/thewineplace.es\/en\/wp-json\/wp\/v2\/product_tag?post=22338"}],"curies":[{"name":"wp","href":"https:\/\/api.w.org\/{rel}","templated":true}]}}