{"id":22336,"date":"2025-11-10T17:25:01","date_gmt":"2025-11-10T16:25:01","guid":{"rendered":"https:\/\/thewineplace.es\/desarrollo?post_type=product&#038;p=22336"},"modified":"2026-03-28T11:30:19","modified_gmt":"2026-03-28T10:30:19","slug":"abadia-retuerta-seleccion-especial","status":"publish","type":"product","link":"https:\/\/thewineplace.es\/en\/wine-shop\/abadia-retuerta-seleccion-especial","title":{"rendered":"Abad\u00eda Retuerta Selecci\u00f3n Especial"},"content":{"rendered":"<p>Abad\u00eda Retuerta Selecci\u00f3n Especial is a red wine made in Sard\u00f3n de Duero by Abad\u00eda Retuerta, from a careful selection of estate pagos on varied soils that bring complexity and balance. It is made mainly from Tempranillo, complemented by Cabernet Sauvignon and Syrah. The nose offers aromas of ripe black fruit, spicy notes and an elegant toasty background. On the palate it is structured and harmonious, with polished tannins, good freshness and a long, persistent finish. An emblematic red that combines intensity and elegance.<\/p>\n","protected":false},"excerpt":{"rendered":"<p>Elegant, structured Sard\u00f3n de Duero red, Tempranillo-led, with excellent balance.<\/p>\n","protected":false},"featured_media":21617,"template":"","meta":{"_acf_changed":false,"_joinchat":[]},"product_brand":[],"product_cat":[689],"product_tag":[],"class_list":{"0":"post-22336","1":"product","2":"type-product","3":"status-publish","4":"has-post-thumbnail","6":"product_cat-wine","7":"pa_country-spain","8":"pa_main-grape-cabernet-sauvignon-en","9":"pa_main-grape-syrah-en","10":"pa_main-grape-tempranillo-en","11":"pa_type-wine-red","13":"first","14":"instock","15":"taxable","16":"shipping-taxable","17":"purchasable","18":"product-type-simple"},"acf":[],"yoast_head":"<!-- This site is optimized with the Yoast SEO plugin v27.3 - https:\/\/yoast.com\/product\/yoast-seo-wordpress\/ -->\n<title>Abad\u00eda Retuerta Selecci\u00f3n Especial | Sard\u00f3n de Duero | Red<\/title>\n<meta name=\"description\" content=\"Elegant Sard\u00f3n de Duero red with Tempranillo dominance. Ideal for meats and Castilian cuisine.\" \/>\n<meta name=\"robots\" content=\"index, follow, max-snippet:-1, max-image-preview:large, max-video-preview:-1\" \/>\n<link rel=\"canonical\" href=\"https:\/\/thewineplace.es\/en\/wine-shop\/abadia-retuerta-seleccion-especial\" \/>\n<meta property=\"og:locale\" content=\"en_US\" \/>\n<meta property=\"og:type\" content=\"article\" \/>\n<meta property=\"og:title\" content=\"Abad\u00eda Retuerta Selecci\u00f3n Especial | Sard\u00f3n de Duero | Red\" \/>\n<meta property=\"og:description\" content=\"Elegant Sard\u00f3n de Duero red with Tempranillo dominance. Ideal for meats and Castilian cuisine.\" \/>\n<meta property=\"og:url\" content=\"https:\/\/thewineplace.es\/en\/wine-shop\/abadia-retuerta-seleccion-especial\" \/>\n<meta property=\"og:site_name\" content=\"The Wine Place\" \/>\n<meta property=\"article:publisher\" content=\"https:\/\/www.facebook.com\/TheWinePlace\" \/>\n<meta property=\"article:modified_time\" content=\"2026-03-28T10:30:19+00:00\" \/>\n<meta property=\"og:image\" content=\"https:\/\/thewineplace.es\/wp-content\/uploads\/2025\/11\/abadia-retuerta-seleccion-especial.png\" \/>\n\t<meta property=\"og:image:width\" content=\"800\" \/>\n\t<meta property=\"og:image:height\" content=\"800\" \/>\n\t<meta property=\"og:image:type\" content=\"image\/png\" \/>\n<meta name=\"twitter:card\" content=\"summary_large_image\" \/>\n<meta name=\"twitter:site\" content=\"@MarkoneillES\" \/>\n<script type=\"application\/ld+json\" class=\"yoast-schema-graph\">{\"@context\":\"https:\\\/\\\/schema.org\",\"@graph\":[{\"@type\":\"WebPage\",\"@id\":\"https:\\\/\\\/thewineplace.es\\\/en\\\/wine-shop\\\/abadia-retuerta-seleccion-especial\",\"url\":\"https:\\\/\\\/thewineplace.es\\\/en\\\/wine-shop\\\/abadia-retuerta-seleccion-especial\",\"name\":\"Abad\u00eda Retuerta Selecci\u00f3n Especial | Sard\u00f3n de Duero | Red\",\"isPartOf\":{\"@id\":\"https:\\\/\\\/thewineplace.es\\\/en#website\"},\"primaryImageOfPage\":{\"@id\":\"https:\\\/\\\/thewineplace.es\\\/en\\\/wine-shop\\\/abadia-retuerta-seleccion-especial#primaryimage\"},\"image\":{\"@id\":\"https:\\\/\\\/thewineplace.es\\\/en\\\/wine-shop\\\/abadia-retuerta-seleccion-especial#primaryimage\"},\"thumbnailUrl\":\"https:\\\/\\\/thewineplace.es\\\/wp-content\\\/uploads\\\/2025\\\/11\\\/abadia-retuerta-seleccion-especial.png\",\"datePublished\":\"2025-11-10T16:25:01+00:00\",\"dateModified\":\"2026-03-28T10:30:19+00:00\",\"description\":\"Elegant Sard\u00f3n de Duero red with Tempranillo dominance. Ideal for meats and Castilian cuisine.\",\"breadcrumb\":{\"@id\":\"https:\\\/\\\/thewineplace.es\\\/en\\\/wine-shop\\\/abadia-retuerta-seleccion-especial#breadcrumb\"},\"inLanguage\":\"en-US\",\"potentialAction\":[{\"@type\":\"ReadAction\",\"target\":[\"https:\\\/\\\/thewineplace.es\\\/en\\\/wine-shop\\\/abadia-retuerta-seleccion-especial\"]}]},{\"@type\":\"ImageObject\",\"inLanguage\":\"en-US\",\"@id\":\"https:\\\/\\\/thewineplace.es\\\/en\\\/wine-shop\\\/abadia-retuerta-seleccion-especial#primaryimage\",\"url\":\"https:\\\/\\\/thewineplace.es\\\/wp-content\\\/uploads\\\/2025\\\/11\\\/abadia-retuerta-seleccion-especial.png\",\"contentUrl\":\"https:\\\/\\\/thewineplace.es\\\/wp-content\\\/uploads\\\/2025\\\/11\\\/abadia-retuerta-seleccion-especial.png\",\"width\":800,\"height\":800,\"caption\":\"Vino Abad\u00eda Retuerta Selecci\u00f3n Especial\"},{\"@type\":\"BreadcrumbList\",\"@id\":\"https:\\\/\\\/thewineplace.es\\\/en\\\/wine-shop\\\/abadia-retuerta-seleccion-especial#breadcrumb\",\"itemListElement\":[{\"@type\":\"ListItem\",\"position\":1,\"name\":\"Portada\",\"item\":\"https:\\\/\\\/thewineplace.es\\\/en\"},{\"@type\":\"ListItem\",\"position\":2,\"name\":\"Wine Shop\",\"item\":\"https:\\\/\\\/thewineplace.es\\\/en\\\/shop\"},{\"@type\":\"ListItem\",\"position\":3,\"name\":\"Abad\u00eda Retuerta Selecci\u00f3n Especial\"}]},{\"@type\":\"WebSite\",\"@id\":\"https:\\\/\\\/thewineplace.es\\\/en#website\",\"url\":\"https:\\\/\\\/thewineplace.es\\\/en\",\"name\":\"The Wine Place\",\"description\":\"Tienda de vinos, cursos y catas de vino en Valencia\",\"publisher\":{\"@id\":\"https:\\\/\\\/thewineplace.es\\\/en#organization\"},\"alternateName\":\"Tienda de vinos de Valencia\",\"potentialAction\":[{\"@type\":\"SearchAction\",\"target\":{\"@type\":\"EntryPoint\",\"urlTemplate\":\"https:\\\/\\\/thewineplace.es\\\/en?s={search_term_string}\"},\"query-input\":{\"@type\":\"PropertyValueSpecification\",\"valueRequired\":true,\"valueName\":\"search_term_string\"}}],\"inLanguage\":\"en-US\"},{\"@type\":\"Organization\",\"@id\":\"https:\\\/\\\/thewineplace.es\\\/en#organization\",\"name\":\"The Wine Place\",\"alternateName\":\"Verde Marte S.L.U.\",\"url\":\"https:\\\/\\\/thewineplace.es\\\/en\",\"logo\":{\"@type\":\"ImageObject\",\"inLanguage\":\"en-US\",\"@id\":\"https:\\\/\\\/thewineplace.es\\\/en#\\\/schema\\\/logo\\\/image\\\/\",\"url\":\"https:\\\/\\\/thewineplace.es\\\/desarrollo\\\/wp-content\\\/uploads\\\/2025\\\/05\\\/favicon.png\",\"contentUrl\":\"https:\\\/\\\/thewineplace.es\\\/desarrollo\\\/wp-content\\\/uploads\\\/2025\\\/05\\\/favicon.png\",\"width\":250,\"height\":250,\"caption\":\"The Wine Place\"},\"image\":{\"@id\":\"https:\\\/\\\/thewineplace.es\\\/en#\\\/schema\\\/logo\\\/image\\\/\"},\"sameAs\":[\"https:\\\/\\\/www.facebook.com\\\/TheWinePlace\",\"https:\\\/\\\/x.com\\\/MarkoneillES\",\"https:\\\/\\\/www.instagram.com\\\/thewineplace\",\"https:\\\/\\\/www.linkedin.com\\\/company\\\/thewineplace-es\\\/\",\"https:\\\/\\\/www.youtube.com\\\/channel\\\/UCOzo67E6rQDwHmPAi8EiEdA\"]}]}<\/script>\n<!-- \/ Yoast SEO plugin. -->","yoast_head_json":{"title":"Abad\u00eda Retuerta Selecci\u00f3n Especial | Sard\u00f3n de Duero | Red","description":"Elegant Sard\u00f3n de Duero red with Tempranillo dominance. Ideal for meats and Castilian cuisine.","robots":{"index":"index","follow":"follow","max-snippet":"max-snippet:-1","max-image-preview":"max-image-preview:large","max-video-preview":"max-video-preview:-1"},"canonical":"https:\/\/thewineplace.es\/en\/wine-shop\/abadia-retuerta-seleccion-especial","og_locale":"en_US","og_type":"article","og_title":"Abad\u00eda Retuerta Selecci\u00f3n Especial | Sard\u00f3n de Duero | Red","og_description":"Elegant Sard\u00f3n de Duero red with Tempranillo dominance. Ideal for meats and Castilian cuisine.","og_url":"https:\/\/thewineplace.es\/en\/wine-shop\/abadia-retuerta-seleccion-especial","og_site_name":"The Wine Place","article_publisher":"https:\/\/www.facebook.com\/TheWinePlace","article_modified_time":"2026-03-28T10:30:19+00:00","og_image":[{"width":800,"height":800,"url":"https:\/\/thewineplace.es\/wp-content\/uploads\/2025\/11\/abadia-retuerta-seleccion-especial.png","type":"image\/png"}],"twitter_card":"summary_large_image","twitter_site":"@MarkoneillES","schema":{"@context":"https:\/\/schema.org","@graph":[{"@type":"WebPage","@id":"https:\/\/thewineplace.es\/en\/wine-shop\/abadia-retuerta-seleccion-especial","url":"https:\/\/thewineplace.es\/en\/wine-shop\/abadia-retuerta-seleccion-especial","name":"Abad\u00eda Retuerta Selecci\u00f3n Especial | Sard\u00f3n de Duero | Red","isPartOf":{"@id":"https:\/\/thewineplace.es\/en#website"},"primaryImageOfPage":{"@id":"https:\/\/thewineplace.es\/en\/wine-shop\/abadia-retuerta-seleccion-especial#primaryimage"},"image":{"@id":"https:\/\/thewineplace.es\/en\/wine-shop\/abadia-retuerta-seleccion-especial#primaryimage"},"thumbnailUrl":"https:\/\/thewineplace.es\/wp-content\/uploads\/2025\/11\/abadia-retuerta-seleccion-especial.png","datePublished":"2025-11-10T16:25:01+00:00","dateModified":"2026-03-28T10:30:19+00:00","description":"Elegant Sard\u00f3n de Duero red with Tempranillo dominance. Ideal for meats and Castilian cuisine.","breadcrumb":{"@id":"https:\/\/thewineplace.es\/en\/wine-shop\/abadia-retuerta-seleccion-especial#breadcrumb"},"inLanguage":"en-US","potentialAction":[{"@type":"ReadAction","target":["https:\/\/thewineplace.es\/en\/wine-shop\/abadia-retuerta-seleccion-especial"]}]},{"@type":"ImageObject","inLanguage":"en-US","@id":"https:\/\/thewineplace.es\/en\/wine-shop\/abadia-retuerta-seleccion-especial#primaryimage","url":"https:\/\/thewineplace.es\/wp-content\/uploads\/2025\/11\/abadia-retuerta-seleccion-especial.png","contentUrl":"https:\/\/thewineplace.es\/wp-content\/uploads\/2025\/11\/abadia-retuerta-seleccion-especial.png","width":800,"height":800,"caption":"Vino Abad\u00eda Retuerta Selecci\u00f3n Especial"},{"@type":"BreadcrumbList","@id":"https:\/\/thewineplace.es\/en\/wine-shop\/abadia-retuerta-seleccion-especial#breadcrumb","itemListElement":[{"@type":"ListItem","position":1,"name":"Portada","item":"https:\/\/thewineplace.es\/en"},{"@type":"ListItem","position":2,"name":"Wine Shop","item":"https:\/\/thewineplace.es\/en\/shop"},{"@type":"ListItem","position":3,"name":"Abad\u00eda Retuerta Selecci\u00f3n Especial"}]},{"@type":"WebSite","@id":"https:\/\/thewineplace.es\/en#website","url":"https:\/\/thewineplace.es\/en","name":"The Wine Place","description":"Tienda de vinos, cursos y catas de vino en Valencia","publisher":{"@id":"https:\/\/thewineplace.es\/en#organization"},"alternateName":"Tienda de vinos de Valencia","potentialAction":[{"@type":"SearchAction","target":{"@type":"EntryPoint","urlTemplate":"https:\/\/thewineplace.es\/en?s={search_term_string}"},"query-input":{"@type":"PropertyValueSpecification","valueRequired":true,"valueName":"search_term_string"}}],"inLanguage":"en-US"},{"@type":"Organization","@id":"https:\/\/thewineplace.es\/en#organization","name":"The Wine Place","alternateName":"Verde Marte S.L.U.","url":"https:\/\/thewineplace.es\/en","logo":{"@type":"ImageObject","inLanguage":"en-US","@id":"https:\/\/thewineplace.es\/en#\/schema\/logo\/image\/","url":"https:\/\/thewineplace.es\/desarrollo\/wp-content\/uploads\/2025\/05\/favicon.png","contentUrl":"https:\/\/thewineplace.es\/desarrollo\/wp-content\/uploads\/2025\/05\/favicon.png","width":250,"height":250,"caption":"The Wine Place"},"image":{"@id":"https:\/\/thewineplace.es\/en#\/schema\/logo\/image\/"},"sameAs":["https:\/\/www.facebook.com\/TheWinePlace","https:\/\/x.com\/MarkoneillES","https:\/\/www.instagram.com\/thewineplace","https:\/\/www.linkedin.com\/company\/thewineplace-es\/","https:\/\/www.youtube.com\/channel\/UCOzo67E6rQDwHmPAi8EiEdA"]}]}},"_links":{"self":[{"href":"https:\/\/thewineplace.es\/en\/wp-json\/wp\/v2\/product\/22336","targetHints":{"allow":["GET"]}}],"collection":[{"href":"https:\/\/thewineplace.es\/en\/wp-json\/wp\/v2\/product"}],"about":[{"href":"https:\/\/thewineplace.es\/en\/wp-json\/wp\/v2\/types\/product"}],"wp:featuredmedia":[{"embeddable":true,"href":"https:\/\/thewineplace.es\/en\/wp-json\/wp\/v2\/media\/21617"}],"wp:attachment":[{"href":"https:\/\/thewineplace.es\/en\/wp-json\/wp\/v2\/media?parent=22336"}],"wp:term":[{"taxonomy":"product_brand","embeddable":true,"href":"https:\/\/thewineplace.es\/en\/wp-json\/wp\/v2\/product_brand?post=22336"},{"taxonomy":"product_cat","embeddable":true,"href":"https:\/\/thewineplace.es\/en\/wp-json\/wp\/v2\/product_cat?post=22336"},{"taxonomy":"product_tag","embeddable":true,"href":"https:\/\/thewineplace.es\/en\/wp-json\/wp\/v2\/product_tag?post=22336"}],"curies":[{"name":"wp","href":"https:\/\/api.w.org\/{rel}","templated":true}]}}