{"id":22330,"date":"2025-11-10T17:30:00","date_gmt":"2025-11-10T16:30:00","guid":{"rendered":"https:\/\/thewineplace.es\/desarrollo?post_type=product&#038;p=22330"},"modified":"2026-03-16T11:25:57","modified_gmt":"2026-03-16T10:25:57","slug":"rafa-cambra-la-forcalla-de-antonia","status":"publish","type":"product","link":"https:\/\/thewineplace.es\/en\/wine-shop\/rafa-cambra-la-forcalla-de-antonia","title":{"rendered":"Rafael Cambra La Forcall\u00e0 de Antonia"},"content":{"rendered":"<p>Rafael Cambra La Forcall\u00e0 de Antonia is a red wine from the Valencia D.O. made from the native Forcall\u00e0 variety, revived by Rafael Cambra as part of his commitment to Valencian viticultural heritage. It comes from dry-farmed vines that bring freshness and aromatic expression. The nose offers fresh red fruit, floral notes and a delicate spicy background. On the palate it is light and vibrant, with fine tannins, marked acidity and an Atlantic-leaning profile unusual for the area. An elegant, distinctive red that highlights a historic variety.<\/p>\n","protected":false},"excerpt":{"rendered":"<p>Valencian red made from Forcall\u00e0: fresh and elegant, reviving a historic native variety.<\/p>\n","protected":false},"featured_media":21868,"template":"","meta":{"_acf_changed":false,"_joinchat":[]},"product_brand":[],"product_cat":[689],"product_tag":[],"class_list":{"0":"post-22330","1":"product","2":"type-product","3":"status-publish","4":"has-post-thumbnail","6":"product_cat-wine","7":"pa_country-spain","8":"pa_main-grape-other-varietals","9":"pa_type-wine-red","11":"first","12":"instock","13":"taxable","14":"shipping-taxable","15":"purchasable","16":"product-type-simple"},"acf":[],"yoast_head":"<!-- This site is optimized with the Yoast SEO plugin v27.3 - https:\/\/yoast.com\/product\/yoast-seo-wordpress\/ -->\n<title>Rafael Cambra La Forcall\u00e0 de Antonia | Valencia | Red<\/title>\n<meta name=\"description\" content=\"Fresh, elegant Valencian Forcall\u00e0 red, reviving a historic variety with great personality.\" \/>\n<meta name=\"robots\" content=\"index, follow, max-snippet:-1, max-image-preview:large, max-video-preview:-1\" \/>\n<link rel=\"canonical\" href=\"https:\/\/thewineplace.es\/en\/wine-shop\/rafa-cambra-la-forcalla-de-antonia\" \/>\n<meta property=\"og:locale\" content=\"en_US\" \/>\n<meta property=\"og:type\" content=\"article\" \/>\n<meta property=\"og:title\" content=\"Rafael Cambra La Forcall\u00e0 de Antonia | Valencia | Red\" \/>\n<meta property=\"og:description\" content=\"Fresh, elegant Valencian Forcall\u00e0 red, reviving a historic variety with great personality.\" \/>\n<meta property=\"og:url\" content=\"https:\/\/thewineplace.es\/en\/wine-shop\/rafa-cambra-la-forcalla-de-antonia\" \/>\n<meta property=\"og:site_name\" content=\"The Wine Place\" \/>\n<meta property=\"article:publisher\" content=\"https:\/\/www.facebook.com\/TheWinePlace\" \/>\n<meta property=\"article:modified_time\" content=\"2026-03-16T10:25:57+00:00\" \/>\n<meta property=\"og:image\" content=\"https:\/\/thewineplace.es\/wp-content\/uploads\/2025\/11\/RafaCambraLaForcalladeAntonia.png\" \/>\n\t<meta property=\"og:image:width\" content=\"800\" \/>\n\t<meta property=\"og:image:height\" content=\"800\" \/>\n\t<meta property=\"og:image:type\" content=\"image\/png\" \/>\n<meta name=\"twitter:card\" content=\"summary_large_image\" \/>\n<meta name=\"twitter:site\" content=\"@MarkoneillES\" \/>\n<script type=\"application\/ld+json\" class=\"yoast-schema-graph\">{\"@context\":\"https:\\\/\\\/schema.org\",\"@graph\":[{\"@type\":\"WebPage\",\"@id\":\"https:\\\/\\\/thewineplace.es\\\/en\\\/wine-shop\\\/rafa-cambra-la-forcalla-de-antonia\",\"url\":\"https:\\\/\\\/thewineplace.es\\\/en\\\/wine-shop\\\/rafa-cambra-la-forcalla-de-antonia\",\"name\":\"Rafael Cambra La Forcall\u00e0 de Antonia | Valencia | Red\",\"isPartOf\":{\"@id\":\"https:\\\/\\\/thewineplace.es\\\/en#website\"},\"primaryImageOfPage\":{\"@id\":\"https:\\\/\\\/thewineplace.es\\\/en\\\/wine-shop\\\/rafa-cambra-la-forcalla-de-antonia#primaryimage\"},\"image\":{\"@id\":\"https:\\\/\\\/thewineplace.es\\\/en\\\/wine-shop\\\/rafa-cambra-la-forcalla-de-antonia#primaryimage\"},\"thumbnailUrl\":\"https:\\\/\\\/thewineplace.es\\\/wp-content\\\/uploads\\\/2025\\\/11\\\/RafaCambraLaForcalladeAntonia.png\",\"datePublished\":\"2025-11-10T16:30:00+00:00\",\"dateModified\":\"2026-03-16T10:25:57+00:00\",\"description\":\"Fresh, elegant Valencian Forcall\u00e0 red, reviving a historic variety with great personality.\",\"breadcrumb\":{\"@id\":\"https:\\\/\\\/thewineplace.es\\\/en\\\/wine-shop\\\/rafa-cambra-la-forcalla-de-antonia#breadcrumb\"},\"inLanguage\":\"en-US\",\"potentialAction\":[{\"@type\":\"ReadAction\",\"target\":[\"https:\\\/\\\/thewineplace.es\\\/en\\\/wine-shop\\\/rafa-cambra-la-forcalla-de-antonia\"]}]},{\"@type\":\"ImageObject\",\"inLanguage\":\"en-US\",\"@id\":\"https:\\\/\\\/thewineplace.es\\\/en\\\/wine-shop\\\/rafa-cambra-la-forcalla-de-antonia#primaryimage\",\"url\":\"https:\\\/\\\/thewineplace.es\\\/wp-content\\\/uploads\\\/2025\\\/11\\\/RafaCambraLaForcalladeAntonia.png\",\"contentUrl\":\"https:\\\/\\\/thewineplace.es\\\/wp-content\\\/uploads\\\/2025\\\/11\\\/RafaCambraLaForcalladeAntonia.png\",\"width\":800,\"height\":800,\"caption\":\"Rafa Cambra La Forcall\u00e0 de Antonia\"},{\"@type\":\"BreadcrumbList\",\"@id\":\"https:\\\/\\\/thewineplace.es\\\/en\\\/wine-shop\\\/rafa-cambra-la-forcalla-de-antonia#breadcrumb\",\"itemListElement\":[{\"@type\":\"ListItem\",\"position\":1,\"name\":\"Portada\",\"item\":\"https:\\\/\\\/thewineplace.es\\\/en\"},{\"@type\":\"ListItem\",\"position\":2,\"name\":\"Wine Shop\",\"item\":\"https:\\\/\\\/thewineplace.es\\\/en\\\/shop\"},{\"@type\":\"ListItem\",\"position\":3,\"name\":\"Rafael Cambra La Forcall\u00e0 de Antonia\"}]},{\"@type\":\"WebSite\",\"@id\":\"https:\\\/\\\/thewineplace.es\\\/en#website\",\"url\":\"https:\\\/\\\/thewineplace.es\\\/en\",\"name\":\"The Wine Place\",\"description\":\"Tienda de vinos, cursos y catas de vino en Valencia\",\"publisher\":{\"@id\":\"https:\\\/\\\/thewineplace.es\\\/en#organization\"},\"alternateName\":\"Tienda de vinos de Valencia\",\"potentialAction\":[{\"@type\":\"SearchAction\",\"target\":{\"@type\":\"EntryPoint\",\"urlTemplate\":\"https:\\\/\\\/thewineplace.es\\\/en?s={search_term_string}\"},\"query-input\":{\"@type\":\"PropertyValueSpecification\",\"valueRequired\":true,\"valueName\":\"search_term_string\"}}],\"inLanguage\":\"en-US\"},{\"@type\":\"Organization\",\"@id\":\"https:\\\/\\\/thewineplace.es\\\/en#organization\",\"name\":\"The Wine Place\",\"alternateName\":\"Verde Marte S.L.U.\",\"url\":\"https:\\\/\\\/thewineplace.es\\\/en\",\"logo\":{\"@type\":\"ImageObject\",\"inLanguage\":\"en-US\",\"@id\":\"https:\\\/\\\/thewineplace.es\\\/en#\\\/schema\\\/logo\\\/image\\\/\",\"url\":\"https:\\\/\\\/thewineplace.es\\\/desarrollo\\\/wp-content\\\/uploads\\\/2025\\\/05\\\/favicon.png\",\"contentUrl\":\"https:\\\/\\\/thewineplace.es\\\/desarrollo\\\/wp-content\\\/uploads\\\/2025\\\/05\\\/favicon.png\",\"width\":250,\"height\":250,\"caption\":\"The Wine Place\"},\"image\":{\"@id\":\"https:\\\/\\\/thewineplace.es\\\/en#\\\/schema\\\/logo\\\/image\\\/\"},\"sameAs\":[\"https:\\\/\\\/www.facebook.com\\\/TheWinePlace\",\"https:\\\/\\\/x.com\\\/MarkoneillES\",\"https:\\\/\\\/www.instagram.com\\\/thewineplace\",\"https:\\\/\\\/www.linkedin.com\\\/company\\\/thewineplace-es\\\/\",\"https:\\\/\\\/www.youtube.com\\\/channel\\\/UCOzo67E6rQDwHmPAi8EiEdA\"]}]}<\/script>\n<!-- \/ Yoast SEO plugin. -->","yoast_head_json":{"title":"Rafael Cambra La Forcall\u00e0 de Antonia | Valencia | Red","description":"Fresh, elegant Valencian Forcall\u00e0 red, reviving a historic variety with great personality.","robots":{"index":"index","follow":"follow","max-snippet":"max-snippet:-1","max-image-preview":"max-image-preview:large","max-video-preview":"max-video-preview:-1"},"canonical":"https:\/\/thewineplace.es\/en\/wine-shop\/rafa-cambra-la-forcalla-de-antonia","og_locale":"en_US","og_type":"article","og_title":"Rafael Cambra La Forcall\u00e0 de Antonia | Valencia | Red","og_description":"Fresh, elegant Valencian Forcall\u00e0 red, reviving a historic variety with great personality.","og_url":"https:\/\/thewineplace.es\/en\/wine-shop\/rafa-cambra-la-forcalla-de-antonia","og_site_name":"The Wine Place","article_publisher":"https:\/\/www.facebook.com\/TheWinePlace","article_modified_time":"2026-03-16T10:25:57+00:00","og_image":[{"width":800,"height":800,"url":"https:\/\/thewineplace.es\/wp-content\/uploads\/2025\/11\/RafaCambraLaForcalladeAntonia.png","type":"image\/png"}],"twitter_card":"summary_large_image","twitter_site":"@MarkoneillES","schema":{"@context":"https:\/\/schema.org","@graph":[{"@type":"WebPage","@id":"https:\/\/thewineplace.es\/en\/wine-shop\/rafa-cambra-la-forcalla-de-antonia","url":"https:\/\/thewineplace.es\/en\/wine-shop\/rafa-cambra-la-forcalla-de-antonia","name":"Rafael Cambra La Forcall\u00e0 de Antonia | Valencia | Red","isPartOf":{"@id":"https:\/\/thewineplace.es\/en#website"},"primaryImageOfPage":{"@id":"https:\/\/thewineplace.es\/en\/wine-shop\/rafa-cambra-la-forcalla-de-antonia#primaryimage"},"image":{"@id":"https:\/\/thewineplace.es\/en\/wine-shop\/rafa-cambra-la-forcalla-de-antonia#primaryimage"},"thumbnailUrl":"https:\/\/thewineplace.es\/wp-content\/uploads\/2025\/11\/RafaCambraLaForcalladeAntonia.png","datePublished":"2025-11-10T16:30:00+00:00","dateModified":"2026-03-16T10:25:57+00:00","description":"Fresh, elegant Valencian Forcall\u00e0 red, reviving a historic variety with great personality.","breadcrumb":{"@id":"https:\/\/thewineplace.es\/en\/wine-shop\/rafa-cambra-la-forcalla-de-antonia#breadcrumb"},"inLanguage":"en-US","potentialAction":[{"@type":"ReadAction","target":["https:\/\/thewineplace.es\/en\/wine-shop\/rafa-cambra-la-forcalla-de-antonia"]}]},{"@type":"ImageObject","inLanguage":"en-US","@id":"https:\/\/thewineplace.es\/en\/wine-shop\/rafa-cambra-la-forcalla-de-antonia#primaryimage","url":"https:\/\/thewineplace.es\/wp-content\/uploads\/2025\/11\/RafaCambraLaForcalladeAntonia.png","contentUrl":"https:\/\/thewineplace.es\/wp-content\/uploads\/2025\/11\/RafaCambraLaForcalladeAntonia.png","width":800,"height":800,"caption":"Rafa Cambra La Forcall\u00e0 de Antonia"},{"@type":"BreadcrumbList","@id":"https:\/\/thewineplace.es\/en\/wine-shop\/rafa-cambra-la-forcalla-de-antonia#breadcrumb","itemListElement":[{"@type":"ListItem","position":1,"name":"Portada","item":"https:\/\/thewineplace.es\/en"},{"@type":"ListItem","position":2,"name":"Wine Shop","item":"https:\/\/thewineplace.es\/en\/shop"},{"@type":"ListItem","position":3,"name":"Rafael Cambra La Forcall\u00e0 de Antonia"}]},{"@type":"WebSite","@id":"https:\/\/thewineplace.es\/en#website","url":"https:\/\/thewineplace.es\/en","name":"The Wine Place","description":"Tienda de vinos, cursos y catas de vino en Valencia","publisher":{"@id":"https:\/\/thewineplace.es\/en#organization"},"alternateName":"Tienda de vinos de Valencia","potentialAction":[{"@type":"SearchAction","target":{"@type":"EntryPoint","urlTemplate":"https:\/\/thewineplace.es\/en?s={search_term_string}"},"query-input":{"@type":"PropertyValueSpecification","valueRequired":true,"valueName":"search_term_string"}}],"inLanguage":"en-US"},{"@type":"Organization","@id":"https:\/\/thewineplace.es\/en#organization","name":"The Wine Place","alternateName":"Verde Marte S.L.U.","url":"https:\/\/thewineplace.es\/en","logo":{"@type":"ImageObject","inLanguage":"en-US","@id":"https:\/\/thewineplace.es\/en#\/schema\/logo\/image\/","url":"https:\/\/thewineplace.es\/desarrollo\/wp-content\/uploads\/2025\/05\/favicon.png","contentUrl":"https:\/\/thewineplace.es\/desarrollo\/wp-content\/uploads\/2025\/05\/favicon.png","width":250,"height":250,"caption":"The Wine Place"},"image":{"@id":"https:\/\/thewineplace.es\/en#\/schema\/logo\/image\/"},"sameAs":["https:\/\/www.facebook.com\/TheWinePlace","https:\/\/x.com\/MarkoneillES","https:\/\/www.instagram.com\/thewineplace","https:\/\/www.linkedin.com\/company\/thewineplace-es\/","https:\/\/www.youtube.com\/channel\/UCOzo67E6rQDwHmPAi8EiEdA"]}]}},"_links":{"self":[{"href":"https:\/\/thewineplace.es\/en\/wp-json\/wp\/v2\/product\/22330","targetHints":{"allow":["GET"]}}],"collection":[{"href":"https:\/\/thewineplace.es\/en\/wp-json\/wp\/v2\/product"}],"about":[{"href":"https:\/\/thewineplace.es\/en\/wp-json\/wp\/v2\/types\/product"}],"wp:featuredmedia":[{"embeddable":true,"href":"https:\/\/thewineplace.es\/en\/wp-json\/wp\/v2\/media\/21868"}],"wp:attachment":[{"href":"https:\/\/thewineplace.es\/en\/wp-json\/wp\/v2\/media?parent=22330"}],"wp:term":[{"taxonomy":"product_brand","embeddable":true,"href":"https:\/\/thewineplace.es\/en\/wp-json\/wp\/v2\/product_brand?post=22330"},{"taxonomy":"product_cat","embeddable":true,"href":"https:\/\/thewineplace.es\/en\/wp-json\/wp\/v2\/product_cat?post=22330"},{"taxonomy":"product_tag","embeddable":true,"href":"https:\/\/thewineplace.es\/en\/wp-json\/wp\/v2\/product_tag?post=22330"}],"curies":[{"name":"wp","href":"https:\/\/api.w.org\/{rel}","templated":true}]}}