{"id":22326,"date":"2025-11-10T17:28:30","date_gmt":"2025-11-10T16:28:30","guid":{"rendered":"https:\/\/thewineplace.es\/desarrollo?post_type=product&#038;p=22326"},"modified":"2026-03-16T11:25:59","modified_gmt":"2026-03-16T10:25:59","slug":"clos-de-loratoire-grand-cru-classe","status":"publish","type":"product","link":"https:\/\/thewineplace.es\/en\/wine-shop\/clos-de-loratoire-grand-cru-classe","title":{"rendered":"Clos de l&#8217;Oratoire Grand Cru Class\u00e9"},"content":{"rendered":"<p>Clos de l&#8217;Oratoire Grand Cru Class\u00e9 is a red wine from the Saint-\u00c9milion appellation on Bordeaux\u2019s Right Bank. From clay-limestone soils, it blends mostly Merlot with Cabernet Franc to express the area\u2019s characteristic elegance. The nose offers aromas of ripe black fruit and plum, with delicate floral and spicy notes. On the palate it is structured and silky, with fine tannins, good concentration and a long, harmonious finish. A refined Grand Cru Class\u00e9 with excellent ageing potential.<\/p>\n","protected":false},"excerpt":{"rendered":"<p>Elegant, structured Saint-\u00c9milion Grand Cru Class\u00e9, Merlot-led, with silky tannins.<\/p>\n","protected":false},"featured_media":21763,"template":"","meta":{"_acf_changed":false,"_joinchat":[]},"product_brand":[],"product_cat":[689],"product_tag":[],"class_list":{"0":"post-22326","1":"product","2":"type-product","3":"status-publish","4":"has-post-thumbnail","6":"product_cat-wine","7":"pa_country-france","8":"pa_main-grape-cabernet-franc-en","9":"pa_main-grape-merlot-en","10":"pa_type-wine-red","12":"first","13":"instock","14":"taxable","15":"shipping-taxable","16":"purchasable","17":"product-type-simple"},"acf":[],"yoast_head":"<!-- This site is optimized with the Yoast SEO plugin v27.3 - https:\/\/yoast.com\/product\/yoast-seo-wordpress\/ -->\n<title>Clos de l&#039;Oratoire Grand Cru Class\u00e9 | Saint-\u00c9milion | Red<\/title>\n<meta name=\"description\" content=\"Elegant, structured Saint-\u00c9milion Grand Cru Class\u00e9 with Merlot dominance. Ideal for meats and hearty dishes.\" \/>\n<meta name=\"robots\" content=\"index, follow, max-snippet:-1, max-image-preview:large, max-video-preview:-1\" \/>\n<link rel=\"canonical\" href=\"https:\/\/thewineplace.es\/en\/wine-shop\/clos-de-loratoire-grand-cru-classe\" \/>\n<meta property=\"og:locale\" content=\"en_US\" \/>\n<meta property=\"og:type\" content=\"article\" \/>\n<meta property=\"og:title\" content=\"Clos de l&#039;Oratoire Grand Cru Class\u00e9 | Saint-\u00c9milion | Red\" \/>\n<meta property=\"og:description\" content=\"Elegant, structured Saint-\u00c9milion Grand Cru Class\u00e9 with Merlot dominance. Ideal for meats and hearty dishes.\" \/>\n<meta property=\"og:url\" content=\"https:\/\/thewineplace.es\/en\/wine-shop\/clos-de-loratoire-grand-cru-classe\" \/>\n<meta property=\"og:site_name\" content=\"The Wine Place\" \/>\n<meta property=\"article:publisher\" content=\"https:\/\/www.facebook.com\/TheWinePlace\" \/>\n<meta property=\"article:modified_time\" content=\"2026-03-16T10:25:59+00:00\" \/>\n<meta property=\"og:image\" content=\"https:\/\/thewineplace.es\/wp-content\/uploads\/2025\/11\/ClosdelOratoireSt-EmilionGrandCruClasse.png\" \/>\n\t<meta property=\"og:image:width\" content=\"800\" \/>\n\t<meta property=\"og:image:height\" content=\"800\" \/>\n\t<meta property=\"og:image:type\" content=\"image\/png\" \/>\n<meta name=\"twitter:card\" content=\"summary_large_image\" \/>\n<meta name=\"twitter:site\" content=\"@MarkoneillES\" \/>\n<script type=\"application\/ld+json\" class=\"yoast-schema-graph\">{\"@context\":\"https:\\\/\\\/schema.org\",\"@graph\":[{\"@type\":\"WebPage\",\"@id\":\"https:\\\/\\\/thewineplace.es\\\/en\\\/wine-shop\\\/clos-de-loratoire-grand-cru-classe\",\"url\":\"https:\\\/\\\/thewineplace.es\\\/en\\\/wine-shop\\\/clos-de-loratoire-grand-cru-classe\",\"name\":\"Clos de l'Oratoire Grand Cru Class\u00e9 | Saint-\u00c9milion | Red\",\"isPartOf\":{\"@id\":\"https:\\\/\\\/thewineplace.es\\\/en#website\"},\"primaryImageOfPage\":{\"@id\":\"https:\\\/\\\/thewineplace.es\\\/en\\\/wine-shop\\\/clos-de-loratoire-grand-cru-classe#primaryimage\"},\"image\":{\"@id\":\"https:\\\/\\\/thewineplace.es\\\/en\\\/wine-shop\\\/clos-de-loratoire-grand-cru-classe#primaryimage\"},\"thumbnailUrl\":\"https:\\\/\\\/thewineplace.es\\\/wp-content\\\/uploads\\\/2025\\\/11\\\/ClosdelOratoireSt-EmilionGrandCruClasse.png\",\"datePublished\":\"2025-11-10T16:28:30+00:00\",\"dateModified\":\"2026-03-16T10:25:59+00:00\",\"description\":\"Elegant, structured Saint-\u00c9milion Grand Cru Class\u00e9 with Merlot dominance. Ideal for meats and hearty dishes.\",\"breadcrumb\":{\"@id\":\"https:\\\/\\\/thewineplace.es\\\/en\\\/wine-shop\\\/clos-de-loratoire-grand-cru-classe#breadcrumb\"},\"inLanguage\":\"en-US\",\"potentialAction\":[{\"@type\":\"ReadAction\",\"target\":[\"https:\\\/\\\/thewineplace.es\\\/en\\\/wine-shop\\\/clos-de-loratoire-grand-cru-classe\"]}]},{\"@type\":\"ImageObject\",\"inLanguage\":\"en-US\",\"@id\":\"https:\\\/\\\/thewineplace.es\\\/en\\\/wine-shop\\\/clos-de-loratoire-grand-cru-classe#primaryimage\",\"url\":\"https:\\\/\\\/thewineplace.es\\\/wp-content\\\/uploads\\\/2025\\\/11\\\/ClosdelOratoireSt-EmilionGrandCruClasse.png\",\"contentUrl\":\"https:\\\/\\\/thewineplace.es\\\/wp-content\\\/uploads\\\/2025\\\/11\\\/ClosdelOratoireSt-EmilionGrandCruClasse.png\",\"width\":800,\"height\":800,\"caption\":\"Clos de l'Oratoire St-\u00c9milion Grand Cru Class\u00e9\"},{\"@type\":\"BreadcrumbList\",\"@id\":\"https:\\\/\\\/thewineplace.es\\\/en\\\/wine-shop\\\/clos-de-loratoire-grand-cru-classe#breadcrumb\",\"itemListElement\":[{\"@type\":\"ListItem\",\"position\":1,\"name\":\"Portada\",\"item\":\"https:\\\/\\\/thewineplace.es\\\/en\"},{\"@type\":\"ListItem\",\"position\":2,\"name\":\"Wine Shop\",\"item\":\"https:\\\/\\\/thewineplace.es\\\/en\\\/shop\"},{\"@type\":\"ListItem\",\"position\":3,\"name\":\"Clos de l&#8217;Oratoire Grand Cru Class\u00e9\"}]},{\"@type\":\"WebSite\",\"@id\":\"https:\\\/\\\/thewineplace.es\\\/en#website\",\"url\":\"https:\\\/\\\/thewineplace.es\\\/en\",\"name\":\"The Wine Place\",\"description\":\"Tienda de vinos, cursos y catas de vino en Valencia\",\"publisher\":{\"@id\":\"https:\\\/\\\/thewineplace.es\\\/en#organization\"},\"alternateName\":\"Tienda de vinos de Valencia\",\"potentialAction\":[{\"@type\":\"SearchAction\",\"target\":{\"@type\":\"EntryPoint\",\"urlTemplate\":\"https:\\\/\\\/thewineplace.es\\\/en?s={search_term_string}\"},\"query-input\":{\"@type\":\"PropertyValueSpecification\",\"valueRequired\":true,\"valueName\":\"search_term_string\"}}],\"inLanguage\":\"en-US\"},{\"@type\":\"Organization\",\"@id\":\"https:\\\/\\\/thewineplace.es\\\/en#organization\",\"name\":\"The Wine Place\",\"alternateName\":\"Verde Marte S.L.U.\",\"url\":\"https:\\\/\\\/thewineplace.es\\\/en\",\"logo\":{\"@type\":\"ImageObject\",\"inLanguage\":\"en-US\",\"@id\":\"https:\\\/\\\/thewineplace.es\\\/en#\\\/schema\\\/logo\\\/image\\\/\",\"url\":\"https:\\\/\\\/thewineplace.es\\\/desarrollo\\\/wp-content\\\/uploads\\\/2025\\\/05\\\/favicon.png\",\"contentUrl\":\"https:\\\/\\\/thewineplace.es\\\/desarrollo\\\/wp-content\\\/uploads\\\/2025\\\/05\\\/favicon.png\",\"width\":250,\"height\":250,\"caption\":\"The Wine Place\"},\"image\":{\"@id\":\"https:\\\/\\\/thewineplace.es\\\/en#\\\/schema\\\/logo\\\/image\\\/\"},\"sameAs\":[\"https:\\\/\\\/www.facebook.com\\\/TheWinePlace\",\"https:\\\/\\\/x.com\\\/MarkoneillES\",\"https:\\\/\\\/www.instagram.com\\\/thewineplace\",\"https:\\\/\\\/www.linkedin.com\\\/company\\\/thewineplace-es\\\/\",\"https:\\\/\\\/www.youtube.com\\\/channel\\\/UCOzo67E6rQDwHmPAi8EiEdA\"]}]}<\/script>\n<!-- \/ Yoast SEO plugin. -->","yoast_head_json":{"title":"Clos de l'Oratoire Grand Cru Class\u00e9 | Saint-\u00c9milion | Red","description":"Elegant, structured Saint-\u00c9milion Grand Cru Class\u00e9 with Merlot dominance. Ideal for meats and hearty dishes.","robots":{"index":"index","follow":"follow","max-snippet":"max-snippet:-1","max-image-preview":"max-image-preview:large","max-video-preview":"max-video-preview:-1"},"canonical":"https:\/\/thewineplace.es\/en\/wine-shop\/clos-de-loratoire-grand-cru-classe","og_locale":"en_US","og_type":"article","og_title":"Clos de l'Oratoire Grand Cru Class\u00e9 | Saint-\u00c9milion | Red","og_description":"Elegant, structured Saint-\u00c9milion Grand Cru Class\u00e9 with Merlot dominance. Ideal for meats and hearty dishes.","og_url":"https:\/\/thewineplace.es\/en\/wine-shop\/clos-de-loratoire-grand-cru-classe","og_site_name":"The Wine Place","article_publisher":"https:\/\/www.facebook.com\/TheWinePlace","article_modified_time":"2026-03-16T10:25:59+00:00","og_image":[{"width":800,"height":800,"url":"https:\/\/thewineplace.es\/wp-content\/uploads\/2025\/11\/ClosdelOratoireSt-EmilionGrandCruClasse.png","type":"image\/png"}],"twitter_card":"summary_large_image","twitter_site":"@MarkoneillES","schema":{"@context":"https:\/\/schema.org","@graph":[{"@type":"WebPage","@id":"https:\/\/thewineplace.es\/en\/wine-shop\/clos-de-loratoire-grand-cru-classe","url":"https:\/\/thewineplace.es\/en\/wine-shop\/clos-de-loratoire-grand-cru-classe","name":"Clos de l'Oratoire Grand Cru Class\u00e9 | Saint-\u00c9milion | Red","isPartOf":{"@id":"https:\/\/thewineplace.es\/en#website"},"primaryImageOfPage":{"@id":"https:\/\/thewineplace.es\/en\/wine-shop\/clos-de-loratoire-grand-cru-classe#primaryimage"},"image":{"@id":"https:\/\/thewineplace.es\/en\/wine-shop\/clos-de-loratoire-grand-cru-classe#primaryimage"},"thumbnailUrl":"https:\/\/thewineplace.es\/wp-content\/uploads\/2025\/11\/ClosdelOratoireSt-EmilionGrandCruClasse.png","datePublished":"2025-11-10T16:28:30+00:00","dateModified":"2026-03-16T10:25:59+00:00","description":"Elegant, structured Saint-\u00c9milion Grand Cru Class\u00e9 with Merlot dominance. Ideal for meats and hearty dishes.","breadcrumb":{"@id":"https:\/\/thewineplace.es\/en\/wine-shop\/clos-de-loratoire-grand-cru-classe#breadcrumb"},"inLanguage":"en-US","potentialAction":[{"@type":"ReadAction","target":["https:\/\/thewineplace.es\/en\/wine-shop\/clos-de-loratoire-grand-cru-classe"]}]},{"@type":"ImageObject","inLanguage":"en-US","@id":"https:\/\/thewineplace.es\/en\/wine-shop\/clos-de-loratoire-grand-cru-classe#primaryimage","url":"https:\/\/thewineplace.es\/wp-content\/uploads\/2025\/11\/ClosdelOratoireSt-EmilionGrandCruClasse.png","contentUrl":"https:\/\/thewineplace.es\/wp-content\/uploads\/2025\/11\/ClosdelOratoireSt-EmilionGrandCruClasse.png","width":800,"height":800,"caption":"Clos de l'Oratoire St-\u00c9milion Grand Cru Class\u00e9"},{"@type":"BreadcrumbList","@id":"https:\/\/thewineplace.es\/en\/wine-shop\/clos-de-loratoire-grand-cru-classe#breadcrumb","itemListElement":[{"@type":"ListItem","position":1,"name":"Portada","item":"https:\/\/thewineplace.es\/en"},{"@type":"ListItem","position":2,"name":"Wine Shop","item":"https:\/\/thewineplace.es\/en\/shop"},{"@type":"ListItem","position":3,"name":"Clos de l&#8217;Oratoire Grand Cru Class\u00e9"}]},{"@type":"WebSite","@id":"https:\/\/thewineplace.es\/en#website","url":"https:\/\/thewineplace.es\/en","name":"The Wine Place","description":"Tienda de vinos, cursos y catas de vino en Valencia","publisher":{"@id":"https:\/\/thewineplace.es\/en#organization"},"alternateName":"Tienda de vinos de Valencia","potentialAction":[{"@type":"SearchAction","target":{"@type":"EntryPoint","urlTemplate":"https:\/\/thewineplace.es\/en?s={search_term_string}"},"query-input":{"@type":"PropertyValueSpecification","valueRequired":true,"valueName":"search_term_string"}}],"inLanguage":"en-US"},{"@type":"Organization","@id":"https:\/\/thewineplace.es\/en#organization","name":"The Wine Place","alternateName":"Verde Marte S.L.U.","url":"https:\/\/thewineplace.es\/en","logo":{"@type":"ImageObject","inLanguage":"en-US","@id":"https:\/\/thewineplace.es\/en#\/schema\/logo\/image\/","url":"https:\/\/thewineplace.es\/desarrollo\/wp-content\/uploads\/2025\/05\/favicon.png","contentUrl":"https:\/\/thewineplace.es\/desarrollo\/wp-content\/uploads\/2025\/05\/favicon.png","width":250,"height":250,"caption":"The Wine Place"},"image":{"@id":"https:\/\/thewineplace.es\/en#\/schema\/logo\/image\/"},"sameAs":["https:\/\/www.facebook.com\/TheWinePlace","https:\/\/x.com\/MarkoneillES","https:\/\/www.instagram.com\/thewineplace","https:\/\/www.linkedin.com\/company\/thewineplace-es\/","https:\/\/www.youtube.com\/channel\/UCOzo67E6rQDwHmPAi8EiEdA"]}]}},"_links":{"self":[{"href":"https:\/\/thewineplace.es\/en\/wp-json\/wp\/v2\/product\/22326","targetHints":{"allow":["GET"]}}],"collection":[{"href":"https:\/\/thewineplace.es\/en\/wp-json\/wp\/v2\/product"}],"about":[{"href":"https:\/\/thewineplace.es\/en\/wp-json\/wp\/v2\/types\/product"}],"wp:featuredmedia":[{"embeddable":true,"href":"https:\/\/thewineplace.es\/en\/wp-json\/wp\/v2\/media\/21763"}],"wp:attachment":[{"href":"https:\/\/thewineplace.es\/en\/wp-json\/wp\/v2\/media?parent=22326"}],"wp:term":[{"taxonomy":"product_brand","embeddable":true,"href":"https:\/\/thewineplace.es\/en\/wp-json\/wp\/v2\/product_brand?post=22326"},{"taxonomy":"product_cat","embeddable":true,"href":"https:\/\/thewineplace.es\/en\/wp-json\/wp\/v2\/product_cat?post=22326"},{"taxonomy":"product_tag","embeddable":true,"href":"https:\/\/thewineplace.es\/en\/wp-json\/wp\/v2\/product_tag?post=22326"}],"curies":[{"name":"wp","href":"https:\/\/api.w.org\/{rel}","templated":true}]}}