{"id":22315,"date":"2025-11-10T17:29:53","date_gmt":"2025-11-10T16:29:53","guid":{"rendered":"https:\/\/thewineplace.es\/desarrollo?post_type=product&#038;p=22315"},"modified":"2026-03-16T11:25:57","modified_gmt":"2026-03-16T10:25:57","slug":"r-lopez-de-heredia-vina-tondonia-gran-reserva","status":"publish","type":"product","link":"https:\/\/thewineplace.es\/en\/wine-shop\/r-lopez-de-heredia-vina-tondonia-gran-reserva","title":{"rendered":"R. L\u00f3pez de Heredia Vi\u00f1a Tondonia Gran Reserva"},"content":{"rendered":"<p>R. L\u00f3pez de Heredia Vi\u00f1a Tondonia Gran Reserva is a red wine made in Rioja Alta by R. L\u00f3pez de Heredia. It comes from historic vineyards on the Vi\u00f1a Tondonia estate by the Ebro River and is produced using traditional methods with long ageing in barrel and bottle. It is composed mainly of Tempranillo, with Garnacha, Graciano and Mazuelo. The nose offers complex notes of ripe red fruit, leather, spices and delicate balsamic hints. On the palate it is elegant and deep, with polished tannins, great freshness and a long finish that reflects its extraordinary ageing potential.<\/p>\n","protected":false},"excerpt":{"rendered":"<p>Classic Rioja Alta Gran Reserva: complex and elegant, with long ageing and excellent ageing potential.<\/p>\n","protected":false},"featured_media":21833,"template":"","meta":{"_acf_changed":false,"_joinchat":[]},"product_brand":[],"product_cat":[689],"product_tag":[],"class_list":{"0":"post-22315","1":"product","2":"type-product","3":"status-publish","4":"has-post-thumbnail","6":"product_cat-wine","7":"pa_country-spain","8":"pa_main-grape-garnacha-en","9":"pa_main-grape-graciano-en","10":"pa_main-grape-mazuelo-en","11":"pa_main-grape-tempranillo-en","12":"pa_type-wine-red","14":"first","15":"outofstock","16":"taxable","17":"shipping-taxable","18":"purchasable","19":"product-type-simple"},"acf":[],"yoast_head":"<!-- This site is optimized with the Yoast SEO plugin v27.3 - https:\/\/yoast.com\/product\/yoast-seo-wordpress\/ -->\n<title>R. L\u00f3pez de Heredia Vi\u00f1a Tondonia Gran Reserva | La Rioja Alta | Red<\/title>\n<meta name=\"description\" content=\"Historic Rioja Alta Gran Reserva: elegant and complex, with long ageing and excellent cellaring potential.\" \/>\n<meta name=\"robots\" content=\"index, follow, max-snippet:-1, max-image-preview:large, max-video-preview:-1\" \/>\n<link rel=\"canonical\" href=\"https:\/\/thewineplace.es\/en\/wine-shop\/r-lopez-de-heredia-vina-tondonia-gran-reserva\" \/>\n<meta property=\"og:locale\" content=\"en_US\" \/>\n<meta property=\"og:type\" content=\"article\" \/>\n<meta property=\"og:title\" content=\"R. L\u00f3pez de Heredia Vi\u00f1a Tondonia Gran Reserva | La Rioja Alta | Red\" \/>\n<meta property=\"og:description\" content=\"Historic Rioja Alta Gran Reserva: elegant and complex, with long ageing and excellent cellaring potential.\" \/>\n<meta property=\"og:url\" content=\"https:\/\/thewineplace.es\/en\/wine-shop\/r-lopez-de-heredia-vina-tondonia-gran-reserva\" \/>\n<meta property=\"og:site_name\" content=\"The Wine Place\" \/>\n<meta property=\"article:publisher\" content=\"https:\/\/www.facebook.com\/TheWinePlace\" \/>\n<meta property=\"article:modified_time\" content=\"2026-03-16T10:25:57+00:00\" \/>\n<meta property=\"og:image\" content=\"https:\/\/thewineplace.es\/wp-content\/uploads\/2025\/11\/RLopezdeHerediaVinaTondoniaGranReserva.png\" \/>\n\t<meta property=\"og:image:width\" content=\"800\" \/>\n\t<meta property=\"og:image:height\" content=\"800\" \/>\n\t<meta property=\"og:image:type\" content=\"image\/png\" \/>\n<meta name=\"twitter:card\" content=\"summary_large_image\" \/>\n<meta name=\"twitter:site\" content=\"@MarkoneillES\" \/>\n<meta name=\"twitter:label1\" content=\"Est. reading time\" \/>\n\t<meta name=\"twitter:data1\" content=\"1 minute\" \/>\n<script type=\"application\/ld+json\" class=\"yoast-schema-graph\">{\"@context\":\"https:\\\/\\\/schema.org\",\"@graph\":[{\"@type\":\"WebPage\",\"@id\":\"https:\\\/\\\/thewineplace.es\\\/en\\\/wine-shop\\\/r-lopez-de-heredia-vina-tondonia-gran-reserva\",\"url\":\"https:\\\/\\\/thewineplace.es\\\/en\\\/wine-shop\\\/r-lopez-de-heredia-vina-tondonia-gran-reserva\",\"name\":\"R. L\u00f3pez de Heredia Vi\u00f1a Tondonia Gran Reserva | La Rioja Alta | Red\",\"isPartOf\":{\"@id\":\"https:\\\/\\\/thewineplace.es\\\/en#website\"},\"primaryImageOfPage\":{\"@id\":\"https:\\\/\\\/thewineplace.es\\\/en\\\/wine-shop\\\/r-lopez-de-heredia-vina-tondonia-gran-reserva#primaryimage\"},\"image\":{\"@id\":\"https:\\\/\\\/thewineplace.es\\\/en\\\/wine-shop\\\/r-lopez-de-heredia-vina-tondonia-gran-reserva#primaryimage\"},\"thumbnailUrl\":\"https:\\\/\\\/thewineplace.es\\\/wp-content\\\/uploads\\\/2025\\\/11\\\/RLopezdeHerediaVinaTondoniaGranReserva.png\",\"datePublished\":\"2025-11-10T16:29:53+00:00\",\"dateModified\":\"2026-03-16T10:25:57+00:00\",\"description\":\"Historic Rioja Alta Gran Reserva: elegant and complex, with long ageing and excellent cellaring potential.\",\"breadcrumb\":{\"@id\":\"https:\\\/\\\/thewineplace.es\\\/en\\\/wine-shop\\\/r-lopez-de-heredia-vina-tondonia-gran-reserva#breadcrumb\"},\"inLanguage\":\"en-US\",\"potentialAction\":[{\"@type\":\"ReadAction\",\"target\":[\"https:\\\/\\\/thewineplace.es\\\/en\\\/wine-shop\\\/r-lopez-de-heredia-vina-tondonia-gran-reserva\"]}]},{\"@type\":\"ImageObject\",\"inLanguage\":\"en-US\",\"@id\":\"https:\\\/\\\/thewineplace.es\\\/en\\\/wine-shop\\\/r-lopez-de-heredia-vina-tondonia-gran-reserva#primaryimage\",\"url\":\"https:\\\/\\\/thewineplace.es\\\/wp-content\\\/uploads\\\/2025\\\/11\\\/RLopezdeHerediaVinaTondoniaGranReserva.png\",\"contentUrl\":\"https:\\\/\\\/thewineplace.es\\\/wp-content\\\/uploads\\\/2025\\\/11\\\/RLopezdeHerediaVinaTondoniaGranReserva.png\",\"width\":800,\"height\":800,\"caption\":\"Vino R. L\u00f3pez de Heredia Vi\u00f1a Tondonia Gran Reserva\"},{\"@type\":\"BreadcrumbList\",\"@id\":\"https:\\\/\\\/thewineplace.es\\\/en\\\/wine-shop\\\/r-lopez-de-heredia-vina-tondonia-gran-reserva#breadcrumb\",\"itemListElement\":[{\"@type\":\"ListItem\",\"position\":1,\"name\":\"Portada\",\"item\":\"https:\\\/\\\/thewineplace.es\\\/en\"},{\"@type\":\"ListItem\",\"position\":2,\"name\":\"Wine Shop\",\"item\":\"https:\\\/\\\/thewineplace.es\\\/en\\\/shop\"},{\"@type\":\"ListItem\",\"position\":3,\"name\":\"R. L\u00f3pez de Heredia Vi\u00f1a Tondonia Gran Reserva\"}]},{\"@type\":\"WebSite\",\"@id\":\"https:\\\/\\\/thewineplace.es\\\/en#website\",\"url\":\"https:\\\/\\\/thewineplace.es\\\/en\",\"name\":\"The Wine Place\",\"description\":\"Tienda de vinos, cursos y catas de vino en Valencia\",\"publisher\":{\"@id\":\"https:\\\/\\\/thewineplace.es\\\/en#organization\"},\"alternateName\":\"Tienda de vinos de Valencia\",\"potentialAction\":[{\"@type\":\"SearchAction\",\"target\":{\"@type\":\"EntryPoint\",\"urlTemplate\":\"https:\\\/\\\/thewineplace.es\\\/en?s={search_term_string}\"},\"query-input\":{\"@type\":\"PropertyValueSpecification\",\"valueRequired\":true,\"valueName\":\"search_term_string\"}}],\"inLanguage\":\"en-US\"},{\"@type\":\"Organization\",\"@id\":\"https:\\\/\\\/thewineplace.es\\\/en#organization\",\"name\":\"The Wine Place\",\"alternateName\":\"Verde Marte S.L.U.\",\"url\":\"https:\\\/\\\/thewineplace.es\\\/en\",\"logo\":{\"@type\":\"ImageObject\",\"inLanguage\":\"en-US\",\"@id\":\"https:\\\/\\\/thewineplace.es\\\/en#\\\/schema\\\/logo\\\/image\\\/\",\"url\":\"https:\\\/\\\/thewineplace.es\\\/desarrollo\\\/wp-content\\\/uploads\\\/2025\\\/05\\\/favicon.png\",\"contentUrl\":\"https:\\\/\\\/thewineplace.es\\\/desarrollo\\\/wp-content\\\/uploads\\\/2025\\\/05\\\/favicon.png\",\"width\":250,\"height\":250,\"caption\":\"The Wine Place\"},\"image\":{\"@id\":\"https:\\\/\\\/thewineplace.es\\\/en#\\\/schema\\\/logo\\\/image\\\/\"},\"sameAs\":[\"https:\\\/\\\/www.facebook.com\\\/TheWinePlace\",\"https:\\\/\\\/x.com\\\/MarkoneillES\",\"https:\\\/\\\/www.instagram.com\\\/thewineplace\",\"https:\\\/\\\/www.linkedin.com\\\/company\\\/thewineplace-es\\\/\",\"https:\\\/\\\/www.youtube.com\\\/channel\\\/UCOzo67E6rQDwHmPAi8EiEdA\"]}]}<\/script>\n<!-- \/ Yoast SEO plugin. -->","yoast_head_json":{"title":"R. L\u00f3pez de Heredia Vi\u00f1a Tondonia Gran Reserva | La Rioja Alta | Red","description":"Historic Rioja Alta Gran Reserva: elegant and complex, with long ageing and excellent cellaring potential.","robots":{"index":"index","follow":"follow","max-snippet":"max-snippet:-1","max-image-preview":"max-image-preview:large","max-video-preview":"max-video-preview:-1"},"canonical":"https:\/\/thewineplace.es\/en\/wine-shop\/r-lopez-de-heredia-vina-tondonia-gran-reserva","og_locale":"en_US","og_type":"article","og_title":"R. L\u00f3pez de Heredia Vi\u00f1a Tondonia Gran Reserva | La Rioja Alta | Red","og_description":"Historic Rioja Alta Gran Reserva: elegant and complex, with long ageing and excellent cellaring potential.","og_url":"https:\/\/thewineplace.es\/en\/wine-shop\/r-lopez-de-heredia-vina-tondonia-gran-reserva","og_site_name":"The Wine Place","article_publisher":"https:\/\/www.facebook.com\/TheWinePlace","article_modified_time":"2026-03-16T10:25:57+00:00","og_image":[{"width":800,"height":800,"url":"https:\/\/thewineplace.es\/wp-content\/uploads\/2025\/11\/RLopezdeHerediaVinaTondoniaGranReserva.png","type":"image\/png"}],"twitter_card":"summary_large_image","twitter_site":"@MarkoneillES","twitter_misc":{"Est. reading time":"1 minute"},"schema":{"@context":"https:\/\/schema.org","@graph":[{"@type":"WebPage","@id":"https:\/\/thewineplace.es\/en\/wine-shop\/r-lopez-de-heredia-vina-tondonia-gran-reserva","url":"https:\/\/thewineplace.es\/en\/wine-shop\/r-lopez-de-heredia-vina-tondonia-gran-reserva","name":"R. L\u00f3pez de Heredia Vi\u00f1a Tondonia Gran Reserva | La Rioja Alta | Red","isPartOf":{"@id":"https:\/\/thewineplace.es\/en#website"},"primaryImageOfPage":{"@id":"https:\/\/thewineplace.es\/en\/wine-shop\/r-lopez-de-heredia-vina-tondonia-gran-reserva#primaryimage"},"image":{"@id":"https:\/\/thewineplace.es\/en\/wine-shop\/r-lopez-de-heredia-vina-tondonia-gran-reserva#primaryimage"},"thumbnailUrl":"https:\/\/thewineplace.es\/wp-content\/uploads\/2025\/11\/RLopezdeHerediaVinaTondoniaGranReserva.png","datePublished":"2025-11-10T16:29:53+00:00","dateModified":"2026-03-16T10:25:57+00:00","description":"Historic Rioja Alta Gran Reserva: elegant and complex, with long ageing and excellent cellaring potential.","breadcrumb":{"@id":"https:\/\/thewineplace.es\/en\/wine-shop\/r-lopez-de-heredia-vina-tondonia-gran-reserva#breadcrumb"},"inLanguage":"en-US","potentialAction":[{"@type":"ReadAction","target":["https:\/\/thewineplace.es\/en\/wine-shop\/r-lopez-de-heredia-vina-tondonia-gran-reserva"]}]},{"@type":"ImageObject","inLanguage":"en-US","@id":"https:\/\/thewineplace.es\/en\/wine-shop\/r-lopez-de-heredia-vina-tondonia-gran-reserva#primaryimage","url":"https:\/\/thewineplace.es\/wp-content\/uploads\/2025\/11\/RLopezdeHerediaVinaTondoniaGranReserva.png","contentUrl":"https:\/\/thewineplace.es\/wp-content\/uploads\/2025\/11\/RLopezdeHerediaVinaTondoniaGranReserva.png","width":800,"height":800,"caption":"Vino R. L\u00f3pez de Heredia Vi\u00f1a Tondonia Gran Reserva"},{"@type":"BreadcrumbList","@id":"https:\/\/thewineplace.es\/en\/wine-shop\/r-lopez-de-heredia-vina-tondonia-gran-reserva#breadcrumb","itemListElement":[{"@type":"ListItem","position":1,"name":"Portada","item":"https:\/\/thewineplace.es\/en"},{"@type":"ListItem","position":2,"name":"Wine Shop","item":"https:\/\/thewineplace.es\/en\/shop"},{"@type":"ListItem","position":3,"name":"R. L\u00f3pez de Heredia Vi\u00f1a Tondonia Gran Reserva"}]},{"@type":"WebSite","@id":"https:\/\/thewineplace.es\/en#website","url":"https:\/\/thewineplace.es\/en","name":"The Wine Place","description":"Tienda de vinos, cursos y catas de vino en Valencia","publisher":{"@id":"https:\/\/thewineplace.es\/en#organization"},"alternateName":"Tienda de vinos de Valencia","potentialAction":[{"@type":"SearchAction","target":{"@type":"EntryPoint","urlTemplate":"https:\/\/thewineplace.es\/en?s={search_term_string}"},"query-input":{"@type":"PropertyValueSpecification","valueRequired":true,"valueName":"search_term_string"}}],"inLanguage":"en-US"},{"@type":"Organization","@id":"https:\/\/thewineplace.es\/en#organization","name":"The Wine Place","alternateName":"Verde Marte S.L.U.","url":"https:\/\/thewineplace.es\/en","logo":{"@type":"ImageObject","inLanguage":"en-US","@id":"https:\/\/thewineplace.es\/en#\/schema\/logo\/image\/","url":"https:\/\/thewineplace.es\/desarrollo\/wp-content\/uploads\/2025\/05\/favicon.png","contentUrl":"https:\/\/thewineplace.es\/desarrollo\/wp-content\/uploads\/2025\/05\/favicon.png","width":250,"height":250,"caption":"The Wine Place"},"image":{"@id":"https:\/\/thewineplace.es\/en#\/schema\/logo\/image\/"},"sameAs":["https:\/\/www.facebook.com\/TheWinePlace","https:\/\/x.com\/MarkoneillES","https:\/\/www.instagram.com\/thewineplace","https:\/\/www.linkedin.com\/company\/thewineplace-es\/","https:\/\/www.youtube.com\/channel\/UCOzo67E6rQDwHmPAi8EiEdA"]}]}},"_links":{"self":[{"href":"https:\/\/thewineplace.es\/en\/wp-json\/wp\/v2\/product\/22315","targetHints":{"allow":["GET"]}}],"collection":[{"href":"https:\/\/thewineplace.es\/en\/wp-json\/wp\/v2\/product"}],"about":[{"href":"https:\/\/thewineplace.es\/en\/wp-json\/wp\/v2\/types\/product"}],"wp:featuredmedia":[{"embeddable":true,"href":"https:\/\/thewineplace.es\/en\/wp-json\/wp\/v2\/media\/21833"}],"wp:attachment":[{"href":"https:\/\/thewineplace.es\/en\/wp-json\/wp\/v2\/media?parent=22315"}],"wp:term":[{"taxonomy":"product_brand","embeddable":true,"href":"https:\/\/thewineplace.es\/en\/wp-json\/wp\/v2\/product_brand?post=22315"},{"taxonomy":"product_cat","embeddable":true,"href":"https:\/\/thewineplace.es\/en\/wp-json\/wp\/v2\/product_cat?post=22315"},{"taxonomy":"product_tag","embeddable":true,"href":"https:\/\/thewineplace.es\/en\/wp-json\/wp\/v2\/product_tag?post=22315"}],"curies":[{"name":"wp","href":"https:\/\/api.w.org\/{rel}","templated":true}]}}