{"id":22312,"date":"2025-11-10T17:19:58","date_gmt":"2025-11-10T16:19:58","guid":{"rendered":"https:\/\/thewineplace.es\/desarrollo?post_type=product&#038;p=22312"},"modified":"2026-03-20T14:53:41","modified_gmt":"2026-03-20T13:53:41","slug":"barbadillo-as-de-mirabras","status":"publish","type":"product","link":"https:\/\/thewineplace.es\/en\/wine-shop\/barbadillo-as-de-mirabras","title":{"rendered":"Barbadillo \u00c1s de Mirabr\u00e1s"},"content":{"rendered":"<p>Barbadillo \u00c1s de Mirabr\u00e1s is a white wine made by Bodegas Barbadillo in the province of C\u00e1diz from the native Palomino Fino variety. From vineyards on albariza soils, it reflects the Atlantic character of the Sherry Triangle through a still-wine expression. The nose offers notes of white fruit, saline hints and subtle herbal nuances. On the palate it is dry and fresh, with good acidity, a light texture and a clean finish that highlights its mineral profile. A C\u00e1diz white with identity and a clear sense of place.<\/p>\n","protected":false},"excerpt":{"rendered":"<p>C\u00e1diz white made from Palomino Fino: dry and fresh, with saline character and a mineral profile.<\/p>\n","protected":false},"featured_media":21419,"template":"","meta":{"_acf_changed":false,"_joinchat":[]},"product_brand":[],"product_cat":[689],"product_tag":[],"class_list":{"0":"post-22312","1":"product","2":"type-product","3":"status-publish","4":"has-post-thumbnail","6":"product_cat-wine","7":"pa_country-spain","8":"pa_main-grape-other-varietals","9":"pa_type-wine-white","11":"first","12":"instock","13":"taxable","14":"shipping-taxable","15":"purchasable","16":"product-type-simple"},"acf":[],"yoast_head":"<!-- This site is optimized with the Yoast SEO plugin v27.4 - https:\/\/yoast.com\/product\/yoast-seo-wordpress\/ -->\n<title>Barbadillo \u00c1s de Mirabr\u00e1s | C\u00e1diz | White<\/title>\n<meta name=\"description\" content=\"Fresh, saline C\u00e1diz white from Palomino Fino. Ideal for seafood and Andalusian cuisine.\" \/>\n<meta name=\"robots\" content=\"index, follow, max-snippet:-1, max-image-preview:large, max-video-preview:-1\" \/>\n<link rel=\"canonical\" href=\"https:\/\/thewineplace.es\/en\/wine-shop\/barbadillo-as-de-mirabras\" \/>\n<meta property=\"og:locale\" content=\"en_US\" \/>\n<meta property=\"og:type\" content=\"article\" \/>\n<meta property=\"og:title\" content=\"Barbadillo \u00c1s de Mirabr\u00e1s | C\u00e1diz | White\" \/>\n<meta property=\"og:description\" content=\"Fresh, saline C\u00e1diz white from Palomino Fino. Ideal for seafood and Andalusian cuisine.\" \/>\n<meta property=\"og:url\" content=\"https:\/\/thewineplace.es\/en\/wine-shop\/barbadillo-as-de-mirabras\" \/>\n<meta property=\"og:site_name\" content=\"The Wine Place\" \/>\n<meta property=\"article:publisher\" content=\"https:\/\/www.facebook.com\/TheWinePlace\" \/>\n<meta property=\"article:modified_time\" content=\"2026-03-20T13:53:41+00:00\" \/>\n<meta property=\"og:image\" content=\"https:\/\/thewineplace.es\/wp-content\/uploads\/2025\/11\/barbadillo-as-de-mirabras.png\" \/>\n\t<meta property=\"og:image:width\" content=\"800\" \/>\n\t<meta property=\"og:image:height\" content=\"800\" \/>\n\t<meta property=\"og:image:type\" content=\"image\/png\" \/>\n<meta name=\"twitter:card\" content=\"summary_large_image\" \/>\n<meta name=\"twitter:site\" content=\"@MarkoneillES\" \/>\n<script type=\"application\/ld+json\" class=\"yoast-schema-graph\">{\"@context\":\"https:\\\/\\\/schema.org\",\"@graph\":[{\"@type\":\"WebPage\",\"@id\":\"https:\\\/\\\/thewineplace.es\\\/en\\\/wine-shop\\\/barbadillo-as-de-mirabras\",\"url\":\"https:\\\/\\\/thewineplace.es\\\/en\\\/wine-shop\\\/barbadillo-as-de-mirabras\",\"name\":\"Barbadillo \u00c1s de Mirabr\u00e1s | C\u00e1diz | White\",\"isPartOf\":{\"@id\":\"https:\\\/\\\/thewineplace.es\\\/en#website\"},\"primaryImageOfPage\":{\"@id\":\"https:\\\/\\\/thewineplace.es\\\/en\\\/wine-shop\\\/barbadillo-as-de-mirabras#primaryimage\"},\"image\":{\"@id\":\"https:\\\/\\\/thewineplace.es\\\/en\\\/wine-shop\\\/barbadillo-as-de-mirabras#primaryimage\"},\"thumbnailUrl\":\"https:\\\/\\\/thewineplace.es\\\/wp-content\\\/uploads\\\/2025\\\/11\\\/barbadillo-as-de-mirabras.png\",\"datePublished\":\"2025-11-10T16:19:58+00:00\",\"dateModified\":\"2026-03-20T13:53:41+00:00\",\"description\":\"Fresh, saline C\u00e1diz white from Palomino Fino. Ideal for seafood and Andalusian cuisine.\",\"breadcrumb\":{\"@id\":\"https:\\\/\\\/thewineplace.es\\\/en\\\/wine-shop\\\/barbadillo-as-de-mirabras#breadcrumb\"},\"inLanguage\":\"en-US\",\"potentialAction\":[{\"@type\":\"ReadAction\",\"target\":[\"https:\\\/\\\/thewineplace.es\\\/en\\\/wine-shop\\\/barbadillo-as-de-mirabras\"]}]},{\"@type\":\"ImageObject\",\"inLanguage\":\"en-US\",\"@id\":\"https:\\\/\\\/thewineplace.es\\\/en\\\/wine-shop\\\/barbadillo-as-de-mirabras#primaryimage\",\"url\":\"https:\\\/\\\/thewineplace.es\\\/wp-content\\\/uploads\\\/2025\\\/11\\\/barbadillo-as-de-mirabras.png\",\"contentUrl\":\"https:\\\/\\\/thewineplace.es\\\/wp-content\\\/uploads\\\/2025\\\/11\\\/barbadillo-as-de-mirabras.png\",\"width\":800,\"height\":800,\"caption\":\"Vino blanco Barbadillo \u00c1s de Mirabr\u00e1s\"},{\"@type\":\"BreadcrumbList\",\"@id\":\"https:\\\/\\\/thewineplace.es\\\/en\\\/wine-shop\\\/barbadillo-as-de-mirabras#breadcrumb\",\"itemListElement\":[{\"@type\":\"ListItem\",\"position\":1,\"name\":\"Portada\",\"item\":\"https:\\\/\\\/thewineplace.es\\\/en\"},{\"@type\":\"ListItem\",\"position\":2,\"name\":\"Wine Shop\",\"item\":\"https:\\\/\\\/thewineplace.es\\\/en\\\/shop\"},{\"@type\":\"ListItem\",\"position\":3,\"name\":\"Barbadillo \u00c1s de Mirabr\u00e1s\"}]},{\"@type\":\"WebSite\",\"@id\":\"https:\\\/\\\/thewineplace.es\\\/en#website\",\"url\":\"https:\\\/\\\/thewineplace.es\\\/en\",\"name\":\"The Wine Place\",\"description\":\"Tienda de vinos, cursos y catas de vino en Valencia\",\"publisher\":{\"@id\":\"https:\\\/\\\/thewineplace.es\\\/en#organization\"},\"alternateName\":\"Tienda de vinos de Valencia\",\"potentialAction\":[{\"@type\":\"SearchAction\",\"target\":{\"@type\":\"EntryPoint\",\"urlTemplate\":\"https:\\\/\\\/thewineplace.es\\\/en?s={search_term_string}\"},\"query-input\":{\"@type\":\"PropertyValueSpecification\",\"valueRequired\":true,\"valueName\":\"search_term_string\"}}],\"inLanguage\":\"en-US\"},{\"@type\":\"Organization\",\"@id\":\"https:\\\/\\\/thewineplace.es\\\/en#organization\",\"name\":\"The Wine Place\",\"alternateName\":\"Verde Marte S.L.U.\",\"url\":\"https:\\\/\\\/thewineplace.es\\\/en\",\"logo\":{\"@type\":\"ImageObject\",\"inLanguage\":\"en-US\",\"@id\":\"https:\\\/\\\/thewineplace.es\\\/en#\\\/schema\\\/logo\\\/image\\\/\",\"url\":\"https:\\\/\\\/thewineplace.es\\\/desarrollo\\\/wp-content\\\/uploads\\\/2025\\\/05\\\/favicon.png\",\"contentUrl\":\"https:\\\/\\\/thewineplace.es\\\/desarrollo\\\/wp-content\\\/uploads\\\/2025\\\/05\\\/favicon.png\",\"width\":250,\"height\":250,\"caption\":\"The Wine Place\"},\"image\":{\"@id\":\"https:\\\/\\\/thewineplace.es\\\/en#\\\/schema\\\/logo\\\/image\\\/\"},\"sameAs\":[\"https:\\\/\\\/www.facebook.com\\\/TheWinePlace\",\"https:\\\/\\\/x.com\\\/MarkoneillES\",\"https:\\\/\\\/www.instagram.com\\\/thewineplace\",\"https:\\\/\\\/www.linkedin.com\\\/company\\\/thewineplace-es\\\/\",\"https:\\\/\\\/www.youtube.com\\\/channel\\\/UCOzo67E6rQDwHmPAi8EiEdA\"]}]}<\/script>\n<!-- \/ Yoast SEO plugin. -->","yoast_head_json":{"title":"Barbadillo \u00c1s de Mirabr\u00e1s | C\u00e1diz | White","description":"Fresh, saline C\u00e1diz white from Palomino Fino. Ideal for seafood and Andalusian cuisine.","robots":{"index":"index","follow":"follow","max-snippet":"max-snippet:-1","max-image-preview":"max-image-preview:large","max-video-preview":"max-video-preview:-1"},"canonical":"https:\/\/thewineplace.es\/en\/wine-shop\/barbadillo-as-de-mirabras","og_locale":"en_US","og_type":"article","og_title":"Barbadillo \u00c1s de Mirabr\u00e1s | C\u00e1diz | White","og_description":"Fresh, saline C\u00e1diz white from Palomino Fino. Ideal for seafood and Andalusian cuisine.","og_url":"https:\/\/thewineplace.es\/en\/wine-shop\/barbadillo-as-de-mirabras","og_site_name":"The Wine Place","article_publisher":"https:\/\/www.facebook.com\/TheWinePlace","article_modified_time":"2026-03-20T13:53:41+00:00","og_image":[{"width":800,"height":800,"url":"https:\/\/thewineplace.es\/wp-content\/uploads\/2025\/11\/barbadillo-as-de-mirabras.png","type":"image\/png"}],"twitter_card":"summary_large_image","twitter_site":"@MarkoneillES","schema":{"@context":"https:\/\/schema.org","@graph":[{"@type":"WebPage","@id":"https:\/\/thewineplace.es\/en\/wine-shop\/barbadillo-as-de-mirabras","url":"https:\/\/thewineplace.es\/en\/wine-shop\/barbadillo-as-de-mirabras","name":"Barbadillo \u00c1s de Mirabr\u00e1s | C\u00e1diz | White","isPartOf":{"@id":"https:\/\/thewineplace.es\/en#website"},"primaryImageOfPage":{"@id":"https:\/\/thewineplace.es\/en\/wine-shop\/barbadillo-as-de-mirabras#primaryimage"},"image":{"@id":"https:\/\/thewineplace.es\/en\/wine-shop\/barbadillo-as-de-mirabras#primaryimage"},"thumbnailUrl":"https:\/\/thewineplace.es\/wp-content\/uploads\/2025\/11\/barbadillo-as-de-mirabras.png","datePublished":"2025-11-10T16:19:58+00:00","dateModified":"2026-03-20T13:53:41+00:00","description":"Fresh, saline C\u00e1diz white from Palomino Fino. Ideal for seafood and Andalusian cuisine.","breadcrumb":{"@id":"https:\/\/thewineplace.es\/en\/wine-shop\/barbadillo-as-de-mirabras#breadcrumb"},"inLanguage":"en-US","potentialAction":[{"@type":"ReadAction","target":["https:\/\/thewineplace.es\/en\/wine-shop\/barbadillo-as-de-mirabras"]}]},{"@type":"ImageObject","inLanguage":"en-US","@id":"https:\/\/thewineplace.es\/en\/wine-shop\/barbadillo-as-de-mirabras#primaryimage","url":"https:\/\/thewineplace.es\/wp-content\/uploads\/2025\/11\/barbadillo-as-de-mirabras.png","contentUrl":"https:\/\/thewineplace.es\/wp-content\/uploads\/2025\/11\/barbadillo-as-de-mirabras.png","width":800,"height":800,"caption":"Vino blanco Barbadillo \u00c1s de Mirabr\u00e1s"},{"@type":"BreadcrumbList","@id":"https:\/\/thewineplace.es\/en\/wine-shop\/barbadillo-as-de-mirabras#breadcrumb","itemListElement":[{"@type":"ListItem","position":1,"name":"Portada","item":"https:\/\/thewineplace.es\/en"},{"@type":"ListItem","position":2,"name":"Wine Shop","item":"https:\/\/thewineplace.es\/en\/shop"},{"@type":"ListItem","position":3,"name":"Barbadillo \u00c1s de Mirabr\u00e1s"}]},{"@type":"WebSite","@id":"https:\/\/thewineplace.es\/en#website","url":"https:\/\/thewineplace.es\/en","name":"The Wine Place","description":"Tienda de vinos, cursos y catas de vino en Valencia","publisher":{"@id":"https:\/\/thewineplace.es\/en#organization"},"alternateName":"Tienda de vinos de Valencia","potentialAction":[{"@type":"SearchAction","target":{"@type":"EntryPoint","urlTemplate":"https:\/\/thewineplace.es\/en?s={search_term_string}"},"query-input":{"@type":"PropertyValueSpecification","valueRequired":true,"valueName":"search_term_string"}}],"inLanguage":"en-US"},{"@type":"Organization","@id":"https:\/\/thewineplace.es\/en#organization","name":"The Wine Place","alternateName":"Verde Marte S.L.U.","url":"https:\/\/thewineplace.es\/en","logo":{"@type":"ImageObject","inLanguage":"en-US","@id":"https:\/\/thewineplace.es\/en#\/schema\/logo\/image\/","url":"https:\/\/thewineplace.es\/desarrollo\/wp-content\/uploads\/2025\/05\/favicon.png","contentUrl":"https:\/\/thewineplace.es\/desarrollo\/wp-content\/uploads\/2025\/05\/favicon.png","width":250,"height":250,"caption":"The Wine Place"},"image":{"@id":"https:\/\/thewineplace.es\/en#\/schema\/logo\/image\/"},"sameAs":["https:\/\/www.facebook.com\/TheWinePlace","https:\/\/x.com\/MarkoneillES","https:\/\/www.instagram.com\/thewineplace","https:\/\/www.linkedin.com\/company\/thewineplace-es\/","https:\/\/www.youtube.com\/channel\/UCOzo67E6rQDwHmPAi8EiEdA"]}]}},"_links":{"self":[{"href":"https:\/\/thewineplace.es\/en\/wp-json\/wp\/v2\/product\/22312","targetHints":{"allow":["GET"]}}],"collection":[{"href":"https:\/\/thewineplace.es\/en\/wp-json\/wp\/v2\/product"}],"about":[{"href":"https:\/\/thewineplace.es\/en\/wp-json\/wp\/v2\/types\/product"}],"wp:featuredmedia":[{"embeddable":true,"href":"https:\/\/thewineplace.es\/en\/wp-json\/wp\/v2\/media\/21419"}],"wp:attachment":[{"href":"https:\/\/thewineplace.es\/en\/wp-json\/wp\/v2\/media?parent=22312"}],"wp:term":[{"taxonomy":"product_brand","embeddable":true,"href":"https:\/\/thewineplace.es\/en\/wp-json\/wp\/v2\/product_brand?post=22312"},{"taxonomy":"product_cat","embeddable":true,"href":"https:\/\/thewineplace.es\/en\/wp-json\/wp\/v2\/product_cat?post=22312"},{"taxonomy":"product_tag","embeddable":true,"href":"https:\/\/thewineplace.es\/en\/wp-json\/wp\/v2\/product_tag?post=22312"}],"curies":[{"name":"wp","href":"https:\/\/api.w.org\/{rel}","templated":true}]}}