{"id":22304,"date":"2023-10-20T09:29:05","date_gmt":"2023-10-20T07:29:05","guid":{"rendered":"https:\/\/thewineplace.es\/desarrollo?post_type=product&#038;p=22304"},"modified":"2026-03-16T11:26:21","modified_gmt":"2026-03-16T10:26:21","slug":"chateau-carbonneau-la-verriere-tinto","status":"publish","type":"product","link":"https:\/\/thewineplace.es\/en\/wine-shop\/chateau-carbonneau-la-verriere-tinto","title":{"rendered":"Ch\u00e2teau Carbonneau La Verri\u00e8re Rouge"},"content":{"rendered":"<p>Ch\u00e2teau Carbonneau La Verri\u00e8re Rouge is a red wine made in Bordeaux by Ch\u00e2teau Carbonneau. From Right Bank vineyards, it blends traditional Bordeaux varieties to deliver a balanced, elegant profile. The nose shows aromas of ripe red and black fruits, with subtle spicy notes and light toasted nuances. On the palate it is structured and harmonious, with round tannins, good acidity and a persistent finish that brings depth without losing freshness. A classic Bordeaux red, versatile and refined in style.<\/p>\n","protected":false},"excerpt":{"rendered":"<p>Balanced, elegant Bordeaux red with red and black fruit and round tannins.<\/p>\n","protected":false},"featured_media":21395,"template":"","meta":{"_acf_changed":false,"_joinchat":[]},"product_brand":[],"product_cat":[689],"product_tag":[],"class_list":{"0":"post-22304","1":"product","2":"type-product","3":"status-publish","4":"has-post-thumbnail","6":"product_cat-wine","7":"pa_country-france","8":"pa_main-grape-cabernet-franc-en","9":"pa_main-grape-cabernet-sauvignon-en","10":"pa_main-grape-merlot-en","11":"pa_type-wine-red","13":"first","14":"instock","15":"taxable","16":"shipping-taxable","17":"purchasable","18":"product-type-simple"},"acf":[],"yoast_head":"<!-- This site is optimized with the Yoast SEO plugin v27.3 - https:\/\/yoast.com\/product\/yoast-seo-wordpress\/ -->\n<title>Ch\u00e2teau Carbonneau La Verri\u00e8re Rouge | Burdeos | Red<\/title>\n<meta name=\"description\" content=\"Classic Bordeaux red, balanced and elegant, with ripe fruit and good structure. Ideal for meats.\" \/>\n<meta name=\"robots\" content=\"index, follow, max-snippet:-1, max-image-preview:large, max-video-preview:-1\" \/>\n<link rel=\"canonical\" href=\"https:\/\/thewineplace.es\/en\/wine-shop\/chateau-carbonneau-la-verriere-tinto\" \/>\n<meta property=\"og:locale\" content=\"en_US\" \/>\n<meta property=\"og:type\" content=\"article\" \/>\n<meta property=\"og:title\" content=\"Ch\u00e2teau Carbonneau La Verri\u00e8re Rouge | Burdeos | Red\" \/>\n<meta property=\"og:description\" content=\"Classic Bordeaux red, balanced and elegant, with ripe fruit and good structure. Ideal for meats.\" \/>\n<meta property=\"og:url\" content=\"https:\/\/thewineplace.es\/en\/wine-shop\/chateau-carbonneau-la-verriere-tinto\" \/>\n<meta property=\"og:site_name\" content=\"The Wine Place\" \/>\n<meta property=\"article:publisher\" content=\"https:\/\/www.facebook.com\/TheWinePlace\" \/>\n<meta property=\"article:modified_time\" content=\"2026-03-16T10:26:21+00:00\" \/>\n<meta property=\"og:image\" content=\"https:\/\/thewineplace.es\/wp-content\/uploads\/2023\/10\/10379-chateau-carbonneau-la-verriere-rouge.png\" \/>\n\t<meta property=\"og:image:width\" content=\"800\" \/>\n\t<meta property=\"og:image:height\" content=\"800\" \/>\n\t<meta property=\"og:image:type\" content=\"image\/png\" \/>\n<meta name=\"twitter:card\" content=\"summary_large_image\" \/>\n<meta name=\"twitter:site\" content=\"@MarkoneillES\" \/>\n<script type=\"application\/ld+json\" class=\"yoast-schema-graph\">{\"@context\":\"https:\\\/\\\/schema.org\",\"@graph\":[{\"@type\":\"WebPage\",\"@id\":\"https:\\\/\\\/thewineplace.es\\\/en\\\/wine-shop\\\/chateau-carbonneau-la-verriere-tinto\",\"url\":\"https:\\\/\\\/thewineplace.es\\\/en\\\/wine-shop\\\/chateau-carbonneau-la-verriere-tinto\",\"name\":\"Ch\u00e2teau Carbonneau La Verri\u00e8re Rouge | Burdeos | Red\",\"isPartOf\":{\"@id\":\"https:\\\/\\\/thewineplace.es\\\/en#website\"},\"primaryImageOfPage\":{\"@id\":\"https:\\\/\\\/thewineplace.es\\\/en\\\/wine-shop\\\/chateau-carbonneau-la-verriere-tinto#primaryimage\"},\"image\":{\"@id\":\"https:\\\/\\\/thewineplace.es\\\/en\\\/wine-shop\\\/chateau-carbonneau-la-verriere-tinto#primaryimage\"},\"thumbnailUrl\":\"https:\\\/\\\/thewineplace.es\\\/wp-content\\\/uploads\\\/2023\\\/10\\\/10379-chateau-carbonneau-la-verriere-rouge.png\",\"datePublished\":\"2023-10-20T07:29:05+00:00\",\"dateModified\":\"2026-03-16T10:26:21+00:00\",\"description\":\"Classic Bordeaux red, balanced and elegant, with ripe fruit and good structure. Ideal for meats.\",\"breadcrumb\":{\"@id\":\"https:\\\/\\\/thewineplace.es\\\/en\\\/wine-shop\\\/chateau-carbonneau-la-verriere-tinto#breadcrumb\"},\"inLanguage\":\"en-US\",\"potentialAction\":[{\"@type\":\"ReadAction\",\"target\":[\"https:\\\/\\\/thewineplace.es\\\/en\\\/wine-shop\\\/chateau-carbonneau-la-verriere-tinto\"]}]},{\"@type\":\"ImageObject\",\"inLanguage\":\"en-US\",\"@id\":\"https:\\\/\\\/thewineplace.es\\\/en\\\/wine-shop\\\/chateau-carbonneau-la-verriere-tinto#primaryimage\",\"url\":\"https:\\\/\\\/thewineplace.es\\\/wp-content\\\/uploads\\\/2023\\\/10\\\/10379-chateau-carbonneau-la-verriere-rouge.png\",\"contentUrl\":\"https:\\\/\\\/thewineplace.es\\\/wp-content\\\/uploads\\\/2023\\\/10\\\/10379-chateau-carbonneau-la-verriere-rouge.png\",\"width\":800,\"height\":800,\"caption\":\"Vino Ch\u00e2teau Carbonneau La Verri\u00e8re Rouge\"},{\"@type\":\"BreadcrumbList\",\"@id\":\"https:\\\/\\\/thewineplace.es\\\/en\\\/wine-shop\\\/chateau-carbonneau-la-verriere-tinto#breadcrumb\",\"itemListElement\":[{\"@type\":\"ListItem\",\"position\":1,\"name\":\"Portada\",\"item\":\"https:\\\/\\\/thewineplace.es\\\/en\"},{\"@type\":\"ListItem\",\"position\":2,\"name\":\"Wine Shop\",\"item\":\"https:\\\/\\\/thewineplace.es\\\/en\\\/shop\"},{\"@type\":\"ListItem\",\"position\":3,\"name\":\"Ch\u00e2teau Carbonneau La Verri\u00e8re Rouge\"}]},{\"@type\":\"WebSite\",\"@id\":\"https:\\\/\\\/thewineplace.es\\\/en#website\",\"url\":\"https:\\\/\\\/thewineplace.es\\\/en\",\"name\":\"The Wine Place\",\"description\":\"Tienda de vinos, cursos y catas de vino en Valencia\",\"publisher\":{\"@id\":\"https:\\\/\\\/thewineplace.es\\\/en#organization\"},\"alternateName\":\"Tienda de vinos de Valencia\",\"potentialAction\":[{\"@type\":\"SearchAction\",\"target\":{\"@type\":\"EntryPoint\",\"urlTemplate\":\"https:\\\/\\\/thewineplace.es\\\/en?s={search_term_string}\"},\"query-input\":{\"@type\":\"PropertyValueSpecification\",\"valueRequired\":true,\"valueName\":\"search_term_string\"}}],\"inLanguage\":\"en-US\"},{\"@type\":\"Organization\",\"@id\":\"https:\\\/\\\/thewineplace.es\\\/en#organization\",\"name\":\"The Wine Place\",\"alternateName\":\"Verde Marte S.L.U.\",\"url\":\"https:\\\/\\\/thewineplace.es\\\/en\",\"logo\":{\"@type\":\"ImageObject\",\"inLanguage\":\"en-US\",\"@id\":\"https:\\\/\\\/thewineplace.es\\\/en#\\\/schema\\\/logo\\\/image\\\/\",\"url\":\"https:\\\/\\\/thewineplace.es\\\/desarrollo\\\/wp-content\\\/uploads\\\/2025\\\/05\\\/favicon.png\",\"contentUrl\":\"https:\\\/\\\/thewineplace.es\\\/desarrollo\\\/wp-content\\\/uploads\\\/2025\\\/05\\\/favicon.png\",\"width\":250,\"height\":250,\"caption\":\"The Wine Place\"},\"image\":{\"@id\":\"https:\\\/\\\/thewineplace.es\\\/en#\\\/schema\\\/logo\\\/image\\\/\"},\"sameAs\":[\"https:\\\/\\\/www.facebook.com\\\/TheWinePlace\",\"https:\\\/\\\/x.com\\\/MarkoneillES\",\"https:\\\/\\\/www.instagram.com\\\/thewineplace\",\"https:\\\/\\\/www.linkedin.com\\\/company\\\/thewineplace-es\\\/\",\"https:\\\/\\\/www.youtube.com\\\/channel\\\/UCOzo67E6rQDwHmPAi8EiEdA\"]}]}<\/script>\n<!-- \/ Yoast SEO plugin. -->","yoast_head_json":{"title":"Ch\u00e2teau Carbonneau La Verri\u00e8re Rouge | Burdeos | Red","description":"Classic Bordeaux red, balanced and elegant, with ripe fruit and good structure. Ideal for meats.","robots":{"index":"index","follow":"follow","max-snippet":"max-snippet:-1","max-image-preview":"max-image-preview:large","max-video-preview":"max-video-preview:-1"},"canonical":"https:\/\/thewineplace.es\/en\/wine-shop\/chateau-carbonneau-la-verriere-tinto","og_locale":"en_US","og_type":"article","og_title":"Ch\u00e2teau Carbonneau La Verri\u00e8re Rouge | Burdeos | Red","og_description":"Classic Bordeaux red, balanced and elegant, with ripe fruit and good structure. Ideal for meats.","og_url":"https:\/\/thewineplace.es\/en\/wine-shop\/chateau-carbonneau-la-verriere-tinto","og_site_name":"The Wine Place","article_publisher":"https:\/\/www.facebook.com\/TheWinePlace","article_modified_time":"2026-03-16T10:26:21+00:00","og_image":[{"width":800,"height":800,"url":"https:\/\/thewineplace.es\/wp-content\/uploads\/2023\/10\/10379-chateau-carbonneau-la-verriere-rouge.png","type":"image\/png"}],"twitter_card":"summary_large_image","twitter_site":"@MarkoneillES","schema":{"@context":"https:\/\/schema.org","@graph":[{"@type":"WebPage","@id":"https:\/\/thewineplace.es\/en\/wine-shop\/chateau-carbonneau-la-verriere-tinto","url":"https:\/\/thewineplace.es\/en\/wine-shop\/chateau-carbonneau-la-verriere-tinto","name":"Ch\u00e2teau Carbonneau La Verri\u00e8re Rouge | Burdeos | Red","isPartOf":{"@id":"https:\/\/thewineplace.es\/en#website"},"primaryImageOfPage":{"@id":"https:\/\/thewineplace.es\/en\/wine-shop\/chateau-carbonneau-la-verriere-tinto#primaryimage"},"image":{"@id":"https:\/\/thewineplace.es\/en\/wine-shop\/chateau-carbonneau-la-verriere-tinto#primaryimage"},"thumbnailUrl":"https:\/\/thewineplace.es\/wp-content\/uploads\/2023\/10\/10379-chateau-carbonneau-la-verriere-rouge.png","datePublished":"2023-10-20T07:29:05+00:00","dateModified":"2026-03-16T10:26:21+00:00","description":"Classic Bordeaux red, balanced and elegant, with ripe fruit and good structure. Ideal for meats.","breadcrumb":{"@id":"https:\/\/thewineplace.es\/en\/wine-shop\/chateau-carbonneau-la-verriere-tinto#breadcrumb"},"inLanguage":"en-US","potentialAction":[{"@type":"ReadAction","target":["https:\/\/thewineplace.es\/en\/wine-shop\/chateau-carbonneau-la-verriere-tinto"]}]},{"@type":"ImageObject","inLanguage":"en-US","@id":"https:\/\/thewineplace.es\/en\/wine-shop\/chateau-carbonneau-la-verriere-tinto#primaryimage","url":"https:\/\/thewineplace.es\/wp-content\/uploads\/2023\/10\/10379-chateau-carbonneau-la-verriere-rouge.png","contentUrl":"https:\/\/thewineplace.es\/wp-content\/uploads\/2023\/10\/10379-chateau-carbonneau-la-verriere-rouge.png","width":800,"height":800,"caption":"Vino Ch\u00e2teau Carbonneau La Verri\u00e8re Rouge"},{"@type":"BreadcrumbList","@id":"https:\/\/thewineplace.es\/en\/wine-shop\/chateau-carbonneau-la-verriere-tinto#breadcrumb","itemListElement":[{"@type":"ListItem","position":1,"name":"Portada","item":"https:\/\/thewineplace.es\/en"},{"@type":"ListItem","position":2,"name":"Wine Shop","item":"https:\/\/thewineplace.es\/en\/shop"},{"@type":"ListItem","position":3,"name":"Ch\u00e2teau Carbonneau La Verri\u00e8re Rouge"}]},{"@type":"WebSite","@id":"https:\/\/thewineplace.es\/en#website","url":"https:\/\/thewineplace.es\/en","name":"The Wine Place","description":"Tienda de vinos, cursos y catas de vino en Valencia","publisher":{"@id":"https:\/\/thewineplace.es\/en#organization"},"alternateName":"Tienda de vinos de Valencia","potentialAction":[{"@type":"SearchAction","target":{"@type":"EntryPoint","urlTemplate":"https:\/\/thewineplace.es\/en?s={search_term_string}"},"query-input":{"@type":"PropertyValueSpecification","valueRequired":true,"valueName":"search_term_string"}}],"inLanguage":"en-US"},{"@type":"Organization","@id":"https:\/\/thewineplace.es\/en#organization","name":"The Wine Place","alternateName":"Verde Marte S.L.U.","url":"https:\/\/thewineplace.es\/en","logo":{"@type":"ImageObject","inLanguage":"en-US","@id":"https:\/\/thewineplace.es\/en#\/schema\/logo\/image\/","url":"https:\/\/thewineplace.es\/desarrollo\/wp-content\/uploads\/2025\/05\/favicon.png","contentUrl":"https:\/\/thewineplace.es\/desarrollo\/wp-content\/uploads\/2025\/05\/favicon.png","width":250,"height":250,"caption":"The Wine Place"},"image":{"@id":"https:\/\/thewineplace.es\/en#\/schema\/logo\/image\/"},"sameAs":["https:\/\/www.facebook.com\/TheWinePlace","https:\/\/x.com\/MarkoneillES","https:\/\/www.instagram.com\/thewineplace","https:\/\/www.linkedin.com\/company\/thewineplace-es\/","https:\/\/www.youtube.com\/channel\/UCOzo67E6rQDwHmPAi8EiEdA"]}]}},"_links":{"self":[{"href":"https:\/\/thewineplace.es\/en\/wp-json\/wp\/v2\/product\/22304","targetHints":{"allow":["GET"]}}],"collection":[{"href":"https:\/\/thewineplace.es\/en\/wp-json\/wp\/v2\/product"}],"about":[{"href":"https:\/\/thewineplace.es\/en\/wp-json\/wp\/v2\/types\/product"}],"wp:featuredmedia":[{"embeddable":true,"href":"https:\/\/thewineplace.es\/en\/wp-json\/wp\/v2\/media\/21395"}],"wp:attachment":[{"href":"https:\/\/thewineplace.es\/en\/wp-json\/wp\/v2\/media?parent=22304"}],"wp:term":[{"taxonomy":"product_brand","embeddable":true,"href":"https:\/\/thewineplace.es\/en\/wp-json\/wp\/v2\/product_brand?post=22304"},{"taxonomy":"product_cat","embeddable":true,"href":"https:\/\/thewineplace.es\/en\/wp-json\/wp\/v2\/product_cat?post=22304"},{"taxonomy":"product_tag","embeddable":true,"href":"https:\/\/thewineplace.es\/en\/wp-json\/wp\/v2\/product_tag?post=22304"}],"curies":[{"name":"wp","href":"https:\/\/api.w.org\/{rel}","templated":true}]}}