{"id":22294,"date":"2024-03-18T17:20:27","date_gmt":"2024-03-18T16:20:27","guid":{"rendered":"https:\/\/thewineplace.es\/desarrollo?post_type=product&#038;p=22294"},"modified":"2026-03-25T17:01:01","modified_gmt":"2026-03-25T16:01:01","slug":"chateau-de-belleverne-chenas","status":"publish","type":"product","link":"https:\/\/thewineplace.es\/en\/wine-shop\/chateau-de-belleverne-chenas","title":{"rendered":"Ch\u00e2teau de Belleverne Ch\u00e9nas"},"content":{"rendered":"<p>Ch\u00e2teau de Belleverne Ch\u00e9nas is a red wine from the Ch\u00e9nas appellation, one of Beaujolais\u2019 historic crus, made by Ch\u00e2teau de Belleverne. From vineyards on granite and clay soils, it is made entirely from Gamay. The nose offers aromas of ripe red fruits, violet and subtle spicy notes. On the palate it is more structured than many Beaujolais, with fine tannins, good concentration and a persistent finish that brings depth. An elegant, characterful Ch\u00e9nas that combines freshness and structure.<\/p>\n","protected":false},"excerpt":{"rendered":"<p>Beaujolais cru Gamay: elegant and structured, with red fruit and floral notes.<\/p>\n","protected":false},"featured_media":17263,"template":"","meta":{"_acf_changed":false,"_joinchat":[]},"product_brand":[],"product_cat":[689],"product_tag":[],"class_list":{"0":"post-22294","1":"product","2":"type-product","3":"status-publish","4":"has-post-thumbnail","6":"product_cat-wine","7":"pa_country-france","8":"pa_main-grape-other-varietals","9":"pa_type-wine-red","11":"first","12":"instock","13":"featured","14":"taxable","15":"shipping-taxable","16":"purchasable","17":"product-type-simple"},"acf":[],"yoast_head":"<!-- This site is optimized with the Yoast SEO plugin v27.4 - https:\/\/yoast.com\/product\/yoast-seo-wordpress\/ -->\n<title>Ch\u00e2teau de Belleverne Ch\u00e9nas | Beaujolais | Red<\/title>\n<meta name=\"description\" content=\"Elegant, structured Beaujolais Ch\u00e9nas with red fruit and fine tannins. Ideal for poultry and cheeses.\" \/>\n<meta name=\"robots\" content=\"index, follow, max-snippet:-1, max-image-preview:large, max-video-preview:-1\" \/>\n<link rel=\"canonical\" href=\"https:\/\/thewineplace.es\/en\/wine-shop\/chateau-de-belleverne-chenas\" \/>\n<meta property=\"og:locale\" content=\"en_US\" \/>\n<meta property=\"og:type\" content=\"article\" \/>\n<meta property=\"og:title\" content=\"Ch\u00e2teau de Belleverne Ch\u00e9nas | Beaujolais | Red\" \/>\n<meta property=\"og:description\" content=\"Elegant, structured Beaujolais Ch\u00e9nas with red fruit and fine tannins. Ideal for poultry and cheeses.\" \/>\n<meta property=\"og:url\" content=\"https:\/\/thewineplace.es\/en\/wine-shop\/chateau-de-belleverne-chenas\" \/>\n<meta property=\"og:site_name\" content=\"The Wine Place\" \/>\n<meta property=\"article:publisher\" content=\"https:\/\/www.facebook.com\/TheWinePlace\" \/>\n<meta property=\"article:modified_time\" content=\"2026-03-25T16:01:01+00:00\" \/>\n<meta property=\"og:image\" content=\"https:\/\/thewineplace.es\/wp-content\/uploads\/2025\/06\/v6-1.jpg\" \/>\n\t<meta property=\"og:image:width\" content=\"800\" \/>\n\t<meta property=\"og:image:height\" content=\"800\" \/>\n\t<meta property=\"og:image:type\" content=\"image\/jpeg\" \/>\n<meta name=\"twitter:card\" content=\"summary_large_image\" \/>\n<meta name=\"twitter:site\" content=\"@MarkoneillES\" \/>\n<script type=\"application\/ld+json\" class=\"yoast-schema-graph\">{\"@context\":\"https:\\\/\\\/schema.org\",\"@graph\":[{\"@type\":\"WebPage\",\"@id\":\"https:\\\/\\\/thewineplace.es\\\/en\\\/wine-shop\\\/chateau-de-belleverne-chenas\",\"url\":\"https:\\\/\\\/thewineplace.es\\\/en\\\/wine-shop\\\/chateau-de-belleverne-chenas\",\"name\":\"Ch\u00e2teau de Belleverne Ch\u00e9nas | Beaujolais | Red\",\"isPartOf\":{\"@id\":\"https:\\\/\\\/thewineplace.es\\\/en#website\"},\"primaryImageOfPage\":{\"@id\":\"https:\\\/\\\/thewineplace.es\\\/en\\\/wine-shop\\\/chateau-de-belleverne-chenas#primaryimage\"},\"image\":{\"@id\":\"https:\\\/\\\/thewineplace.es\\\/en\\\/wine-shop\\\/chateau-de-belleverne-chenas#primaryimage\"},\"thumbnailUrl\":\"https:\\\/\\\/thewineplace.es\\\/wp-content\\\/uploads\\\/2025\\\/06\\\/v6-1.jpg\",\"datePublished\":\"2024-03-18T16:20:27+00:00\",\"dateModified\":\"2026-03-25T16:01:01+00:00\",\"description\":\"Elegant, structured Beaujolais Ch\u00e9nas with red fruit and fine tannins. Ideal for poultry and cheeses.\",\"breadcrumb\":{\"@id\":\"https:\\\/\\\/thewineplace.es\\\/en\\\/wine-shop\\\/chateau-de-belleverne-chenas#breadcrumb\"},\"inLanguage\":\"en-US\",\"potentialAction\":[{\"@type\":\"ReadAction\",\"target\":[\"https:\\\/\\\/thewineplace.es\\\/en\\\/wine-shop\\\/chateau-de-belleverne-chenas\"]}]},{\"@type\":\"ImageObject\",\"inLanguage\":\"en-US\",\"@id\":\"https:\\\/\\\/thewineplace.es\\\/en\\\/wine-shop\\\/chateau-de-belleverne-chenas#primaryimage\",\"url\":\"https:\\\/\\\/thewineplace.es\\\/wp-content\\\/uploads\\\/2025\\\/06\\\/v6-1.jpg\",\"contentUrl\":\"https:\\\/\\\/thewineplace.es\\\/wp-content\\\/uploads\\\/2025\\\/06\\\/v6-1.jpg\",\"width\":800,\"height\":800,\"caption\":\"Ch\u00e2teau de Belleverne\"},{\"@type\":\"BreadcrumbList\",\"@id\":\"https:\\\/\\\/thewineplace.es\\\/en\\\/wine-shop\\\/chateau-de-belleverne-chenas#breadcrumb\",\"itemListElement\":[{\"@type\":\"ListItem\",\"position\":1,\"name\":\"Portada\",\"item\":\"https:\\\/\\\/thewineplace.es\\\/en\"},{\"@type\":\"ListItem\",\"position\":2,\"name\":\"Wine Shop\",\"item\":\"https:\\\/\\\/thewineplace.es\\\/en\\\/shop\"},{\"@type\":\"ListItem\",\"position\":3,\"name\":\"Ch\u00e2teau de Belleverne Ch\u00e9nas\"}]},{\"@type\":\"WebSite\",\"@id\":\"https:\\\/\\\/thewineplace.es\\\/en#website\",\"url\":\"https:\\\/\\\/thewineplace.es\\\/en\",\"name\":\"The Wine Place\",\"description\":\"Tienda de vinos, cursos y catas de vino en Valencia\",\"publisher\":{\"@id\":\"https:\\\/\\\/thewineplace.es\\\/en#organization\"},\"alternateName\":\"Tienda de vinos de Valencia\",\"potentialAction\":[{\"@type\":\"SearchAction\",\"target\":{\"@type\":\"EntryPoint\",\"urlTemplate\":\"https:\\\/\\\/thewineplace.es\\\/en?s={search_term_string}\"},\"query-input\":{\"@type\":\"PropertyValueSpecification\",\"valueRequired\":true,\"valueName\":\"search_term_string\"}}],\"inLanguage\":\"en-US\"},{\"@type\":\"Organization\",\"@id\":\"https:\\\/\\\/thewineplace.es\\\/en#organization\",\"name\":\"The Wine Place\",\"alternateName\":\"Verde Marte S.L.U.\",\"url\":\"https:\\\/\\\/thewineplace.es\\\/en\",\"logo\":{\"@type\":\"ImageObject\",\"inLanguage\":\"en-US\",\"@id\":\"https:\\\/\\\/thewineplace.es\\\/en#\\\/schema\\\/logo\\\/image\\\/\",\"url\":\"https:\\\/\\\/thewineplace.es\\\/desarrollo\\\/wp-content\\\/uploads\\\/2025\\\/05\\\/favicon.png\",\"contentUrl\":\"https:\\\/\\\/thewineplace.es\\\/desarrollo\\\/wp-content\\\/uploads\\\/2025\\\/05\\\/favicon.png\",\"width\":250,\"height\":250,\"caption\":\"The Wine Place\"},\"image\":{\"@id\":\"https:\\\/\\\/thewineplace.es\\\/en#\\\/schema\\\/logo\\\/image\\\/\"},\"sameAs\":[\"https:\\\/\\\/www.facebook.com\\\/TheWinePlace\",\"https:\\\/\\\/x.com\\\/MarkoneillES\",\"https:\\\/\\\/www.instagram.com\\\/thewineplace\",\"https:\\\/\\\/www.linkedin.com\\\/company\\\/thewineplace-es\\\/\",\"https:\\\/\\\/www.youtube.com\\\/channel\\\/UCOzo67E6rQDwHmPAi8EiEdA\"]}]}<\/script>\n<!-- \/ Yoast SEO plugin. -->","yoast_head_json":{"title":"Ch\u00e2teau de Belleverne Ch\u00e9nas | Beaujolais | Red","description":"Elegant, structured Beaujolais Ch\u00e9nas with red fruit and fine tannins. Ideal for poultry and cheeses.","robots":{"index":"index","follow":"follow","max-snippet":"max-snippet:-1","max-image-preview":"max-image-preview:large","max-video-preview":"max-video-preview:-1"},"canonical":"https:\/\/thewineplace.es\/en\/wine-shop\/chateau-de-belleverne-chenas","og_locale":"en_US","og_type":"article","og_title":"Ch\u00e2teau de Belleverne Ch\u00e9nas | Beaujolais | Red","og_description":"Elegant, structured Beaujolais Ch\u00e9nas with red fruit and fine tannins. Ideal for poultry and cheeses.","og_url":"https:\/\/thewineplace.es\/en\/wine-shop\/chateau-de-belleverne-chenas","og_site_name":"The Wine Place","article_publisher":"https:\/\/www.facebook.com\/TheWinePlace","article_modified_time":"2026-03-25T16:01:01+00:00","og_image":[{"width":800,"height":800,"url":"https:\/\/thewineplace.es\/wp-content\/uploads\/2025\/06\/v6-1.jpg","type":"image\/jpeg"}],"twitter_card":"summary_large_image","twitter_site":"@MarkoneillES","schema":{"@context":"https:\/\/schema.org","@graph":[{"@type":"WebPage","@id":"https:\/\/thewineplace.es\/en\/wine-shop\/chateau-de-belleverne-chenas","url":"https:\/\/thewineplace.es\/en\/wine-shop\/chateau-de-belleverne-chenas","name":"Ch\u00e2teau de Belleverne Ch\u00e9nas | Beaujolais | Red","isPartOf":{"@id":"https:\/\/thewineplace.es\/en#website"},"primaryImageOfPage":{"@id":"https:\/\/thewineplace.es\/en\/wine-shop\/chateau-de-belleverne-chenas#primaryimage"},"image":{"@id":"https:\/\/thewineplace.es\/en\/wine-shop\/chateau-de-belleverne-chenas#primaryimage"},"thumbnailUrl":"https:\/\/thewineplace.es\/wp-content\/uploads\/2025\/06\/v6-1.jpg","datePublished":"2024-03-18T16:20:27+00:00","dateModified":"2026-03-25T16:01:01+00:00","description":"Elegant, structured Beaujolais Ch\u00e9nas with red fruit and fine tannins. Ideal for poultry and cheeses.","breadcrumb":{"@id":"https:\/\/thewineplace.es\/en\/wine-shop\/chateau-de-belleverne-chenas#breadcrumb"},"inLanguage":"en-US","potentialAction":[{"@type":"ReadAction","target":["https:\/\/thewineplace.es\/en\/wine-shop\/chateau-de-belleverne-chenas"]}]},{"@type":"ImageObject","inLanguage":"en-US","@id":"https:\/\/thewineplace.es\/en\/wine-shop\/chateau-de-belleverne-chenas#primaryimage","url":"https:\/\/thewineplace.es\/wp-content\/uploads\/2025\/06\/v6-1.jpg","contentUrl":"https:\/\/thewineplace.es\/wp-content\/uploads\/2025\/06\/v6-1.jpg","width":800,"height":800,"caption":"Ch\u00e2teau de Belleverne"},{"@type":"BreadcrumbList","@id":"https:\/\/thewineplace.es\/en\/wine-shop\/chateau-de-belleverne-chenas#breadcrumb","itemListElement":[{"@type":"ListItem","position":1,"name":"Portada","item":"https:\/\/thewineplace.es\/en"},{"@type":"ListItem","position":2,"name":"Wine Shop","item":"https:\/\/thewineplace.es\/en\/shop"},{"@type":"ListItem","position":3,"name":"Ch\u00e2teau de Belleverne Ch\u00e9nas"}]},{"@type":"WebSite","@id":"https:\/\/thewineplace.es\/en#website","url":"https:\/\/thewineplace.es\/en","name":"The Wine Place","description":"Tienda de vinos, cursos y catas de vino en Valencia","publisher":{"@id":"https:\/\/thewineplace.es\/en#organization"},"alternateName":"Tienda de vinos de Valencia","potentialAction":[{"@type":"SearchAction","target":{"@type":"EntryPoint","urlTemplate":"https:\/\/thewineplace.es\/en?s={search_term_string}"},"query-input":{"@type":"PropertyValueSpecification","valueRequired":true,"valueName":"search_term_string"}}],"inLanguage":"en-US"},{"@type":"Organization","@id":"https:\/\/thewineplace.es\/en#organization","name":"The Wine Place","alternateName":"Verde Marte S.L.U.","url":"https:\/\/thewineplace.es\/en","logo":{"@type":"ImageObject","inLanguage":"en-US","@id":"https:\/\/thewineplace.es\/en#\/schema\/logo\/image\/","url":"https:\/\/thewineplace.es\/desarrollo\/wp-content\/uploads\/2025\/05\/favicon.png","contentUrl":"https:\/\/thewineplace.es\/desarrollo\/wp-content\/uploads\/2025\/05\/favicon.png","width":250,"height":250,"caption":"The Wine Place"},"image":{"@id":"https:\/\/thewineplace.es\/en#\/schema\/logo\/image\/"},"sameAs":["https:\/\/www.facebook.com\/TheWinePlace","https:\/\/x.com\/MarkoneillES","https:\/\/www.instagram.com\/thewineplace","https:\/\/www.linkedin.com\/company\/thewineplace-es\/","https:\/\/www.youtube.com\/channel\/UCOzo67E6rQDwHmPAi8EiEdA"]}]}},"_links":{"self":[{"href":"https:\/\/thewineplace.es\/en\/wp-json\/wp\/v2\/product\/22294","targetHints":{"allow":["GET"]}}],"collection":[{"href":"https:\/\/thewineplace.es\/en\/wp-json\/wp\/v2\/product"}],"about":[{"href":"https:\/\/thewineplace.es\/en\/wp-json\/wp\/v2\/types\/product"}],"wp:featuredmedia":[{"embeddable":true,"href":"https:\/\/thewineplace.es\/en\/wp-json\/wp\/v2\/media\/17263"}],"wp:attachment":[{"href":"https:\/\/thewineplace.es\/en\/wp-json\/wp\/v2\/media?parent=22294"}],"wp:term":[{"taxonomy":"product_brand","embeddable":true,"href":"https:\/\/thewineplace.es\/en\/wp-json\/wp\/v2\/product_brand?post=22294"},{"taxonomy":"product_cat","embeddable":true,"href":"https:\/\/thewineplace.es\/en\/wp-json\/wp\/v2\/product_cat?post=22294"},{"taxonomy":"product_tag","embeddable":true,"href":"https:\/\/thewineplace.es\/en\/wp-json\/wp\/v2\/product_tag?post=22294"}],"curies":[{"name":"wp","href":"https:\/\/api.w.org\/{rel}","templated":true}]}}