{"id":22293,"date":"2025-11-10T17:26:41","date_gmt":"2025-11-10T16:26:41","guid":{"rendered":"https:\/\/thewineplace.es\/desarrollo?post_type=product&#038;p=22293"},"modified":"2026-03-16T11:26:03","modified_gmt":"2026-03-16T10:26:03","slug":"chateau-de-belleverne-beaujolais-village","status":"publish","type":"product","link":"https:\/\/thewineplace.es\/en\/wine-shop\/chateau-de-belleverne-beaujolais-village","title":{"rendered":"Ch\u00e2teau de Belleverne Beaujolais Village"},"content":{"rendered":"<p>Ch\u00e2teau de Belleverne Beaujolais Villages is a red wine from Beaujolais, France, made by Ch\u00e2teau de Belleverne. From vineyards rooted in granite soils, it is made exclusively from Gamay, the area\u2019s hallmark grape. The nose offers fresh aromas of red fruits such as cherry and raspberry, with light floral nuances. On the palate it is light and juicy, with supple tannins and vibrant acidity that brings freshness and balance. An expressive Beaujolais Villages, easy to enjoy and true to the appellation\u2019s fruit-forward character.<\/p>\n","protected":false},"excerpt":{"rendered":"<p>Fresh, fruit-forward Gamay Beaujolais Villages, light and juicy, with vibrant freshness.<\/p>\n","protected":false},"featured_media":21969,"template":"","meta":{"_acf_changed":false,"_joinchat":[]},"product_brand":[],"product_cat":[689],"product_tag":[],"class_list":{"0":"post-22293","1":"product","2":"type-product","3":"status-publish","4":"has-post-thumbnail","6":"product_cat-wine","7":"pa_country-france","8":"pa_main-grape-other-varietals","9":"pa_type-wine-red","11":"first","12":"instock","13":"taxable","14":"shipping-taxable","15":"purchasable","16":"product-type-simple"},"acf":[],"yoast_head":"<!-- This site is optimized with the Yoast SEO plugin v27.3 - https:\/\/yoast.com\/product\/yoast-seo-wordpress\/ -->\n<title>Ch\u00e2teau de Belleverne Beaujolais Villages | Beaujolais | Red<\/title>\n<meta name=\"description\" content=\"Fresh, light Gamay Beaujolais Villages with red fruit and great vibrancy. Ideal for French cuisine and poultry.\" \/>\n<meta name=\"robots\" content=\"index, follow, max-snippet:-1, max-image-preview:large, max-video-preview:-1\" \/>\n<link rel=\"canonical\" href=\"https:\/\/thewineplace.es\/en\/wine-shop\/chateau-de-belleverne-beaujolais-village\" \/>\n<meta property=\"og:locale\" content=\"en_US\" \/>\n<meta property=\"og:type\" content=\"article\" \/>\n<meta property=\"og:title\" content=\"Ch\u00e2teau de Belleverne Beaujolais Villages | Beaujolais | Red\" \/>\n<meta property=\"og:description\" content=\"Fresh, light Gamay Beaujolais Villages with red fruit and great vibrancy. Ideal for French cuisine and poultry.\" \/>\n<meta property=\"og:url\" content=\"https:\/\/thewineplace.es\/en\/wine-shop\/chateau-de-belleverne-beaujolais-village\" \/>\n<meta property=\"og:site_name\" content=\"The Wine Place\" \/>\n<meta property=\"article:publisher\" content=\"https:\/\/www.facebook.com\/TheWinePlace\" \/>\n<meta property=\"article:modified_time\" content=\"2026-03-16T10:26:03+00:00\" \/>\n<meta property=\"og:image\" content=\"https:\/\/thewineplace.es\/wp-content\/uploads\/2025\/11\/chateau-de-belleverne-beaujolais-village.jpg\" \/>\n\t<meta property=\"og:image:width\" content=\"600\" \/>\n\t<meta property=\"og:image:height\" content=\"600\" \/>\n\t<meta property=\"og:image:type\" content=\"image\/jpeg\" \/>\n<meta name=\"twitter:card\" content=\"summary_large_image\" \/>\n<meta name=\"twitter:site\" content=\"@MarkoneillES\" \/>\n<meta name=\"twitter:label1\" content=\"Est. reading time\" \/>\n\t<meta name=\"twitter:data1\" content=\"2 minutes\" \/>\n<script type=\"application\/ld+json\" class=\"yoast-schema-graph\">{\"@context\":\"https:\\\/\\\/schema.org\",\"@graph\":[{\"@type\":\"WebPage\",\"@id\":\"https:\\\/\\\/thewineplace.es\\\/en\\\/wine-shop\\\/chateau-de-belleverne-beaujolais-village\",\"url\":\"https:\\\/\\\/thewineplace.es\\\/en\\\/wine-shop\\\/chateau-de-belleverne-beaujolais-village\",\"name\":\"Ch\u00e2teau de Belleverne Beaujolais Villages | Beaujolais | Red\",\"isPartOf\":{\"@id\":\"https:\\\/\\\/thewineplace.es\\\/en#website\"},\"primaryImageOfPage\":{\"@id\":\"https:\\\/\\\/thewineplace.es\\\/en\\\/wine-shop\\\/chateau-de-belleverne-beaujolais-village#primaryimage\"},\"image\":{\"@id\":\"https:\\\/\\\/thewineplace.es\\\/en\\\/wine-shop\\\/chateau-de-belleverne-beaujolais-village#primaryimage\"},\"thumbnailUrl\":\"https:\\\/\\\/thewineplace.es\\\/wp-content\\\/uploads\\\/2025\\\/11\\\/chateau-de-belleverne-beaujolais-village.jpg\",\"datePublished\":\"2025-11-10T16:26:41+00:00\",\"dateModified\":\"2026-03-16T10:26:03+00:00\",\"description\":\"Fresh, light Gamay Beaujolais Villages with red fruit and great vibrancy. Ideal for French cuisine and poultry.\",\"breadcrumb\":{\"@id\":\"https:\\\/\\\/thewineplace.es\\\/en\\\/wine-shop\\\/chateau-de-belleverne-beaujolais-village#breadcrumb\"},\"inLanguage\":\"en-US\",\"potentialAction\":[{\"@type\":\"ReadAction\",\"target\":[\"https:\\\/\\\/thewineplace.es\\\/en\\\/wine-shop\\\/chateau-de-belleverne-beaujolais-village\"]}]},{\"@type\":\"ImageObject\",\"inLanguage\":\"en-US\",\"@id\":\"https:\\\/\\\/thewineplace.es\\\/en\\\/wine-shop\\\/chateau-de-belleverne-beaujolais-village#primaryimage\",\"url\":\"https:\\\/\\\/thewineplace.es\\\/wp-content\\\/uploads\\\/2025\\\/11\\\/chateau-de-belleverne-beaujolais-village.jpg\",\"contentUrl\":\"https:\\\/\\\/thewineplace.es\\\/wp-content\\\/uploads\\\/2025\\\/11\\\/chateau-de-belleverne-beaujolais-village.jpg\",\"width\":600,\"height\":600,\"caption\":\"Vino Ch\u00e2teau de Belleverne Beaujolais Village\"},{\"@type\":\"BreadcrumbList\",\"@id\":\"https:\\\/\\\/thewineplace.es\\\/en\\\/wine-shop\\\/chateau-de-belleverne-beaujolais-village#breadcrumb\",\"itemListElement\":[{\"@type\":\"ListItem\",\"position\":1,\"name\":\"Portada\",\"item\":\"https:\\\/\\\/thewineplace.es\\\/en\"},{\"@type\":\"ListItem\",\"position\":2,\"name\":\"Wine Shop\",\"item\":\"https:\\\/\\\/thewineplace.es\\\/en\\\/shop\"},{\"@type\":\"ListItem\",\"position\":3,\"name\":\"Ch\u00e2teau de Belleverne Beaujolais Village\"}]},{\"@type\":\"WebSite\",\"@id\":\"https:\\\/\\\/thewineplace.es\\\/en#website\",\"url\":\"https:\\\/\\\/thewineplace.es\\\/en\",\"name\":\"The Wine Place\",\"description\":\"Tienda de vinos, cursos y catas de vino en Valencia\",\"publisher\":{\"@id\":\"https:\\\/\\\/thewineplace.es\\\/en#organization\"},\"alternateName\":\"Tienda de vinos de Valencia\",\"potentialAction\":[{\"@type\":\"SearchAction\",\"target\":{\"@type\":\"EntryPoint\",\"urlTemplate\":\"https:\\\/\\\/thewineplace.es\\\/en?s={search_term_string}\"},\"query-input\":{\"@type\":\"PropertyValueSpecification\",\"valueRequired\":true,\"valueName\":\"search_term_string\"}}],\"inLanguage\":\"en-US\"},{\"@type\":\"Organization\",\"@id\":\"https:\\\/\\\/thewineplace.es\\\/en#organization\",\"name\":\"The Wine Place\",\"alternateName\":\"Verde Marte S.L.U.\",\"url\":\"https:\\\/\\\/thewineplace.es\\\/en\",\"logo\":{\"@type\":\"ImageObject\",\"inLanguage\":\"en-US\",\"@id\":\"https:\\\/\\\/thewineplace.es\\\/en#\\\/schema\\\/logo\\\/image\\\/\",\"url\":\"https:\\\/\\\/thewineplace.es\\\/desarrollo\\\/wp-content\\\/uploads\\\/2025\\\/05\\\/favicon.png\",\"contentUrl\":\"https:\\\/\\\/thewineplace.es\\\/desarrollo\\\/wp-content\\\/uploads\\\/2025\\\/05\\\/favicon.png\",\"width\":250,\"height\":250,\"caption\":\"The Wine Place\"},\"image\":{\"@id\":\"https:\\\/\\\/thewineplace.es\\\/en#\\\/schema\\\/logo\\\/image\\\/\"},\"sameAs\":[\"https:\\\/\\\/www.facebook.com\\\/TheWinePlace\",\"https:\\\/\\\/x.com\\\/MarkoneillES\",\"https:\\\/\\\/www.instagram.com\\\/thewineplace\",\"https:\\\/\\\/www.linkedin.com\\\/company\\\/thewineplace-es\\\/\",\"https:\\\/\\\/www.youtube.com\\\/channel\\\/UCOzo67E6rQDwHmPAi8EiEdA\"]}]}<\/script>\n<!-- \/ Yoast SEO plugin. -->","yoast_head_json":{"title":"Ch\u00e2teau de Belleverne Beaujolais Villages | Beaujolais | Red","description":"Fresh, light Gamay Beaujolais Villages with red fruit and great vibrancy. Ideal for French cuisine and poultry.","robots":{"index":"index","follow":"follow","max-snippet":"max-snippet:-1","max-image-preview":"max-image-preview:large","max-video-preview":"max-video-preview:-1"},"canonical":"https:\/\/thewineplace.es\/en\/wine-shop\/chateau-de-belleverne-beaujolais-village","og_locale":"en_US","og_type":"article","og_title":"Ch\u00e2teau de Belleverne Beaujolais Villages | Beaujolais | Red","og_description":"Fresh, light Gamay Beaujolais Villages with red fruit and great vibrancy. Ideal for French cuisine and poultry.","og_url":"https:\/\/thewineplace.es\/en\/wine-shop\/chateau-de-belleverne-beaujolais-village","og_site_name":"The Wine Place","article_publisher":"https:\/\/www.facebook.com\/TheWinePlace","article_modified_time":"2026-03-16T10:26:03+00:00","og_image":[{"width":600,"height":600,"url":"https:\/\/thewineplace.es\/wp-content\/uploads\/2025\/11\/chateau-de-belleverne-beaujolais-village.jpg","type":"image\/jpeg"}],"twitter_card":"summary_large_image","twitter_site":"@MarkoneillES","twitter_misc":{"Est. reading time":"2 minutes"},"schema":{"@context":"https:\/\/schema.org","@graph":[{"@type":"WebPage","@id":"https:\/\/thewineplace.es\/en\/wine-shop\/chateau-de-belleverne-beaujolais-village","url":"https:\/\/thewineplace.es\/en\/wine-shop\/chateau-de-belleverne-beaujolais-village","name":"Ch\u00e2teau de Belleverne Beaujolais Villages | Beaujolais | Red","isPartOf":{"@id":"https:\/\/thewineplace.es\/en#website"},"primaryImageOfPage":{"@id":"https:\/\/thewineplace.es\/en\/wine-shop\/chateau-de-belleverne-beaujolais-village#primaryimage"},"image":{"@id":"https:\/\/thewineplace.es\/en\/wine-shop\/chateau-de-belleverne-beaujolais-village#primaryimage"},"thumbnailUrl":"https:\/\/thewineplace.es\/wp-content\/uploads\/2025\/11\/chateau-de-belleverne-beaujolais-village.jpg","datePublished":"2025-11-10T16:26:41+00:00","dateModified":"2026-03-16T10:26:03+00:00","description":"Fresh, light Gamay Beaujolais Villages with red fruit and great vibrancy. Ideal for French cuisine and poultry.","breadcrumb":{"@id":"https:\/\/thewineplace.es\/en\/wine-shop\/chateau-de-belleverne-beaujolais-village#breadcrumb"},"inLanguage":"en-US","potentialAction":[{"@type":"ReadAction","target":["https:\/\/thewineplace.es\/en\/wine-shop\/chateau-de-belleverne-beaujolais-village"]}]},{"@type":"ImageObject","inLanguage":"en-US","@id":"https:\/\/thewineplace.es\/en\/wine-shop\/chateau-de-belleverne-beaujolais-village#primaryimage","url":"https:\/\/thewineplace.es\/wp-content\/uploads\/2025\/11\/chateau-de-belleverne-beaujolais-village.jpg","contentUrl":"https:\/\/thewineplace.es\/wp-content\/uploads\/2025\/11\/chateau-de-belleverne-beaujolais-village.jpg","width":600,"height":600,"caption":"Vino Ch\u00e2teau de Belleverne Beaujolais Village"},{"@type":"BreadcrumbList","@id":"https:\/\/thewineplace.es\/en\/wine-shop\/chateau-de-belleverne-beaujolais-village#breadcrumb","itemListElement":[{"@type":"ListItem","position":1,"name":"Portada","item":"https:\/\/thewineplace.es\/en"},{"@type":"ListItem","position":2,"name":"Wine Shop","item":"https:\/\/thewineplace.es\/en\/shop"},{"@type":"ListItem","position":3,"name":"Ch\u00e2teau de Belleverne Beaujolais Village"}]},{"@type":"WebSite","@id":"https:\/\/thewineplace.es\/en#website","url":"https:\/\/thewineplace.es\/en","name":"The Wine Place","description":"Tienda de vinos, cursos y catas de vino en Valencia","publisher":{"@id":"https:\/\/thewineplace.es\/en#organization"},"alternateName":"Tienda de vinos de Valencia","potentialAction":[{"@type":"SearchAction","target":{"@type":"EntryPoint","urlTemplate":"https:\/\/thewineplace.es\/en?s={search_term_string}"},"query-input":{"@type":"PropertyValueSpecification","valueRequired":true,"valueName":"search_term_string"}}],"inLanguage":"en-US"},{"@type":"Organization","@id":"https:\/\/thewineplace.es\/en#organization","name":"The Wine Place","alternateName":"Verde Marte S.L.U.","url":"https:\/\/thewineplace.es\/en","logo":{"@type":"ImageObject","inLanguage":"en-US","@id":"https:\/\/thewineplace.es\/en#\/schema\/logo\/image\/","url":"https:\/\/thewineplace.es\/desarrollo\/wp-content\/uploads\/2025\/05\/favicon.png","contentUrl":"https:\/\/thewineplace.es\/desarrollo\/wp-content\/uploads\/2025\/05\/favicon.png","width":250,"height":250,"caption":"The Wine Place"},"image":{"@id":"https:\/\/thewineplace.es\/en#\/schema\/logo\/image\/"},"sameAs":["https:\/\/www.facebook.com\/TheWinePlace","https:\/\/x.com\/MarkoneillES","https:\/\/www.instagram.com\/thewineplace","https:\/\/www.linkedin.com\/company\/thewineplace-es\/","https:\/\/www.youtube.com\/channel\/UCOzo67E6rQDwHmPAi8EiEdA"]}]}},"_links":{"self":[{"href":"https:\/\/thewineplace.es\/en\/wp-json\/wp\/v2\/product\/22293","targetHints":{"allow":["GET"]}}],"collection":[{"href":"https:\/\/thewineplace.es\/en\/wp-json\/wp\/v2\/product"}],"about":[{"href":"https:\/\/thewineplace.es\/en\/wp-json\/wp\/v2\/types\/product"}],"wp:featuredmedia":[{"embeddable":true,"href":"https:\/\/thewineplace.es\/en\/wp-json\/wp\/v2\/media\/21969"}],"wp:attachment":[{"href":"https:\/\/thewineplace.es\/en\/wp-json\/wp\/v2\/media?parent=22293"}],"wp:term":[{"taxonomy":"product_brand","embeddable":true,"href":"https:\/\/thewineplace.es\/en\/wp-json\/wp\/v2\/product_brand?post=22293"},{"taxonomy":"product_cat","embeddable":true,"href":"https:\/\/thewineplace.es\/en\/wp-json\/wp\/v2\/product_cat?post=22293"},{"taxonomy":"product_tag","embeddable":true,"href":"https:\/\/thewineplace.es\/en\/wp-json\/wp\/v2\/product_tag?post=22293"}],"curies":[{"name":"wp","href":"https:\/\/api.w.org\/{rel}","templated":true}]}}