{"id":22257,"date":"2025-11-10T17:30:40","date_gmt":"2025-11-10T16:30:40","guid":{"rendered":"https:\/\/thewineplace.es\/desarrollo?post_type=product&#038;p=22257"},"modified":"2026-03-16T11:25:56","modified_gmt":"2026-03-16T10:25:56","slug":"fuentes-del-silencio-mataperezosa","status":"publish","type":"product","link":"https:\/\/thewineplace.es\/en\/wine-shop\/fuentes-del-silencio-mataperezosa","title":{"rendered":"Fuentes del Silencio Mataperezosa"},"content":{"rendered":"<p>Fuentes del Silencio Mataperezosa is a white wine from Castile and Le\u00f3n made by Fuentes del Silencio from old vineyards in the Jamuz area of Le\u00f3n. It is made mainly from the native Do\u00f1a Blanca variety, with small proportions of other traditional local grapes. Grown on poor soils in a continental climate, it offers a fresh, expressive profile. It shows aromas of white fruit, wildflowers and subtle herbal notes. On the palate it is vibrant, with good acidity, a balanced texture and a long finish that reflects the character of Le\u00f3n\u2019s vineyards.<\/p>\n","protected":false},"excerpt":{"rendered":"<p>Le\u00f3n white led by Do\u00f1a Blanca: fresh and vibrant, with white fruit and a mineral profile.<\/p>\n","protected":false},"featured_media":21893,"template":"","meta":{"_acf_changed":false,"_joinchat":[]},"product_brand":[],"product_cat":[689],"product_tag":[],"class_list":{"0":"post-22257","1":"product","2":"type-product","3":"status-publish","4":"has-post-thumbnail","6":"product_cat-wine","7":"pa_country-spain","8":"pa_main-grape-other-varietals","9":"pa_type-wine-white","11":"first","12":"instock","13":"taxable","14":"shipping-taxable","15":"purchasable","16":"product-type-simple"},"acf":[],"yoast_head":"<!-- This site is optimized with the Yoast SEO plugin v27.5 - https:\/\/yoast.com\/product\/yoast-seo-wordpress\/ -->\n<title>Fuentes del Silencio Mataperezosa | Castilla y Le\u00f3n | White<\/title>\n<meta name=\"description\" content=\"Le\u00f3n white led by Do\u00f1a Blanca: fresh and mineral, with white fruit and lively acidity. Perfect with seafood.\" \/>\n<meta name=\"robots\" content=\"index, follow, max-snippet:-1, max-image-preview:large, max-video-preview:-1\" \/>\n<link rel=\"canonical\" href=\"https:\/\/thewineplace.es\/en\/wine-shop\/fuentes-del-silencio-mataperezosa\" \/>\n<meta property=\"og:locale\" content=\"en_US\" \/>\n<meta property=\"og:type\" content=\"article\" \/>\n<meta property=\"og:title\" content=\"Fuentes del Silencio Mataperezosa | Castilla y Le\u00f3n | White\" \/>\n<meta property=\"og:description\" content=\"Le\u00f3n white led by Do\u00f1a Blanca: fresh and mineral, with white fruit and lively acidity. Perfect with seafood.\" \/>\n<meta property=\"og:url\" content=\"https:\/\/thewineplace.es\/en\/wine-shop\/fuentes-del-silencio-mataperezosa\" \/>\n<meta property=\"og:site_name\" content=\"The Wine Place\" \/>\n<meta property=\"article:publisher\" content=\"https:\/\/www.facebook.com\/TheWinePlace\" \/>\n<meta property=\"article:modified_time\" content=\"2026-03-16T10:25:56+00:00\" \/>\n<meta property=\"og:image\" content=\"https:\/\/thewineplace.es\/wp-content\/uploads\/2025\/11\/FuentesdelSilencioMataperezosa.png\" \/>\n\t<meta property=\"og:image:width\" content=\"800\" \/>\n\t<meta property=\"og:image:height\" content=\"800\" \/>\n\t<meta property=\"og:image:type\" content=\"image\/png\" \/>\n<meta name=\"twitter:card\" content=\"summary_large_image\" \/>\n<meta name=\"twitter:site\" content=\"@MarkoneillES\" \/>\n<script type=\"application\/ld+json\" class=\"yoast-schema-graph\">{\"@context\":\"https:\\\/\\\/schema.org\",\"@graph\":[{\"@type\":\"WebPage\",\"@id\":\"https:\\\/\\\/thewineplace.es\\\/en\\\/wine-shop\\\/fuentes-del-silencio-mataperezosa\",\"url\":\"https:\\\/\\\/thewineplace.es\\\/en\\\/wine-shop\\\/fuentes-del-silencio-mataperezosa\",\"name\":\"Fuentes del Silencio Mataperezosa | Castilla y Le\u00f3n | White\",\"isPartOf\":{\"@id\":\"https:\\\/\\\/thewineplace.es\\\/en#website\"},\"primaryImageOfPage\":{\"@id\":\"https:\\\/\\\/thewineplace.es\\\/en\\\/wine-shop\\\/fuentes-del-silencio-mataperezosa#primaryimage\"},\"image\":{\"@id\":\"https:\\\/\\\/thewineplace.es\\\/en\\\/wine-shop\\\/fuentes-del-silencio-mataperezosa#primaryimage\"},\"thumbnailUrl\":\"https:\\\/\\\/thewineplace.es\\\/wp-content\\\/uploads\\\/2025\\\/11\\\/FuentesdelSilencioMataperezosa.png\",\"datePublished\":\"2025-11-10T16:30:40+00:00\",\"dateModified\":\"2026-03-16T10:25:56+00:00\",\"description\":\"Le\u00f3n white led by Do\u00f1a Blanca: fresh and mineral, with white fruit and lively acidity. Perfect with seafood.\",\"breadcrumb\":{\"@id\":\"https:\\\/\\\/thewineplace.es\\\/en\\\/wine-shop\\\/fuentes-del-silencio-mataperezosa#breadcrumb\"},\"inLanguage\":\"en-US\",\"potentialAction\":[{\"@type\":\"ReadAction\",\"target\":[\"https:\\\/\\\/thewineplace.es\\\/en\\\/wine-shop\\\/fuentes-del-silencio-mataperezosa\"]}]},{\"@type\":\"ImageObject\",\"inLanguage\":\"en-US\",\"@id\":\"https:\\\/\\\/thewineplace.es\\\/en\\\/wine-shop\\\/fuentes-del-silencio-mataperezosa#primaryimage\",\"url\":\"https:\\\/\\\/thewineplace.es\\\/wp-content\\\/uploads\\\/2025\\\/11\\\/FuentesdelSilencioMataperezosa.png\",\"contentUrl\":\"https:\\\/\\\/thewineplace.es\\\/wp-content\\\/uploads\\\/2025\\\/11\\\/FuentesdelSilencioMataperezosa.png\",\"width\":800,\"height\":800,\"caption\":\"Vino blanco Fuentes del Silencio Mataperezosa\"},{\"@type\":\"BreadcrumbList\",\"@id\":\"https:\\\/\\\/thewineplace.es\\\/en\\\/wine-shop\\\/fuentes-del-silencio-mataperezosa#breadcrumb\",\"itemListElement\":[{\"@type\":\"ListItem\",\"position\":1,\"name\":\"Portada\",\"item\":\"https:\\\/\\\/thewineplace.es\\\/en\"},{\"@type\":\"ListItem\",\"position\":2,\"name\":\"Wine Shop\",\"item\":\"https:\\\/\\\/thewineplace.es\\\/en\\\/shop\"},{\"@type\":\"ListItem\",\"position\":3,\"name\":\"Fuentes del Silencio Mataperezosa\"}]},{\"@type\":\"WebSite\",\"@id\":\"https:\\\/\\\/thewineplace.es\\\/en#website\",\"url\":\"https:\\\/\\\/thewineplace.es\\\/en\",\"name\":\"The Wine Place\",\"description\":\"Tienda de vinos, cursos y catas de vino en Valencia\",\"publisher\":{\"@id\":\"https:\\\/\\\/thewineplace.es\\\/en#organization\"},\"alternateName\":\"Tienda de vinos de Valencia\",\"potentialAction\":[{\"@type\":\"SearchAction\",\"target\":{\"@type\":\"EntryPoint\",\"urlTemplate\":\"https:\\\/\\\/thewineplace.es\\\/en?s={search_term_string}\"},\"query-input\":{\"@type\":\"PropertyValueSpecification\",\"valueRequired\":true,\"valueName\":\"search_term_string\"}}],\"inLanguage\":\"en-US\"},{\"@type\":\"Organization\",\"@id\":\"https:\\\/\\\/thewineplace.es\\\/en#organization\",\"name\":\"The Wine Place\",\"alternateName\":\"Verde Marte S.L.U.\",\"url\":\"https:\\\/\\\/thewineplace.es\\\/en\",\"logo\":{\"@type\":\"ImageObject\",\"inLanguage\":\"en-US\",\"@id\":\"https:\\\/\\\/thewineplace.es\\\/en#\\\/schema\\\/logo\\\/image\\\/\",\"url\":\"https:\\\/\\\/thewineplace.es\\\/desarrollo\\\/wp-content\\\/uploads\\\/2025\\\/05\\\/favicon.png\",\"contentUrl\":\"https:\\\/\\\/thewineplace.es\\\/desarrollo\\\/wp-content\\\/uploads\\\/2025\\\/05\\\/favicon.png\",\"width\":250,\"height\":250,\"caption\":\"The Wine Place\"},\"image\":{\"@id\":\"https:\\\/\\\/thewineplace.es\\\/en#\\\/schema\\\/logo\\\/image\\\/\"},\"sameAs\":[\"https:\\\/\\\/www.facebook.com\\\/TheWinePlace\",\"https:\\\/\\\/x.com\\\/MarkoneillES\",\"https:\\\/\\\/www.instagram.com\\\/thewineplace\",\"https:\\\/\\\/www.linkedin.com\\\/company\\\/thewineplace-es\\\/\",\"https:\\\/\\\/www.youtube.com\\\/channel\\\/UCOzo67E6rQDwHmPAi8EiEdA\"]}]}<\/script>\n<!-- \/ Yoast SEO plugin. -->","yoast_head_json":{"title":"Fuentes del Silencio Mataperezosa | Castilla y Le\u00f3n | White","description":"Le\u00f3n white led by Do\u00f1a Blanca: fresh and mineral, with white fruit and lively acidity. Perfect with seafood.","robots":{"index":"index","follow":"follow","max-snippet":"max-snippet:-1","max-image-preview":"max-image-preview:large","max-video-preview":"max-video-preview:-1"},"canonical":"https:\/\/thewineplace.es\/en\/wine-shop\/fuentes-del-silencio-mataperezosa","og_locale":"en_US","og_type":"article","og_title":"Fuentes del Silencio Mataperezosa | Castilla y Le\u00f3n | White","og_description":"Le\u00f3n white led by Do\u00f1a Blanca: fresh and mineral, with white fruit and lively acidity. Perfect with seafood.","og_url":"https:\/\/thewineplace.es\/en\/wine-shop\/fuentes-del-silencio-mataperezosa","og_site_name":"The Wine Place","article_publisher":"https:\/\/www.facebook.com\/TheWinePlace","article_modified_time":"2026-03-16T10:25:56+00:00","og_image":[{"width":800,"height":800,"url":"https:\/\/thewineplace.es\/wp-content\/uploads\/2025\/11\/FuentesdelSilencioMataperezosa.png","type":"image\/png"}],"twitter_card":"summary_large_image","twitter_site":"@MarkoneillES","schema":{"@context":"https:\/\/schema.org","@graph":[{"@type":"WebPage","@id":"https:\/\/thewineplace.es\/en\/wine-shop\/fuentes-del-silencio-mataperezosa","url":"https:\/\/thewineplace.es\/en\/wine-shop\/fuentes-del-silencio-mataperezosa","name":"Fuentes del Silencio Mataperezosa | Castilla y Le\u00f3n | White","isPartOf":{"@id":"https:\/\/thewineplace.es\/en#website"},"primaryImageOfPage":{"@id":"https:\/\/thewineplace.es\/en\/wine-shop\/fuentes-del-silencio-mataperezosa#primaryimage"},"image":{"@id":"https:\/\/thewineplace.es\/en\/wine-shop\/fuentes-del-silencio-mataperezosa#primaryimage"},"thumbnailUrl":"https:\/\/thewineplace.es\/wp-content\/uploads\/2025\/11\/FuentesdelSilencioMataperezosa.png","datePublished":"2025-11-10T16:30:40+00:00","dateModified":"2026-03-16T10:25:56+00:00","description":"Le\u00f3n white led by Do\u00f1a Blanca: fresh and mineral, with white fruit and lively acidity. Perfect with seafood.","breadcrumb":{"@id":"https:\/\/thewineplace.es\/en\/wine-shop\/fuentes-del-silencio-mataperezosa#breadcrumb"},"inLanguage":"en-US","potentialAction":[{"@type":"ReadAction","target":["https:\/\/thewineplace.es\/en\/wine-shop\/fuentes-del-silencio-mataperezosa"]}]},{"@type":"ImageObject","inLanguage":"en-US","@id":"https:\/\/thewineplace.es\/en\/wine-shop\/fuentes-del-silencio-mataperezosa#primaryimage","url":"https:\/\/thewineplace.es\/wp-content\/uploads\/2025\/11\/FuentesdelSilencioMataperezosa.png","contentUrl":"https:\/\/thewineplace.es\/wp-content\/uploads\/2025\/11\/FuentesdelSilencioMataperezosa.png","width":800,"height":800,"caption":"Vino blanco Fuentes del Silencio Mataperezosa"},{"@type":"BreadcrumbList","@id":"https:\/\/thewineplace.es\/en\/wine-shop\/fuentes-del-silencio-mataperezosa#breadcrumb","itemListElement":[{"@type":"ListItem","position":1,"name":"Portada","item":"https:\/\/thewineplace.es\/en"},{"@type":"ListItem","position":2,"name":"Wine Shop","item":"https:\/\/thewineplace.es\/en\/shop"},{"@type":"ListItem","position":3,"name":"Fuentes del Silencio Mataperezosa"}]},{"@type":"WebSite","@id":"https:\/\/thewineplace.es\/en#website","url":"https:\/\/thewineplace.es\/en","name":"The Wine Place","description":"Tienda de vinos, cursos y catas de vino en Valencia","publisher":{"@id":"https:\/\/thewineplace.es\/en#organization"},"alternateName":"Tienda de vinos de Valencia","potentialAction":[{"@type":"SearchAction","target":{"@type":"EntryPoint","urlTemplate":"https:\/\/thewineplace.es\/en?s={search_term_string}"},"query-input":{"@type":"PropertyValueSpecification","valueRequired":true,"valueName":"search_term_string"}}],"inLanguage":"en-US"},{"@type":"Organization","@id":"https:\/\/thewineplace.es\/en#organization","name":"The Wine Place","alternateName":"Verde Marte S.L.U.","url":"https:\/\/thewineplace.es\/en","logo":{"@type":"ImageObject","inLanguage":"en-US","@id":"https:\/\/thewineplace.es\/en#\/schema\/logo\/image\/","url":"https:\/\/thewineplace.es\/desarrollo\/wp-content\/uploads\/2025\/05\/favicon.png","contentUrl":"https:\/\/thewineplace.es\/desarrollo\/wp-content\/uploads\/2025\/05\/favicon.png","width":250,"height":250,"caption":"The Wine Place"},"image":{"@id":"https:\/\/thewineplace.es\/en#\/schema\/logo\/image\/"},"sameAs":["https:\/\/www.facebook.com\/TheWinePlace","https:\/\/x.com\/MarkoneillES","https:\/\/www.instagram.com\/thewineplace","https:\/\/www.linkedin.com\/company\/thewineplace-es\/","https:\/\/www.youtube.com\/channel\/UCOzo67E6rQDwHmPAi8EiEdA"]}]}},"_links":{"self":[{"href":"https:\/\/thewineplace.es\/en\/wp-json\/wp\/v2\/product\/22257","targetHints":{"allow":["GET"]}}],"collection":[{"href":"https:\/\/thewineplace.es\/en\/wp-json\/wp\/v2\/product"}],"about":[{"href":"https:\/\/thewineplace.es\/en\/wp-json\/wp\/v2\/types\/product"}],"wp:featuredmedia":[{"embeddable":true,"href":"https:\/\/thewineplace.es\/en\/wp-json\/wp\/v2\/media\/21893"}],"wp:attachment":[{"href":"https:\/\/thewineplace.es\/en\/wp-json\/wp\/v2\/media?parent=22257"}],"wp:term":[{"taxonomy":"product_brand","embeddable":true,"href":"https:\/\/thewineplace.es\/en\/wp-json\/wp\/v2\/product_brand?post=22257"},{"taxonomy":"product_cat","embeddable":true,"href":"https:\/\/thewineplace.es\/en\/wp-json\/wp\/v2\/product_cat?post=22257"},{"taxonomy":"product_tag","embeddable":true,"href":"https:\/\/thewineplace.es\/en\/wp-json\/wp\/v2\/product_tag?post=22257"}],"curies":[{"name":"wp","href":"https:\/\/api.w.org\/{rel}","templated":true}]}}