{"id":22242,"date":"2022-01-25T18:34:11","date_gmt":"2022-01-25T17:34:11","guid":{"rendered":"https:\/\/thewineplace.es\/desarrollo?post_type=product&#038;p=22242"},"modified":"2026-03-16T11:26:25","modified_gmt":"2026-03-16T10:26:25","slug":"el-jardin-de-la-emperatriz-tinto","status":"publish","type":"product","link":"https:\/\/thewineplace.es\/en\/wine-shop\/el-jardin-de-la-emperatriz-tinto","title":{"rendered":"El Jard\u00edn de la Emperatriz Tinto"},"content":{"rendered":"<p>El Jard\u00edn de la Emperatriz Tinto is a Rioja Alta wine made by Vi\u00f1edos Hermanos Hern\u00e1iz from Finca La Emperatriz, a historic estate in Ba\u00f1os de Rioja. Made mainly from Tempranillo, with small proportions of Garnacha and Viura, it comes from vineyards on sandy-loam soils with Atlantic influence. It offers aromas of fresh red fruit, flowers and delicate spicy touches. On the palate it is balanced and juicy, with fine tannins, good acidity and an elegant finish that reflects the classic, fresh character of Rioja Alta.<\/p>\n","protected":false},"excerpt":{"rendered":"<p>Rioja Alta led by Tempranillo with Garnacha and Viura: fresh and balanced, with red fruit and Atlantic elegance.<\/p>\n","protected":false},"featured_media":21356,"template":"","meta":{"_acf_changed":false,"_joinchat":[]},"product_brand":[],"product_cat":[689],"product_tag":[],"class_list":{"0":"post-22242","1":"product","2":"type-product","3":"status-publish","4":"has-post-thumbnail","6":"product_cat-wine","7":"pa_country-spain","8":"pa_main-grape-garnacha-en","9":"pa_main-grape-tempranillo-en","10":"pa_type-wine-red","12":"first","13":"instock","14":"taxable","15":"shipping-taxable","16":"purchasable","17":"product-type-simple"},"acf":[],"yoast_head":"<!-- This site is optimized with the Yoast SEO plugin v27.3 - https:\/\/yoast.com\/product\/yoast-seo-wordpress\/ -->\n<title>El Jard\u00edn de la Emperatriz Red | Rioja Alta | Red<\/title>\n<meta name=\"description\" content=\"Rioja Alta led by Tempranillo: fresh and elegant, with red fruit and fine tannins\u2014ideal with traditional cuisine.\" \/>\n<meta name=\"robots\" content=\"index, follow, max-snippet:-1, max-image-preview:large, max-video-preview:-1\" \/>\n<link rel=\"canonical\" href=\"https:\/\/thewineplace.es\/en\/wine-shop\/el-jardin-de-la-emperatriz-tinto\" \/>\n<meta property=\"og:locale\" content=\"en_US\" \/>\n<meta property=\"og:type\" content=\"article\" \/>\n<meta property=\"og:title\" content=\"El Jard\u00edn de la Emperatriz Red | Rioja Alta | Red\" \/>\n<meta property=\"og:description\" content=\"Rioja Alta led by Tempranillo: fresh and elegant, with red fruit and fine tannins\u2014ideal with traditional cuisine.\" \/>\n<meta property=\"og:url\" content=\"https:\/\/thewineplace.es\/en\/wine-shop\/el-jardin-de-la-emperatriz-tinto\" \/>\n<meta property=\"og:site_name\" content=\"The Wine Place\" \/>\n<meta property=\"article:publisher\" content=\"https:\/\/www.facebook.com\/TheWinePlace\" \/>\n<meta property=\"article:modified_time\" content=\"2026-03-16T10:26:25+00:00\" \/>\n<meta property=\"og:image\" content=\"https:\/\/thewineplace.es\/wp-content\/uploads\/2022\/01\/10214-el-jardin-de-la-emperatriz-tinto.jpg\" \/>\n\t<meta property=\"og:image:width\" content=\"1000\" \/>\n\t<meta property=\"og:image:height\" content=\"1000\" \/>\n\t<meta property=\"og:image:type\" content=\"image\/jpeg\" \/>\n<meta name=\"twitter:card\" content=\"summary_large_image\" \/>\n<meta name=\"twitter:site\" content=\"@MarkoneillES\" \/>\n<script type=\"application\/ld+json\" class=\"yoast-schema-graph\">{\"@context\":\"https:\\\/\\\/schema.org\",\"@graph\":[{\"@type\":\"WebPage\",\"@id\":\"https:\\\/\\\/thewineplace.es\\\/en\\\/wine-shop\\\/el-jardin-de-la-emperatriz-tinto\",\"url\":\"https:\\\/\\\/thewineplace.es\\\/en\\\/wine-shop\\\/el-jardin-de-la-emperatriz-tinto\",\"name\":\"El Jard\u00edn de la Emperatriz Red | Rioja Alta | Red\",\"isPartOf\":{\"@id\":\"https:\\\/\\\/thewineplace.es\\\/en#website\"},\"primaryImageOfPage\":{\"@id\":\"https:\\\/\\\/thewineplace.es\\\/en\\\/wine-shop\\\/el-jardin-de-la-emperatriz-tinto#primaryimage\"},\"image\":{\"@id\":\"https:\\\/\\\/thewineplace.es\\\/en\\\/wine-shop\\\/el-jardin-de-la-emperatriz-tinto#primaryimage\"},\"thumbnailUrl\":\"https:\\\/\\\/thewineplace.es\\\/wp-content\\\/uploads\\\/2022\\\/01\\\/10214-el-jardin-de-la-emperatriz-tinto.jpg\",\"datePublished\":\"2022-01-25T17:34:11+00:00\",\"dateModified\":\"2026-03-16T10:26:25+00:00\",\"description\":\"Rioja Alta led by Tempranillo: fresh and elegant, with red fruit and fine tannins\u2014ideal with traditional cuisine.\",\"breadcrumb\":{\"@id\":\"https:\\\/\\\/thewineplace.es\\\/en\\\/wine-shop\\\/el-jardin-de-la-emperatriz-tinto#breadcrumb\"},\"inLanguage\":\"en-US\",\"potentialAction\":[{\"@type\":\"ReadAction\",\"target\":[\"https:\\\/\\\/thewineplace.es\\\/en\\\/wine-shop\\\/el-jardin-de-la-emperatriz-tinto\"]}]},{\"@type\":\"ImageObject\",\"inLanguage\":\"en-US\",\"@id\":\"https:\\\/\\\/thewineplace.es\\\/en\\\/wine-shop\\\/el-jardin-de-la-emperatriz-tinto#primaryimage\",\"url\":\"https:\\\/\\\/thewineplace.es\\\/wp-content\\\/uploads\\\/2022\\\/01\\\/10214-el-jardin-de-la-emperatriz-tinto.jpg\",\"contentUrl\":\"https:\\\/\\\/thewineplace.es\\\/wp-content\\\/uploads\\\/2022\\\/01\\\/10214-el-jardin-de-la-emperatriz-tinto.jpg\",\"width\":1000,\"height\":1000,\"caption\":\"Vino tinto El Jardin de la Emperatriz Tinto\"},{\"@type\":\"BreadcrumbList\",\"@id\":\"https:\\\/\\\/thewineplace.es\\\/en\\\/wine-shop\\\/el-jardin-de-la-emperatriz-tinto#breadcrumb\",\"itemListElement\":[{\"@type\":\"ListItem\",\"position\":1,\"name\":\"Portada\",\"item\":\"https:\\\/\\\/thewineplace.es\\\/en\"},{\"@type\":\"ListItem\",\"position\":2,\"name\":\"Wine Shop\",\"item\":\"https:\\\/\\\/thewineplace.es\\\/en\\\/shop\"},{\"@type\":\"ListItem\",\"position\":3,\"name\":\"El Jard\u00edn de la Emperatriz Tinto\"}]},{\"@type\":\"WebSite\",\"@id\":\"https:\\\/\\\/thewineplace.es\\\/en#website\",\"url\":\"https:\\\/\\\/thewineplace.es\\\/en\",\"name\":\"The Wine Place\",\"description\":\"Tienda de vinos, cursos y catas de vino en Valencia\",\"publisher\":{\"@id\":\"https:\\\/\\\/thewineplace.es\\\/en#organization\"},\"alternateName\":\"Tienda de vinos de Valencia\",\"potentialAction\":[{\"@type\":\"SearchAction\",\"target\":{\"@type\":\"EntryPoint\",\"urlTemplate\":\"https:\\\/\\\/thewineplace.es\\\/en?s={search_term_string}\"},\"query-input\":{\"@type\":\"PropertyValueSpecification\",\"valueRequired\":true,\"valueName\":\"search_term_string\"}}],\"inLanguage\":\"en-US\"},{\"@type\":\"Organization\",\"@id\":\"https:\\\/\\\/thewineplace.es\\\/en#organization\",\"name\":\"The Wine Place\",\"alternateName\":\"Verde Marte S.L.U.\",\"url\":\"https:\\\/\\\/thewineplace.es\\\/en\",\"logo\":{\"@type\":\"ImageObject\",\"inLanguage\":\"en-US\",\"@id\":\"https:\\\/\\\/thewineplace.es\\\/en#\\\/schema\\\/logo\\\/image\\\/\",\"url\":\"https:\\\/\\\/thewineplace.es\\\/desarrollo\\\/wp-content\\\/uploads\\\/2025\\\/05\\\/favicon.png\",\"contentUrl\":\"https:\\\/\\\/thewineplace.es\\\/desarrollo\\\/wp-content\\\/uploads\\\/2025\\\/05\\\/favicon.png\",\"width\":250,\"height\":250,\"caption\":\"The Wine Place\"},\"image\":{\"@id\":\"https:\\\/\\\/thewineplace.es\\\/en#\\\/schema\\\/logo\\\/image\\\/\"},\"sameAs\":[\"https:\\\/\\\/www.facebook.com\\\/TheWinePlace\",\"https:\\\/\\\/x.com\\\/MarkoneillES\",\"https:\\\/\\\/www.instagram.com\\\/thewineplace\",\"https:\\\/\\\/www.linkedin.com\\\/company\\\/thewineplace-es\\\/\",\"https:\\\/\\\/www.youtube.com\\\/channel\\\/UCOzo67E6rQDwHmPAi8EiEdA\"]}]}<\/script>\n<!-- \/ Yoast SEO plugin. -->","yoast_head_json":{"title":"El Jard\u00edn de la Emperatriz Red | Rioja Alta | Red","description":"Rioja Alta led by Tempranillo: fresh and elegant, with red fruit and fine tannins\u2014ideal with traditional cuisine.","robots":{"index":"index","follow":"follow","max-snippet":"max-snippet:-1","max-image-preview":"max-image-preview:large","max-video-preview":"max-video-preview:-1"},"canonical":"https:\/\/thewineplace.es\/en\/wine-shop\/el-jardin-de-la-emperatriz-tinto","og_locale":"en_US","og_type":"article","og_title":"El Jard\u00edn de la Emperatriz Red | Rioja Alta | Red","og_description":"Rioja Alta led by Tempranillo: fresh and elegant, with red fruit and fine tannins\u2014ideal with traditional cuisine.","og_url":"https:\/\/thewineplace.es\/en\/wine-shop\/el-jardin-de-la-emperatriz-tinto","og_site_name":"The Wine Place","article_publisher":"https:\/\/www.facebook.com\/TheWinePlace","article_modified_time":"2026-03-16T10:26:25+00:00","og_image":[{"width":1000,"height":1000,"url":"https:\/\/thewineplace.es\/wp-content\/uploads\/2022\/01\/10214-el-jardin-de-la-emperatriz-tinto.jpg","type":"image\/jpeg"}],"twitter_card":"summary_large_image","twitter_site":"@MarkoneillES","schema":{"@context":"https:\/\/schema.org","@graph":[{"@type":"WebPage","@id":"https:\/\/thewineplace.es\/en\/wine-shop\/el-jardin-de-la-emperatriz-tinto","url":"https:\/\/thewineplace.es\/en\/wine-shop\/el-jardin-de-la-emperatriz-tinto","name":"El Jard\u00edn de la Emperatriz Red | Rioja Alta | Red","isPartOf":{"@id":"https:\/\/thewineplace.es\/en#website"},"primaryImageOfPage":{"@id":"https:\/\/thewineplace.es\/en\/wine-shop\/el-jardin-de-la-emperatriz-tinto#primaryimage"},"image":{"@id":"https:\/\/thewineplace.es\/en\/wine-shop\/el-jardin-de-la-emperatriz-tinto#primaryimage"},"thumbnailUrl":"https:\/\/thewineplace.es\/wp-content\/uploads\/2022\/01\/10214-el-jardin-de-la-emperatriz-tinto.jpg","datePublished":"2022-01-25T17:34:11+00:00","dateModified":"2026-03-16T10:26:25+00:00","description":"Rioja Alta led by Tempranillo: fresh and elegant, with red fruit and fine tannins\u2014ideal with traditional cuisine.","breadcrumb":{"@id":"https:\/\/thewineplace.es\/en\/wine-shop\/el-jardin-de-la-emperatriz-tinto#breadcrumb"},"inLanguage":"en-US","potentialAction":[{"@type":"ReadAction","target":["https:\/\/thewineplace.es\/en\/wine-shop\/el-jardin-de-la-emperatriz-tinto"]}]},{"@type":"ImageObject","inLanguage":"en-US","@id":"https:\/\/thewineplace.es\/en\/wine-shop\/el-jardin-de-la-emperatriz-tinto#primaryimage","url":"https:\/\/thewineplace.es\/wp-content\/uploads\/2022\/01\/10214-el-jardin-de-la-emperatriz-tinto.jpg","contentUrl":"https:\/\/thewineplace.es\/wp-content\/uploads\/2022\/01\/10214-el-jardin-de-la-emperatriz-tinto.jpg","width":1000,"height":1000,"caption":"Vino tinto El Jardin de la Emperatriz Tinto"},{"@type":"BreadcrumbList","@id":"https:\/\/thewineplace.es\/en\/wine-shop\/el-jardin-de-la-emperatriz-tinto#breadcrumb","itemListElement":[{"@type":"ListItem","position":1,"name":"Portada","item":"https:\/\/thewineplace.es\/en"},{"@type":"ListItem","position":2,"name":"Wine Shop","item":"https:\/\/thewineplace.es\/en\/shop"},{"@type":"ListItem","position":3,"name":"El Jard\u00edn de la Emperatriz Tinto"}]},{"@type":"WebSite","@id":"https:\/\/thewineplace.es\/en#website","url":"https:\/\/thewineplace.es\/en","name":"The Wine Place","description":"Tienda de vinos, cursos y catas de vino en Valencia","publisher":{"@id":"https:\/\/thewineplace.es\/en#organization"},"alternateName":"Tienda de vinos de Valencia","potentialAction":[{"@type":"SearchAction","target":{"@type":"EntryPoint","urlTemplate":"https:\/\/thewineplace.es\/en?s={search_term_string}"},"query-input":{"@type":"PropertyValueSpecification","valueRequired":true,"valueName":"search_term_string"}}],"inLanguage":"en-US"},{"@type":"Organization","@id":"https:\/\/thewineplace.es\/en#organization","name":"The Wine Place","alternateName":"Verde Marte S.L.U.","url":"https:\/\/thewineplace.es\/en","logo":{"@type":"ImageObject","inLanguage":"en-US","@id":"https:\/\/thewineplace.es\/en#\/schema\/logo\/image\/","url":"https:\/\/thewineplace.es\/desarrollo\/wp-content\/uploads\/2025\/05\/favicon.png","contentUrl":"https:\/\/thewineplace.es\/desarrollo\/wp-content\/uploads\/2025\/05\/favicon.png","width":250,"height":250,"caption":"The Wine Place"},"image":{"@id":"https:\/\/thewineplace.es\/en#\/schema\/logo\/image\/"},"sameAs":["https:\/\/www.facebook.com\/TheWinePlace","https:\/\/x.com\/MarkoneillES","https:\/\/www.instagram.com\/thewineplace","https:\/\/www.linkedin.com\/company\/thewineplace-es\/","https:\/\/www.youtube.com\/channel\/UCOzo67E6rQDwHmPAi8EiEdA"]}]}},"_links":{"self":[{"href":"https:\/\/thewineplace.es\/en\/wp-json\/wp\/v2\/product\/22242","targetHints":{"allow":["GET"]}}],"collection":[{"href":"https:\/\/thewineplace.es\/en\/wp-json\/wp\/v2\/product"}],"about":[{"href":"https:\/\/thewineplace.es\/en\/wp-json\/wp\/v2\/types\/product"}],"wp:featuredmedia":[{"embeddable":true,"href":"https:\/\/thewineplace.es\/en\/wp-json\/wp\/v2\/media\/21356"}],"wp:attachment":[{"href":"https:\/\/thewineplace.es\/en\/wp-json\/wp\/v2\/media?parent=22242"}],"wp:term":[{"taxonomy":"product_brand","embeddable":true,"href":"https:\/\/thewineplace.es\/en\/wp-json\/wp\/v2\/product_brand?post=22242"},{"taxonomy":"product_cat","embeddable":true,"href":"https:\/\/thewineplace.es\/en\/wp-json\/wp\/v2\/product_cat?post=22242"},{"taxonomy":"product_tag","embeddable":true,"href":"https:\/\/thewineplace.es\/en\/wp-json\/wp\/v2\/product_tag?post=22242"}],"curies":[{"name":"wp","href":"https:\/\/api.w.org\/{rel}","templated":true}]}}