{"id":22239,"date":"2021-11-23T13:12:55","date_gmt":"2021-11-23T12:12:55","guid":{"rendered":"https:\/\/thewineplace.es\/desarrollo?post_type=product&#038;p=22239"},"modified":"2026-03-16T11:26:27","modified_gmt":"2026-03-16T10:26:27","slug":"domaine-boutinot-la-cote-sauvage","status":"publish","type":"product","link":"https:\/\/thewineplace.es\/en\/wine-shop\/domaine-boutinot-la-cote-sauvage","title":{"rendered":"Domaine Boutinot La C\u00f4te Sauvage"},"content":{"rendered":"<p>Domaine Boutinot La C\u00f4te Sauvage is a red wine from the Southern Rh\u00f4ne made mainly from Grenache sourced from stony, well-exposed hillside vineyards. Fermented with respect for the fruit and partially aged in oak, it expresses the region\u2019s Mediterranean character with intensity and balance. It shows aromas of ripe red fruit, plum and aromatic herbs, with spicy touches. On the palate it is broad, structured and fresh, with polished tannins and a persistent finish that reflects Boutinot\u2019s elegant, precise style.<\/p>\n","protected":false},"excerpt":{"rendered":"<p>Southern Rh\u00f4ne red dominated by Grenache: intense and balanced, with ripe fruit, spice and Mediterranean character.<\/p>\n","protected":false},"featured_media":13762,"template":"","meta":{"_acf_changed":false,"_joinchat":[]},"product_brand":[],"product_cat":[689],"product_tag":[],"class_list":{"0":"post-22239","1":"product","2":"type-product","3":"status-publish","4":"has-post-thumbnail","6":"product_cat-wine","7":"pa_country-france","8":"pa_main-grape-grenache-en","9":"pa_type-wine-red","11":"first","12":"instock","13":"taxable","14":"shipping-taxable","15":"purchasable","16":"product-type-simple"},"acf":[],"yoast_head":"<!-- This site is optimized with the Yoast SEO plugin v27.4 - https:\/\/yoast.com\/product\/yoast-seo-wordpress\/ -->\n<title>Domaine Boutinot La C\u00f4te Sauvage | R\u00f3dano Sur | Red<\/title>\n<meta name=\"description\" content=\"Southern Rh\u00f4ne Grenache-led red with ripe fruit, spice and elegant tannins\u2014ideal with meats and stews.\" \/>\n<meta name=\"robots\" content=\"index, follow, max-snippet:-1, max-image-preview:large, max-video-preview:-1\" \/>\n<link rel=\"canonical\" href=\"https:\/\/thewineplace.es\/en\/wine-shop\/domaine-boutinot-la-cote-sauvage\" \/>\n<meta property=\"og:locale\" content=\"en_US\" \/>\n<meta property=\"og:type\" content=\"article\" \/>\n<meta property=\"og:title\" content=\"Domaine Boutinot La C\u00f4te Sauvage | R\u00f3dano Sur | Red\" \/>\n<meta property=\"og:description\" content=\"Southern Rh\u00f4ne Grenache-led red with ripe fruit, spice and elegant tannins\u2014ideal with meats and stews.\" \/>\n<meta property=\"og:url\" content=\"https:\/\/thewineplace.es\/en\/wine-shop\/domaine-boutinot-la-cote-sauvage\" \/>\n<meta property=\"og:site_name\" content=\"The Wine Place\" \/>\n<meta property=\"article:publisher\" content=\"https:\/\/www.facebook.com\/TheWinePlace\" \/>\n<meta property=\"article:modified_time\" content=\"2026-03-16T10:26:27+00:00\" \/>\n<meta property=\"og:image\" content=\"https:\/\/thewineplace.es\/wp-content\/uploads\/2025\/06\/v0219.jpg\" \/>\n\t<meta property=\"og:image:width\" content=\"800\" \/>\n\t<meta property=\"og:image:height\" content=\"800\" \/>\n\t<meta property=\"og:image:type\" content=\"image\/jpeg\" \/>\n<meta name=\"twitter:card\" content=\"summary_large_image\" \/>\n<meta name=\"twitter:site\" content=\"@MarkoneillES\" \/>\n<script type=\"application\/ld+json\" class=\"yoast-schema-graph\">{\"@context\":\"https:\\\/\\\/schema.org\",\"@graph\":[{\"@type\":\"WebPage\",\"@id\":\"https:\\\/\\\/thewineplace.es\\\/en\\\/wine-shop\\\/domaine-boutinot-la-cote-sauvage\",\"url\":\"https:\\\/\\\/thewineplace.es\\\/en\\\/wine-shop\\\/domaine-boutinot-la-cote-sauvage\",\"name\":\"Domaine Boutinot La C\u00f4te Sauvage | R\u00f3dano Sur | Red\",\"isPartOf\":{\"@id\":\"https:\\\/\\\/thewineplace.es\\\/en#website\"},\"primaryImageOfPage\":{\"@id\":\"https:\\\/\\\/thewineplace.es\\\/en\\\/wine-shop\\\/domaine-boutinot-la-cote-sauvage#primaryimage\"},\"image\":{\"@id\":\"https:\\\/\\\/thewineplace.es\\\/en\\\/wine-shop\\\/domaine-boutinot-la-cote-sauvage#primaryimage\"},\"thumbnailUrl\":\"https:\\\/\\\/thewineplace.es\\\/wp-content\\\/uploads\\\/2025\\\/06\\\/v0219.jpg\",\"datePublished\":\"2021-11-23T12:12:55+00:00\",\"dateModified\":\"2026-03-16T10:26:27+00:00\",\"description\":\"Southern Rh\u00f4ne Grenache-led red with ripe fruit, spice and elegant tannins\u2014ideal with meats and stews.\",\"breadcrumb\":{\"@id\":\"https:\\\/\\\/thewineplace.es\\\/en\\\/wine-shop\\\/domaine-boutinot-la-cote-sauvage#breadcrumb\"},\"inLanguage\":\"en-US\",\"potentialAction\":[{\"@type\":\"ReadAction\",\"target\":[\"https:\\\/\\\/thewineplace.es\\\/en\\\/wine-shop\\\/domaine-boutinot-la-cote-sauvage\"]}]},{\"@type\":\"ImageObject\",\"inLanguage\":\"en-US\",\"@id\":\"https:\\\/\\\/thewineplace.es\\\/en\\\/wine-shop\\\/domaine-boutinot-la-cote-sauvage#primaryimage\",\"url\":\"https:\\\/\\\/thewineplace.es\\\/wp-content\\\/uploads\\\/2025\\\/06\\\/v0219.jpg\",\"contentUrl\":\"https:\\\/\\\/thewineplace.es\\\/wp-content\\\/uploads\\\/2025\\\/06\\\/v0219.jpg\",\"width\":800,\"height\":800,\"caption\":\"Boutinot 'La Cote Sauvage' Cairanne AOC\"},{\"@type\":\"BreadcrumbList\",\"@id\":\"https:\\\/\\\/thewineplace.es\\\/en\\\/wine-shop\\\/domaine-boutinot-la-cote-sauvage#breadcrumb\",\"itemListElement\":[{\"@type\":\"ListItem\",\"position\":1,\"name\":\"Portada\",\"item\":\"https:\\\/\\\/thewineplace.es\\\/en\"},{\"@type\":\"ListItem\",\"position\":2,\"name\":\"Wine Shop\",\"item\":\"https:\\\/\\\/thewineplace.es\\\/en\\\/shop\"},{\"@type\":\"ListItem\",\"position\":3,\"name\":\"Domaine Boutinot La C\u00f4te Sauvage\"}]},{\"@type\":\"WebSite\",\"@id\":\"https:\\\/\\\/thewineplace.es\\\/en#website\",\"url\":\"https:\\\/\\\/thewineplace.es\\\/en\",\"name\":\"The Wine Place\",\"description\":\"Tienda de vinos, cursos y catas de vino en Valencia\",\"publisher\":{\"@id\":\"https:\\\/\\\/thewineplace.es\\\/en#organization\"},\"alternateName\":\"Tienda de vinos de Valencia\",\"potentialAction\":[{\"@type\":\"SearchAction\",\"target\":{\"@type\":\"EntryPoint\",\"urlTemplate\":\"https:\\\/\\\/thewineplace.es\\\/en?s={search_term_string}\"},\"query-input\":{\"@type\":\"PropertyValueSpecification\",\"valueRequired\":true,\"valueName\":\"search_term_string\"}}],\"inLanguage\":\"en-US\"},{\"@type\":\"Organization\",\"@id\":\"https:\\\/\\\/thewineplace.es\\\/en#organization\",\"name\":\"The Wine Place\",\"alternateName\":\"Verde Marte S.L.U.\",\"url\":\"https:\\\/\\\/thewineplace.es\\\/en\",\"logo\":{\"@type\":\"ImageObject\",\"inLanguage\":\"en-US\",\"@id\":\"https:\\\/\\\/thewineplace.es\\\/en#\\\/schema\\\/logo\\\/image\\\/\",\"url\":\"https:\\\/\\\/thewineplace.es\\\/desarrollo\\\/wp-content\\\/uploads\\\/2025\\\/05\\\/favicon.png\",\"contentUrl\":\"https:\\\/\\\/thewineplace.es\\\/desarrollo\\\/wp-content\\\/uploads\\\/2025\\\/05\\\/favicon.png\",\"width\":250,\"height\":250,\"caption\":\"The Wine Place\"},\"image\":{\"@id\":\"https:\\\/\\\/thewineplace.es\\\/en#\\\/schema\\\/logo\\\/image\\\/\"},\"sameAs\":[\"https:\\\/\\\/www.facebook.com\\\/TheWinePlace\",\"https:\\\/\\\/x.com\\\/MarkoneillES\",\"https:\\\/\\\/www.instagram.com\\\/thewineplace\",\"https:\\\/\\\/www.linkedin.com\\\/company\\\/thewineplace-es\\\/\",\"https:\\\/\\\/www.youtube.com\\\/channel\\\/UCOzo67E6rQDwHmPAi8EiEdA\"]}]}<\/script>\n<!-- \/ Yoast SEO plugin. -->","yoast_head_json":{"title":"Domaine Boutinot La C\u00f4te Sauvage | R\u00f3dano Sur | Red","description":"Southern Rh\u00f4ne Grenache-led red with ripe fruit, spice and elegant tannins\u2014ideal with meats and stews.","robots":{"index":"index","follow":"follow","max-snippet":"max-snippet:-1","max-image-preview":"max-image-preview:large","max-video-preview":"max-video-preview:-1"},"canonical":"https:\/\/thewineplace.es\/en\/wine-shop\/domaine-boutinot-la-cote-sauvage","og_locale":"en_US","og_type":"article","og_title":"Domaine Boutinot La C\u00f4te Sauvage | R\u00f3dano Sur | Red","og_description":"Southern Rh\u00f4ne Grenache-led red with ripe fruit, spice and elegant tannins\u2014ideal with meats and stews.","og_url":"https:\/\/thewineplace.es\/en\/wine-shop\/domaine-boutinot-la-cote-sauvage","og_site_name":"The Wine Place","article_publisher":"https:\/\/www.facebook.com\/TheWinePlace","article_modified_time":"2026-03-16T10:26:27+00:00","og_image":[{"width":800,"height":800,"url":"https:\/\/thewineplace.es\/wp-content\/uploads\/2025\/06\/v0219.jpg","type":"image\/jpeg"}],"twitter_card":"summary_large_image","twitter_site":"@MarkoneillES","schema":{"@context":"https:\/\/schema.org","@graph":[{"@type":"WebPage","@id":"https:\/\/thewineplace.es\/en\/wine-shop\/domaine-boutinot-la-cote-sauvage","url":"https:\/\/thewineplace.es\/en\/wine-shop\/domaine-boutinot-la-cote-sauvage","name":"Domaine Boutinot La C\u00f4te Sauvage | R\u00f3dano Sur | Red","isPartOf":{"@id":"https:\/\/thewineplace.es\/en#website"},"primaryImageOfPage":{"@id":"https:\/\/thewineplace.es\/en\/wine-shop\/domaine-boutinot-la-cote-sauvage#primaryimage"},"image":{"@id":"https:\/\/thewineplace.es\/en\/wine-shop\/domaine-boutinot-la-cote-sauvage#primaryimage"},"thumbnailUrl":"https:\/\/thewineplace.es\/wp-content\/uploads\/2025\/06\/v0219.jpg","datePublished":"2021-11-23T12:12:55+00:00","dateModified":"2026-03-16T10:26:27+00:00","description":"Southern Rh\u00f4ne Grenache-led red with ripe fruit, spice and elegant tannins\u2014ideal with meats and stews.","breadcrumb":{"@id":"https:\/\/thewineplace.es\/en\/wine-shop\/domaine-boutinot-la-cote-sauvage#breadcrumb"},"inLanguage":"en-US","potentialAction":[{"@type":"ReadAction","target":["https:\/\/thewineplace.es\/en\/wine-shop\/domaine-boutinot-la-cote-sauvage"]}]},{"@type":"ImageObject","inLanguage":"en-US","@id":"https:\/\/thewineplace.es\/en\/wine-shop\/domaine-boutinot-la-cote-sauvage#primaryimage","url":"https:\/\/thewineplace.es\/wp-content\/uploads\/2025\/06\/v0219.jpg","contentUrl":"https:\/\/thewineplace.es\/wp-content\/uploads\/2025\/06\/v0219.jpg","width":800,"height":800,"caption":"Boutinot 'La Cote Sauvage' Cairanne AOC"},{"@type":"BreadcrumbList","@id":"https:\/\/thewineplace.es\/en\/wine-shop\/domaine-boutinot-la-cote-sauvage#breadcrumb","itemListElement":[{"@type":"ListItem","position":1,"name":"Portada","item":"https:\/\/thewineplace.es\/en"},{"@type":"ListItem","position":2,"name":"Wine Shop","item":"https:\/\/thewineplace.es\/en\/shop"},{"@type":"ListItem","position":3,"name":"Domaine Boutinot La C\u00f4te Sauvage"}]},{"@type":"WebSite","@id":"https:\/\/thewineplace.es\/en#website","url":"https:\/\/thewineplace.es\/en","name":"The Wine Place","description":"Tienda de vinos, cursos y catas de vino en Valencia","publisher":{"@id":"https:\/\/thewineplace.es\/en#organization"},"alternateName":"Tienda de vinos de Valencia","potentialAction":[{"@type":"SearchAction","target":{"@type":"EntryPoint","urlTemplate":"https:\/\/thewineplace.es\/en?s={search_term_string}"},"query-input":{"@type":"PropertyValueSpecification","valueRequired":true,"valueName":"search_term_string"}}],"inLanguage":"en-US"},{"@type":"Organization","@id":"https:\/\/thewineplace.es\/en#organization","name":"The Wine Place","alternateName":"Verde Marte S.L.U.","url":"https:\/\/thewineplace.es\/en","logo":{"@type":"ImageObject","inLanguage":"en-US","@id":"https:\/\/thewineplace.es\/en#\/schema\/logo\/image\/","url":"https:\/\/thewineplace.es\/desarrollo\/wp-content\/uploads\/2025\/05\/favicon.png","contentUrl":"https:\/\/thewineplace.es\/desarrollo\/wp-content\/uploads\/2025\/05\/favicon.png","width":250,"height":250,"caption":"The Wine Place"},"image":{"@id":"https:\/\/thewineplace.es\/en#\/schema\/logo\/image\/"},"sameAs":["https:\/\/www.facebook.com\/TheWinePlace","https:\/\/x.com\/MarkoneillES","https:\/\/www.instagram.com\/thewineplace","https:\/\/www.linkedin.com\/company\/thewineplace-es\/","https:\/\/www.youtube.com\/channel\/UCOzo67E6rQDwHmPAi8EiEdA"]}]}},"_links":{"self":[{"href":"https:\/\/thewineplace.es\/en\/wp-json\/wp\/v2\/product\/22239","targetHints":{"allow":["GET"]}}],"collection":[{"href":"https:\/\/thewineplace.es\/en\/wp-json\/wp\/v2\/product"}],"about":[{"href":"https:\/\/thewineplace.es\/en\/wp-json\/wp\/v2\/types\/product"}],"wp:featuredmedia":[{"embeddable":true,"href":"https:\/\/thewineplace.es\/en\/wp-json\/wp\/v2\/media\/13762"}],"wp:attachment":[{"href":"https:\/\/thewineplace.es\/en\/wp-json\/wp\/v2\/media?parent=22239"}],"wp:term":[{"taxonomy":"product_brand","embeddable":true,"href":"https:\/\/thewineplace.es\/en\/wp-json\/wp\/v2\/product_brand?post=22239"},{"taxonomy":"product_cat","embeddable":true,"href":"https:\/\/thewineplace.es\/en\/wp-json\/wp\/v2\/product_cat?post=22239"},{"taxonomy":"product_tag","embeddable":true,"href":"https:\/\/thewineplace.es\/en\/wp-json\/wp\/v2\/product_tag?post=22239"}],"curies":[{"name":"wp","href":"https:\/\/api.w.org\/{rel}","templated":true}]}}