{"id":22209,"date":"2025-11-10T17:23:31","date_gmt":"2025-11-10T16:23:31","guid":{"rendered":"https:\/\/thewineplace.es\/desarrollo?post_type=product&#038;p=22209"},"modified":"2026-03-16T11:26:11","modified_gmt":"2026-03-16T10:26:11","slug":"pepe-mendoza-casa-agricola-blanco","status":"publish","type":"product","link":"https:\/\/thewineplace.es\/en\/wine-shop\/pepe-mendoza-casa-agricola-blanco","title":{"rendered":"Pepe Mendoza Casa Agr\u00edcola Blanco"},"content":{"rendered":"<p>Pepe Mendoza Casa Agr\u00edcola Blanco is a white wine from the Alicante D.O. made by Pepe Mendoza Casa Agr\u00edcola from Mediterranean varieties grown in sustainably farmed vineyards. It reflects the bright, fresh identity of Alicante\u2019s coastline, combining fruit and balance. The nose offers aromas of white fruit, citrus and delicate herbal notes. On the palate it is fresh and broad, with good acidity, a balanced texture and a clean finish that brings a saline sensation and persistence. An expressive, food-friendly Mediterranean white.<\/p>\n","protected":false},"excerpt":{"rendered":"<p>Fresh Mediterranean white with white fruit and citrus, good acidity and a clean finish with a light saline touch.<\/p>\n","protected":false},"featured_media":21536,"template":"","meta":{"_acf_changed":false,"_joinchat":[]},"product_brand":[],"product_cat":[689],"product_tag":[],"class_list":{"0":"post-22209","1":"product","2":"type-product","3":"status-publish","4":"has-post-thumbnail","6":"product_cat-wine","7":"pa_country-spain","8":"pa_main-grape-macabeo-en","9":"pa_main-grape-moscatel-en","10":"pa_type-wine-white","12":"first","13":"instock","14":"taxable","15":"shipping-taxable","16":"purchasable","17":"product-type-simple"},"acf":[],"yoast_head":"<!-- This site is optimized with the Yoast SEO plugin v27.3 - https:\/\/yoast.com\/product\/yoast-seo-wordpress\/ -->\n<title>Pepe Mendoza Casa Agr\u00edcola White | Alicante | White<\/title>\n<meta name=\"description\" content=\"Pepe Mendoza Casa Agr\u00edcola Blanco: fresh, Mediterranean Alicante white with excellent balance.\" \/>\n<meta name=\"robots\" content=\"index, follow, max-snippet:-1, max-image-preview:large, max-video-preview:-1\" \/>\n<link rel=\"canonical\" href=\"https:\/\/thewineplace.es\/en\/wine-shop\/pepe-mendoza-casa-agricola-blanco\" \/>\n<meta property=\"og:locale\" content=\"en_US\" \/>\n<meta property=\"og:type\" content=\"article\" \/>\n<meta property=\"og:title\" content=\"Pepe Mendoza Casa Agr\u00edcola White | Alicante | White\" \/>\n<meta property=\"og:description\" content=\"Pepe Mendoza Casa Agr\u00edcola Blanco: fresh, Mediterranean Alicante white with excellent balance.\" \/>\n<meta property=\"og:url\" content=\"https:\/\/thewineplace.es\/en\/wine-shop\/pepe-mendoza-casa-agricola-blanco\" \/>\n<meta property=\"og:site_name\" content=\"The Wine Place\" \/>\n<meta property=\"article:publisher\" content=\"https:\/\/www.facebook.com\/TheWinePlace\" \/>\n<meta property=\"article:modified_time\" content=\"2026-03-16T10:26:11+00:00\" \/>\n<meta property=\"og:image\" content=\"https:\/\/thewineplace.es\/wp-content\/uploads\/2025\/11\/pepe-mendoza-casa-agricola-blanco.png\" \/>\n\t<meta property=\"og:image:width\" content=\"800\" \/>\n\t<meta property=\"og:image:height\" content=\"800\" \/>\n\t<meta property=\"og:image:type\" content=\"image\/png\" \/>\n<meta name=\"twitter:card\" content=\"summary_large_image\" \/>\n<meta name=\"twitter:site\" content=\"@MarkoneillES\" \/>\n<script type=\"application\/ld+json\" class=\"yoast-schema-graph\">{\"@context\":\"https:\\\/\\\/schema.org\",\"@graph\":[{\"@type\":\"WebPage\",\"@id\":\"https:\\\/\\\/thewineplace.es\\\/en\\\/wine-shop\\\/pepe-mendoza-casa-agricola-blanco\",\"url\":\"https:\\\/\\\/thewineplace.es\\\/en\\\/wine-shop\\\/pepe-mendoza-casa-agricola-blanco\",\"name\":\"Pepe Mendoza Casa Agr\u00edcola White | Alicante | White\",\"isPartOf\":{\"@id\":\"https:\\\/\\\/thewineplace.es\\\/en#website\"},\"primaryImageOfPage\":{\"@id\":\"https:\\\/\\\/thewineplace.es\\\/en\\\/wine-shop\\\/pepe-mendoza-casa-agricola-blanco#primaryimage\"},\"image\":{\"@id\":\"https:\\\/\\\/thewineplace.es\\\/en\\\/wine-shop\\\/pepe-mendoza-casa-agricola-blanco#primaryimage\"},\"thumbnailUrl\":\"https:\\\/\\\/thewineplace.es\\\/wp-content\\\/uploads\\\/2025\\\/11\\\/pepe-mendoza-casa-agricola-blanco.png\",\"datePublished\":\"2025-11-10T16:23:31+00:00\",\"dateModified\":\"2026-03-16T10:26:11+00:00\",\"description\":\"Pepe Mendoza Casa Agr\u00edcola Blanco: fresh, Mediterranean Alicante white with excellent balance.\",\"breadcrumb\":{\"@id\":\"https:\\\/\\\/thewineplace.es\\\/en\\\/wine-shop\\\/pepe-mendoza-casa-agricola-blanco#breadcrumb\"},\"inLanguage\":\"en-US\",\"potentialAction\":[{\"@type\":\"ReadAction\",\"target\":[\"https:\\\/\\\/thewineplace.es\\\/en\\\/wine-shop\\\/pepe-mendoza-casa-agricola-blanco\"]}]},{\"@type\":\"ImageObject\",\"inLanguage\":\"en-US\",\"@id\":\"https:\\\/\\\/thewineplace.es\\\/en\\\/wine-shop\\\/pepe-mendoza-casa-agricola-blanco#primaryimage\",\"url\":\"https:\\\/\\\/thewineplace.es\\\/wp-content\\\/uploads\\\/2025\\\/11\\\/pepe-mendoza-casa-agricola-blanco.png\",\"contentUrl\":\"https:\\\/\\\/thewineplace.es\\\/wp-content\\\/uploads\\\/2025\\\/11\\\/pepe-mendoza-casa-agricola-blanco.png\",\"width\":800,\"height\":800,\"caption\":\"Vino Pepe Mendoza Casa Agr\u00edcola Blanco\"},{\"@type\":\"BreadcrumbList\",\"@id\":\"https:\\\/\\\/thewineplace.es\\\/en\\\/wine-shop\\\/pepe-mendoza-casa-agricola-blanco#breadcrumb\",\"itemListElement\":[{\"@type\":\"ListItem\",\"position\":1,\"name\":\"Portada\",\"item\":\"https:\\\/\\\/thewineplace.es\\\/en\"},{\"@type\":\"ListItem\",\"position\":2,\"name\":\"Wine Shop\",\"item\":\"https:\\\/\\\/thewineplace.es\\\/en\\\/shop\"},{\"@type\":\"ListItem\",\"position\":3,\"name\":\"Pepe Mendoza Casa Agr\u00edcola Blanco\"}]},{\"@type\":\"WebSite\",\"@id\":\"https:\\\/\\\/thewineplace.es\\\/en#website\",\"url\":\"https:\\\/\\\/thewineplace.es\\\/en\",\"name\":\"The Wine Place\",\"description\":\"Tienda de vinos, cursos y catas de vino en Valencia\",\"publisher\":{\"@id\":\"https:\\\/\\\/thewineplace.es\\\/en#organization\"},\"alternateName\":\"Tienda de vinos de Valencia\",\"potentialAction\":[{\"@type\":\"SearchAction\",\"target\":{\"@type\":\"EntryPoint\",\"urlTemplate\":\"https:\\\/\\\/thewineplace.es\\\/en?s={search_term_string}\"},\"query-input\":{\"@type\":\"PropertyValueSpecification\",\"valueRequired\":true,\"valueName\":\"search_term_string\"}}],\"inLanguage\":\"en-US\"},{\"@type\":\"Organization\",\"@id\":\"https:\\\/\\\/thewineplace.es\\\/en#organization\",\"name\":\"The Wine Place\",\"alternateName\":\"Verde Marte S.L.U.\",\"url\":\"https:\\\/\\\/thewineplace.es\\\/en\",\"logo\":{\"@type\":\"ImageObject\",\"inLanguage\":\"en-US\",\"@id\":\"https:\\\/\\\/thewineplace.es\\\/en#\\\/schema\\\/logo\\\/image\\\/\",\"url\":\"https:\\\/\\\/thewineplace.es\\\/desarrollo\\\/wp-content\\\/uploads\\\/2025\\\/05\\\/favicon.png\",\"contentUrl\":\"https:\\\/\\\/thewineplace.es\\\/desarrollo\\\/wp-content\\\/uploads\\\/2025\\\/05\\\/favicon.png\",\"width\":250,\"height\":250,\"caption\":\"The Wine Place\"},\"image\":{\"@id\":\"https:\\\/\\\/thewineplace.es\\\/en#\\\/schema\\\/logo\\\/image\\\/\"},\"sameAs\":[\"https:\\\/\\\/www.facebook.com\\\/TheWinePlace\",\"https:\\\/\\\/x.com\\\/MarkoneillES\",\"https:\\\/\\\/www.instagram.com\\\/thewineplace\",\"https:\\\/\\\/www.linkedin.com\\\/company\\\/thewineplace-es\\\/\",\"https:\\\/\\\/www.youtube.com\\\/channel\\\/UCOzo67E6rQDwHmPAi8EiEdA\"]}]}<\/script>\n<!-- \/ Yoast SEO plugin. -->","yoast_head_json":{"title":"Pepe Mendoza Casa Agr\u00edcola White | Alicante | White","description":"Pepe Mendoza Casa Agr\u00edcola Blanco: fresh, Mediterranean Alicante white with excellent balance.","robots":{"index":"index","follow":"follow","max-snippet":"max-snippet:-1","max-image-preview":"max-image-preview:large","max-video-preview":"max-video-preview:-1"},"canonical":"https:\/\/thewineplace.es\/en\/wine-shop\/pepe-mendoza-casa-agricola-blanco","og_locale":"en_US","og_type":"article","og_title":"Pepe Mendoza Casa Agr\u00edcola White | Alicante | White","og_description":"Pepe Mendoza Casa Agr\u00edcola Blanco: fresh, Mediterranean Alicante white with excellent balance.","og_url":"https:\/\/thewineplace.es\/en\/wine-shop\/pepe-mendoza-casa-agricola-blanco","og_site_name":"The Wine Place","article_publisher":"https:\/\/www.facebook.com\/TheWinePlace","article_modified_time":"2026-03-16T10:26:11+00:00","og_image":[{"width":800,"height":800,"url":"https:\/\/thewineplace.es\/wp-content\/uploads\/2025\/11\/pepe-mendoza-casa-agricola-blanco.png","type":"image\/png"}],"twitter_card":"summary_large_image","twitter_site":"@MarkoneillES","schema":{"@context":"https:\/\/schema.org","@graph":[{"@type":"WebPage","@id":"https:\/\/thewineplace.es\/en\/wine-shop\/pepe-mendoza-casa-agricola-blanco","url":"https:\/\/thewineplace.es\/en\/wine-shop\/pepe-mendoza-casa-agricola-blanco","name":"Pepe Mendoza Casa Agr\u00edcola White | Alicante | White","isPartOf":{"@id":"https:\/\/thewineplace.es\/en#website"},"primaryImageOfPage":{"@id":"https:\/\/thewineplace.es\/en\/wine-shop\/pepe-mendoza-casa-agricola-blanco#primaryimage"},"image":{"@id":"https:\/\/thewineplace.es\/en\/wine-shop\/pepe-mendoza-casa-agricola-blanco#primaryimage"},"thumbnailUrl":"https:\/\/thewineplace.es\/wp-content\/uploads\/2025\/11\/pepe-mendoza-casa-agricola-blanco.png","datePublished":"2025-11-10T16:23:31+00:00","dateModified":"2026-03-16T10:26:11+00:00","description":"Pepe Mendoza Casa Agr\u00edcola Blanco: fresh, Mediterranean Alicante white with excellent balance.","breadcrumb":{"@id":"https:\/\/thewineplace.es\/en\/wine-shop\/pepe-mendoza-casa-agricola-blanco#breadcrumb"},"inLanguage":"en-US","potentialAction":[{"@type":"ReadAction","target":["https:\/\/thewineplace.es\/en\/wine-shop\/pepe-mendoza-casa-agricola-blanco"]}]},{"@type":"ImageObject","inLanguage":"en-US","@id":"https:\/\/thewineplace.es\/en\/wine-shop\/pepe-mendoza-casa-agricola-blanco#primaryimage","url":"https:\/\/thewineplace.es\/wp-content\/uploads\/2025\/11\/pepe-mendoza-casa-agricola-blanco.png","contentUrl":"https:\/\/thewineplace.es\/wp-content\/uploads\/2025\/11\/pepe-mendoza-casa-agricola-blanco.png","width":800,"height":800,"caption":"Vino Pepe Mendoza Casa Agr\u00edcola Blanco"},{"@type":"BreadcrumbList","@id":"https:\/\/thewineplace.es\/en\/wine-shop\/pepe-mendoza-casa-agricola-blanco#breadcrumb","itemListElement":[{"@type":"ListItem","position":1,"name":"Portada","item":"https:\/\/thewineplace.es\/en"},{"@type":"ListItem","position":2,"name":"Wine Shop","item":"https:\/\/thewineplace.es\/en\/shop"},{"@type":"ListItem","position":3,"name":"Pepe Mendoza Casa Agr\u00edcola Blanco"}]},{"@type":"WebSite","@id":"https:\/\/thewineplace.es\/en#website","url":"https:\/\/thewineplace.es\/en","name":"The Wine Place","description":"Tienda de vinos, cursos y catas de vino en Valencia","publisher":{"@id":"https:\/\/thewineplace.es\/en#organization"},"alternateName":"Tienda de vinos de Valencia","potentialAction":[{"@type":"SearchAction","target":{"@type":"EntryPoint","urlTemplate":"https:\/\/thewineplace.es\/en?s={search_term_string}"},"query-input":{"@type":"PropertyValueSpecification","valueRequired":true,"valueName":"search_term_string"}}],"inLanguage":"en-US"},{"@type":"Organization","@id":"https:\/\/thewineplace.es\/en#organization","name":"The Wine Place","alternateName":"Verde Marte S.L.U.","url":"https:\/\/thewineplace.es\/en","logo":{"@type":"ImageObject","inLanguage":"en-US","@id":"https:\/\/thewineplace.es\/en#\/schema\/logo\/image\/","url":"https:\/\/thewineplace.es\/desarrollo\/wp-content\/uploads\/2025\/05\/favicon.png","contentUrl":"https:\/\/thewineplace.es\/desarrollo\/wp-content\/uploads\/2025\/05\/favicon.png","width":250,"height":250,"caption":"The Wine Place"},"image":{"@id":"https:\/\/thewineplace.es\/en#\/schema\/logo\/image\/"},"sameAs":["https:\/\/www.facebook.com\/TheWinePlace","https:\/\/x.com\/MarkoneillES","https:\/\/www.instagram.com\/thewineplace","https:\/\/www.linkedin.com\/company\/thewineplace-es\/","https:\/\/www.youtube.com\/channel\/UCOzo67E6rQDwHmPAi8EiEdA"]}]}},"_links":{"self":[{"href":"https:\/\/thewineplace.es\/en\/wp-json\/wp\/v2\/product\/22209","targetHints":{"allow":["GET"]}}],"collection":[{"href":"https:\/\/thewineplace.es\/en\/wp-json\/wp\/v2\/product"}],"about":[{"href":"https:\/\/thewineplace.es\/en\/wp-json\/wp\/v2\/types\/product"}],"wp:featuredmedia":[{"embeddable":true,"href":"https:\/\/thewineplace.es\/en\/wp-json\/wp\/v2\/media\/21536"}],"wp:attachment":[{"href":"https:\/\/thewineplace.es\/en\/wp-json\/wp\/v2\/media?parent=22209"}],"wp:term":[{"taxonomy":"product_brand","embeddable":true,"href":"https:\/\/thewineplace.es\/en\/wp-json\/wp\/v2\/product_brand?post=22209"},{"taxonomy":"product_cat","embeddable":true,"href":"https:\/\/thewineplace.es\/en\/wp-json\/wp\/v2\/product_cat?post=22209"},{"taxonomy":"product_tag","embeddable":true,"href":"https:\/\/thewineplace.es\/en\/wp-json\/wp\/v2\/product_tag?post=22209"}],"curies":[{"name":"wp","href":"https:\/\/api.w.org\/{rel}","templated":true}]}}