{"id":22202,"date":"2020-07-13T13:39:44","date_gmt":"2020-07-13T11:39:44","guid":{"rendered":"https:\/\/thewineplace.es\/desarrollo?post_type=product&#038;p=22202"},"modified":"2026-03-16T11:26:29","modified_gmt":"2026-03-16T10:26:29","slug":"ayles-cuesta-del-herrero","status":"publish","type":"product","link":"https:\/\/thewineplace.es\/en\/wine-shop\/ayles-cuesta-del-herrero","title":{"rendered":"Ayles Cuesta del Herrero"},"content":{"rendered":"<p>Ayl\u00e9s Cuesta del Herrero is a red wine from Arag\u00f3n made by Pago Ayl\u00e9s, recognised as a Vino de Pago. It comes from estate vineyards at altitude on stony soils that provide concentration and character. This red blends selected varieties to deliver structure and balance. The nose shows aromas of ripe black fruit, spicy notes and subtle ageing nuances. On the palate it is powerful and elegant, with firm tannins, good acidity and a long, persistent finish. A wine with personality that reflects the singularity of Arag\u00f3n\u2019s terroir.<\/p>\n","protected":false},"excerpt":{"rendered":"<p>Structured red with black fruit and spice, firm tannins and a long finish that expresses Arag\u00f3n\u2019s character.<\/p>\n","protected":false},"featured_media":21342,"template":"","meta":{"_acf_changed":false,"_joinchat":[]},"product_brand":[],"product_cat":[689],"product_tag":[],"class_list":{"0":"post-22202","1":"product","2":"type-product","3":"status-publish","4":"has-post-thumbnail","6":"product_cat-wine","7":"pa_country-spain","8":"pa_main-grape-garnacha-en","9":"pa_main-grape-merlot-en","10":"pa_main-grape-tempranillo-en","11":"pa_type-wine-red","13":"first","14":"instock","15":"taxable","16":"shipping-taxable","17":"purchasable","18":"product-type-simple"},"acf":[],"yoast_head":"<!-- This site is optimized with the Yoast SEO plugin v27.3 - https:\/\/yoast.com\/product\/yoast-seo-wordpress\/ -->\n<title>Ayl\u00e9s Cuesta del Herrero | Arag\u00f3n | Red<\/title>\n<meta name=\"description\" content=\"Ayl\u00e9s Cuesta del Herrero: structured, elegant Arag\u00f3n Vino de Pago with great character.\" \/>\n<meta name=\"robots\" content=\"index, follow, max-snippet:-1, max-image-preview:large, max-video-preview:-1\" \/>\n<link rel=\"canonical\" href=\"https:\/\/thewineplace.es\/en\/wine-shop\/ayles-cuesta-del-herrero\" \/>\n<meta property=\"og:locale\" content=\"en_US\" \/>\n<meta property=\"og:type\" content=\"article\" \/>\n<meta property=\"og:title\" content=\"Ayl\u00e9s Cuesta del Herrero | Arag\u00f3n | Red\" \/>\n<meta property=\"og:description\" content=\"Ayl\u00e9s Cuesta del Herrero: structured, elegant Arag\u00f3n Vino de Pago with great character.\" \/>\n<meta property=\"og:url\" content=\"https:\/\/thewineplace.es\/en\/wine-shop\/ayles-cuesta-del-herrero\" \/>\n<meta property=\"og:site_name\" content=\"The Wine Place\" \/>\n<meta property=\"article:publisher\" content=\"https:\/\/www.facebook.com\/TheWinePlace\" \/>\n<meta property=\"article:modified_time\" content=\"2026-03-16T10:26:29+00:00\" \/>\n<meta property=\"og:image\" content=\"https:\/\/thewineplace.es\/wp-content\/uploads\/2020\/07\/10114-Ayles-cuesta-del-herrero.jpg\" \/>\n\t<meta property=\"og:image:width\" content=\"800\" \/>\n\t<meta property=\"og:image:height\" content=\"800\" \/>\n\t<meta property=\"og:image:type\" content=\"image\/jpeg\" \/>\n<meta name=\"twitter:card\" content=\"summary_large_image\" \/>\n<meta name=\"twitter:site\" content=\"@MarkoneillES\" \/>\n<script type=\"application\/ld+json\" class=\"yoast-schema-graph\">{\"@context\":\"https:\\\/\\\/schema.org\",\"@graph\":[{\"@type\":\"WebPage\",\"@id\":\"https:\\\/\\\/thewineplace.es\\\/en\\\/wine-shop\\\/ayles-cuesta-del-herrero\",\"url\":\"https:\\\/\\\/thewineplace.es\\\/en\\\/wine-shop\\\/ayles-cuesta-del-herrero\",\"name\":\"Ayl\u00e9s Cuesta del Herrero | Arag\u00f3n | Red\",\"isPartOf\":{\"@id\":\"https:\\\/\\\/thewineplace.es\\\/en#website\"},\"primaryImageOfPage\":{\"@id\":\"https:\\\/\\\/thewineplace.es\\\/en\\\/wine-shop\\\/ayles-cuesta-del-herrero#primaryimage\"},\"image\":{\"@id\":\"https:\\\/\\\/thewineplace.es\\\/en\\\/wine-shop\\\/ayles-cuesta-del-herrero#primaryimage\"},\"thumbnailUrl\":\"https:\\\/\\\/thewineplace.es\\\/wp-content\\\/uploads\\\/2020\\\/07\\\/10114-Ayles-cuesta-del-herrero.jpg\",\"datePublished\":\"2020-07-13T11:39:44+00:00\",\"dateModified\":\"2026-03-16T10:26:29+00:00\",\"description\":\"Ayl\u00e9s Cuesta del Herrero: structured, elegant Arag\u00f3n Vino de Pago with great character.\",\"breadcrumb\":{\"@id\":\"https:\\\/\\\/thewineplace.es\\\/en\\\/wine-shop\\\/ayles-cuesta-del-herrero#breadcrumb\"},\"inLanguage\":\"en-US\",\"potentialAction\":[{\"@type\":\"ReadAction\",\"target\":[\"https:\\\/\\\/thewineplace.es\\\/en\\\/wine-shop\\\/ayles-cuesta-del-herrero\"]}]},{\"@type\":\"ImageObject\",\"inLanguage\":\"en-US\",\"@id\":\"https:\\\/\\\/thewineplace.es\\\/en\\\/wine-shop\\\/ayles-cuesta-del-herrero#primaryimage\",\"url\":\"https:\\\/\\\/thewineplace.es\\\/wp-content\\\/uploads\\\/2020\\\/07\\\/10114-Ayles-cuesta-del-herrero.jpg\",\"contentUrl\":\"https:\\\/\\\/thewineplace.es\\\/wp-content\\\/uploads\\\/2020\\\/07\\\/10114-Ayles-cuesta-del-herrero.jpg\",\"width\":800,\"height\":800,\"caption\":\"Vino Ayles Cuesta del Herrero\"},{\"@type\":\"BreadcrumbList\",\"@id\":\"https:\\\/\\\/thewineplace.es\\\/en\\\/wine-shop\\\/ayles-cuesta-del-herrero#breadcrumb\",\"itemListElement\":[{\"@type\":\"ListItem\",\"position\":1,\"name\":\"Portada\",\"item\":\"https:\\\/\\\/thewineplace.es\\\/en\"},{\"@type\":\"ListItem\",\"position\":2,\"name\":\"Wine Shop\",\"item\":\"https:\\\/\\\/thewineplace.es\\\/en\\\/shop\"},{\"@type\":\"ListItem\",\"position\":3,\"name\":\"Ayles Cuesta del Herrero\"}]},{\"@type\":\"WebSite\",\"@id\":\"https:\\\/\\\/thewineplace.es\\\/en#website\",\"url\":\"https:\\\/\\\/thewineplace.es\\\/en\",\"name\":\"The Wine Place\",\"description\":\"Tienda de vinos, cursos y catas de vino en Valencia\",\"publisher\":{\"@id\":\"https:\\\/\\\/thewineplace.es\\\/en#organization\"},\"alternateName\":\"Tienda de vinos de Valencia\",\"potentialAction\":[{\"@type\":\"SearchAction\",\"target\":{\"@type\":\"EntryPoint\",\"urlTemplate\":\"https:\\\/\\\/thewineplace.es\\\/en?s={search_term_string}\"},\"query-input\":{\"@type\":\"PropertyValueSpecification\",\"valueRequired\":true,\"valueName\":\"search_term_string\"}}],\"inLanguage\":\"en-US\"},{\"@type\":\"Organization\",\"@id\":\"https:\\\/\\\/thewineplace.es\\\/en#organization\",\"name\":\"The Wine Place\",\"alternateName\":\"Verde Marte S.L.U.\",\"url\":\"https:\\\/\\\/thewineplace.es\\\/en\",\"logo\":{\"@type\":\"ImageObject\",\"inLanguage\":\"en-US\",\"@id\":\"https:\\\/\\\/thewineplace.es\\\/en#\\\/schema\\\/logo\\\/image\\\/\",\"url\":\"https:\\\/\\\/thewineplace.es\\\/desarrollo\\\/wp-content\\\/uploads\\\/2025\\\/05\\\/favicon.png\",\"contentUrl\":\"https:\\\/\\\/thewineplace.es\\\/desarrollo\\\/wp-content\\\/uploads\\\/2025\\\/05\\\/favicon.png\",\"width\":250,\"height\":250,\"caption\":\"The Wine Place\"},\"image\":{\"@id\":\"https:\\\/\\\/thewineplace.es\\\/en#\\\/schema\\\/logo\\\/image\\\/\"},\"sameAs\":[\"https:\\\/\\\/www.facebook.com\\\/TheWinePlace\",\"https:\\\/\\\/x.com\\\/MarkoneillES\",\"https:\\\/\\\/www.instagram.com\\\/thewineplace\",\"https:\\\/\\\/www.linkedin.com\\\/company\\\/thewineplace-es\\\/\",\"https:\\\/\\\/www.youtube.com\\\/channel\\\/UCOzo67E6rQDwHmPAi8EiEdA\"]}]}<\/script>\n<!-- \/ Yoast SEO plugin. -->","yoast_head_json":{"title":"Ayl\u00e9s Cuesta del Herrero | Arag\u00f3n | Red","description":"Ayl\u00e9s Cuesta del Herrero: structured, elegant Arag\u00f3n Vino de Pago with great character.","robots":{"index":"index","follow":"follow","max-snippet":"max-snippet:-1","max-image-preview":"max-image-preview:large","max-video-preview":"max-video-preview:-1"},"canonical":"https:\/\/thewineplace.es\/en\/wine-shop\/ayles-cuesta-del-herrero","og_locale":"en_US","og_type":"article","og_title":"Ayl\u00e9s Cuesta del Herrero | Arag\u00f3n | Red","og_description":"Ayl\u00e9s Cuesta del Herrero: structured, elegant Arag\u00f3n Vino de Pago with great character.","og_url":"https:\/\/thewineplace.es\/en\/wine-shop\/ayles-cuesta-del-herrero","og_site_name":"The Wine Place","article_publisher":"https:\/\/www.facebook.com\/TheWinePlace","article_modified_time":"2026-03-16T10:26:29+00:00","og_image":[{"width":800,"height":800,"url":"https:\/\/thewineplace.es\/wp-content\/uploads\/2020\/07\/10114-Ayles-cuesta-del-herrero.jpg","type":"image\/jpeg"}],"twitter_card":"summary_large_image","twitter_site":"@MarkoneillES","schema":{"@context":"https:\/\/schema.org","@graph":[{"@type":"WebPage","@id":"https:\/\/thewineplace.es\/en\/wine-shop\/ayles-cuesta-del-herrero","url":"https:\/\/thewineplace.es\/en\/wine-shop\/ayles-cuesta-del-herrero","name":"Ayl\u00e9s Cuesta del Herrero | Arag\u00f3n | Red","isPartOf":{"@id":"https:\/\/thewineplace.es\/en#website"},"primaryImageOfPage":{"@id":"https:\/\/thewineplace.es\/en\/wine-shop\/ayles-cuesta-del-herrero#primaryimage"},"image":{"@id":"https:\/\/thewineplace.es\/en\/wine-shop\/ayles-cuesta-del-herrero#primaryimage"},"thumbnailUrl":"https:\/\/thewineplace.es\/wp-content\/uploads\/2020\/07\/10114-Ayles-cuesta-del-herrero.jpg","datePublished":"2020-07-13T11:39:44+00:00","dateModified":"2026-03-16T10:26:29+00:00","description":"Ayl\u00e9s Cuesta del Herrero: structured, elegant Arag\u00f3n Vino de Pago with great character.","breadcrumb":{"@id":"https:\/\/thewineplace.es\/en\/wine-shop\/ayles-cuesta-del-herrero#breadcrumb"},"inLanguage":"en-US","potentialAction":[{"@type":"ReadAction","target":["https:\/\/thewineplace.es\/en\/wine-shop\/ayles-cuesta-del-herrero"]}]},{"@type":"ImageObject","inLanguage":"en-US","@id":"https:\/\/thewineplace.es\/en\/wine-shop\/ayles-cuesta-del-herrero#primaryimage","url":"https:\/\/thewineplace.es\/wp-content\/uploads\/2020\/07\/10114-Ayles-cuesta-del-herrero.jpg","contentUrl":"https:\/\/thewineplace.es\/wp-content\/uploads\/2020\/07\/10114-Ayles-cuesta-del-herrero.jpg","width":800,"height":800,"caption":"Vino Ayles Cuesta del Herrero"},{"@type":"BreadcrumbList","@id":"https:\/\/thewineplace.es\/en\/wine-shop\/ayles-cuesta-del-herrero#breadcrumb","itemListElement":[{"@type":"ListItem","position":1,"name":"Portada","item":"https:\/\/thewineplace.es\/en"},{"@type":"ListItem","position":2,"name":"Wine Shop","item":"https:\/\/thewineplace.es\/en\/shop"},{"@type":"ListItem","position":3,"name":"Ayles Cuesta del Herrero"}]},{"@type":"WebSite","@id":"https:\/\/thewineplace.es\/en#website","url":"https:\/\/thewineplace.es\/en","name":"The Wine Place","description":"Tienda de vinos, cursos y catas de vino en Valencia","publisher":{"@id":"https:\/\/thewineplace.es\/en#organization"},"alternateName":"Tienda de vinos de Valencia","potentialAction":[{"@type":"SearchAction","target":{"@type":"EntryPoint","urlTemplate":"https:\/\/thewineplace.es\/en?s={search_term_string}"},"query-input":{"@type":"PropertyValueSpecification","valueRequired":true,"valueName":"search_term_string"}}],"inLanguage":"en-US"},{"@type":"Organization","@id":"https:\/\/thewineplace.es\/en#organization","name":"The Wine Place","alternateName":"Verde Marte S.L.U.","url":"https:\/\/thewineplace.es\/en","logo":{"@type":"ImageObject","inLanguage":"en-US","@id":"https:\/\/thewineplace.es\/en#\/schema\/logo\/image\/","url":"https:\/\/thewineplace.es\/desarrollo\/wp-content\/uploads\/2025\/05\/favicon.png","contentUrl":"https:\/\/thewineplace.es\/desarrollo\/wp-content\/uploads\/2025\/05\/favicon.png","width":250,"height":250,"caption":"The Wine Place"},"image":{"@id":"https:\/\/thewineplace.es\/en#\/schema\/logo\/image\/"},"sameAs":["https:\/\/www.facebook.com\/TheWinePlace","https:\/\/x.com\/MarkoneillES","https:\/\/www.instagram.com\/thewineplace","https:\/\/www.linkedin.com\/company\/thewineplace-es\/","https:\/\/www.youtube.com\/channel\/UCOzo67E6rQDwHmPAi8EiEdA"]}]}},"_links":{"self":[{"href":"https:\/\/thewineplace.es\/en\/wp-json\/wp\/v2\/product\/22202","targetHints":{"allow":["GET"]}}],"collection":[{"href":"https:\/\/thewineplace.es\/en\/wp-json\/wp\/v2\/product"}],"about":[{"href":"https:\/\/thewineplace.es\/en\/wp-json\/wp\/v2\/types\/product"}],"wp:featuredmedia":[{"embeddable":true,"href":"https:\/\/thewineplace.es\/en\/wp-json\/wp\/v2\/media\/21342"}],"wp:attachment":[{"href":"https:\/\/thewineplace.es\/en\/wp-json\/wp\/v2\/media?parent=22202"}],"wp:term":[{"taxonomy":"product_brand","embeddable":true,"href":"https:\/\/thewineplace.es\/en\/wp-json\/wp\/v2\/product_brand?post=22202"},{"taxonomy":"product_cat","embeddable":true,"href":"https:\/\/thewineplace.es\/en\/wp-json\/wp\/v2\/product_cat?post=22202"},{"taxonomy":"product_tag","embeddable":true,"href":"https:\/\/thewineplace.es\/en\/wp-json\/wp\/v2\/product_tag?post=22202"}],"curies":[{"name":"wp","href":"https:\/\/api.w.org\/{rel}","templated":true}]}}