{"id":22187,"date":"2025-11-10T17:22:11","date_gmt":"2025-11-10T16:22:11","guid":{"rendered":"https:\/\/thewineplace.es\/desarrollo?post_type=product&#038;p=22187"},"modified":"2026-03-16T11:26:13","modified_gmt":"2026-03-16T10:26:13","slug":"disznoko-tokaji-aszu-5-puttonyos","status":"publish","type":"product","link":"https:\/\/thewineplace.es\/en\/wine-shop\/disznoko-tokaji-aszu-5-puttonyos","title":{"rendered":"Diszn\u00f3k\u00f6 Tokaji Asz\u00fa 5 Puttonyos"},"content":{"rendered":"<p>Diszn\u00f3k? Tokaji Asz\u00fa 5 Puttonyos is a Hungarian sweet wine made in the Tokaj-Hegyalja region by the historic Diszn\u00f3k? estate. Produced from grapes affected by botrytis cinerea, it is based mainly on Furmint with other traditional local varieties. This Asz\u00fa offers intense aromatic concentration with notes of dried apricot, honey, orange peel and spices. On the palate it is silky yet vibrant, with firm acidity that balances the sweetness and delivers great freshness and length. An iconic Tokaj that expresses elegance, complexity and extraordinary ageing potential.<\/p>\n","protected":false},"excerpt":{"rendered":"<p>Sweet and complex, with dried apricot, honey and candied citrus, balanced by vibrant acidity and great persistence.<\/p>\n","protected":false},"featured_media":21487,"template":"","meta":{"_acf_changed":false,"_joinchat":[]},"product_brand":[],"product_cat":[689],"product_tag":[],"class_list":{"0":"post-22187","1":"product","2":"type-product","3":"status-publish","4":"has-post-thumbnail","6":"product_cat-wine","7":"pa_country-hungary","8":"pa_main-grape-other-varietals","9":"pa_type-wine-fortified","11":"first","12":"instock","13":"taxable","14":"shipping-taxable","15":"purchasable","16":"product-type-simple"},"acf":[],"yoast_head":"<!-- This site is optimized with the Yoast SEO plugin v27.3 - https:\/\/yoast.com\/product\/yoast-seo-wordpress\/ -->\n<title>Diszn\u00f3k? Tokaji Asz\u00fa 5 Puttonyos | Tokaj-Hegyalja | Fortified<\/title>\n<meta name=\"description\" content=\"Diszn\u00f3k? Tokaji Asz\u00fa 5 Puttonyos: Hungarian sweet botrytis wine with great elegance.\" \/>\n<meta name=\"robots\" content=\"index, follow, max-snippet:-1, max-image-preview:large, max-video-preview:-1\" \/>\n<link rel=\"canonical\" href=\"https:\/\/thewineplace.es\/en\/wine-shop\/disznoko-tokaji-aszu-5-puttonyos\" \/>\n<meta property=\"og:locale\" content=\"en_US\" \/>\n<meta property=\"og:type\" content=\"article\" \/>\n<meta property=\"og:title\" content=\"Diszn\u00f3k? Tokaji Asz\u00fa 5 Puttonyos | Tokaj-Hegyalja | Fortified\" \/>\n<meta property=\"og:description\" content=\"Diszn\u00f3k? Tokaji Asz\u00fa 5 Puttonyos: Hungarian sweet botrytis wine with great elegance.\" \/>\n<meta property=\"og:url\" content=\"https:\/\/thewineplace.es\/en\/wine-shop\/disznoko-tokaji-aszu-5-puttonyos\" \/>\n<meta property=\"og:site_name\" content=\"The Wine Place\" \/>\n<meta property=\"article:publisher\" content=\"https:\/\/www.facebook.com\/TheWinePlace\" \/>\n<meta property=\"article:modified_time\" content=\"2026-03-16T10:26:13+00:00\" \/>\n<meta property=\"og:image\" content=\"https:\/\/thewineplace.es\/wp-content\/uploads\/2025\/11\/disznoko-tokaji-aszu-5-puttonyos.png\" \/>\n\t<meta property=\"og:image:width\" content=\"800\" \/>\n\t<meta property=\"og:image:height\" content=\"800\" \/>\n\t<meta property=\"og:image:type\" content=\"image\/png\" \/>\n<meta name=\"twitter:card\" content=\"summary_large_image\" \/>\n<meta name=\"twitter:site\" content=\"@MarkoneillES\" \/>\n<script type=\"application\/ld+json\" class=\"yoast-schema-graph\">{\"@context\":\"https:\\\/\\\/schema.org\",\"@graph\":[{\"@type\":\"WebPage\",\"@id\":\"https:\\\/\\\/thewineplace.es\\\/en\\\/wine-shop\\\/disznoko-tokaji-aszu-5-puttonyos\",\"url\":\"https:\\\/\\\/thewineplace.es\\\/en\\\/wine-shop\\\/disznoko-tokaji-aszu-5-puttonyos\",\"name\":\"Diszn\u00f3k? Tokaji Asz\u00fa 5 Puttonyos | Tokaj-Hegyalja | Fortified\",\"isPartOf\":{\"@id\":\"https:\\\/\\\/thewineplace.es\\\/en#website\"},\"primaryImageOfPage\":{\"@id\":\"https:\\\/\\\/thewineplace.es\\\/en\\\/wine-shop\\\/disznoko-tokaji-aszu-5-puttonyos#primaryimage\"},\"image\":{\"@id\":\"https:\\\/\\\/thewineplace.es\\\/en\\\/wine-shop\\\/disznoko-tokaji-aszu-5-puttonyos#primaryimage\"},\"thumbnailUrl\":\"https:\\\/\\\/thewineplace.es\\\/wp-content\\\/uploads\\\/2025\\\/11\\\/disznoko-tokaji-aszu-5-puttonyos.png\",\"datePublished\":\"2025-11-10T16:22:11+00:00\",\"dateModified\":\"2026-03-16T10:26:13+00:00\",\"description\":\"Diszn\u00f3k? Tokaji Asz\u00fa 5 Puttonyos: Hungarian sweet botrytis wine with great elegance.\",\"breadcrumb\":{\"@id\":\"https:\\\/\\\/thewineplace.es\\\/en\\\/wine-shop\\\/disznoko-tokaji-aszu-5-puttonyos#breadcrumb\"},\"inLanguage\":\"en-US\",\"potentialAction\":[{\"@type\":\"ReadAction\",\"target\":[\"https:\\\/\\\/thewineplace.es\\\/en\\\/wine-shop\\\/disznoko-tokaji-aszu-5-puttonyos\"]}]},{\"@type\":\"ImageObject\",\"inLanguage\":\"en-US\",\"@id\":\"https:\\\/\\\/thewineplace.es\\\/en\\\/wine-shop\\\/disznoko-tokaji-aszu-5-puttonyos#primaryimage\",\"url\":\"https:\\\/\\\/thewineplace.es\\\/wp-content\\\/uploads\\\/2025\\\/11\\\/disznoko-tokaji-aszu-5-puttonyos.png\",\"contentUrl\":\"https:\\\/\\\/thewineplace.es\\\/wp-content\\\/uploads\\\/2025\\\/11\\\/disznoko-tokaji-aszu-5-puttonyos.png\",\"width\":800,\"height\":800,\"caption\":\"Vino Diszn\u00f3k\u0151 Tokaji Asz\u00fa 5 Puttonyos\"},{\"@type\":\"BreadcrumbList\",\"@id\":\"https:\\\/\\\/thewineplace.es\\\/en\\\/wine-shop\\\/disznoko-tokaji-aszu-5-puttonyos#breadcrumb\",\"itemListElement\":[{\"@type\":\"ListItem\",\"position\":1,\"name\":\"Portada\",\"item\":\"https:\\\/\\\/thewineplace.es\\\/en\"},{\"@type\":\"ListItem\",\"position\":2,\"name\":\"Wine Shop\",\"item\":\"https:\\\/\\\/thewineplace.es\\\/en\\\/shop\"},{\"@type\":\"ListItem\",\"position\":3,\"name\":\"Diszn\u00f3k\u00f6 Tokaji Asz\u00fa 5 Puttonyos\"}]},{\"@type\":\"WebSite\",\"@id\":\"https:\\\/\\\/thewineplace.es\\\/en#website\",\"url\":\"https:\\\/\\\/thewineplace.es\\\/en\",\"name\":\"The Wine Place\",\"description\":\"Tienda de vinos, cursos y catas de vino en Valencia\",\"publisher\":{\"@id\":\"https:\\\/\\\/thewineplace.es\\\/en#organization\"},\"alternateName\":\"Tienda de vinos de Valencia\",\"potentialAction\":[{\"@type\":\"SearchAction\",\"target\":{\"@type\":\"EntryPoint\",\"urlTemplate\":\"https:\\\/\\\/thewineplace.es\\\/en?s={search_term_string}\"},\"query-input\":{\"@type\":\"PropertyValueSpecification\",\"valueRequired\":true,\"valueName\":\"search_term_string\"}}],\"inLanguage\":\"en-US\"},{\"@type\":\"Organization\",\"@id\":\"https:\\\/\\\/thewineplace.es\\\/en#organization\",\"name\":\"The Wine Place\",\"alternateName\":\"Verde Marte S.L.U.\",\"url\":\"https:\\\/\\\/thewineplace.es\\\/en\",\"logo\":{\"@type\":\"ImageObject\",\"inLanguage\":\"en-US\",\"@id\":\"https:\\\/\\\/thewineplace.es\\\/en#\\\/schema\\\/logo\\\/image\\\/\",\"url\":\"https:\\\/\\\/thewineplace.es\\\/desarrollo\\\/wp-content\\\/uploads\\\/2025\\\/05\\\/favicon.png\",\"contentUrl\":\"https:\\\/\\\/thewineplace.es\\\/desarrollo\\\/wp-content\\\/uploads\\\/2025\\\/05\\\/favicon.png\",\"width\":250,\"height\":250,\"caption\":\"The Wine Place\"},\"image\":{\"@id\":\"https:\\\/\\\/thewineplace.es\\\/en#\\\/schema\\\/logo\\\/image\\\/\"},\"sameAs\":[\"https:\\\/\\\/www.facebook.com\\\/TheWinePlace\",\"https:\\\/\\\/x.com\\\/MarkoneillES\",\"https:\\\/\\\/www.instagram.com\\\/thewineplace\",\"https:\\\/\\\/www.linkedin.com\\\/company\\\/thewineplace-es\\\/\",\"https:\\\/\\\/www.youtube.com\\\/channel\\\/UCOzo67E6rQDwHmPAi8EiEdA\"]}]}<\/script>\n<!-- \/ Yoast SEO plugin. -->","yoast_head_json":{"title":"Diszn\u00f3k? Tokaji Asz\u00fa 5 Puttonyos | Tokaj-Hegyalja | Fortified","description":"Diszn\u00f3k? Tokaji Asz\u00fa 5 Puttonyos: Hungarian sweet botrytis wine with great elegance.","robots":{"index":"index","follow":"follow","max-snippet":"max-snippet:-1","max-image-preview":"max-image-preview:large","max-video-preview":"max-video-preview:-1"},"canonical":"https:\/\/thewineplace.es\/en\/wine-shop\/disznoko-tokaji-aszu-5-puttonyos","og_locale":"en_US","og_type":"article","og_title":"Diszn\u00f3k? Tokaji Asz\u00fa 5 Puttonyos | Tokaj-Hegyalja | Fortified","og_description":"Diszn\u00f3k? Tokaji Asz\u00fa 5 Puttonyos: Hungarian sweet botrytis wine with great elegance.","og_url":"https:\/\/thewineplace.es\/en\/wine-shop\/disznoko-tokaji-aszu-5-puttonyos","og_site_name":"The Wine Place","article_publisher":"https:\/\/www.facebook.com\/TheWinePlace","article_modified_time":"2026-03-16T10:26:13+00:00","og_image":[{"width":800,"height":800,"url":"https:\/\/thewineplace.es\/wp-content\/uploads\/2025\/11\/disznoko-tokaji-aszu-5-puttonyos.png","type":"image\/png"}],"twitter_card":"summary_large_image","twitter_site":"@MarkoneillES","schema":{"@context":"https:\/\/schema.org","@graph":[{"@type":"WebPage","@id":"https:\/\/thewineplace.es\/en\/wine-shop\/disznoko-tokaji-aszu-5-puttonyos","url":"https:\/\/thewineplace.es\/en\/wine-shop\/disznoko-tokaji-aszu-5-puttonyos","name":"Diszn\u00f3k? Tokaji Asz\u00fa 5 Puttonyos | Tokaj-Hegyalja | Fortified","isPartOf":{"@id":"https:\/\/thewineplace.es\/en#website"},"primaryImageOfPage":{"@id":"https:\/\/thewineplace.es\/en\/wine-shop\/disznoko-tokaji-aszu-5-puttonyos#primaryimage"},"image":{"@id":"https:\/\/thewineplace.es\/en\/wine-shop\/disznoko-tokaji-aszu-5-puttonyos#primaryimage"},"thumbnailUrl":"https:\/\/thewineplace.es\/wp-content\/uploads\/2025\/11\/disznoko-tokaji-aszu-5-puttonyos.png","datePublished":"2025-11-10T16:22:11+00:00","dateModified":"2026-03-16T10:26:13+00:00","description":"Diszn\u00f3k? Tokaji Asz\u00fa 5 Puttonyos: Hungarian sweet botrytis wine with great elegance.","breadcrumb":{"@id":"https:\/\/thewineplace.es\/en\/wine-shop\/disznoko-tokaji-aszu-5-puttonyos#breadcrumb"},"inLanguage":"en-US","potentialAction":[{"@type":"ReadAction","target":["https:\/\/thewineplace.es\/en\/wine-shop\/disznoko-tokaji-aszu-5-puttonyos"]}]},{"@type":"ImageObject","inLanguage":"en-US","@id":"https:\/\/thewineplace.es\/en\/wine-shop\/disznoko-tokaji-aszu-5-puttonyos#primaryimage","url":"https:\/\/thewineplace.es\/wp-content\/uploads\/2025\/11\/disznoko-tokaji-aszu-5-puttonyos.png","contentUrl":"https:\/\/thewineplace.es\/wp-content\/uploads\/2025\/11\/disznoko-tokaji-aszu-5-puttonyos.png","width":800,"height":800,"caption":"Vino Diszn\u00f3k\u0151 Tokaji Asz\u00fa 5 Puttonyos"},{"@type":"BreadcrumbList","@id":"https:\/\/thewineplace.es\/en\/wine-shop\/disznoko-tokaji-aszu-5-puttonyos#breadcrumb","itemListElement":[{"@type":"ListItem","position":1,"name":"Portada","item":"https:\/\/thewineplace.es\/en"},{"@type":"ListItem","position":2,"name":"Wine Shop","item":"https:\/\/thewineplace.es\/en\/shop"},{"@type":"ListItem","position":3,"name":"Diszn\u00f3k\u00f6 Tokaji Asz\u00fa 5 Puttonyos"}]},{"@type":"WebSite","@id":"https:\/\/thewineplace.es\/en#website","url":"https:\/\/thewineplace.es\/en","name":"The Wine Place","description":"Tienda de vinos, cursos y catas de vino en Valencia","publisher":{"@id":"https:\/\/thewineplace.es\/en#organization"},"alternateName":"Tienda de vinos de Valencia","potentialAction":[{"@type":"SearchAction","target":{"@type":"EntryPoint","urlTemplate":"https:\/\/thewineplace.es\/en?s={search_term_string}"},"query-input":{"@type":"PropertyValueSpecification","valueRequired":true,"valueName":"search_term_string"}}],"inLanguage":"en-US"},{"@type":"Organization","@id":"https:\/\/thewineplace.es\/en#organization","name":"The Wine Place","alternateName":"Verde Marte S.L.U.","url":"https:\/\/thewineplace.es\/en","logo":{"@type":"ImageObject","inLanguage":"en-US","@id":"https:\/\/thewineplace.es\/en#\/schema\/logo\/image\/","url":"https:\/\/thewineplace.es\/desarrollo\/wp-content\/uploads\/2025\/05\/favicon.png","contentUrl":"https:\/\/thewineplace.es\/desarrollo\/wp-content\/uploads\/2025\/05\/favicon.png","width":250,"height":250,"caption":"The Wine Place"},"image":{"@id":"https:\/\/thewineplace.es\/en#\/schema\/logo\/image\/"},"sameAs":["https:\/\/www.facebook.com\/TheWinePlace","https:\/\/x.com\/MarkoneillES","https:\/\/www.instagram.com\/thewineplace","https:\/\/www.linkedin.com\/company\/thewineplace-es\/","https:\/\/www.youtube.com\/channel\/UCOzo67E6rQDwHmPAi8EiEdA"]}]}},"_links":{"self":[{"href":"https:\/\/thewineplace.es\/en\/wp-json\/wp\/v2\/product\/22187","targetHints":{"allow":["GET"]}}],"collection":[{"href":"https:\/\/thewineplace.es\/en\/wp-json\/wp\/v2\/product"}],"about":[{"href":"https:\/\/thewineplace.es\/en\/wp-json\/wp\/v2\/types\/product"}],"wp:featuredmedia":[{"embeddable":true,"href":"https:\/\/thewineplace.es\/en\/wp-json\/wp\/v2\/media\/21487"}],"wp:attachment":[{"href":"https:\/\/thewineplace.es\/en\/wp-json\/wp\/v2\/media?parent=22187"}],"wp:term":[{"taxonomy":"product_brand","embeddable":true,"href":"https:\/\/thewineplace.es\/en\/wp-json\/wp\/v2\/product_brand?post=22187"},{"taxonomy":"product_cat","embeddable":true,"href":"https:\/\/thewineplace.es\/en\/wp-json\/wp\/v2\/product_cat?post=22187"},{"taxonomy":"product_tag","embeddable":true,"href":"https:\/\/thewineplace.es\/en\/wp-json\/wp\/v2\/product_tag?post=22187"}],"curies":[{"name":"wp","href":"https:\/\/api.w.org\/{rel}","templated":true}]}}