{"id":22184,"date":"2025-11-10T17:24:31","date_gmt":"2025-11-10T16:24:31","guid":{"rendered":"https:\/\/thewineplace.es\/desarrollo?post_type=product&#038;p=22184"},"modified":"2026-03-16T11:26:08","modified_gmt":"2026-03-16T10:26:08","slug":"finca-rio-negro-gewurztraminer","status":"publish","type":"product","link":"https:\/\/thewineplace.es\/en\/wine-shop\/finca-rio-negro-gewurztraminer","title":{"rendered":"Finca R\u00edo Negro Gew\u00fcrztraminer"},"content":{"rendered":"<p>Finca R\u00edo Negro Gew\u00fcrztraminer is a white wine made in Castile by Finca R\u00edo Negro from Gew\u00fcrztraminer grown in high-altitude vineyards. This white stands out for its aromatic, expressive character, showing how this Central European grape adapts to Spain\u2019s continental climate. The nose offers intense notes of tropical fruit, rose petals and gentle spices. On the palate it is broad, with good acidity that balances its aromatic profile and brings freshness and elegance. A distinctive wine that combines intensity, balance and personality.<\/p>\n","protected":false},"excerpt":{"rendered":"<p>Highly aromatic white with tropical fruit, rose and spice notes, balanced by fresh, elegant acidity.<\/p>\n","protected":false},"featured_media":21583,"template":"","meta":{"_acf_changed":false,"_joinchat":[]},"product_brand":[],"product_cat":[689],"product_tag":[],"class_list":{"0":"post-22184","1":"product","2":"type-product","3":"status-publish","4":"has-post-thumbnail","6":"product_cat-wine","7":"pa_country-spain","8":"pa_main-grape-gewurztraminer-en","9":"pa_type-wine-white","11":"first","12":"instock","13":"taxable","14":"shipping-taxable","15":"purchasable","16":"product-type-simple"},"acf":[],"yoast_head":"<!-- This site is optimized with the Yoast SEO plugin v27.3 - https:\/\/yoast.com\/product\/yoast-seo-wordpress\/ -->\n<title>Finca R\u00edo Negro Gew\u00fcrztraminer | Castilla | White<\/title>\n<meta name=\"description\" content=\"Finca R\u00edo Negro Gew\u00fcrztraminer (Castile): aromatic white with floral and spicy notes.\" \/>\n<meta name=\"robots\" content=\"index, follow, max-snippet:-1, max-image-preview:large, max-video-preview:-1\" \/>\n<link rel=\"canonical\" href=\"https:\/\/thewineplace.es\/en\/wine-shop\/finca-rio-negro-gewurztraminer\" \/>\n<meta property=\"og:locale\" content=\"en_US\" \/>\n<meta property=\"og:type\" content=\"article\" \/>\n<meta property=\"og:title\" content=\"Finca R\u00edo Negro Gew\u00fcrztraminer | Castilla | White\" \/>\n<meta property=\"og:description\" content=\"Finca R\u00edo Negro Gew\u00fcrztraminer (Castile): aromatic white with floral and spicy notes.\" \/>\n<meta property=\"og:url\" content=\"https:\/\/thewineplace.es\/en\/wine-shop\/finca-rio-negro-gewurztraminer\" \/>\n<meta property=\"og:site_name\" content=\"The Wine Place\" \/>\n<meta property=\"article:publisher\" content=\"https:\/\/www.facebook.com\/TheWinePlace\" \/>\n<meta property=\"article:modified_time\" content=\"2026-03-16T10:26:08+00:00\" \/>\n<meta property=\"og:image\" content=\"https:\/\/thewineplace.es\/wp-content\/uploads\/2025\/11\/finca-rio-negro-gewurztraminer.png\" \/>\n\t<meta property=\"og:image:width\" content=\"600\" \/>\n\t<meta property=\"og:image:height\" content=\"600\" \/>\n\t<meta property=\"og:image:type\" content=\"image\/png\" \/>\n<meta name=\"twitter:card\" content=\"summary_large_image\" \/>\n<meta name=\"twitter:site\" content=\"@MarkoneillES\" \/>\n<script type=\"application\/ld+json\" class=\"yoast-schema-graph\">{\"@context\":\"https:\\\/\\\/schema.org\",\"@graph\":[{\"@type\":\"WebPage\",\"@id\":\"https:\\\/\\\/thewineplace.es\\\/en\\\/wine-shop\\\/finca-rio-negro-gewurztraminer\",\"url\":\"https:\\\/\\\/thewineplace.es\\\/en\\\/wine-shop\\\/finca-rio-negro-gewurztraminer\",\"name\":\"Finca R\u00edo Negro Gew\u00fcrztraminer | Castilla | White\",\"isPartOf\":{\"@id\":\"https:\\\/\\\/thewineplace.es\\\/en#website\"},\"primaryImageOfPage\":{\"@id\":\"https:\\\/\\\/thewineplace.es\\\/en\\\/wine-shop\\\/finca-rio-negro-gewurztraminer#primaryimage\"},\"image\":{\"@id\":\"https:\\\/\\\/thewineplace.es\\\/en\\\/wine-shop\\\/finca-rio-negro-gewurztraminer#primaryimage\"},\"thumbnailUrl\":\"https:\\\/\\\/thewineplace.es\\\/wp-content\\\/uploads\\\/2025\\\/11\\\/finca-rio-negro-gewurztraminer.png\",\"datePublished\":\"2025-11-10T16:24:31+00:00\",\"dateModified\":\"2026-03-16T10:26:08+00:00\",\"description\":\"Finca R\u00edo Negro Gew\u00fcrztraminer (Castile): aromatic white with floral and spicy notes.\",\"breadcrumb\":{\"@id\":\"https:\\\/\\\/thewineplace.es\\\/en\\\/wine-shop\\\/finca-rio-negro-gewurztraminer#breadcrumb\"},\"inLanguage\":\"en-US\",\"potentialAction\":[{\"@type\":\"ReadAction\",\"target\":[\"https:\\\/\\\/thewineplace.es\\\/en\\\/wine-shop\\\/finca-rio-negro-gewurztraminer\"]}]},{\"@type\":\"ImageObject\",\"inLanguage\":\"en-US\",\"@id\":\"https:\\\/\\\/thewineplace.es\\\/en\\\/wine-shop\\\/finca-rio-negro-gewurztraminer#primaryimage\",\"url\":\"https:\\\/\\\/thewineplace.es\\\/wp-content\\\/uploads\\\/2025\\\/11\\\/finca-rio-negro-gewurztraminer.png\",\"contentUrl\":\"https:\\\/\\\/thewineplace.es\\\/wp-content\\\/uploads\\\/2025\\\/11\\\/finca-rio-negro-gewurztraminer.png\",\"width\":600,\"height\":600,\"caption\":\"Vino Finca R\u00edo Negro Gew\u00fcrztraminer\"},{\"@type\":\"BreadcrumbList\",\"@id\":\"https:\\\/\\\/thewineplace.es\\\/en\\\/wine-shop\\\/finca-rio-negro-gewurztraminer#breadcrumb\",\"itemListElement\":[{\"@type\":\"ListItem\",\"position\":1,\"name\":\"Portada\",\"item\":\"https:\\\/\\\/thewineplace.es\\\/en\"},{\"@type\":\"ListItem\",\"position\":2,\"name\":\"Wine Shop\",\"item\":\"https:\\\/\\\/thewineplace.es\\\/en\\\/shop\"},{\"@type\":\"ListItem\",\"position\":3,\"name\":\"Finca R\u00edo Negro Gew\u00fcrztraminer\"}]},{\"@type\":\"WebSite\",\"@id\":\"https:\\\/\\\/thewineplace.es\\\/en#website\",\"url\":\"https:\\\/\\\/thewineplace.es\\\/en\",\"name\":\"The Wine Place\",\"description\":\"Tienda de vinos, cursos y catas de vino en Valencia\",\"publisher\":{\"@id\":\"https:\\\/\\\/thewineplace.es\\\/en#organization\"},\"alternateName\":\"Tienda de vinos de Valencia\",\"potentialAction\":[{\"@type\":\"SearchAction\",\"target\":{\"@type\":\"EntryPoint\",\"urlTemplate\":\"https:\\\/\\\/thewineplace.es\\\/en?s={search_term_string}\"},\"query-input\":{\"@type\":\"PropertyValueSpecification\",\"valueRequired\":true,\"valueName\":\"search_term_string\"}}],\"inLanguage\":\"en-US\"},{\"@type\":\"Organization\",\"@id\":\"https:\\\/\\\/thewineplace.es\\\/en#organization\",\"name\":\"The Wine Place\",\"alternateName\":\"Verde Marte S.L.U.\",\"url\":\"https:\\\/\\\/thewineplace.es\\\/en\",\"logo\":{\"@type\":\"ImageObject\",\"inLanguage\":\"en-US\",\"@id\":\"https:\\\/\\\/thewineplace.es\\\/en#\\\/schema\\\/logo\\\/image\\\/\",\"url\":\"https:\\\/\\\/thewineplace.es\\\/desarrollo\\\/wp-content\\\/uploads\\\/2025\\\/05\\\/favicon.png\",\"contentUrl\":\"https:\\\/\\\/thewineplace.es\\\/desarrollo\\\/wp-content\\\/uploads\\\/2025\\\/05\\\/favicon.png\",\"width\":250,\"height\":250,\"caption\":\"The Wine Place\"},\"image\":{\"@id\":\"https:\\\/\\\/thewineplace.es\\\/en#\\\/schema\\\/logo\\\/image\\\/\"},\"sameAs\":[\"https:\\\/\\\/www.facebook.com\\\/TheWinePlace\",\"https:\\\/\\\/x.com\\\/MarkoneillES\",\"https:\\\/\\\/www.instagram.com\\\/thewineplace\",\"https:\\\/\\\/www.linkedin.com\\\/company\\\/thewineplace-es\\\/\",\"https:\\\/\\\/www.youtube.com\\\/channel\\\/UCOzo67E6rQDwHmPAi8EiEdA\"]}]}<\/script>\n<!-- \/ Yoast SEO plugin. -->","yoast_head_json":{"title":"Finca R\u00edo Negro Gew\u00fcrztraminer | Castilla | White","description":"Finca R\u00edo Negro Gew\u00fcrztraminer (Castile): aromatic white with floral and spicy notes.","robots":{"index":"index","follow":"follow","max-snippet":"max-snippet:-1","max-image-preview":"max-image-preview:large","max-video-preview":"max-video-preview:-1"},"canonical":"https:\/\/thewineplace.es\/en\/wine-shop\/finca-rio-negro-gewurztraminer","og_locale":"en_US","og_type":"article","og_title":"Finca R\u00edo Negro Gew\u00fcrztraminer | Castilla | White","og_description":"Finca R\u00edo Negro Gew\u00fcrztraminer (Castile): aromatic white with floral and spicy notes.","og_url":"https:\/\/thewineplace.es\/en\/wine-shop\/finca-rio-negro-gewurztraminer","og_site_name":"The Wine Place","article_publisher":"https:\/\/www.facebook.com\/TheWinePlace","article_modified_time":"2026-03-16T10:26:08+00:00","og_image":[{"width":600,"height":600,"url":"https:\/\/thewineplace.es\/wp-content\/uploads\/2025\/11\/finca-rio-negro-gewurztraminer.png","type":"image\/png"}],"twitter_card":"summary_large_image","twitter_site":"@MarkoneillES","schema":{"@context":"https:\/\/schema.org","@graph":[{"@type":"WebPage","@id":"https:\/\/thewineplace.es\/en\/wine-shop\/finca-rio-negro-gewurztraminer","url":"https:\/\/thewineplace.es\/en\/wine-shop\/finca-rio-negro-gewurztraminer","name":"Finca R\u00edo Negro Gew\u00fcrztraminer | Castilla | White","isPartOf":{"@id":"https:\/\/thewineplace.es\/en#website"},"primaryImageOfPage":{"@id":"https:\/\/thewineplace.es\/en\/wine-shop\/finca-rio-negro-gewurztraminer#primaryimage"},"image":{"@id":"https:\/\/thewineplace.es\/en\/wine-shop\/finca-rio-negro-gewurztraminer#primaryimage"},"thumbnailUrl":"https:\/\/thewineplace.es\/wp-content\/uploads\/2025\/11\/finca-rio-negro-gewurztraminer.png","datePublished":"2025-11-10T16:24:31+00:00","dateModified":"2026-03-16T10:26:08+00:00","description":"Finca R\u00edo Negro Gew\u00fcrztraminer (Castile): aromatic white with floral and spicy notes.","breadcrumb":{"@id":"https:\/\/thewineplace.es\/en\/wine-shop\/finca-rio-negro-gewurztraminer#breadcrumb"},"inLanguage":"en-US","potentialAction":[{"@type":"ReadAction","target":["https:\/\/thewineplace.es\/en\/wine-shop\/finca-rio-negro-gewurztraminer"]}]},{"@type":"ImageObject","inLanguage":"en-US","@id":"https:\/\/thewineplace.es\/en\/wine-shop\/finca-rio-negro-gewurztraminer#primaryimage","url":"https:\/\/thewineplace.es\/wp-content\/uploads\/2025\/11\/finca-rio-negro-gewurztraminer.png","contentUrl":"https:\/\/thewineplace.es\/wp-content\/uploads\/2025\/11\/finca-rio-negro-gewurztraminer.png","width":600,"height":600,"caption":"Vino Finca R\u00edo Negro Gew\u00fcrztraminer"},{"@type":"BreadcrumbList","@id":"https:\/\/thewineplace.es\/en\/wine-shop\/finca-rio-negro-gewurztraminer#breadcrumb","itemListElement":[{"@type":"ListItem","position":1,"name":"Portada","item":"https:\/\/thewineplace.es\/en"},{"@type":"ListItem","position":2,"name":"Wine Shop","item":"https:\/\/thewineplace.es\/en\/shop"},{"@type":"ListItem","position":3,"name":"Finca R\u00edo Negro Gew\u00fcrztraminer"}]},{"@type":"WebSite","@id":"https:\/\/thewineplace.es\/en#website","url":"https:\/\/thewineplace.es\/en","name":"The Wine Place","description":"Tienda de vinos, cursos y catas de vino en Valencia","publisher":{"@id":"https:\/\/thewineplace.es\/en#organization"},"alternateName":"Tienda de vinos de Valencia","potentialAction":[{"@type":"SearchAction","target":{"@type":"EntryPoint","urlTemplate":"https:\/\/thewineplace.es\/en?s={search_term_string}"},"query-input":{"@type":"PropertyValueSpecification","valueRequired":true,"valueName":"search_term_string"}}],"inLanguage":"en-US"},{"@type":"Organization","@id":"https:\/\/thewineplace.es\/en#organization","name":"The Wine Place","alternateName":"Verde Marte S.L.U.","url":"https:\/\/thewineplace.es\/en","logo":{"@type":"ImageObject","inLanguage":"en-US","@id":"https:\/\/thewineplace.es\/en#\/schema\/logo\/image\/","url":"https:\/\/thewineplace.es\/desarrollo\/wp-content\/uploads\/2025\/05\/favicon.png","contentUrl":"https:\/\/thewineplace.es\/desarrollo\/wp-content\/uploads\/2025\/05\/favicon.png","width":250,"height":250,"caption":"The Wine Place"},"image":{"@id":"https:\/\/thewineplace.es\/en#\/schema\/logo\/image\/"},"sameAs":["https:\/\/www.facebook.com\/TheWinePlace","https:\/\/x.com\/MarkoneillES","https:\/\/www.instagram.com\/thewineplace","https:\/\/www.linkedin.com\/company\/thewineplace-es\/","https:\/\/www.youtube.com\/channel\/UCOzo67E6rQDwHmPAi8EiEdA"]}]}},"_links":{"self":[{"href":"https:\/\/thewineplace.es\/en\/wp-json\/wp\/v2\/product\/22184","targetHints":{"allow":["GET"]}}],"collection":[{"href":"https:\/\/thewineplace.es\/en\/wp-json\/wp\/v2\/product"}],"about":[{"href":"https:\/\/thewineplace.es\/en\/wp-json\/wp\/v2\/types\/product"}],"wp:featuredmedia":[{"embeddable":true,"href":"https:\/\/thewineplace.es\/en\/wp-json\/wp\/v2\/media\/21583"}],"wp:attachment":[{"href":"https:\/\/thewineplace.es\/en\/wp-json\/wp\/v2\/media?parent=22184"}],"wp:term":[{"taxonomy":"product_brand","embeddable":true,"href":"https:\/\/thewineplace.es\/en\/wp-json\/wp\/v2\/product_brand?post=22184"},{"taxonomy":"product_cat","embeddable":true,"href":"https:\/\/thewineplace.es\/en\/wp-json\/wp\/v2\/product_cat?post=22184"},{"taxonomy":"product_tag","embeddable":true,"href":"https:\/\/thewineplace.es\/en\/wp-json\/wp\/v2\/product_tag?post=22184"}],"curies":[{"name":"wp","href":"https:\/\/api.w.org\/{rel}","templated":true}]}}