{"id":18366,"date":"2025-05-07T12:07:12","date_gmt":"2025-05-07T10:07:12","guid":{"rendered":"https:\/\/thewineplace.es\/desarrollo\/privacy-policy"},"modified":"2025-07-16T12:01:26","modified_gmt":"2025-07-16T10:01:26","slug":"privacy-policy","status":"publish","type":"page","link":"https:\/\/thewineplace.es\/en\/privacy-policy","title":{"rendered":"Privacy policy"},"content":{"rendered":"<section class=\"l-section wpb_row us_custom_887a049b height_medium\"><div class=\"l-section-h i-cf\"><div class=\"g-cols vc_row via_flex valign_top type_default stacking_default\"><div class=\"vc_col-sm-12 wpb_column vc_column_container\"><div class=\"vc_column-inner\"><div class=\"wpb_wrapper\"><div class=\"wpb_text_column\"><div class=\"wpb_wrapper\"><h5 style=\"text-align: justify;\"><strong>1. Tratamiento de datos de car\u00e1cter personal<\/strong><\/h5>\n<\/p>\n<p style=\"text-align: justify;\">THEWINEPLACE.ES\u00a0pertenece a VERDE MARTE S.L.U.\u00a0 con NIF: B96951975 debidamente registrada y legalmente constituida, con direcci\u00f3n fiscal C\/ dels Calciners 26, pta 5, 46112, Massarrochos (Valencia). Para contactar se puede hacer v\u00eda correo electr\u00f3nico a<span>\u00a0<\/span><a href=\"mailto:info@thewineplace.es\">info@thewineplace.es<\/a><span>\u00a0<\/span>o por tel\u00e9fono al\u00a0+34 661 71 71 51.<\/p>\n<\/p>\n<p style=\"text-align: justify;\">En VERDE MARTE S.L.U. nos preocupamos por los datos de car\u00e1cter personal que tratamos y por el exacto cumplimiento de la normativa vigente en materia de protecci\u00f3n de datos de car\u00e1cter personal (entre otras, Ley Org\u00e1nica 15\/1999, de 13 de diciembre, de Protecci\u00f3n de Datos de Car\u00e1cter Personal y Real Decreto 1720\/2007, de 21 de diciembre, por el que se aprueba el Reglamento de desarrollo de la LOPD) y ahora tambi\u00e9n la Ley Europea\u00a02016\/679 (RGPD).<\/p>\n<\/p>\n<p style=\"text-align: justify;\">De acuerdo con ello, queremos informar al usuario de nuestro sitio web a trav\u00e9s de esta pol\u00edtica de privacidad sobre el tratamiento de datos que llevamos a cabo VERDE MARTE S.L.U., de forma que cuente con la informaci\u00f3n necesaria para decidir si quiere facilitarnos datos de car\u00e1cter personal al enviarnos un correo electr\u00f3nico.<\/p>\n<h5 style=\"text-align: justify;\"><strong>2. Principio de calidad<\/strong><\/h5>\n<\/p>\n<p style=\"text-align: justify;\">Se informa a los usuarios del sitio web<span>\u00a0<\/span><a href=\"https:\/\/thewineplace.es\/\">thewineplace.es<\/a><span>\u00a0<\/span>de que los datos de car\u00e1cter personal que se recaban son los adecuados, pertinentes y no excesivos en relaci\u00f3n con el \u00e1mbito y las finalidades determinadas, expl\u00edcitas y leg\u00edtimas para las que se obtienen y que se especifican en los avisos legales incorporados a cada formulario.<\/p>\n<\/p>\n<p style=\"text-align: justify;\">Estos datos personales no los utilizaremos para finalidades incompatibles con aquellas para las que los datos hubieran sido recogidos.<\/p>\n<\/p>\n<p style=\"text-align: justify;\">Los datos de car\u00e1cter personal que recabamos ser\u00e1n exactos y puestos al d\u00eda de forma que respondan con veracidad a la situaci\u00f3n actual del afectado.<\/p>\n<\/p>\n<p style=\"text-align: justify;\">Procederemos de oficio a la cancelaci\u00f3n de los datos de car\u00e1cter personal que recabamos a trav\u00e9s de nuestro sitio web cuando hayan dejado de ser necesarios o pertinentes para la finalidad para la cual hubieran sido recabados o registrados.<\/p>\n<\/p>\n<p style=\"text-align: justify;\">Se entiende por cancelaci\u00f3n el procedimiento en virtud del cual cesaremos en el uso de los datos. La cancelaci\u00f3n implicar\u00e1 el bloqueo de los datos, lo cual consiste en la identificaci\u00f3n y reserva de los mismos con el fin de impedir su tratamiento excepto para ponerlos a disposici\u00f3n de las Administraciones p\u00fablicas, Jueces y Tribunales, para la atenci\u00f3n de las posibles responsabilidades nacidas del tratamiento y s\u00f3lo durante el plazo de prescripci\u00f3n de dichas responsabilidades. Transcurrido ese plazo procederemos a la supresi\u00f3n de los datos.<\/p>\n<h5 style=\"text-align: justify;\"><strong>3. Deber de informaci\u00f3n y consentimiento<\/strong><\/h5>\n<\/p>\n<p style=\"text-align: justify;\">Se informa a los usuarios del sitio web<span>\u00a0<\/span><a href=\"https:\/\/thewineplace.es\/\">thewineplace.es<\/a>\u00a0de que se recaban datos de car\u00e1cter personal a trav\u00e9s de diferentes formularios y se incorporan a los ficheros de los que VERDE MARTE S.L.U. es responsable y que han sido previamente notificados a la Agencia Espa\u00f1ola de Protecci\u00f3n de Datos, siendo utilizados para la adecuada gesti\u00f3n de los servicios que demanden y, en su caso, para el env\u00edo por correo electr\u00f3nico u otros medios de comunicaci\u00f3n electr\u00f3nica equivalentes (sms, mms, fax, etc) de noticias, eventos y otras comunicaciones informativas y comerciales \u00a0sobre los servicios de\u00a0<a href=\"https:\/\/thewineplace.es\/\">thewineplace.es<\/a><\/p>\n<\/p>\n<p style=\"text-align: justify;\">No obstante, los usuarios podr\u00e1n manifestar su negativa al env\u00edo de la informaci\u00f3n se\u00f1alada en el p\u00e1rrafo anterior enviando un correo a<span>\u00a0<\/span><a href=\"mailto:info@thewineplace.es\">info@thewineplace.es<\/a><\/p>\n<\/p>\n<p style=\"text-align: justify;\">En cada impreso de recogida de datos personales se ha incorporado el correspondiente aviso legal o cl\u00e1usula informativa en la que se indica la finalidad o finalidades espec\u00edficas a que se destinar\u00e1n los datos recabados y dem\u00e1s aspectos exigidos por la normativa vigente en materia de protecci\u00f3n de datos de car\u00e1cter personal. El usuario deber\u00e1 leer y aceptar obligatoriamente esa cl\u00e1usula informativa antes de enviar su solicitud.<\/p>\n<h5 style=\"text-align: justify;\"><strong>4. Finalidad en el tratamiento de sus datos<\/strong><\/h5>\n<\/p>\n<p style=\"text-align: justify;\">Seg\u00fan en la zona de la web donde se recojan los datos, estos tendr\u00e1n una finalidad u otra, que contamos a continuaci\u00f3n:<\/p>\n<ul style=\"text-align: justify;\">\n<li>Cuando te pongas en contacto con nosotros a trav\u00e9s de los diferentes<strong>\u00a0formularios de contacto<\/strong>, los datos requeridos son tu nombre, un email (tel\u00e9fono si lo prefieres)y el mensaje que quieras mandarnos.\u00a0Te informamos que los datos que nos facilitas ser\u00e1n enviados a nuestra cuenta de correo de Gmail, que pertenece Google, Inc., una compa\u00f1\u00eda de Delaware cuya oficina principal est\u00e1 en 1600 Amphitheatre Parkway, Mountain View (California), CA 94043, Estados Unidos (\u201cGoogle\u201d).<\/li>\n<li>Al<span>\u00a0<\/span><strong>realizar una compra en nuestra tienda online<\/strong>\u00a0ya sea de unas botellas de vino, apuntarse al club o cualquier otro producto relacionado, se recoger\u00e1n una serie de datos como son: Nombre, apellidos, DNI, tel\u00e9fono, direcci\u00f3n completa, correo electr\u00f3nico, empresa y cif (si se da el caso) y por \u00faltimo la fecha de nacimiento. Est\u00e1 \u00faltima es necesaria para comprobar que el usuario es mayor de edad, ya que es requisito para poder comprar en esta tienda online. Esta informaci\u00f3n se almacenar\u00e1 en 1&amp;1 (la empresa de hosting de esta p\u00e1gina web), con sede en la UE.<\/li>\n<\/ul>\n<p style=\"text-align: justify;\" align=\"JUSTIFY\"><span lang=\"es-ES\">En cualquiera de los dos casos los d<\/span><span lang=\"es-ES\">atos se conservar\u00e1n mientras el usuario no manifieste su derecho de cancelaci\u00f3n.<\/span><\/p>\n<h5 style=\"text-align: justify;\"><strong>5. Destinatarios de sus datos<\/strong><\/h5>\n<\/p>\n<p style=\"text-align: justify;\">No se producen cesiones de datos a terceros. Y en ning\u00fan caso ser\u00e1n vendidos.<\/p>\n<\/p>\n<p style=\"text-align: justify;\">Lo que si necesitamos es compartir sus datos con diferentes proveedores que nos facilitan varias acciones necesarias para el correcto funcionamiento de la p\u00e1gina web. Estos son:<\/p>\n<ul style=\"text-align: justify;\">\n<li><strong>Hosting:<\/strong>\u00a0<a href=\"https:\/\/www.1and1.es\/\" target=\"_blank\" rel=\"noopener noreferrer\">1&amp;1 Internet Espa\u00f1a S.L.U.<\/a>\u00a0con domicilio en Espa\u00f1a, trata los datos con la finalidad de realizar sus servicios de hosting a thewineplace.es<\/li>\n<li><strong>Empresa de transporte<\/strong>: En thewineplace.es trabajamos con diferentes empresas de transporte, seg\u00fan el lugar al que se mandan los pedidos. A estas empresa se les facilita la informaci\u00f3n estrictamente necesaria para poder realizar los env\u00edos. Todas tienen la sede principal en Espa\u00f1a o en su defecto dentro de la UE.<\/li>\n<li><b>Google Analytics:<\/b>\u00a0un servicio anal\u00edtico de web prestado por Google, Inc., una compa\u00f1\u00eda de Delaware cuya oficina principal est\u00e1 en 1600 Amphitheatre Parkway, Mountain View (California), CA 94043, Estados Unidos (\u201cGoogle\u201d).\u00a0<a href=\"https:\/\/www.google.es\/intl\/es\/analytics\/\" target=\"_blank\" rel=\"noopener noreferrer\">Google Analytics<\/a>\u00a0utiliza \u201ccookies\u201d, que son archivos de texto ubicados en tu ordenador, para ayudar a thewineplace.es a analizar el uso que hacen los usuarios de la web. La informaci\u00f3n que genera la cookie acerca de su uso en thewineplace.es (incluyendo tu direcci\u00f3n IP) ser\u00e1 directamente transmitida y archivada por Google en los servidores de Estados Unidos. Google usar\u00e1 esta informaci\u00f3n por cuenta nuestra con el prop\u00f3sito de seguir la pista de su uso del website, recopilando informes de la actividad del website y prestando otros servicios relacionados con la actividad del website y el uso de Internet. Google podr\u00e1 transmitir dicha informaci\u00f3n a terceros cuando as\u00ed se lo requiera la legislaci\u00f3n, o cuando dichos terceros procesen la informaci\u00f3n por cuenta de Google. Google no asociar\u00e1 su direcci\u00f3n IP con ning\u00fan otro dato del que disponga Google. Puede Usted rechazar el tratamiento de los datos o la informaci\u00f3n rechazando el uso de cookies mediante la selecci\u00f3n de la configuraci\u00f3n apropiada de su navegador, sin embargo, debe Usted saber que si lo hace puede ser que no pueda usar la plena funcionabilidad de este website. Al utilizar este website consientes el tratamiento de su informaci\u00f3n por Google en la forma y para los fines arriba indicados.<\/li>\n<li><strong>Bancos, Redsys, Stripe y PayPal:<span>\u00a0<\/span><\/strong>En thewineplace.es no almacenamos los datos bancarios o las diferentes formas de pago de los usuarios. Si se elige la forma de pago PayPal, ser\u00e1 la empresa americana la que se encargue de esa gesti\u00f3n y almacenamiento de datos. Lo mismo ocurre con Stripe, que tambi\u00e9n tiene su sede en EEUU. Por otro lado, si la forma de pago elegida es v\u00eda transferencia bancaria, ser\u00e1 el propio banco el que se encargue de almacenar esa informaci\u00f3n. Lo mismo ocurre con Redsys (con sede en Espa\u00f1a) que es la otra plataforma que utilizamos para las formas de pago. En ning\u00fan caso, ser\u00e1 tarea de VERDE MARTE S.L.U. responsabilizarse de esa informaci\u00f3n ya que no se almacena en nuestros ficheros.<\/li>\n<\/ul>\n<h5 style=\"text-align: justify;\"><strong>6. Seguridad<\/strong><\/h5>\n<\/p>\n<p style=\"text-align: justify;\">De acuerdo a lo dispuesto en el art\u00edculo 9 LOPD y el T\u00edtulo VIII RLOPD, y tambi\u00e9n en la RGPD, VERDE MARTE S.L.U. ha adoptado las medidas de seguridad de \u00edndole t\u00e9cnica y organizativa necesarias que garantizan la seguridad de los datos de car\u00e1cter personal y evitan su alteraci\u00f3n, p\u00e9rdida, tratamiento o acceso no autorizado, habida cuenta del estado de la tecnolog\u00eda, la naturaleza de los datos almacenados y los riesgos a que est\u00e1n expuestos, ya provengan de la acci\u00f3n humana o del medio f\u00edsico o natural.<\/p>\n<h5 style=\"text-align: justify;\"><strong>7. Legitimaci\u00f3n en el tratamiento de sus datos<\/strong><\/h5>\n<\/p>\n<p style=\"text-align: justify;\">La legitimaci\u00f3n en la recogida de datos se consigue mediante la autorizaci\u00f3n por parte del usuario en cada ocasi\u00f3n, aceptando la presenta pol\u00edtica de privacidad.<\/p>\n<h5 style=\"text-align: justify;\"><strong>8. Deber de secreto<\/strong><\/h5>\n<\/p>\n<p style=\"text-align: justify;\">De acuerdo con lo dispuesto en el art\u00edculo 10 de la LOPD todas aquellas personas que traten o tengan acceso a datos personales de los usuarios guardar\u00e1n secreto profesional respecto a los mismos y tienen el deber de guardarlos, siendo obligaciones que tendr\u00e1n una duraci\u00f3n indefinida.<\/p>\n<h5 style=\"text-align: justify;\"><strong>9. Cesi\u00f3n o comunicaci\u00f3n de datos<\/strong><\/h5>\n<\/p>\n<p style=\"text-align: justify;\">Los datos personales que nos proporcionan los usuarios de nuestra p\u00e1gina web no se comunican a terceros salvo que as\u00ed lo exija una Ley o si fuera necesario para la gesti\u00f3n y cumplimiento de los servicios que demanden. En este caso, como se ha especificado se facilitar\u00e1n los datos estrictamente necesarios a la empresa de transporte que vaya a realizar la entrega del pedido.<\/p>\n<h5 style=\"text-align: justify;\"><strong>10. Derechos de acceso, rectificaci\u00f3n, cancelaci\u00f3n y oposici\u00f3n<\/strong><\/h5>\n<\/p>\n<p style=\"text-align: justify;\">Los usuarios del sitio web<span>\u00a0<\/span><a href=\"https:\/\/thewineplace.es\/\">thewineplace.es<\/a>\u00a0pueden ejercitar los derechos de acceso, rectificaci\u00f3n, cancelaci\u00f3n, oposici\u00f3n y supresi\u00f3n, dirigiendo una solicitud acompa\u00f1ada de fotocopia de su DNI a la siguiente email:<span>\u00a0<\/span><a href=\"mailto:info@thewineplace.es\">info@thewineplace.es<\/a><\/p>\n<\/p>\n<p style=\"text-align: justify;\">VERDE MARTE S.L.U. responder\u00e1 todas las solicitudes en los plazos y condiciones que exige la normativa vigente en materia de protecci\u00f3n de datos de car\u00e1cter personal, siendo como m\u00e1ximo de 1 mes.<\/p>\n<\/p>\n<p style=\"text-align: justify;\"><span lang=\"es-ES\">En cualquier caso, puede solicitar la tutela de la Agencia Espa\u00f1ola de Protecci\u00f3n de Datos a trav\u00e9s de su\u00a0<a href=\"https:\/\/www.agpd.es\/portalwebAGPD\/index-ides-idphp.php\">p\u00e1gina web<\/a>.<\/span><\/p>\n<h5 style=\"text-align: justify;\"><strong>11. Otra informaci\u00f3n<\/strong><\/h5>\n<\/p>\n<p style=\"text-align: justify;\">Tambi\u00e9n puedes leer nuestro<span>\u00a0<\/span><a href=\"https:\/\/thewineplace.es\/aviso-legal\">aviso legal<\/a><span>\u00a0<\/span>y las<span>\u00a0<\/span><a href=\"https:\/\/thewineplace.es\/condiciones-de-uso\">condiciones de uso<\/a><span>\u00a0<\/span>de esta web.<\/p>\n<\/div><\/div><\/div><\/div><\/div><\/div><\/div><\/section>\n","protected":false},"excerpt":{"rendered":"1. Tratamiento de datos de car\u00e1cter personal THEWINEPLACE.ES\u00a0pertenece a VERDE MARTE S.L.U.\u00a0 con NIF: B96951975 debidamente registrada y legalmente constituida, con direcci\u00f3n fiscal C\/ dels Calciners 26, pta 5, 46112, Massarrochos (Valencia). Para contactar se puede hacer v\u00eda correo electr\u00f3nico a\u00a0info@thewineplace.es\u00a0o por tel\u00e9fono al\u00a0+34 661 71 71 51. En VERDE MARTE S.L.U. nos preocupamos por...","protected":false},"author":1,"featured_media":0,"parent":0,"menu_order":0,"comment_status":"closed","ping_status":"closed","template":"","meta":{"_acf_changed":false,"_joinchat":[],"footnotes":""},"class_list":["post-18366","page","type-page","status-publish","hentry"],"acf":[],"yoast_head":"<!-- This site is optimized with the Yoast SEO plugin v27.4 - https:\/\/yoast.com\/product\/yoast-seo-wordpress\/ -->\n<title>Privacy policy &#187; The Wine Place<\/title>\n<meta name=\"robots\" content=\"noindex, nofollow\" \/>\n<meta property=\"og:locale\" content=\"en_US\" \/>\n<meta property=\"og:type\" content=\"article\" \/>\n<meta property=\"og:title\" content=\"Privacy policy &#187; The Wine Place\" \/>\n<meta property=\"og:url\" content=\"https:\/\/thewineplace.es\/en\/privacy-policy\" \/>\n<meta property=\"og:site_name\" content=\"The Wine Place\" \/>\n<meta property=\"article:publisher\" content=\"https:\/\/www.facebook.com\/TheWinePlace\" \/>\n<meta property=\"article:modified_time\" content=\"2025-07-16T10:01:26+00:00\" \/>\n<meta name=\"twitter:card\" content=\"summary_large_image\" \/>\n<meta name=\"twitter:site\" content=\"@MarkoneillES\" \/>\n<meta name=\"twitter:label1\" content=\"Est. reading time\" \/>\n\t<meta name=\"twitter:data1\" content=\"9 minutes\" \/>\n<script type=\"application\/ld+json\" class=\"yoast-schema-graph\">{\"@context\":\"https:\\\/\\\/schema.org\",\"@graph\":[{\"@type\":\"WebPage\",\"@id\":\"https:\\\/\\\/thewineplace.es\\\/en\\\/privacy-policy\",\"url\":\"https:\\\/\\\/thewineplace.es\\\/en\\\/privacy-policy\",\"name\":\"Privacy policy &#187; The Wine Place\",\"isPartOf\":{\"@id\":\"https:\\\/\\\/thewineplace.es\\\/en#website\"},\"datePublished\":\"2025-05-07T10:07:12+00:00\",\"dateModified\":\"2025-07-16T10:01:26+00:00\",\"breadcrumb\":{\"@id\":\"https:\\\/\\\/thewineplace.es\\\/en\\\/privacy-policy#breadcrumb\"},\"inLanguage\":\"en-US\",\"potentialAction\":[{\"@type\":\"ReadAction\",\"target\":[\"https:\\\/\\\/thewineplace.es\\\/en\\\/privacy-policy\"]}]},{\"@type\":\"BreadcrumbList\",\"@id\":\"https:\\\/\\\/thewineplace.es\\\/en\\\/privacy-policy#breadcrumb\",\"itemListElement\":[{\"@type\":\"ListItem\",\"position\":1,\"name\":\"Portada\",\"item\":\"https:\\\/\\\/thewineplace.es\\\/en\"},{\"@type\":\"ListItem\",\"position\":2,\"name\":\"Privacy policy\"}]},{\"@type\":\"WebSite\",\"@id\":\"https:\\\/\\\/thewineplace.es\\\/en#website\",\"url\":\"https:\\\/\\\/thewineplace.es\\\/en\",\"name\":\"The Wine Place\",\"description\":\"Tienda de vinos, cursos y catas de vino en Valencia\",\"publisher\":{\"@id\":\"https:\\\/\\\/thewineplace.es\\\/en#organization\"},\"alternateName\":\"Tienda de vinos de Valencia\",\"potentialAction\":[{\"@type\":\"SearchAction\",\"target\":{\"@type\":\"EntryPoint\",\"urlTemplate\":\"https:\\\/\\\/thewineplace.es\\\/en?s={search_term_string}\"},\"query-input\":{\"@type\":\"PropertyValueSpecification\",\"valueRequired\":true,\"valueName\":\"search_term_string\"}}],\"inLanguage\":\"en-US\"},{\"@type\":\"Organization\",\"@id\":\"https:\\\/\\\/thewineplace.es\\\/en#organization\",\"name\":\"The Wine Place\",\"alternateName\":\"Verde Marte S.L.U.\",\"url\":\"https:\\\/\\\/thewineplace.es\\\/en\",\"logo\":{\"@type\":\"ImageObject\",\"inLanguage\":\"en-US\",\"@id\":\"https:\\\/\\\/thewineplace.es\\\/en#\\\/schema\\\/logo\\\/image\\\/\",\"url\":\"https:\\\/\\\/thewineplace.es\\\/desarrollo\\\/wp-content\\\/uploads\\\/2025\\\/05\\\/favicon.png\",\"contentUrl\":\"https:\\\/\\\/thewineplace.es\\\/desarrollo\\\/wp-content\\\/uploads\\\/2025\\\/05\\\/favicon.png\",\"width\":250,\"height\":250,\"caption\":\"The Wine Place\"},\"image\":{\"@id\":\"https:\\\/\\\/thewineplace.es\\\/en#\\\/schema\\\/logo\\\/image\\\/\"},\"sameAs\":[\"https:\\\/\\\/www.facebook.com\\\/TheWinePlace\",\"https:\\\/\\\/x.com\\\/MarkoneillES\",\"https:\\\/\\\/www.instagram.com\\\/thewineplace\",\"https:\\\/\\\/www.linkedin.com\\\/company\\\/thewineplace-es\\\/\",\"https:\\\/\\\/www.youtube.com\\\/channel\\\/UCOzo67E6rQDwHmPAi8EiEdA\"]}]}<\/script>\n<!-- \/ Yoast SEO plugin. -->","yoast_head_json":{"title":"Privacy policy &#187; The Wine Place","robots":{"index":"noindex","follow":"nofollow"},"og_locale":"en_US","og_type":"article","og_title":"Privacy policy &#187; The Wine Place","og_url":"https:\/\/thewineplace.es\/en\/privacy-policy","og_site_name":"The Wine Place","article_publisher":"https:\/\/www.facebook.com\/TheWinePlace","article_modified_time":"2025-07-16T10:01:26+00:00","twitter_card":"summary_large_image","twitter_site":"@MarkoneillES","twitter_misc":{"Est. reading time":"9 minutes"},"schema":{"@context":"https:\/\/schema.org","@graph":[{"@type":"WebPage","@id":"https:\/\/thewineplace.es\/en\/privacy-policy","url":"https:\/\/thewineplace.es\/en\/privacy-policy","name":"Privacy policy &#187; The Wine Place","isPartOf":{"@id":"https:\/\/thewineplace.es\/en#website"},"datePublished":"2025-05-07T10:07:12+00:00","dateModified":"2025-07-16T10:01:26+00:00","breadcrumb":{"@id":"https:\/\/thewineplace.es\/en\/privacy-policy#breadcrumb"},"inLanguage":"en-US","potentialAction":[{"@type":"ReadAction","target":["https:\/\/thewineplace.es\/en\/privacy-policy"]}]},{"@type":"BreadcrumbList","@id":"https:\/\/thewineplace.es\/en\/privacy-policy#breadcrumb","itemListElement":[{"@type":"ListItem","position":1,"name":"Portada","item":"https:\/\/thewineplace.es\/en"},{"@type":"ListItem","position":2,"name":"Privacy policy"}]},{"@type":"WebSite","@id":"https:\/\/thewineplace.es\/en#website","url":"https:\/\/thewineplace.es\/en","name":"The Wine Place","description":"Tienda de vinos, cursos y catas de vino en Valencia","publisher":{"@id":"https:\/\/thewineplace.es\/en#organization"},"alternateName":"Tienda de vinos de Valencia","potentialAction":[{"@type":"SearchAction","target":{"@type":"EntryPoint","urlTemplate":"https:\/\/thewineplace.es\/en?s={search_term_string}"},"query-input":{"@type":"PropertyValueSpecification","valueRequired":true,"valueName":"search_term_string"}}],"inLanguage":"en-US"},{"@type":"Organization","@id":"https:\/\/thewineplace.es\/en#organization","name":"The Wine Place","alternateName":"Verde Marte S.L.U.","url":"https:\/\/thewineplace.es\/en","logo":{"@type":"ImageObject","inLanguage":"en-US","@id":"https:\/\/thewineplace.es\/en#\/schema\/logo\/image\/","url":"https:\/\/thewineplace.es\/desarrollo\/wp-content\/uploads\/2025\/05\/favicon.png","contentUrl":"https:\/\/thewineplace.es\/desarrollo\/wp-content\/uploads\/2025\/05\/favicon.png","width":250,"height":250,"caption":"The Wine Place"},"image":{"@id":"https:\/\/thewineplace.es\/en#\/schema\/logo\/image\/"},"sameAs":["https:\/\/www.facebook.com\/TheWinePlace","https:\/\/x.com\/MarkoneillES","https:\/\/www.instagram.com\/thewineplace","https:\/\/www.linkedin.com\/company\/thewineplace-es\/","https:\/\/www.youtube.com\/channel\/UCOzo67E6rQDwHmPAi8EiEdA"]}]}},"_links":{"self":[{"href":"https:\/\/thewineplace.es\/en\/wp-json\/wp\/v2\/pages\/18366","targetHints":{"allow":["GET"]}}],"collection":[{"href":"https:\/\/thewineplace.es\/en\/wp-json\/wp\/v2\/pages"}],"about":[{"href":"https:\/\/thewineplace.es\/en\/wp-json\/wp\/v2\/types\/page"}],"author":[{"embeddable":true,"href":"https:\/\/thewineplace.es\/en\/wp-json\/wp\/v2\/users\/1"}],"replies":[{"embeddable":true,"href":"https:\/\/thewineplace.es\/en\/wp-json\/wp\/v2\/comments?post=18366"}],"version-history":[{"count":2,"href":"https:\/\/thewineplace.es\/en\/wp-json\/wp\/v2\/pages\/18366\/revisions"}],"predecessor-version":[{"id":18368,"href":"https:\/\/thewineplace.es\/en\/wp-json\/wp\/v2\/pages\/18366\/revisions\/18368"}],"wp:attachment":[{"href":"https:\/\/thewineplace.es\/en\/wp-json\/wp\/v2\/media?parent=18366"}],"curies":[{"name":"wp","href":"https:\/\/api.w.org\/{rel}","templated":true}]}}